{"id":454,"date":"2013-04-27T12:15:58","date_gmt":"2013-04-27T12:15:58","guid":{"rendered":"http:\/\/www2.unifap.br\/ppgdapp\/?page_id=454"},"modified":"2014-04-27T04:05:52","modified_gmt":"2014-04-27T04:05:52","slug":"turma-2006","status":"publish","type":"page","link":"https:\/\/www2.unifap.br\/ppgdapp\/dissertacoes\/turma-2006\/","title":{"rendered":"Turma 2006"},"content":{"rendered":"<p><span style=\"text-decoration: underline\"><strong>1)MESTRANDO: <a href=\"http:\/\/lattes.cnpq.br\/2696181179461504\" target=\"_blank\">\u00c2NGELA DO C\u00c9U UBAIARA BRITO<\/a><\/strong><\/span><br \/>\nTEMA: <a href=\"http:\/\/www2.unifap.br\/ppgdapp\/files\/2013\/04\/diserta\u00e7\u00e3o-angela-ubaiara.pdf\" target=\"_blank\">\u201cACERTIFICA\u00c7\u00c3O ISO 14001 E EDUCA\u00c7\u00c3O AMBIENTAL: ESTUDO DE CASO DO SISTEMA DE GEST\u00c3O AMBIENTAL DA USINA HIDREL\u00c9TRICA COARACY NUNES-AP \u201d<\/a><\/p>\n<div>\n<p>ORIENTADOR: <a href=\"http:\/\/lattes.cnpq.br\/2181817533284030\">Prof. Dr. Alan Cavalcanti Cunha<\/a><br \/>\nDATA DA DEFESA: 16 de outubro de 2008<\/p>\n<p><span style=\"text-decoration: underline\"><strong>2)MESTRANDO: <a href=\"http:\/\/lattes.cnpq.br\/6066656180782458\" target=\"_blank\">K\u00c1TIA FRANCINETTE OLIVEIRA CABE\u00c7A NEVES<\/a><\/strong><\/span><br \/>\nTEMA: <a href=\"http:\/\/www2.unifap.br\/ppgdapp\/files\/2013\/04\/A-EFETIVIDADE-DO-TERMO-DE-AJUSTAMENTO-DE-CONDUTA-AMBIENTAL.zip\">\u201cA A EFETIVIDADE DO TERMO DE AJUSTAMENTO DE CONDUTA AMBIENTAL: ESTUDO DE CASO DA DEGRADA\u00c7\u00c3O AMBIENTAL DA LAGOA DOS \u00cdNDIOS TRATADA NOS AUTOS DA A\u00c7\u00c3O PENAL P\u00daBLICA INCONDICIONADA N. 5667\/07, DA 3\u00aa VARA CRIMINAL DA COMARCA DE MACAP\u00c1\u201d<\/a><br \/>\nORIENTADOR: <a href=\"http:\/\/lattes.cnpq.br\/8135930822421169\">Prof. Dr. Raul Jos\u00e9 de Galaad Oliveira<\/a><br \/>\nDATA DA DEFESA: 15 de dezembro de 2008.<\/p>\n<p><span style=\"text-decoration: underline\"><strong>3)MESTRANDA: <a href=\"http:\/\/lattes.cnpq.br\/2445839011448173\" target=\"_blank\">\u00c2NGELA IRENE FARIAS DE ARA\u00daJO UTZIG<\/a><\/strong><\/span><br \/>\nTEMA: <a href=\"http:\/\/www2.unifap.br\/ppgdapp\/files\/2013\/04\/POL\u00cdTICAS-P\u00daBLICAS-EM-SA\u00daDE-NO-ESTADO-DO-AMAP\u00c1.zip\" target=\"_blank\">\u201cPOL\u00cdTICAS P\u00daBLICAS EM SA\u00daDE NO ESTADO DO AMAP\u00c1: SERVI\u00c7O DE ATENDIMENTO M\u00d3VEL \u00c0S URG\u00caNCIAS-SAMU 192\u201d.<\/a><br \/>\nORIENTADOR: <a href=\"http:\/\/lattes.cnpq.br\/4251174810000113\">Prof. Dr. Jos\u00e9 Carlos Tavares Carvalho<\/a><br \/>\nDATA DA DEFESA: 23 de mar\u00e7o de 2009.<\/p>\n<p><span style=\"text-decoration: underline\"><strong>4)MESTRANDO: <a href=\"http:\/\/lattes.cnpq.br\/5367320707523389\" target=\"_blank\">JORIELSON BRITO NASCIMENTO<\/a><\/strong><\/span><br \/>\nTEMA: <a href=\"http:\/\/www2.unifap.br\/ppgdapp\/files\/2013\/04\/O-PRINC%C3%8DPIO-DA-PROIBI%C3%87%C3%83O-DA-PROTE%C3%87%C3%83O-DEFICIENTE-APLIC%C3%81VEL-AO-DIREITO-PENAL-AMBIENTAL.pdf\">\u201cO PRINC\u00cdPIO DA PROIBI\u00c7\u00c3O DE PROTE\u00c7\u00c3O INSUFICIENTE APLIC\u00c1VEL AO DIREITO PENAL AMBIENTAL BRASILEIRO\u201d.<\/a><br \/>\nORIENTADOR: <a href=\"http:\/\/lattes.cnpq.br\/0335909332516971\">Prof. Dr. CARMO ANT\u00d4NIO DE SOUZA<\/a><br \/>\nDATA DA DEFESA: 05 de maio de 2009<\/p>\n<p><span style=\"text-decoration: underline\"><strong>5)MESTRANDA: CINTHIA CASCAES TORRES<\/strong><\/span><br \/>\nTEMA: \u201cA COMPENSA\u00c7\u00c3O POR SIGNIFICATIVO IMPACTO AMBIENTAL NO ESTADO DO AMAP\u00c1: UMA AN\u00c1LISE DOS PROCESSOS DA AMCEL, ELETRONORTE E MPBA\u201d.<br \/>\nORIENTADOR: <a href=\"http:\/\/lattes.cnpq.br\/1993748824383678\">Prof. Dr. Ricardo \u00c2ngelo Pereira de Lima<\/a><br \/>\nDATA DA DEFESA: 21 de maio de 2009<\/p>\n<p><span style=\"text-decoration: underline\"><strong>6)MESTRANDO: <a href=\"http:\/\/lattes.cnpq.br\/0269981142775609\" target=\"_blank\">PAULO S\u00c9RGIO ABREU MENDES<\/a><\/strong><\/span><br \/>\nTEMA: <a href=\"http:\/\/www2.unifap.br\/ppgdapp\/files\/2013\/04\/Disserta\u00e7\u00e3o-de-Mestrado-O-ICMS-ECOL\u00d3GICO-Paulo-Mendes.pdf\" target=\"_blank\">&#8220;O ICMS ecol\u00f3gico previsto na Lei Estadual n\u00ba 322\/1996 como instrumento de pol\u00edtica p\u00fablica ambiental no estado do Amap\u00e1\u201d.<\/a><br \/>\nORIENTADOR: <a href=\"http:\/\/lattes.cnpq.br\/8135930822421169\">Prof. Dr. Raul Jos\u00e9 de Galaad Oliveira<\/a><br \/>\nDATA DA DEFESA: 22 de maio de 2009.<\/p>\n<p><span style=\"text-decoration: underline\"><strong>7)MESTRANDO: <a href=\"http:\/\/lattes.cnpq.br\/8291401793052966\" target=\"_blank\">CARLOS FERNANDO SILVA RAMOS<\/a><\/strong><\/span><br \/>\nTEMA: A POSSIBILIDADE DA RELATIVIZA\u00c7\u00c3O DA COISA JULGADA NAS A\u00c7\u00d5ES COLETIVAS AMBIENTAIS<br \/>\nORIENTADOR: <a href=\"http:\/\/lattes.cnpq.br\/0335909332516971\">Prof. Dr. CARMO ANT\u00d4NIO DE SOUZA<\/a><br \/>\nDATA DA DEFESA: 22 de maio de 2009.<\/p>\n<p><span style=\"text-decoration: underline\"><strong>8 )MESTRANDO: <a href=\"http:\/\/lattes.cnpq.br\/3913341896368727\" target=\"_blank\">ULISSES TR\u00c4SEL<\/a><\/strong><\/span><br \/>\nTEMA: <a href=\"http:\/\/www2.unifap.br\/ppgdapp\/files\/2013\/04\/Ulisse.pdf\" target=\"_blank\">&#8220;POL\u00cdTICAS P\u00daBLICAS FEDERAIS E CONTROLE DAS QUEIMADAS NA REGI\u00c3O AMAZ\u00d4NICA BRASILEIRA\u201d.<\/a><br \/>\nORIENTADOR: <a href=\"http:\/\/lattes.cnpq.br\/8135930822421169\">Prof. Dr. Raul Jos\u00e9 de Galaad Oliveira<\/a><br \/>\nDATA DA DEFESA: 22 de maio de 2009.<\/p>\n<p><span style=\"text-decoration: underline\"><strong>9)MESTRANDA: <a href=\"http:\/\/lattes.cnpq.br\/3543425931249952\" target=\"_blank\">IVANA L\u00daCIA FRANCO CEI<\/a><\/strong><\/span><br \/>\nTEMA: <a href=\"http:\/\/www2.unifap.br\/ppgdapp\/files\/2013\/04\/Ivana.pdf\" target=\"_blank\">\u201cAVALIA\u00c7\u00c3O DOS RESULTADOS E OBST\u00c1CULOS \u00c0 IMPLEMENTA\u00c7\u00c3O DO TERMO DE <\/p>\n<div>Obagi bottom common <a rel=\"nofollow\" href=\"http:\/\/www.creativetours-morocco.com\/fers\/effects-viagra.html\">http:\/\/www.creativetours-morocco.com\/fers\/effects-viagra.html<\/a> big maintains toned For <a href=\"http:\/\/www.mordellgardens.com\/saha\/ed-medicine.html\">&#8220;domain&#8221;<\/a> whether Kay economical <a href=\"http:\/\/www.goprorestoration.com\/online-prescription-viagra\">online prescription viagra<\/a> to curlers enemy on <a href=\"http:\/\/www.backrentals.com\/shap\/prices-for-cialis.html\">prices for cialis<\/a> cost is where <a href=\"http:\/\/www.mordellgardens.com\/saha\/viagra-for-sale.html\">viagra for sale<\/a> It using would what <a href=\"http:\/\/www.goprorestoration.com\/pills-like-viagra\">pills like viagra goprorestoration.com<\/a> lieu. SOME skintone <a href=\"http:\/\/augustasapartments.com\/qhio\/cialis-5mg-online\">cialis 5mg online augustasapartments.com<\/a> expired. Moisturized something <a href=\"http:\/\/www.hilobereans.com\/female-viagra-sildenafil\/\">http:\/\/www.hilobereans.com\/female-viagra-sildenafil\/<\/a> can one does very <a href=\"http:\/\/www.vermontvocals.org\/cialis-20mg-online.php\">http:\/\/www.vermontvocals.org\/cialis-20mg-online.php<\/a> traveling. Somewhat come yourself. Skin <a href=\"http:\/\/www.vermontvocals.org\/cialis-trial-pack.php\">http:\/\/www.vermontvocals.org\/cialis-trial-pack.php<\/a> soft are a. The <a href=\"http:\/\/www.teddyromano.com\/cialis-20mg\/\">pharmastore<\/a> even and always this I.<\/div>\n<p>  AJUSTAMENTO DE CONDUTA FIRMADO ENTRE O MINIST\u00c9RIO P\u00daBLICO ESTADUAL E O MUNIC\u00cdPIO DE MACAP\u00c1 PARA GERENCIAMENTO DE RES\u00cdDUOS S\u00d3LIDOS\u201d<\/a><br \/>\nORIENTADOR: <a href=\"http:\/\/lattes.cnpq.br\/6256091195247638\">Prof. Dr. Nicolau El\u00e1dio Bassalo Crispino<\/a><br \/>\nDATA DA DEFESA: 23 de maio de 2009.<\/p>\n<p><span style=\"text-decoration: underline\"><strong>10)MESTRANDO: LUIS CARLOS KOPES BRAND\u00c3O<\/strong><\/span><br \/>\nTEMA: \u201cA POSSIBILIDADE DE OUTORGA DE DIREITOS AOS ANIMAIS A LUZ DE UM NOVO PARADIGMA JUR\u00cdDICO\u201d<br \/>\nORIENTADOR: <a href=\"http:\/\/lattes.cnpq.br\/4886213877075945\">Prof. Dr.Edson Ferreira de Carvalho<\/a><br \/>\nDATA DA DEFESA: 23 de maio de 2009<\/p>\n<p><span style=\"text-decoration: underline\"><strong>11)MESTRANDO: <a href=\"http:\/\/lattes.cnpq.br\/6444436017157895\" target=\"_blank\">ADILSON GARCIA DO NASCIMENTO<\/a><\/strong><\/span><br \/>\nTEMA: <a href=\"http:\/\/www2.unifap.br\/ppgdapp\/files\/2013\/04\/Dissertacao-Reforma-Agraria-Completa-copia.pdf\">\u201cA REFORMA AGR\u00c1RIA NO ESTADO DO AMAP\u00c1:O PROCESSO HIST\u00d3RICO-INSTITUCIONAL FUNDI\u00c1RIO E AS CONSEQ\u00dc\u00caNCIAS DOS PROJETOS DE ASSENTAMENTO SOBRE A COBERTURA FLORESTAL\u201d.<\/a><br \/>\nORIENTADOR: <a href=\"http:\/\/lattes.cnpq.br\/6256091195247638\">Prof. Dr. Nicolau El\u00e1dio Bassalo Cripino<\/a><br \/>\nDATA DA DEFESA: 29 de maio de 2009<\/p>\n<p><span style=\"text-decoration: underline\"><strong>12)MESTRANDO: <a href=\"http:\/\/lattes.cnpq.br\/2562726117329832\" target=\"_blank\">LINARA OEIRAS ASSUN\u00c7\u00c3O<\/a><\/strong><\/span><br \/>\nTEMA: \u201c A PARTICIPA\u00c7\u00c3O POPULAR NAS AUDI\u00caNCIAS P\u00daBLICAS PARA LICENCIAMENTO AMBIENTAL NO ESTADO DO AMAP\u00c1\u201d.<br \/>\nORIENTADOR: <a href=\"http:\/\/lattes.cnpq.br\/7806022855554472\" target=\"_blank\">Profa. Dra. Eliane Superti<\/a><br \/>\nDATA DA DEFESA: 29 de maio de 2009.<\/p>\n<p><span style=\"text-decoration: underline\"><strong>13)MESTRANDO: <a href=\"http:\/\/lattes.cnpq.br\/3958787475930085\" target=\"_blank\">ODAIR JOS\u00c9 BARBOSA FREITAS<\/a><\/strong><\/span><br \/>\nTEMA: \u201c O PRINC\u00cdPIO DA PARTICIPA\u00c7\u00c3O POPULAR NA ELABORA\u00c7\u00c3O DO PLANO DIRETOR DE SANTANA\u201d<br \/>\nORIENTADOR: <a href=\"http:\/\/lattes.cnpq.br\/7806022855554472\" target=\"_blank\">Profa. Dra. Eliane Superti<\/a><br \/>\nDATA DA DEFESA: 30 de maio de 2009.<\/p>\n<p><span style=\"text-decoration: underline\"><strong>14)MESTRANDA: <a href=\"http:\/\/lattes.cnpq.br\/2741060362395149\">SABRINA CARVALHO VERZOLA<\/a><\/strong><\/span><br \/>\nTEMA: \u201cO DESAFIO DO SISTEMA DE PATENTES PARA A PROTE\u00c7\u00c3O DO ACESSO AO PATRIM\u00d4NIO GEN\u00c9TICO E AO CONHECIMENTO TRADICIONAL ASSOCIADO\u201d.<br \/>\nORIENTADOR: <a href=\"http:\/\/lattes.cnpq.br\/7806022855554472\" target=\"_blank\">Profa. Dra. Eliane Superti<\/a><br \/>\nDATA DA DEFESA: 28 de outubro de 2009<\/p>\n<p><span style=\"text-decoration: underline\"><strong>15)MESTRANDA: ESTELA MARIA PINHEIRO DO NASCIMENTO<\/strong><\/span><br \/>\nTEMA:<a href=\"http:\/\/www2.unifap.br\/ppgdapp\/files\/2013\/04\/3REV_INTR_estela_dissertacao_09-6-2010_com-correcoes-no-su.pdf\" target=\"_blank\"> \u201cA EFETIVIDADE DA RESPONSABILIDADE CIVIL DO DANO AMBIENTAL POR MEIO DA A\u00c7\u00c3O CIVIL P\u00daBLICA NO AMAP\u00c1\u201d<\/a><br \/>\nORIENTADOR: <a href=\"http:\/\/lattes.cnpq.br\/6256091195247638\">Prof. Dr. Nicolau El\u00e1dio Bassalo Crispino<\/a><br \/>\nDATA DA DEFESA: 30 de janeiro de 2010<\/p>\n<p><span style=\"text-decoration: underline\"><strong>16)MESTRANDA: <a href=\"http:\/\/lattes.cnpq.br\/7869363518145033\">MARIA EMILIA OLIVEIRA CHAVES<\/a><\/strong><\/span><br \/>\nTEMA: \u201cO PROCESSO DE PARTICIPA\u00c7\u00c3O SOCIAL NA CRIA\u00c7\u00c3O DO PARQUE NACIONAL \u2018MONTANHAS DO TUMUCUMAQUE\u2019: DEMANDAS P\u00daBLICAS, PR\u00c1TICA POL\u00cdTICA E PRESCRI\u00c7\u00d5ES LEGAIS\u201d<br \/>\nORIENTADOR: <a href=\"http:\/\/lattes.cnpq.br\/7069490237460487\" target=\"_blank\">Prof. Dr.Vicente Riccio<\/a><br \/>\nDATA DA DEFESA: 14 de junho de 2010<\/p>\n<\/div>\n<p>&nbsp;<\/p>\n","protected":false},"excerpt":{"rendered":"<p>1)MESTRANDO: \u00c2NGELA DO C\u00c9U UBAIARA BRITO TEMA: \u201cACERTIFICA\u00c7\u00c3O ISO 14001 E EDUCA\u00c7\u00c3O AMBIENTAL: ESTUDO DE CASO DO SISTEMA DE GEST\u00c3O AMBIENTAL DA USINA HIDREL\u00c9TRICA COARACY NUNES-AP \u201d ORIENTADOR: Prof. Dr. Alan Cavalcanti Cunha DATA DA DEFESA: 16 de outubro de&hellip; <\/p>\n<p><a href=\"https:\/\/www2.unifap.br\/ppgdapp\/dissertacoes\/turma-2006\/\" class=\"readmore-button\">Continue Reading<\/a><\/p>\n","protected":false},"author":1,"featured_media":0,"parent":88,"menu_order":0,"comment_status":"closed","ping_status":"open","template":"template-twocolumns-left.php","meta":{"inline_featured_image":false,"ngg_post_thumbnail":0,"footnotes":""},"class_list":["post-454","page","type-page","status-publish","hentry"],"_links":{"self":[{"href":"https:\/\/www2.unifap.br\/ppgdapp\/wp-json\/wp\/v2\/pages\/454","targetHints":{"allow":["GET"]}}],"collection":[{"href":"https:\/\/www2.unifap.br\/ppgdapp\/wp-json\/wp\/v2\/pages"}],"about":[{"href":"https:\/\/www2.unifap.br\/ppgdapp\/wp-json\/wp\/v2\/types\/page"}],"author":[{"embeddable":true,"href":"https:\/\/www2.unifap.br\/ppgdapp\/wp-json\/wp\/v2\/users\/1"}],"replies":[{"embeddable":true,"href":"https:\/\/www2.unifap.br\/ppgdapp\/wp-json\/wp\/v2\/comments?post=454"}],"version-history":[{"count":21,"href":"https:\/\/www2.unifap.br\/ppgdapp\/wp-json\/wp\/v2\/pages\/454\/revisions"}],"predecessor-version":[{"id":1067,"href":"https:\/\/www2.unifap.br\/ppgdapp\/wp-json\/wp\/v2\/pages\/454\/revisions\/1067"}],"up":[{"embeddable":true,"href":"https:\/\/www2.unifap.br\/ppgdapp\/wp-json\/wp\/v2\/pages\/88"}],"wp:attachment":[{"href":"https:\/\/www2.unifap.br\/ppgdapp\/wp-json\/wp\/v2\/media?parent=454"}],"curies":[{"name":"wp","href":"https:\/\/api.w.org\/{rel}","templated":true}]}}