{"id":456,"date":"2013-04-27T12:16:09","date_gmt":"2013-04-27T12:16:09","guid":{"rendered":"http:\/\/www2.unifap.br\/ppgdapp\/?page_id=456"},"modified":"2014-01-18T13:24:54","modified_gmt":"2014-01-18T13:24:54","slug":"turma-2007","status":"publish","type":"page","link":"https:\/\/www2.unifap.br\/ppgdapp\/dissertacoes\/turma-2007\/","title":{"rendered":"Turma 2007"},"content":{"rendered":"<p><span style=\"text-decoration: underline;\"><strong>1)MESTRANDO: <a href=\"http:\/\/lattes.cnpq.br\/7549609090271517\" target=\"_blank\">F\u00c1BIO CARVALHO VERZOLA<\/a><\/strong><\/span><br \/>\nTEMA: <a href=\"http:\/\/www2.unifap.br\/ppgdapp\/files\/2013\/04\/Fabio.pdf\" target=\"_blank\">&#8220;A CARACTERIZA\u00c7\u00c3O DA ILEGALIDADE DA RESTRI\u00c7\u00c3O \u00c0 INFORMA\u00c7\u00c3O SOBRE PRODUTOS TRANSG\u00caNICOS&#8221;<\/a><br \/>\nORIENTADOR: <a href=\"http:\/\/lattes.cnpq.br\/4886213877075945\" target=\"_blank\">Prof. Dr. Edson de Carvalho<\/a><br \/>\nDATA DA DEFESA: 29 de janeiro de 2010.<\/p>\n<p><span style=\"text-decoration: underline;\"><strong>2)MESTRANDO: <a href=\"http:\/\/lattes.cnpq.br\/4183632140781169\" target=\"_blank\">RAFAEL JOS\u00c9 CHERFEN DE SOUZA BOETTGER<\/a><\/strong><\/span><br \/>\nTEMA: <a href=\"http:\/\/www2.unifap.br\/ppgdapp\/files\/2013\/04\/DISSERTA\u00c7\u00c3O-O-controle-Polui\u00e7\u00e3o-sonora-Zona-urbana-Macap\u00e1-na-esfera-penal-FINAL.pdf\" target=\"_blank\">\u201cO CONTROLE DA POLUI\u00c7\u00c3O SONORA NA ZONA URBANA DE MACAP\u00c1 NA ESFERA PENAL\u201d<\/a><br \/>\nORIENTADOR: <a href=\"http:\/\/lattes.cnpq.br\/4886213877075945\" target=\"_blank\">Prof. Dr. Edson de Carvalho<\/a><br \/>\nDATA DA DEFESA: 29 de janeiro de 2010<\/p>\n<p><span style=\"text-decoration: underline;\"><strong>3)MESTRANDO: <a href=\"http:\/\/lattes.cnpq.br\/9650450808500943\" target=\"_blank\">IVANCI MAGNO DE OLIVEIRA<\/a><\/strong><\/span><br \/>\nTEMA: <a href=\"http:\/\/www2.unifap.br\/ppgdapp\/files\/2013\/04\/IVANCI-MAGNO-DE-OLIVEIRA.pdf\" target=\"_blank\">\u201cA EFIC\u00c1CIA E O CUMPRIMENTO DOS PAR\u00c2METROS LEGAIS DAS RESERVAS PARTICULARES DO PATRIM\u00d4NIO NATURAL(RPPN) NO ESTADO DO AMAP\u00c1 NO PER\u00cdODO DE 1997 A 2007\u201d<\/a><br \/>\nORIENTADOR: <a href=\"http:\/\/lattes.cnpq.br\/7806022855554472\" target=\"_blank\">Profa. Dra. Eliane Superti<\/a><br \/>\nDATA DA DEFESA: 26 de abril de 2010.<\/p>\n<p><span style=\"text-decoration: underline;\"><strong>4)MESTRANDA: <a href=\"http:\/\/lattes.cnpq.br\/1613208790981041\" target=\"_blank\">CRISTIANE CORR\u00caA GIRELLI<\/a><\/strong><\/span><br \/>\nTEMA: <a href=\"http:\/\/www2.unifap.br\/ppgdapp\/files\/2013\/04\/disser.-CRISGIRELLIfinal.pdf\" target=\"_blank\">&#8220;OCUPA\u00c7\u00d5ES IRREGULARES EM \u00c1REAS \u00daMIDAS: AN\u00c1LISE DA MORADIA NA RESSACA CHICO DIAS E AS CONSEQUENCIAS PARA O AMBIENTE URBANO&#8221;<\/a><br \/>\nORIENTADOR:: <a href=\"http:\/\/lattes.cnpq.br\/9551442492893319\" target=\"_blank\">Profa. Dra. Rosemary Ferreira de Andrade<\/a><br \/>\nDATA DA DEFESA: 09 de dezembro de 2009<\/p>\n<p><span style=\"text-decoration: underline;\"><strong>5)MESTRANDA: <a href=\"http:\/\/lattes.cnpq.br\/7136736972816884\" target=\"_blank\">IDEUSANIRA DE VASCONCELOS SEPEDA<\/a><\/strong><\/span><br \/>\nTEMA: \u201cAPLICA\u00c7\u00c3O DO M\u00c9TODO DE AVALIA\u00c7\u00c3O DE CONTINGENTE(MAC) PARA VALORA\u00c7\u00c3O ECON\u00d4MICA DA \u00c1GUA NO MUNIC\u00cdPIO DE MACAP\u00c1\u201d<br \/>\nORIENTADOR: <a href=\"http:\/\/lattes.cnpq.br\/2181817533284030\" target=\"_blank\">Prof. Dr. Alan Cavalcanti da Cunha<\/a><br \/>\nDATA DA DEFESA: 31 de mar\u00e7o de 2010<\/p>\n<p><span style=\"text-decoration: underline;\"><strong>6)MESTRANDO: <a href=\"http:\/\/lattes.cnpq.br\/5557521064901600\" target=\"_blank\">HEITOR DE AZEVEDO P. PERES NETO<\/a><\/strong><\/span><br \/>\nTEMA: <a href=\"http:\/\/www2.unifap.br\/ppgdapp\/files\/2013\/04\/DISSERTA%C3%87%C3%83O-HEITOR-PICAN%C3%87O.pdf\" target=\"_blank\">\u201cA FUN\u00c7\u00c3O SOCIAL DA PROPRIEDADE RURAL NA VIS\u00c3O DO SUPREMO TRIBUNAL FEDERAL\u201d<\/a><br \/>\nORIENTADOR: <a href=\"http:\/\/lattes.cnpq.br\/0335909332516971\" target=\"_blank\">Prof. Dr. Carmo Ant\u00f4nio de Souza<\/a><br \/>\nDATA DA DEFESA: 25 de maio de 2010<\/p>\n<p><span style=\"text-decoration: underline;\"><strong>7)MESTRANDO: <a href=\"http:\/\/lattes.cnpq.br\/1086762576791641\" target=\"_blank\">GLEIDSON JOS\u00c9 MONTEIRO SALHEB<\/a><\/strong><\/span><br \/>\nTEMA: <a href=\"http:\/\/www2.unifap.br\/ppgdapp\/files\/2013\/04\/DISSERTA\u00c7\u00c3O-FINAL-REVISADA-P-IMPRESS\u00c3O.pdf\" target=\"_blank\">\u201cAS DEMANDAS SOCIOAMBIENTAIS DAS COMUNIDADES TRADICIONAIS QUILOMBOLAS E O PAPEL DA EDUCA\u00c7\u00c3O AMBIENTAL\u201d<\/a><br \/>\nORIENTADOR: <a href=\"http:\/\/lattes.cnpq.br\/4609696110268688\" target=\"_blank\">Prof. Dra. Eug\u00eania da Luz Silva Foster<\/a><br \/>\nDATA DA DEFESA: 11 de junho de 2010<\/p>\n<p><span style=\"text-decoration: underline;\"><strong>8 )MESTRANDO: <a href=\"http:\/\/lattes.cnpq.br\/9218390174129103\" target=\"_blank\">MILTON FERREIRA DO AMARAL JUNIOR<\/a><\/strong><\/span><br \/>\nTEMA: <a href=\"http:\/\/www2.unifap.br\/ppgdapp\/files\/2013\/04\/DISSERTA\u00c7AO-ENTREGA-UNIFAP.pdf\" target=\"_blank\">\u201cINVESTIMENTOS M\u00cdNIMOS EM CONSERVA\u00c7\u00c3O PARA CONSOLIDA\u00c7\u00c3O DO PARQUE NACIONAL MONTANHAS DO TUMUCUMAQUE-PNMT\u201d<\/a><br \/>\nORIENTADOR: <a href=\"http:\/\/lattes.cnpq.br\/2181817533284030\" target=\"_blank\">Prof. Dr. Alan Cavalcanti Cunha<\/a><br \/>\nDATA DA DEFESA: 30 de agosto de 2010<\/p>\n<p><span style=\"text-decoration: underline;\"><strong>9 )MESTRANDA: <a href=\"http:\/\/lattes.cnpq.br\/0271115820057656\" target=\"_blank\">ROSILENE DE OLIVEIRA FURTADO<\/a><\/strong><\/span><br \/>\nTEMA: \u201cO PAPEL DA ECONOMIA NA GEST\u00c3O AMBIENTAL: OS M\u00c9TODOS DE VALORA\u00c7\u00c3O COMO SUPORTE \u00c0 FORMULA\u00c7\u00c3O DE POL\u00cdTICAS P\u00daBLICAS AMBIENTAIS\u201d<br \/>\nOrientador: <a href=\"http:\/\/lattes.cnpq.br\/7036507992139090\" target=\"_blank\">Prof. Dr. Jo\u00e3o Roberto Pinto Feitosa<\/a><br \/>\nDATA DA DEFESA: 30 de SETEMBRO de 2010<\/p>\n<p><span style=\"text-decoration: underline;\"><strong>10 )MESTRANDA: LORENA GEMAQUE DOS SANTOS<\/strong><\/span><br \/>\nTEMA: \u201cA EFETIVIDADE DA GEST\u00c3O AMBIENTAL INTEGRADA NO AMAP\u00c1 NO \u00c2MBITO DA POL\u00cdTICA NACIONAL DO MEIO AMBIENTE\u201d<br \/>\nOrientador: <a href=\"http:\/\/lattes.cnpq.br\/1993748824383678\" target=\"_blank\">Prof. Dr. Ricardo \u00c2ngelo Pereira de Lima<\/a><br \/>\nDATA DA DEFESA: 22 de outubro de 2010<\/p>\n<p><span style=\"text-decoration: underline;\"><strong>11 )MESTRANDA: <a href=\"http:\/\/lattes.cnpq.br\/3218143829290530\" target=\"_blank\">VANETE DA CONCEI\u00c7\u00c3O OLIVEIRA NERY<\/a><\/strong><\/span><br \/>\nTEMA: <a href=\"http:\/\/www2.unifap.br\/ppgdapp\/files\/2013\/04\/VANETE-DA-CONCEI\u00c7\u00c3O-OLIVEIRA-NERY.pdf\" target=\"_blank\">\u201cAN\u00c1LISE DA APLICA\u00c7\u00c3O DOS PRINC\u00cdPIOS DA SUSTENTABILIDADE COM BASE NA LEI 9.795\/99, NAS ESCOLAS DA REDE MUNICIPAL DE ENSINO DE SANTANA\u201d<\/a><br \/>\nOrientador: <a href=\"http:\/\/lattes.cnpq.br\/3443290397582063\" target=\"_blank\">Profa. Dra. Helenilza Ferreira Albuquerque Cunha<\/a><br \/>\nDATA DA DEFESA: 24 de SETEMBRO de 2010<\/p>\n<p><span style=\"text-decoration: underline;\"><strong>12)MESTRANDO: <a href=\"http:\/\/lattes.cnpq.br\/0694137285071005\" target=\"_blank\">ARNALDO SANTOS FILHO<\/a><\/strong><\/span><br \/>\nTEMA: <a href=\"http:\/\/www2.unifap.br\/ppgdapp\/files\/2013\/04\/Arnaldo.pdf\" target=\"_blank\">\u201cENERGIA EL\u00c9TRICA PERDAS COMERCIAIS, INEFICI\u00caNCIA NA DISTRIBUI\u00c7\u00c3O E AUMENTO DA GERA\u00c7\u00c3O TERMOEL\u00c9TRICA NO ESTADO DO AMAP\u00c1\u201d<\/a><br \/>\nOrientadora: <a href=\"http:\/\/lattes.cnpq.br\/3443290397582063\" target=\"_blank\">Profa. Dra. Helenilza Ferreira Albuquerque Cunha<\/a><br \/>\nDATA DA DEFESA:\u00a003 de SETEMBRO de 2010<\/p>\n<p><span style=\"text-decoration: underline;\"><strong>13)MESTRANDA: <a href=\"http:\/\/lattes.cnpq.br\/8614920060543626\" target=\"_blank\">ROSIENE DE OLIVEIRA FURTADO DE SOUZA<\/a><\/strong><\/span><br \/>\nTEMA: <a href=\"http:\/\/www2.unifap.br\/ppgdapp\/files\/2013\/04\/DISSERTA\u00c7\u00c3O-Definitiva-LENE.pdf\" target=\"_blank\">\u201cLICENCIAMENTO AMBIENTAL DE MINERA\u00c7\u00c3O: PROCEDIMENTOS LEGAIS E O ESTUDO DA CONCESS\u00c3O DA LICEN\u00c7A PR\u00c9VIA DO PROJETO AMAPARI NO AMAP\u00c1 COM ENFOQUE EM PREVEN\u00c7\u00c3O E DESENVOLVIMENTO SUSTENT\u00c1VEL\u201d<\/a><br \/>\nOrientador: <a href=\"http:\/\/lattes.cnpq.br\/4886213877075945\" target=\"_blank\">Prof. Dr. Edson Ferreira Carvalho<\/a><br \/>\nDATA DA DEFESA:\u00a018 de\u00a0DEZEMBRO de 2010<\/p>\n<p>&nbsp;<\/p>\n","protected":false},"excerpt":{"rendered":"<p>1)MESTRANDO: F\u00c1BIO CARVALHO VERZOLA TEMA: &#8220;A CARACTERIZA\u00c7\u00c3O DA ILEGALIDADE DA RESTRI\u00c7\u00c3O \u00c0 INFORMA\u00c7\u00c3O SOBRE PRODUTOS TRANSG\u00caNICOS&#8221; ORIENTADOR: Prof. Dr. Edson de Carvalho DATA DA DEFESA: 29 de janeiro de 2010. 2)MESTRANDO: RAFAEL JOS\u00c9 CHERFEN DE SOUZA BOETTGER TEMA: \u201cO CONTROLE&hellip; <\/p>\n<p><a href=\"https:\/\/www2.unifap.br\/ppgdapp\/dissertacoes\/turma-2007\/\" class=\"readmore-button\">Continue Reading<\/a><\/p>\n","protected":false},"author":1,"featured_media":0,"parent":88,"menu_order":0,"comment_status":"closed","ping_status":"open","template":"template-twocolumns-left.php","meta":{"inline_featured_image":false,"ngg_post_thumbnail":0,"footnotes":""},"class_list":["post-456","page","type-page","status-publish","hentry"],"_links":{"self":[{"href":"https:\/\/www2.unifap.br\/ppgdapp\/wp-json\/wp\/v2\/pages\/456","targetHints":{"allow":["GET"]}}],"collection":[{"href":"https:\/\/www2.unifap.br\/ppgdapp\/wp-json\/wp\/v2\/pages"}],"about":[{"href":"https:\/\/www2.unifap.br\/ppgdapp\/wp-json\/wp\/v2\/types\/page"}],"author":[{"embeddable":true,"href":"https:\/\/www2.unifap.br\/ppgdapp\/wp-json\/wp\/v2\/users\/1"}],"replies":[{"embeddable":true,"href":"https:\/\/www2.unifap.br\/ppgdapp\/wp-json\/wp\/v2\/comments?post=456"}],"version-history":[{"count":12,"href":"https:\/\/www2.unifap.br\/ppgdapp\/wp-json\/wp\/v2\/pages\/456\/revisions"}],"predecessor-version":[{"id":794,"href":"https:\/\/www2.unifap.br\/ppgdapp\/wp-json\/wp\/v2\/pages\/456\/revisions\/794"}],"up":[{"embeddable":true,"href":"https:\/\/www2.unifap.br\/ppgdapp\/wp-json\/wp\/v2\/pages\/88"}],"wp:attachment":[{"href":"https:\/\/www2.unifap.br\/ppgdapp\/wp-json\/wp\/v2\/media?parent=456"}],"curies":[{"name":"wp","href":"https:\/\/api.w.org\/{rel}","templated":true}]}}