{"id":460,"date":"2013-04-27T12:16:59","date_gmt":"2013-04-27T12:16:59","guid":{"rendered":"http:\/\/www2.unifap.br\/ppgdapp\/?page_id=460"},"modified":"2014-01-25T12:18:32","modified_gmt":"2014-01-25T12:18:32","slug":"turma-2009","status":"publish","type":"page","link":"https:\/\/www2.unifap.br\/ppgdapp\/dissertacoes\/turma-2009\/","title":{"rendered":"Turma 2009"},"content":{"rendered":"<div>\n<div>\n<p><strong>1) <\/strong><strong>MESTRANDO:<\/strong> <a href=\"http:\/\/lattes.cnpq.br\/4256435748967103\">ALZIRA MARQUES OLIVEIRA<\/a><br \/>\n<strong>TEMA:<\/strong> <a href=\"http:\/\/www2.unifap.br\/ppgdapp\/files\/2013\/05\/Alzira_Marques_Oliveira.pdf\">\u201cPOL\u00cdTICAS P\u00daBLICAS DE GEST\u00c3O PARA PREVEN\u00c7\u00c3O E MITIGA\u00c7\u00c3O DE DESASTRES NATURAIS NA B\u00c1CIA DO RIO JARI-AMAP\u00c1\u201d.<\/a><br \/>\n<strong>ORIENTADOR<\/strong>:\u00a0<a href=\"http:\/\/lattes.cnpq.br\/2181817533284030\">Prof. Dr. Alan Cavalcanti Cunha<\/a><br \/>\n<strong>DATA DA DEFESA<\/strong>: 29 de setembro de 2011.<\/p>\n<p><strong>2) <\/strong><strong>MESTRANDO:<\/strong> <a href=\"http:\/\/lattes.cnpq.br\/0526102599508790\">ALESSANDRO DE ARA\u00daJO PIMENTEL<\/a><br \/>\n<strong>TEMA:<\/strong> <a href=\"http:\/\/www2.unifap.br\/ppgdapp\/files\/2013\/05\/ALESSANDRO-DE-ARA%C3%9AJO-PIMENTEL.pdf\">\u201cA POLUI\u00c7\u00c3O SONORA NO CENTRO COMERCIAL DE MACAP\u00c1 E A NECESSIDADE DE EDUCA\u00c7\u00c3O AMBIENTAL\u201d<\/a><br \/>\n<strong>ORIENTADOR<\/strong>:\u00a0<a href=\"http:\/\/lattes.cnpq.br\/9888614392602464\">Profa. Dra. Adelma das Neves Nunes Barros<\/a><br \/>\n<strong>DATA DA DEFESA<\/strong>: 23 de mar\u00e7o de 2012.<\/p>\n<p><strong>3) <\/strong><strong>MESTRANDO:<\/strong> <a href=\"http:\/\/lattes.cnpq.br\/6456744928116364\">ALEXANDRE AUGUSTO COSTA DE ARRUDA<\/a><br \/>\n<strong>TEMA:<\/strong> <a href=\"http:\/\/www2.unifap.br\/ppgdapp\/files\/2013\/04\/Alexandre.pdf\">\u201cO DIREITO \u00c1 CIDADE SUSTENT\u00c1VEL: O ORDENAMENTO URBANO DAS ADJAC\u00caNCIAS DO CANAL DA MENDON\u00c7A J\u00daNIOR E SUAS IMPLICA\u00c7\u00d5ES AMBIENTAIS E JUR\u00cdDICAS.\u201d<\/a><br \/>\n<strong>ORIENTADOR<\/strong>: <a href=\"http:\/\/lattes.cnpq.br\/6256091195247638\">Prof. Dr. Nicolau El\u00e1dio Bassalo Crispino<\/a><br \/>\n<strong>DATA DA DEFESA<\/strong>: 09 de dezembro de 2011.<\/p>\n<p><strong>4) <\/strong><strong>MESTRANDO:<\/strong> <a href=\"http:\/\/lattes.cnpq.br\/0500674397842953\">CLARISSE LINDANOR ALC\u00c2NTARA<\/a><br \/>\n<strong>TEMA:<\/strong> <a href=\"http:\/\/www2.unifap.br\/ppgdapp\/files\/2013\/05\/CLARISSE-LINDANOR-ALC%C3%82NTARA.pdf\">\u201cOS EFEITOS DO TERMO DE COMPROMISSO AMBIENTAL, PREVISTO NO ARTIGO 79-A DA LEI N\u00ba 9.605\/98, NAS A\u00c7\u00d5ES PENAIS POR CRIME AMBIENTAL\u201d.<\/a><br \/>\n<strong>ORIENTADOR<\/strong>:\u00a0<a href=\"http:\/\/lattes.cnpq.br\/8135930822421169\">Prof. Dr. Raul Jos\u00e9 de Galaad Oliveira<\/a><br \/>\n<strong>DATA DA DEFESA<\/strong>: 21 de outubro de 2011.<\/p>\n<p><strong>5) <\/strong><strong>MESTRANDO:<\/strong> <a href=\"http:\/\/lattes.cnpq.br\/3246392733941707\">ELIANE RAMOS CANTUARIA<\/a><br \/>\n<strong>TEMA:<\/strong> <a href=\"http:\/\/www2.unifap.br\/ppgdapp\/files\/2013\/05\/ELIANE-RAMOS-CANTU%C3%81RIA.pdf\">\u201cAPA DO RIO CURIA\u00da E A CIDADE DE MACAP\u00c1: RELA\u00c7\u00d5ES SOCIAIS JUR\u00cdDICAS E AMBIENTAIS\u201d.<\/a><br \/>\n<strong>ORIENTADOR<\/strong>:\u00a0<a href=\"http:\/\/lattes.cnpq.br\/6256091195247638\">Prof. Dr. Nicolau El\u00e1dio Bassalo Crispino<\/a><br \/>\n<strong>DATA DA DEFESA<\/strong>: 25 de outubro de 2011.<\/p>\n<p><strong>6) <\/strong><strong>MESTRANDO:<\/strong> <a href=\"http:\/\/lattes.cnpq.br\/7466891395412803\">FRANCINI IMENE DIAS HIBRAHIN<\/a><br \/>\n<strong>TEMA:<\/strong> <a href=\"http:\/\/www2.unifap.br\/ppgdapp\/files\/2013\/04\/Francine.pdf\">\u201cA VEDA\u00c7\u00c3O DO RETROCESSO EM \u00c1REAS DE RESERVA LEGAL FLORESTAL DAS PROPRIEDADES RURAIS\u201d.<\/a><br \/>\n<strong>ORIENTADOR<\/strong>:\u00a0<a href=\"http:\/\/lattes.cnpq.br\/8135930822421169\">Prof. Dr. Raul Jos\u00e9 de Galaad Oliveira<\/a><br \/>\n<strong>DATA DA DEFESA<\/strong>: 29 de abril de 2011.<\/p>\n<p><strong>7) <\/strong><strong>MESTRANDO:<\/strong> <a href=\"http:\/\/lattes.cnpq.br\/3328720758375543\">GABRIELA MIRANDA DUARTE<\/a><br \/>\n<strong>TEMA:<\/strong> <a href=\"http:\/\/www2.unifap.br\/ppgdapp\/files\/2013\/05\/GABRIELA-MIRANDA-DUARTE.pdf\">\u201cA DEMARCA\u00c7\u00c3O DAS TERRAS IND\u00cdGENAS E SEUS POTENCIAIS EFEITOS SOBRE A PROTE\u00c7\u00c3O AMBIENTAL: O CASO RAPOSA DO SOL\u201d<\/a><br \/>\n<strong>ORIENTADOR<\/strong>:\u00a0<a href=\"http:\/\/lattes.cnpq.br\/4886213877075945\">Prof. Dr. Edson Ferreira de Carvalho<\/a><br \/>\n<strong>DATA DA DEFESA<\/strong>: 12 de agosto de 2011.<\/p>\n<p><strong>8) <\/strong><strong>MESTRANDO:<\/strong> <a href=\"http:\/\/lattes.cnpq.br\/5084911147165330\">GABRIELA VALENTE SIQUEIRA<\/a><br \/>\n<strong>TEMA:<\/strong> <a href=\"http:\/\/www2.unifap.br\/ppgdapp\/files\/2013\/04\/GABRIELA-VALENTE-SIQUEIRA.pdf\">\u201cLICENCIAMENTO AMBIENTAL NO AMAP\u00c1: O CASO DO APROVEITAMENTO HIDREL\u00c9TRICO DE FERREIRA GOMES(AHE-FG)\u201d.<\/a><br \/>\n<strong>ORIENTADOR<\/strong>:\u00a0<a href=\"http:\/\/lattes.cnpq.br\/3860243568106899\">Prof. Dr. Daniel Gaio<\/a><br \/>\n<strong>DATA DA DEFESA<\/strong>: 13 de dezembro de 2011.<\/p>\n<p><strong>9) <\/strong><strong>MESTRANDO:<\/strong> <a href=\"http:\/\/lattes.cnpq.br\/3957599711824895\">HELIVIA COSTA G\u00d3ES<\/a><br \/>\n<strong>TEMA:<\/strong> <a href=\"http:\/\/www2.unifap.br\/ppgdapp\/files\/2013\/05\/HELIVIA-COSTA-G%C3%93ES.pdf\">\u201cO PRINC\u00cdPIO DA INTERVEN\u00c7\u00c3O ESTATAL OBRIGAT\u00d3RIA E A GEST\u00c3O MUNICIPAL DOS RES\u00cdDUOS S\u00d3LIDOS URBANOS EM MACAP\u00c1, ESTADO DO AMAP\u00c1(2010-2011)\u201d.<\/a><br \/>\n<strong>ORIENTADOR<\/strong>:\u00a0<a href=\"http:\/\/lattes.cnpq.br\/7778887161285186\">Profa. Dra. Simone Pereira Garcia<\/a><br \/>\n<strong>DATA DA DEFESA<\/strong>: 26 de outubro de 2011.<\/p>\n<p><strong>10) <\/strong><strong>MESTRANDO:<\/strong> <a href=\"http:\/\/lattes.cnpq.br\/9551896767335262\">IVES FAIAD FREITAS<\/a><br \/>\n<strong>TEMA:<\/strong> <a href=\"http:\/\/www2.unifap.br\/ppgdapp\/files\/2013\/04\/DISSERTA\u00c7\u00c3O-Msc.-IVES-FAIAD-FREITAS-PDF.pdf\">\u201cEFETIVIDADE DO DIREITO \u00c0 INFORMA\u00c7\u00c3O NAS POL\u00cdTICAS E PROGRAMAS DE PREVEN\u00c7\u00c3O A ACIDENTES DE TRABALHO NO MEIO AMBIENTE LOBORAL DA CONSTRU\u00c7\u00c3O CIVIL EM MACAP\u00c1\u201d.<\/a><br \/>\n<strong>ORIENTADOR<\/strong>:\u00a0<a href=\"http:\/\/lattes.cnpq.br\/9551442492893319\">Profa. Dra. Rosemary Ferreira de Andrade<\/a><br \/>\n<strong>DATA DA DEFESA<\/strong>: 17 de novembro de 2011.<\/p>\n<p><strong>11) <\/strong><strong>MESTRANDO:<\/strong> <a href=\"http:\/\/lattes.cnpq.br\/3540405834339106\">JEANN ROBERT BEZERRA DA FONSECA<\/a><br \/>\n<strong>TEMA:<\/strong> \u201cEDUCA\u00c7\u00c3O AMBIENTAL: UMA EXPERI\u00caNCIA DE SENSIBILIZA\u00c7\u00c3O CR\u00cdTICA PARA A AMBI\u00caNCIA NA ESCOLA ESTADUAL JOS\u00c9 DO PATROC\u00cdNIO\u201d.<br \/>\n<strong>ORIENTADOR<\/strong>:\u00a0<a href=\"http:\/\/lattes.cnpq.br\/9888614392602464\">Profa. Dra. Adelma das Neves Nunes Barros<\/a><br \/>\n<strong>DATA DA DEFESA<\/strong>: 20 de dezembro de 2011.<\/p>\n<p><strong>12) <\/strong><strong>MESTRANDO:<\/strong> MONIQUE LOBATO LIMA<br \/>\n<strong>TEMA:<\/strong> <a href=\"http:\/\/www2.unifap.br\/ppgdapp\/files\/2013\/05\/MONIQUE-LOBATO-LIMA.pdf\">\u201cA NECESSIDADE DE EIA\/RIMA NOS EMPREENDIMENTOS COM OGM EM OBSERV\u00c2NCIA AO PRINC\u00cdPIO DA PRECAU\u00c7\u00c3O\u201d.<\/a><br \/>\n<strong>ORIENTADOR<\/strong>:\u00a0<a href=\"http:\/\/lattes.cnpq.br\/8135930822421169\">Prof. Dr. Raul Jos\u00e9 de Galaad Oliveira<\/a><br \/>\n<strong>DATA DA DEFESA<\/strong>: 29 de junho de 2011.<\/p>\n<p><strong>13) <\/strong><strong>MESTRANDO:<\/strong> <a href=\"http:\/\/lattes.cnpq.br\/6432569106765758\">NATHALIA CRISTINA SOTO BANHA<\/a><br \/>\n<strong>TEMA:<\/strong> \u201cPOL\u00cdTICAS P\u00daBLICAS COMO ESTRAT\u00c9GIA PARA PREVEN\u00c7\u00c3O DE DANOS AMBIENTAIS CAUSADOS PELA MINERA\u00c7\u00c3O EMPRESARIAL: A EFETIVA\u00c7\u00c3O DO PLANO DE CONTROLE AMBIENTAL(PCA) NO ESTADO DO AMAP\u00c1\u201d.<br \/>\n<strong>ORIENTADOR<\/strong>:\u00a0<a href=\"http:\/\/lattes.cnpq.br\/1993748824383678\">Prof. Dr. Ricardo \u00c2ngelo Pereira de Lima<\/a><br \/>\n<strong>DATA DA DEFESA<\/strong>: 20 de mar\u00e7o de 2012.<\/p>\n<p><strong>14) <\/strong><strong>MESTRANDO:<\/strong> <a href=\"http:\/\/lattes.cnpq.br\/0391187236504935\">PAULA CRISTINA PAIX\u00c3O GOMES<\/a><br \/>\n<strong>TEMA:<\/strong> \u201cPOL\u00cdTICAS P\u00daBLICAS DE ACESSIBILIDADE \u00c0 JUSTI\u00c7A: A JUSTI\u00c7A ITINERANTE FLUVIAL NO ARQUIP\u00c9LAGO DO BAILIQUE\/AP(1995-2010)\u201d.<br \/>\n<strong>ORIENTADOR<\/strong>:\u00a0<a href=\"http:\/\/lattes.cnpq.br\/7806022855554472\">Profa. Dra. Eliane Superti<\/a><br \/>\n<strong>DATA DA DEFESA<\/strong>: 15 de fevereiro de 2012.<\/p>\n<p><strong>15) <\/strong><strong>MESTRANDO:<\/strong> <a href=\"http:\/\/lattes.cnpq.br\/6303029152591989\">PAULA VER\u00d4NICA CAMPOS JORGE SANTOS<\/a><br \/>\n<strong>TEMA:<\/strong> \u201cPOTENCIAL DE VAZ\u00c3O AMBIENTAL COM SUBSIDIO \u00c0 OUTORGA DE RECURSOS H\u00cdDRICOS PARA CONSTRU\u00c7\u00c3O E OPERA\u00c7\u00c3O DE HIDREL\u00c9TRICAS NA AMAZ\u00d4NIA\u201d.<br \/>\n<strong>ORIENTADOR<\/strong>:\u00a0<a href=\"http:\/\/lattes.cnpq.br\/2181817533284030\">Prof. Dr. Alan Cavalcanti Cunha<\/a><br \/>\n<strong>DATA DA DEFESA<\/strong>: 23 de setembro de 2011.<\/p>\n<p><strong>16) <\/strong><strong>MESTRANDO:<\/strong> <a href=\"http:\/\/lattes.cnpq.br\/0365192019552893\">ROSA DALVA GON\u00c7ALVES DE OLIVEIRA<\/a><br \/>\n<strong>TEMA:<\/strong> <a href=\"http:\/\/www2.unifap.br\/ppgdapp\/files\/2013\/05\/ROSA-DALVA-GON%C3%87ALVES-DE-OLIVEIRA.pdf\">\u201cEDUCA\u00c7\u00c3O AMBIENTAL: ALTERNATIVA DE SUSTENTABILIDADE NA \u00c1REA DE PROTE\u00c7\u00c3O AMBIENTAL(APA) DO RIO CURIA\u00da\u201d.<\/a><br \/>\n<strong>ORIENTADOR<\/strong>:\u00a0<a href=\"http:\/\/lattes.cnpq.br\/9888614392602464\">Profa. Dra. Adelma das Neves Nunes Barros<\/a><br \/>\n<strong>DATA DA DEFESA<\/strong>: 23 de mar\u00e7o de 2012.<\/p>\n<p><strong>17) <\/strong><strong>MESTRANDO:<\/strong> <a href=\"http:\/\/lattes.cnpq.br\/7283587376437383\">ROSIMARY ARA\u00daJO DE OLIVEIRA<\/a><br \/>\n<strong>TEMA:<\/strong> \u201cEXPERI\u00caNCIAS DE EDUCA\u00c7\u00c3O AMBIENTAL NA APA DA FAZENDINHA: Um Estudo Cr\u00edtico de Pr\u00e1ticas Educativas Formais e N\u00e3o-Formais\u201d.<br \/>\n<strong>ORIENTADOR<\/strong>:\u00a0<a href=\"http:\/\/lattes.cnpq.br\/9888614392602464\">Profa. Dra. Adelma das Neves Nunes Barros<\/a><br \/>\n<strong>DATA DA DEFESA<\/strong>: 20 de dezembro de 2011.<\/p>\n<p><strong>18) <\/strong><strong>MESTRANDO:<\/strong> <a href=\"http:\/\/lattes.cnpq.br\/8309426513148550\">ROSINEI DA SILVA FACUNDES<\/a><br \/>\n<strong>TEMA:<\/strong> <a href=\"http:\/\/www2.unifap.br\/ppgdapp\/files\/2013\/04\/Disserta\u00e7\u00e3o-Rosinei.pdf\" target=\"_blank\">\u201cIMPACTOS SOCIOAMBIENTAIS PROVENIENTES DO MANUSEIO INADEQUADO DE REJEITOS DE MANGAN\u00caS E AS IMPLICA\u00c7\u00d5ES PARA A VIDA E A SA\u00daDE DOS MORADORES DA VILA DO ELESB\u00c3O\u201d.<\/a><br \/>\n<strong>ORIENTADOR<\/strong>:\u00a0<a href=\"http:\/\/lattes.cnpq.br\/9551442492893319\">Profa. Dra. Rosemary Ferreira de Andrade<\/a><br \/>\n<strong>DATA DA DEFESA<\/strong>: 25 de outubro de 2011.<\/p>\n<\/div>\n<p>&nbsp;<\/p>\n<\/div>\n","protected":false},"excerpt":{"rendered":"<p>1) MESTRANDO: ALZIRA MARQUES OLIVEIRA TEMA: \u201cPOL\u00cdTICAS P\u00daBLICAS DE GEST\u00c3O PARA PREVEN\u00c7\u00c3O E MITIGA\u00c7\u00c3O DE DESASTRES NATURAIS NA B\u00c1CIA DO RIO JARI-AMAP\u00c1\u201d. ORIENTADOR:\u00a0Prof. Dr. Alan Cavalcanti Cunha DATA DA DEFESA: 29 de setembro de 2011. 2) MESTRANDO: ALESSANDRO DE ARA\u00daJO&hellip; <\/p>\n<p><a href=\"https:\/\/www2.unifap.br\/ppgdapp\/dissertacoes\/turma-2009\/\" class=\"readmore-button\">Continue Reading<\/a><\/p>\n","protected":false},"author":1,"featured_media":0,"parent":88,"menu_order":0,"comment_status":"closed","ping_status":"open","template":"template-twocolumns-left.php","meta":{"inline_featured_image":false,"ngg_post_thumbnail":0,"footnotes":""},"class_list":["post-460","page","type-page","status-publish","hentry"],"_links":{"self":[{"href":"https:\/\/www2.unifap.br\/ppgdapp\/wp-json\/wp\/v2\/pages\/460","targetHints":{"allow":["GET"]}}],"collection":[{"href":"https:\/\/www2.unifap.br\/ppgdapp\/wp-json\/wp\/v2\/pages"}],"about":[{"href":"https:\/\/www2.unifap.br\/ppgdapp\/wp-json\/wp\/v2\/types\/page"}],"author":[{"embeddable":true,"href":"https:\/\/www2.unifap.br\/ppgdapp\/wp-json\/wp\/v2\/users\/1"}],"replies":[{"embeddable":true,"href":"https:\/\/www2.unifap.br\/ppgdapp\/wp-json\/wp\/v2\/comments?post=460"}],"version-history":[{"count":11,"href":"https:\/\/www2.unifap.br\/ppgdapp\/wp-json\/wp\/v2\/pages\/460\/revisions"}],"predecessor-version":[{"id":800,"href":"https:\/\/www2.unifap.br\/ppgdapp\/wp-json\/wp\/v2\/pages\/460\/revisions\/800"}],"up":[{"embeddable":true,"href":"https:\/\/www2.unifap.br\/ppgdapp\/wp-json\/wp\/v2\/pages\/88"}],"wp:attachment":[{"href":"https:\/\/www2.unifap.br\/ppgdapp\/wp-json\/wp\/v2\/media?parent=460"}],"curies":[{"name":"wp","href":"https:\/\/api.w.org\/{rel}","templated":true}]}}