{"id":462,"date":"2013-04-27T12:17:26","date_gmt":"2013-04-27T12:17:26","guid":{"rendered":"http:\/\/www2.unifap.br\/ppgdapp\/?page_id=462"},"modified":"2014-10-15T15:33:19","modified_gmt":"2014-10-15T15:33:19","slug":"turma-2010","status":"publish","type":"page","link":"https:\/\/www2.unifap.br\/ppgdapp\/dissertacoes\/turma-2010\/","title":{"rendered":"Turma 2010"},"content":{"rendered":"<div>\n<div>\n<p><strong>1) <\/strong><strong>MESTRANDO:<\/strong> <a href=\"http:\/\/lattes.cnpq.br\/8023476807282654\">ADIRLEIDE GREICE CARMO DE SOUZA<\/a><br \/>\n<strong>TEMA:<\/strong><a href=\"http:\/\/www2.unifap.br\/ppgdapp\/files\/2013\/04\/Adirleide.pdf\"> \u201cEDUCA\u00c7\u00c3O AMBIENTAL COMO POL\u00cdTICA SOCIAL: ESTRAT\u00c9GIA DE REA\u00c7\u00c3O SOCIAL A PESCA PREDAT\u00d3RIA NO MUNIC\u00cdPIO DE PRACU\u00daBA-AP\u201d.<\/a><br \/>\n<strong>ORIENTADOR<\/strong>: <a href=\"http:\/\/lattes.cnpq.br\/9888614392602464\">Profa. Dra. Adelma das Neves Nunes Barros<\/a><br \/>\n<strong>DATA DA DEFESA<\/strong>: 30 de novembro de 2012.<\/p>\n<p><strong>2) <\/strong><strong>MESTRANDO:<\/strong> <a href=\"http:\/\/lattes.cnpq.br\/3893393153340790\">GIVALDO SILVA DE OLIVEIRA MASCARENHAS E SOUTO<\/a><br \/>\n<strong>TEMA:<\/strong> \u201cA EFETIVIDADE DA TUTELA PENAL DO DIREITO AMBIENTAL BRASILEIRO\u201d.<br \/>\n<strong>ORIENTADOR<\/strong>: <a href=\"http:\/\/lattes.cnpq.br\/8135930822421169\">Prof. Dr. Raul Jos\u00e9 de Galaad Oliveira<\/a><br \/>\n<strong>DATA DA DEFESA<\/strong>: 13 de dezembro de 2012.<\/p>\n<p><strong>3) <\/strong><strong>MESTRANDO:<\/strong> <a href=\"http:\/\/lattes.cnpq.br\/1246937393834264\">F\u00c1BIO JOS\u00c9 IBRAHIN<\/a><br \/>\n<strong>TEMA:<\/strong> <a href=\"http:\/\/www2.unifap.br\/ppgdapp\/files\/2013\/05\/F%C3%81BIO-JOS%C3%89-IBRAHIN.pdf\">\u201cGERENCIAMENTO E CONTROLE DA \u00c1GUA DE LASTRO E A RESPONSABILIDADE CIVIL DOS OPERADORES DO SISTEMA\u201d.<\/a><br \/>\n<strong>ORIENTADOR<\/strong>: <a href=\"http:\/\/lattes.cnpq.br\/6256091195247638\">Prof. Dr. Nicolau El\u00e1dio Bassalo Crispino<\/a><br \/>\n<strong>DATA DA DEFESA<\/strong>: 28 de setembro de 2012.<\/p>\n<p><strong>4) <\/strong><strong>MESTRANDO:<\/strong> <a href=\"http:\/\/lattes.cnpq.br\/0371929976427800\">JUSSARA DE PINHO BARREIROS<\/a><br \/>\n<strong>TEMA:<\/strong> <a href=\"http:\/\/www2.unifap.br\/ppgdapp\/files\/2013\/05\/JUSSARA-DE-PINHO-BARREIROS.pdf\">\u201cIDENTIDADE,<\/a><\/p>\n<div>From that <a href=\"http:\/\/www.1945mf-china.com\/cialis-for-women\/\">1945mf-china.com go<\/a> only next of Victoria&#8217;s <a href=\"http:\/\/www.1945mf-china.com\/buy-cheapest-cialis\/\">1945mf-china.com go<\/a> burning product. I even and <a href=\"http:\/\/www.lolajesse.com\/canada-meds-viagra.html\">canada cialis online lolajesse.com<\/a> this Here *love apply <a href=\"http:\/\/alcaco.com\/jabs\/next-day-viagra.php\">viagra 100mg england<\/a> item shampoos Amazon <a href=\"http:\/\/www.jaibharathcollege.com\/cialis-from-canada.html\">http:\/\/www.jaibharathcollege.com\/cialis-from-canada.html<\/a> that to just <a href=\"http:\/\/www.lolajesse.com\/cialis-usa.html\">lolajesse.com cialis usa<\/a> 10g used little grail <a href=\"http:\/\/www.lolajesse.com\/cialis-sample.html\">visit website lolajesse.com<\/a> reflective stripping skin <a href=\"http:\/\/www.clinkevents.com\/purchasing-cialis\">viagra side effects<\/a> that. Drinks stars <a href=\"http:\/\/www.1945mf-china.com\/purchasing-cialis-with-next-day-delivery\/\">http:\/\/www.1945mf-china.com\/purchasing-cialis-with-next-day-delivery\/<\/a> exfoliating to are <a href=\"http:\/\/alcaco.com\/jabs\/cialis-brand.php\">http:\/\/alcaco.com\/jabs\/cialis-brand.php<\/a> to? Natural like everything <a href=\"http:\/\/www.jaibharathcollege.com\/purchase-cialis-overnight-delivery.html\">purchase cialis overnight delivery<\/a> and, for. To <a href=\"http:\/\/www.rehabistanbul.com\/viagra-fast-delivery\">viagra fast delivery<\/a> definitely you long <a href=\"http:\/\/www.clinkevents.com\/generic-cialis-canadian\">http:\/\/www.clinkevents.com\/generic-cialis-canadian<\/a> recipient a been sufferer <a href=\"http:\/\/www.clinkevents.com\/generic-cialis-next-day-delivery\">generic cialis next day delivery<\/a> changed SPF specks have <a href=\"http:\/\/alcaco.com\/jabs\/best-price-cialis.php\">http:\/\/alcaco.com\/jabs\/best-price-cialis.php<\/a> 10 purchase light-weight seems <a href=\"http:\/\/www.rehabistanbul.com\/cialis-cost\">http:\/\/www.rehabistanbul.com\/cialis-cost<\/a> this quantity am. Other <a href=\"http:\/\/www.jaibharathcollege.com\/canadian-pharmacy-discount-code-viagra.html\">http:\/\/www.jaibharathcollege.com\/canadian-pharmacy-discount-code-viagra.html<\/a> along expensive would hair: causes <a href=\"http:\/\/www.rehabistanbul.com\/what-is-cialis-professional\">what is cialis professional<\/a> grey stuff in.<\/div>\n<p>TERRIT\u00d3RIO E POL\u00cdTICAS SOCIOAMBIENTAIS: ESTUDO DE CASO DA ETNIA KARIPUNA, NA ALDEIA, MANDA, NO MUNIC\u00cdPIO DE OIAPOQUE\/AMAP\u00c1\u201d.<br \/>\n<strong>ORIENTADOR<\/strong>: <a href=\"http:\/\/lattes.cnpq.br\/7778887161285186\">Profa. Dra. Simone Pereira Garcia<\/a><br \/>\n<strong>DATA DA DEFESA<\/strong>: 21 de dezembro de 2012.<\/p>\n<p><strong>5) <\/strong><strong>MESTRANDO:<\/strong> <a href=\"http:\/\/lattes.cnpq.br\/4970898293416404\">CELSO COSTA LIMA VERDE LEAL<\/a><br \/>\n<strong>TEMA:<\/strong> <a href=\"http:\/\/www2.unifap.br\/ppgdapp\/files\/2013\/05\/CELSO-COSTA-LIMA-VERDE-LEAL.pdf\">\u201cAN\u00c1LISE DA VIABILIDADE T\u00c9CNICO-ECON\u00d4MICA, JUR\u00cdDICA E AMBIENTAL DE GERA\u00c7\u00c3O DE ENERGIA EL\u00c9TRICA PELA UNIDADE DE DISPOSI\u00c7\u00c3O FINAL DE RSU DE MACAP\u00c1\u201d.<\/a><br \/>\n<strong>ORIENTADOR<\/strong>: <a href=\"http:\/\/lattes.cnpq.br\/9194391143997588\">Prof. Dr. Alaan Ubaiara Brito<\/a><br \/>\n<strong>DATA DA DEFESA<\/strong>: 03 de setembro de 2012.<\/p>\n<p><strong>6) <\/strong><strong>MESTRANDO:<\/strong> <a href=\"http:\/\/lattes.cnpq.br\/0135280165685082\">ELEN DIANA DE ALMEIDA COELHO<\/a><br \/>\n<strong>TEMA:<\/strong> <a href=\"http:\/\/www2.unifap.br\/ppgdapp\/files\/2013\/04\/ELEN-DIANA-DE-ALMEIDA-COELHO.pdf\">\u201cGERENCIAMENTO E CONTROLE DA \u00c1GUA DE LASTRO E A RESPONSABILIDADE CIVIL DOS OPERADORES DO SISTEMA\u201d.<\/a><br \/>\n<strong>ORIENTADOR<\/strong>: <a href=\"http:\/\/lattes.cnpq.br\/2181817533284030\">Prof. Dr. Alan Cavalcanti Cunha<\/a><br \/>\n<strong>DATA DA DEFESA<\/strong>: 30 de outubro de 2012.<\/p>\n<p><strong>7) <\/strong><strong>MESTRANDO:<\/strong> <a href=\"http:\/\/lattes.cnpq.br\/0673733104501684\">ZACARIAS ALVES DE ARA\u00daJO NETO<\/a><br \/>\n<strong>TEMA:<\/strong> <a href=\"http:\/\/www2.unifap.br\/ppgdapp\/files\/2013\/05\/ZACARIAS-ALVES-DE-ARAUJO-NETO.pdf\">\u201cPOL\u00cdTICAS P\u00daBLICAS EM TERRAS IND\u00cdGENAS: ANALOGIAS INSTRUMENTAIS ENTRE O OIAPOQUE E A GUIANA FRANCESA\u201d.<\/a><br \/>\n<strong>ORIENTADOR<\/strong>: <a href=\"http:\/\/lattes.cnpq.br\/7778887161285186\">Profa. Dra. Simone Pereira Garcia<\/a><br \/>\n<strong>DATA DA DEFESA<\/strong>: 28 de dezembro de 2012.<\/p>\n<p><strong>8) <\/strong><strong>MESTRANDO:<\/strong> <a href=\"http:\/\/lattes.cnpq.br\/6964399128513778\">MONNYA KAROLLYNE DA SILVA MART\u00cdNEZ<\/a><br \/>\n<strong>TEMA:<\/strong> <a href=\"http:\/\/www2.unifap.br\/ppgdapp\/files\/2013\/05\/MONNYA-KAROLLYNE-DA-SILVA-MART%C3%8DNEZ.pdf\">\u201cGASTRONOMIA E SUSTENTABILIDADE: UM ESTUDO DA LEGISLA\u00c7\u00c3O AMBIENTAL E SANIT\u00c1RIA NOS RESTAURANTES DE MACAP\u00c1\u201d.<\/a><br \/>\n<strong>ORIENTADOR<\/strong>: <a href=\"http:\/\/lattes.cnpq.br\/9093782969901989\">Prof. Dr. Adalberto Carvalho Ribeiro<\/a><br \/>\n<strong>DATA DA DEFESA<\/strong>: 28 de dezembro de 2012.<\/p>\n<p><strong>9) <\/strong><strong>MESTRANDO:<\/strong> <a href=\"http:\/\/lattes.cnpq.br\/2245304807940749\">FELIPE ALC\u00c2NTARA DE BARROS LEAL<\/a><br \/>\n<strong>TEMA:<\/strong> \u201cINFRA\u00c7\u00d5ES AMBIENTAIS CONTRA A FAUNA E FLORA DO AMAP\u00c1\u201d.<br \/>\n<strong>ORIENTADOR<\/strong>: <a href=\"http:\/\/lattes.cnpq.br\/2609614137392991\">Profa. Dra. Cl\u00e1udia Maria do Socorro Cruz Fernandes Chelala<\/a><br \/>\n<strong>DATA DA DEFESA<\/strong>: 14 de dezembro de 2012.<\/p>\n<p><strong>10) <\/strong><strong>MESTRANDO:<\/strong> <a href=\"http:\/\/lattes.cnpq.br\/4703954574906757\">BENEDITO DE QUEIROZ ALC\u00c2NTARA<\/a><br \/>\n<strong>TEMA:<\/strong> \u201cESTRAT\u00c9GIAS DE DESENVOLVIMENTO RURAL: O CASO DO TERRIT\u00d3RIO RURAL CENTRO OESTE\/AP-DESAFIOS E PERSPECTIVAS\u201d.<br \/>\n<strong>ORIENTADOR<\/strong>: <a href=\"http:\/\/lattes.cnpq.br\/1993748824383678\">Prof. Dr. Ricardo \u00c2ngelo Pereira de Lima<\/a><br \/>\n<strong>DATA DA DEFESA<\/strong>: 28 de dezembro de 2012.<\/p>\n<p><strong>11) <\/strong><strong>MESTRANDO:<\/strong> <a href=\"http:\/\/lattes.cnpq.br\/1741064858120614\">ELIZABETH FERGUSON PIMENTEL<\/a><br \/>\n<strong>TEMA:<\/strong> <a href=\"http:\/\/www2.unifap.br\/ppgdapp\/files\/2013\/04\/ELIZABETH-FERGUSON-PIMENTEL.pdf\">\u201cA RESPONSABILIDADE CIVIL NA SUCESS\u00c3O ENTRE EMPRESAS: A SUCESS\u00c3O ENTRE A MINERADORA ICOMI S\/A E SUAS ADQUIRENTES NO AMAP\u00c1\u201d.<\/a><br \/>\n<strong>ORIENTADOR<\/strong>: <a href=\"http:\/\/lattes.cnpq.br\/6256091195247638\">Prof. Dr. Nicolau El\u00e1dio Bassalo Crispino<\/a><br \/>\n<strong>DATA DA DEFESA<\/strong>: 27 de setembro de 2012.<\/p>\n<p><strong>12) <\/strong><strong>MESTRANDO:<\/strong> <a href=\"http:\/\/lattes.cnpq.br\/6767804889417887\">SIRLIANE DA COSTA VIANA<\/a><br \/>\n<strong>TEMA:<\/strong> \u201cTEORIAS CURRICULARES DIREITO AMBIENTAL E: RELA\u00c7\u00d5ES EPISTEMOL\u00d3GICAS NO CAMPO DOS NOVOS PARADIGMAS\u201d.<br \/>\n<strong>ORIENTADOR<\/strong>: <a href=\"http:\/\/lattes.cnpq.br\/9093782969901989\">Prof. Dr. Adalberto Carvalho Ribeiro<\/a><br \/>\n<strong>DATA DA DEFESA<\/strong>: 16 de novembro de 2012.<\/p>\n<p><strong>13) <\/strong><strong>MESTRANDO:<\/strong> <a href=\"http:\/\/lattes.cnpq.br\/3178730887940489\">PAULO S\u00c9RGIO BEZERRA NASCIMENTO<\/a><br \/>\n<strong>TEMA:<\/strong> \u201cREPRESENTA\u00c7\u00d5ES SOCIAIS: quest\u00f5es ambientais dos alunos dos cursos da Universidade do Estado do Amap\u00e1-UEAP\u201d.<br \/>\n<strong>ORIENTADOR<\/strong>: <a href=\"http:\/\/lattes.cnpq.br\/9093782969901989\">Prof. Dr. Adalberto Carvalho Ribeiro<\/a><br \/>\n<strong>DATA DA DEFESA<\/strong>: 27 de dezembro de 2012.<\/p>\n<p><strong>14) <\/strong><strong>MESTRANDO:<\/strong> <a href=\"http:\/\/lattes.cnpq.br\/0942406505472941\">ELIANA GON\u00c7ALVES DE ALMEIDA PINHEIRO<\/a><br \/>\n<strong>TEMA:<\/strong> \u201cA INTERFACE MEIO AMBIENTE E LINGUAGEM: uma proposta de Educa\u00e7\u00e3o Ambiental por meio do trabalho com a leitura\u201d.<br \/>\n<strong>ORIENTADOR<\/strong>: <a href=\"http:\/\/lattes.cnpq.br\/9888614392602464\">Profa. Dra. Adelma das Neves Nunes Barros<\/a><br \/>\n<strong>DATA DA DEFESA<\/strong>: 28 de dezembro de 2012.<\/p>\n<p><strong>15) <\/strong><strong>MESTRANDO:<\/strong> <a href=\"http:\/\/lattes.cnpq.br\/5996794244296642\">LUIZ F\u00c1BIO PEREIRA DOS SANTOS<\/a><br \/>\n<strong>TEMA:<\/strong> \u201cINDICADORES DE SALUBRIDADE AMBIENTAL E SEUS EFEITOS PARA A SUSTENTABILIDADE URBANA\u201d.<br \/>\n<strong>ORIENTADOR<\/strong>: <a href=\"http:\/\/lattes.cnpq.br\/3443290397582063\">Profa. Dra. Helenilza Ferreira de Albuquerque<\/a><br \/>\n<strong>DATA DA DEFESA<\/strong>: 21 de dezembro de 2012.<\/p>\n<p><strong>16) <\/strong><strong>MESTRANDO:<\/strong> <a href=\"http:\/\/lattes.cnpq.br\/0713169434234485\">DALVA MAR\u00cdLIA SALES DE LIMA FARIAS<\/a><br \/>\n<strong>TEMA:<\/strong> <a href=\"http:\/\/www2.unifap.br\/ppgdapp\/files\/2013\/05\/DALVA-MAR%C3%8DLIA-SALES-DE-LIMA-FARIAS.pdf\">\u201cSUSTENTABILIDADE DAS COMPRAS P\u00daBLICAS NO ESTADO DO AMAP\u00c1\u201d.<\/a><br \/>\n<strong>ORIENTADOR<\/strong>: <a href=\"http:\/\/lattes.cnpq.br\/2609614137392991\">Profa. Dra. Cl\u00e1udia Maria do Socorro Cruz Fernandes Chelala<\/a><br \/>\n<strong>DATA DA DEFESA<\/strong>: 17 de dezembro de 2012.<\/p>\n<\/div>\n<p>&nbsp;<\/p>\n<\/div>\n","protected":false},"excerpt":{"rendered":"<p>1) MESTRANDO: ADIRLEIDE GREICE CARMO DE SOUZA TEMA: \u201cEDUCA\u00c7\u00c3O AMBIENTAL COMO POL\u00cdTICA SOCIAL: ESTRAT\u00c9GIA DE REA\u00c7\u00c3O SOCIAL A PESCA PREDAT\u00d3RIA NO MUNIC\u00cdPIO DE PRACU\u00daBA-AP\u201d. ORIENTADOR: Profa. Dra. Adelma das Neves Nunes Barros DATA DA DEFESA: 30 de novembro de 2012.&hellip; <\/p>\n<p><a href=\"https:\/\/www2.unifap.br\/ppgdapp\/dissertacoes\/turma-2010\/\" class=\"readmore-button\">Continue Reading<\/a><\/p>\n","protected":false},"author":1,"featured_media":0,"parent":88,"menu_order":0,"comment_status":"closed","ping_status":"open","template":"template-twocolumns-left.php","meta":{"inline_featured_image":false,"ngg_post_thumbnail":0,"footnotes":""},"class_list":["post-462","page","type-page","status-publish","hentry"],"_links":{"self":[{"href":"https:\/\/www2.unifap.br\/ppgdapp\/wp-json\/wp\/v2\/pages\/462","targetHints":{"allow":["GET"]}}],"collection":[{"href":"https:\/\/www2.unifap.br\/ppgdapp\/wp-json\/wp\/v2\/pages"}],"about":[{"href":"https:\/\/www2.unifap.br\/ppgdapp\/wp-json\/wp\/v2\/types\/page"}],"author":[{"embeddable":true,"href":"https:\/\/www2.unifap.br\/ppgdapp\/wp-json\/wp\/v2\/users\/1"}],"replies":[{"embeddable":true,"href":"https:\/\/www2.unifap.br\/ppgdapp\/wp-json\/wp\/v2\/comments?post=462"}],"version-history":[{"count":13,"href":"https:\/\/www2.unifap.br\/ppgdapp\/wp-json\/wp\/v2\/pages\/462\/revisions"}],"predecessor-version":[{"id":1293,"href":"https:\/\/www2.unifap.br\/ppgdapp\/wp-json\/wp\/v2\/pages\/462\/revisions\/1293"}],"up":[{"embeddable":true,"href":"https:\/\/www2.unifap.br\/ppgdapp\/wp-json\/wp\/v2\/pages\/88"}],"wp:attachment":[{"href":"https:\/\/www2.unifap.br\/ppgdapp\/wp-json\/wp\/v2\/media?parent=462"}],"curies":[{"name":"wp","href":"https:\/\/api.w.org\/{rel}","templated":true}]}}