{"id":578,"date":"2013-05-25T13:28:22","date_gmt":"2013-05-25T13:28:22","guid":{"rendered":"http:\/\/www2.unifap.br\/ppgdapp\/?page_id=578"},"modified":"2013-10-16T21:53:58","modified_gmt":"2013-10-16T21:53:58","slug":"politicas-publicas-desenvolvimento-e-meio-ambiente-na-amazonia","status":"publish","type":"page","link":"https:\/\/www2.unifap.br\/ppgdapp\/apresentacao\/linhas-de-pesquisa\/politicas-publicas-desenvolvimento-e-meio-ambiente-na-amazonia\/","title":{"rendered":"Pol\u00edticas P\u00fablicas, Desenvolvimento e Meio Ambiente na Amaz\u00f4nia"},"content":{"rendered":"<p><a href=\"http:\/\/www2.unifap.br\/ppgdapp\/files\/2013\/05\/ppgdapp-banner.jpg\"><img fetchpriority=\"high\" decoding=\"async\" class=\"aligncenter size-full wp-image-294\" src=\"http:\/\/www2.unifap.br\/ppgdapp\/files\/2013\/05\/ppgdapp-banner.jpg\" alt=\"\" width=\"800\" height=\"120\" \/><\/a><\/p>\n<table width=\"480\">\n<tbody>\n<tr>\n<td width=\"592\" bgcolor=\"#009966\">\n<div><strong>LINHA DE PESQUISA<\/strong><\/div>\n<\/td>\n<\/tr>\n<\/tbody>\n<\/table>\n<p style=\"text-align: justify;\"><strong>Defini\u00e7\u00e3o &#8211; <\/strong>Essa linha de pesquisa tem como foco investigativo o contexto pol\u00edtico, econ\u00f4mico e social e as especificidades da constru\u00e7\u00e3o e consolida\u00e7\u00e3o de fen\u00f4menos relativos \u00e0 pol\u00edticas p\u00fablicas, desenvolvimento e meio ambiente, vinculados \u00e0 realidade amaz\u00f4nica.<\/p>\n<p style=\"text-align: justify;\"><strong> <\/strong><\/p>\n<p style=\"text-align: justify;\"><strong>Eixos Estruturadores- Pol\u00edticas P\u00fablicas: <\/strong>Conceitos e vertentes te\u00f3ricas de analise das pol\u00edticas p\u00fablicas; pol\u00edticas p\u00fablicas no contexto do desenvolvimento e suas rela\u00e7\u00f5es com o meio ambiente. An\u00e1lise de benef\u00edcios-custo de programas e projetos para o desenvolvimento da Amaz\u00f4nia. Avalia\u00e7\u00e3o de pol\u00edticas p\u00fablicas voltadas para a inclus\u00e3o, desigualdade social e economia solid\u00e1ria. An\u00e1lise de pol\u00edticas para o terceiro setor. An\u00e1lise dos processos de tomada de decis\u00e3o para a forma\u00e7\u00e3o de pol\u00edticas p\u00fablicas. Modelos e pol\u00edticas de educa\u00e7\u00e3o ambiental. <strong>Desenvolvimento<\/strong>: Origem e desdobramentos hist\u00f3ricos do desenvolvimento Econ\u00f4mico; Conceitos (Crescimento econ\u00f4mico, Desenvolvimento econ\u00f4mico Sustentado; Teorias do crescimento e do desenvolvimento econ\u00f4mico). <strong>Meio Ambiente: <\/strong>conceitos e<strong> <\/strong>defini\u00e7\u00f5es multidisciplinares, rela\u00e7\u00e3o sociedade e meio ambiente, rela\u00e7\u00e3o homem \u2013 natureza, educa\u00e7\u00e3o ambiental.\u00a0\u00a0\u00a0 <strong>Desenvolvimento e Meio Ambiente<\/strong>: Os problemas sociais e ambientais; O conceito de Desenvolvimento sustent\u00e1vel; O dilema desenvolvimento versus meio ambiente; O desafio para conciliar desenvolvimento econ\u00f4mico e meio ambiente; <strong>Pol\u00edticas P\u00fablicas e Estrat\u00e9gias de desenvolvimento<\/strong>: Obst\u00e1culos \u00e0s a\u00e7\u00f5es e aplica\u00e7\u00f5es das pol\u00edticas p\u00fablicas; Prioridades ambientais para o desenvolvimento; Mercado, governos e boas pol\u00edticas e pr\u00e1ticas de desenvolvimento; As rela\u00e7\u00f5es entre Estado e territ\u00f3rio. Evolu\u00e7\u00e3o e renova\u00e7\u00e3o das teorias e formas de interven\u00e7\u00e3o do Estado: do planejamento regional a gest\u00e3o local. As categorias e conceitos fundamentais do planejamento territorial. O planejamento territorial espacial: grandes projetos hidrel\u00e9tricos, mineiros e industriais, hidrovias, o gerenciamento costeiro etc. <strong>Novas Teorias e Estrat\u00e9gias de desenvolvimento para a Amaz\u00f4nia<\/strong>: Os novos paradigmas te\u00f3ricos para o desenvolvimento da Amaz\u00f4nia; Os grandes problemas, seus limites e possibilidades para o desenvolvimento sustent\u00e1vel na Amaz\u00f4nia; As pol\u00edticas ambientais para a Amaz\u00f4nia. A Amaz\u00f4nia como uma fronteira de \u201ccommodities\u201d. Os grandes problemas e entraves ao desenvolvimento. As novas possibilidades para o estado e os munic\u00edpios.<strong> <\/strong><\/p>\n<p style=\"text-align: justify;\"><strong> <\/strong><\/p>\n<p style=\"text-align: justify;\"><strong>Objetivos<\/strong> &#8211; Elabora\u00e7\u00e3o de trabalhos integrados de natureza socioecon\u00f4mica e pol\u00edtico cultural visando a compreens\u00e3o de processos de organiza\u00e7\u00e3o dos espa\u00e7os urbano e rural locais e regionais; estudos de casos de experi\u00eancias emp\u00edricas de sustentabilidade, a\u00e7\u00f5es e pol\u00edticas de preserva\u00e7\u00e3o e prote\u00e7\u00e3o ambiental; a dial\u00e9tica das rela\u00e7\u00f5es sociedade x natureza e seus reflexos na pol\u00edtica ambiental, nas tipologias de organiza\u00e7\u00e3o do espa\u00e7o e da forma\u00e7\u00e3o de comunidades amaz\u00f4nicas; an\u00e1lise das quest\u00f5es ambientais, socioecon\u00f4micas, pol\u00edtico-institucionais e culturais a n\u00edveis local, regional, nacional e global; avalia\u00e7\u00e3o do processo de globaliza\u00e7\u00e3o nas pol\u00edticas de organiza\u00e7\u00e3o do espa\u00e7o e nas pr\u00e1ticas de desenvolvimento na Amaz\u00f4nia; identifica\u00e7\u00e3o de conflitos de uso dos recursos naturais e das pol\u00edticas ambientais; an\u00e1lise das pol\u00edticas p\u00fablicas de desenvolvimento e do meio ambiente.<\/p>\n<table width=\"480\">\n<tbody>\n<tr>\n<td width=\"592\" bgcolor=\"#009966\">\n<div><strong>SUBLINHAS DE PESQUISA<\/strong><\/div>\n<\/td>\n<\/tr>\n<\/tbody>\n<\/table>\n<p><strong>Meio Ambiente, linguagem\/discursos e educa\u00e7\u00e3o<\/strong><\/p>\n<p style=\"text-align: justify;\">A partir do vi\u00e9s trans\/multi\/inter\/disciplinar a linguagem dialoga com teorias que atravessam o campo das ci\u00eancias das humanidades\u00a0 numa perspectiva que poder\u00e1 contribuir para reflex\u00e3o e estudos de \u201cpol\u00edticas publicas e ambientais\u201d concebidas como espa\u00e7o discursivo (a partir da an\u00e1lise cr\u00edtica de leis, decretos, cartas, relat\u00f3rios de confer\u00eancias, processos julgados , artigos cient\u00edficos, material did\u00e1tico, informativo publicit\u00e1rio sobre meio ambiente etc.). Trabalha-se princ\u00edpios b\u00e1sicos para a compreens\u00e3o da l\u00edngua (gem) em seu funcionamento, ou seja, a l\u00edngua nos seus usos, concretizados nos discursos\u00a0 sobre\/do meio ambiente e pol\u00edticas publicas.<\/p>\n<p style=\"text-align: justify;\"><strong>Energia e Sustentabilidade<\/strong><\/p>\n<p style=\"text-align: justify;\">Voltada ao estudo dos impactos e conflitos ocasionados pelo aproveitamento das diferentes fontes de energia e suas implica\u00e7\u00f5es econ\u00f4micas, pol\u00edticas, sociais e culturais assim como o estudo de pol\u00edticas p\u00fablicas direcionadas ao aproveitamento de fontes renov\u00e1veis de energia (n\u00e3o convencional) para desenvolvimento de localidades remotas na Amaz\u00f4nia e incorpora\u00e7\u00e3o dessas fontes \u00e0 matriz energ\u00e9tica.<\/p>\n<p style=\"text-align: justify;\"><strong>Patrim\u00f4nio Cultural, Pol\u00edticas P\u00fablicas e Meio Ambiente<\/strong><\/p>\n<p style=\"text-align: justify;\">Aborda a hist\u00f3ria da legisla\u00e7\u00e3o de prote\u00e7\u00e3o do patrim\u00f4nio cultural. Analisa a rela\u00e7\u00e3o da\u00a0 legisla\u00e7\u00e3o de prote\u00e7\u00e3o do patrim\u00f4nio cultural e ambiental no Brasil com os impactos provocados pelos projetos econ\u00f4micos. Destaca a import\u00e2ncia das institui\u00e7\u00f5es de prote\u00e7\u00e3o ao patrim\u00f4nio cultural e ambiental e a situa\u00e7\u00e3o dos projetos arqueol\u00f3gicos no estado do Amap\u00e1.<\/p>\n<p style=\"text-align: justify;\"><strong>Pol\u00edticas P\u00fablicas e estrat\u00e9gias de desenvolvimento na Amaz\u00f4nia<\/strong><\/p>\n<p style=\"text-align: justify;\">Discute os conceitos e vertentes te\u00f3ricas de analise das pol\u00edticas p\u00fablicas. Investiga as pol\u00edticas p\u00fablicas no contexto do desenvolvimento amaz\u00f4nico e suas conex\u00f5es com o meio ambiente.<\/p>\n<p style=\"text-align: justify;\"><strong>An\u00e1lise ambiental e Pol\u00edticas P\u00fablicas<\/strong><\/p>\n<p style=\"text-align: justify;\">Avalia\u00e7\u00e3o ecol\u00f3gica dos potenciais impactos ambientais em \u00e1reas do estado do Amap\u00e1, objetivando contribuir com o desenvolvimento de pol\u00edticas p\u00fablicas voltadas \u00e0s quest\u00f5es de preserva\u00e7\u00e3o e\/ou manejo ambiental sustent\u00e1vel e minimiza\u00e7\u00e3o das atividades impactantes j\u00e1 instaladas, envolvendo estudos de estruturas, processos, fun\u00e7\u00f5es e formas, bem como consequ\u00eancias e efeitos advindos da reorganiza\u00e7\u00e3o dos espa\u00e7os naturais, rurais e urbanos.<\/p>\n<p style=\"text-align: justify;\"><strong>\u00c1reas Protegidas, Conflitos, e Meio\u00a0<span style=\"font-size: 13px; line-height: 19px;\">Ambiente<\/span><\/strong><\/p>\n<p style=\"text-align: justify;\">Discutir as principais caracter\u00edsticas e teorias sobre conserva\u00e7\u00e3o e preserva\u00e7\u00e3o da natureza e seus conflitos. Destacar as principais legisla\u00e7\u00f5es sobre a prote\u00e7\u00e3o de \u00e1reas naturais no territ\u00f3rio brasileiro. Apresentar as principais tipologias de \u00e1reas legalmente protegidas no espa\u00e7o brasileiro e identificar as categorias e manejo de unidades de conserva\u00e7\u00e3o no Brasil.<\/p>\n<p style=\"text-align: justify;\"><strong>An\u00e1lises do Discurso Ambiental e Educa\u00e7\u00e3o Ambiental<\/strong><\/p>\n<p style=\"text-align: justify;\">An\u00e1lises de discursos acerca do meio ambiente \u2013 silenciamentos, vozes em conflito, discursos hegem\u00f4nicos; percep\u00e7\u00f5es dos sujeitos acerca da educa\u00e7\u00e3o ambiental; pr\u00e1ticas educativas ambientais.<\/p>\n<p style=\"text-align: justify;\"><strong>Pol\u00edticas de Sa\u00fade e Meio Ambiente<\/strong><\/p>\n<p style=\"text-align: justify;\">Pol\u00edticas de sa\u00fade no Brasil e na Amaz\u00f4nia. O Sistema \u00danico de Sa\u00fade \u2013 suas transforma\u00e7\u00f5es e conquistas. As Pol\u00edticas P\u00fablicas e sua aplica\u00e7\u00e3o no desenvolvimento local. Processo Sa\u00fade \u2013 Doen\u00e7a. Sa\u00fade e Desenvolvimento. A situa\u00e7\u00e3o ambiental e sua interface com a sa\u00fade. A sa\u00fade e o processo de migra\u00e7\u00e3o. As repercuss\u00f5es das pol\u00edticas de sa\u00fade num contexto regional. Indicadores globais de sa\u00fade e sua aplicabilidade. A situa\u00e7\u00e3o ambiental e a sua interface com a sa\u00fade humana.<\/p>\n<p style=\"text-align: justify;\"><strong>Pol\u00edticas P\u00fablicas e Meio Ambiente em Terras Ind\u00edgenas<\/strong><\/p>\n<p style=\"text-align: justify;\">Discutir as rela\u00e7\u00f5es dos povos ind\u00edgenas com o meio ambiente, a legisla\u00e7\u00e3o e as pol\u00edticas p\u00fablicas voltadas para a preserva\u00e7\u00e3o do meio ambiente, educa\u00e7\u00e3o ambiental e desenvolvimento de projetos econ\u00f4micos em Tis.<\/p>\n<p style=\"text-align: justify;\">&nbsp;<\/p>\n","protected":false},"excerpt":{"rendered":"<p>LINHA DE PESQUISA Defini\u00e7\u00e3o &#8211; Essa linha de pesquisa tem como foco investigativo o contexto pol\u00edtico, econ\u00f4mico e social e as especificidades da constru\u00e7\u00e3o e consolida\u00e7\u00e3o de fen\u00f4menos relativos \u00e0 pol\u00edticas p\u00fablicas, desenvolvimento e meio ambiente, vinculados \u00e0 realidade amaz\u00f4nica.&hellip; <\/p>\n<p><a href=\"https:\/\/www2.unifap.br\/ppgdapp\/apresentacao\/linhas-de-pesquisa\/politicas-publicas-desenvolvimento-e-meio-ambiente-na-amazonia\/\" class=\"readmore-button\">Continue Reading<\/a><\/p>\n","protected":false},"author":1,"featured_media":0,"parent":304,"menu_order":0,"comment_status":"closed","ping_status":"open","template":"template-twocolumns-left.php","meta":{"inline_featured_image":false,"ngg_post_thumbnail":0,"footnotes":""},"class_list":["post-578","page","type-page","status-publish","hentry"],"_links":{"self":[{"href":"https:\/\/www2.unifap.br\/ppgdapp\/wp-json\/wp\/v2\/pages\/578","targetHints":{"allow":["GET"]}}],"collection":[{"href":"https:\/\/www2.unifap.br\/ppgdapp\/wp-json\/wp\/v2\/pages"}],"about":[{"href":"https:\/\/www2.unifap.br\/ppgdapp\/wp-json\/wp\/v2\/types\/page"}],"author":[{"embeddable":true,"href":"https:\/\/www2.unifap.br\/ppgdapp\/wp-json\/wp\/v2\/users\/1"}],"replies":[{"embeddable":true,"href":"https:\/\/www2.unifap.br\/ppgdapp\/wp-json\/wp\/v2\/comments?post=578"}],"version-history":[{"count":5,"href":"https:\/\/www2.unifap.br\/ppgdapp\/wp-json\/wp\/v2\/pages\/578\/revisions"}],"predecessor-version":[{"id":757,"href":"https:\/\/www2.unifap.br\/ppgdapp\/wp-json\/wp\/v2\/pages\/578\/revisions\/757"}],"up":[{"embeddable":true,"href":"https:\/\/www2.unifap.br\/ppgdapp\/wp-json\/wp\/v2\/pages\/304"}],"wp:attachment":[{"href":"https:\/\/www2.unifap.br\/ppgdapp\/wp-json\/wp\/v2\/media?parent=578"}],"curies":[{"name":"wp","href":"https:\/\/api.w.org\/{rel}","templated":true}]}}