{"id":807,"date":"2014-01-25T12:24:11","date_gmt":"2014-01-25T12:24:11","guid":{"rendered":"http:\/\/www2.unifap.br\/ppgdapp\/?page_id=807"},"modified":"2014-01-25T13:38:18","modified_gmt":"2014-01-25T13:38:18","slug":"2008-2","status":"publish","type":"page","link":"https:\/\/www2.unifap.br\/ppgdapp\/dissertacoes-por-ano\/2008-2\/","title":{"rendered":"Apresentadas em 2008"},"content":{"rendered":"<h2><strong style=\"font-size: 16px;\"><span style=\"text-decoration: underline;\">1)MESTRANDO:<\/span><\/strong><strong style=\"font-size: 16px;\"><span style=\"text-decoration: underline;\"> <\/span><\/strong><strong style=\"font-size: 16px;\"><span style=\"text-decoration: underline;\"><a href=\"http:\/\/lattes.cnpq.br\/2696181179461504\" target=\"_blank\">\u00c2NGELA DO C\u00c9U UBAIARA BRITO<\/a><\/span><\/strong><\/h2>\n<p>TEMA:\u00a0<a href=\"http:\/\/www2.unifap.br\/ppgdapp\/files\/2013\/04\/diserta%C3%A7%C3%A3o-angela-ubaiara.pdf\" target=\"_blank\">\u201cACERTIFICA\u00c7\u00c3O ISO 14001 E EDUCA\u00c7\u00c3O AMBIENTAL: ESTUDO DE CASO DO SISTEMA DE GEST\u00c3O AMBIENTAL DA USINA HIDREL\u00c9TRICA COARACY NUNES-AP \u201d<\/a><\/p>\n<p>ORIENTADOR:\u00a0<a href=\"http:\/\/lattes.cnpq.br\/2181817533284030\">Prof. Dr. Alan Cavalcanti Cunha<\/a><br \/>\nDATA DA DEFESA: 16 de outubro de 2008<\/p>\n<p><strong>2)MESTRANDO:\u00a0<a href=\"http:\/\/lattes.cnpq.br\/6066656180782458\" target=\"_blank\">K\u00c1TIA FRANCINETTE OLIVEIRA CABE\u00c7A NEVES<\/a><\/strong><\/p>\n<p>TEMA:\u00a0<a href=\"http:\/\/www2.unifap.br\/ppgdapp\/files\/2013\/04\/A-EFETIVIDADE-DO-TERMO-DE-AJUSTAMENTO-DE-CONDUTA-AMBIENTAL.zip\">\u201cA A EFETIVIDADE DO TERMO DE AJUSTAMENTO DE CONDUTA AMBIENTAL: ESTUDO DE CASO DA DEGRADA\u00c7\u00c3O AMBIENTAL DA LAGOA DOS \u00cdNDIOS TRATADA NOS AUTOS DA A\u00c7\u00c3O PENAL P\u00daBLICA INCONDICIONADA N. 5667\/07, DA 3\u00aa VARA CRIMINAL DA COMARCA DE MACAP\u00c1\u201d<\/a><br \/>\nORIENTADOR:\u00a0<a href=\"http:\/\/lattes.cnpq.br\/8135930822421169\">Prof. Dr. Raul Jos\u00e9 de Galaad Oliveira<\/a><br \/>\nDATA DA DEFESA: 15 de dezembro de 2008.<\/p>\n<p>&nbsp;<\/p>\n","protected":false},"excerpt":{"rendered":"<p>1)MESTRANDO: \u00c2NGELA DO C\u00c9U UBAIARA BRITO TEMA:\u00a0\u201cACERTIFICA\u00c7\u00c3O ISO 14001 E EDUCA\u00c7\u00c3O AMBIENTAL: ESTUDO DE CASO DO SISTEMA DE GEST\u00c3O AMBIENTAL DA USINA HIDREL\u00c9TRICA COARACY NUNES-AP \u201d ORIENTADOR:\u00a0Prof. Dr. Alan Cavalcanti Cunha DATA DA DEFESA: 16 de outubro de 2008 2)MESTRANDO:\u00a0K\u00c1TIA&hellip; <\/p>\n<p><a href=\"https:\/\/www2.unifap.br\/ppgdapp\/dissertacoes-por-ano\/2008-2\/\" class=\"readmore-button\">Continue Reading<\/a><\/p>\n","protected":false},"author":1,"featured_media":0,"parent":802,"menu_order":1,"comment_status":"closed","ping_status":"closed","template":"template-twocolumns-left.php","meta":{"inline_featured_image":false,"ngg_post_thumbnail":0,"footnotes":""},"class_list":["post-807","page","type-page","status-publish","hentry"],"_links":{"self":[{"href":"https:\/\/www2.unifap.br\/ppgdapp\/wp-json\/wp\/v2\/pages\/807","targetHints":{"allow":["GET"]}}],"collection":[{"href":"https:\/\/www2.unifap.br\/ppgdapp\/wp-json\/wp\/v2\/pages"}],"about":[{"href":"https:\/\/www2.unifap.br\/ppgdapp\/wp-json\/wp\/v2\/types\/page"}],"author":[{"embeddable":true,"href":"https:\/\/www2.unifap.br\/ppgdapp\/wp-json\/wp\/v2\/users\/1"}],"replies":[{"embeddable":true,"href":"https:\/\/www2.unifap.br\/ppgdapp\/wp-json\/wp\/v2\/comments?post=807"}],"version-history":[{"count":11,"href":"https:\/\/www2.unifap.br\/ppgdapp\/wp-json\/wp\/v2\/pages\/807\/revisions"}],"predecessor-version":[{"id":854,"href":"https:\/\/www2.unifap.br\/ppgdapp\/wp-json\/wp\/v2\/pages\/807\/revisions\/854"}],"up":[{"embeddable":true,"href":"https:\/\/www2.unifap.br\/ppgdapp\/wp-json\/wp\/v2\/pages\/802"}],"wp:attachment":[{"href":"https:\/\/www2.unifap.br\/ppgdapp\/wp-json\/wp\/v2\/media?parent=807"}],"curies":[{"name":"wp","href":"https:\/\/api.w.org\/{rel}","templated":true}]}}