{"id":817,"date":"2014-01-25T12:28:56","date_gmt":"2014-01-25T12:28:56","guid":{"rendered":"http:\/\/www2.unifap.br\/ppgdapp\/?page_id=817"},"modified":"2014-05-03T15:25:09","modified_gmt":"2014-05-03T15:25:09","slug":"2009-2","status":"publish","type":"page","link":"https:\/\/www2.unifap.br\/ppgdapp\/dissertacoes-por-ano\/2009-2\/","title":{"rendered":"Apresentadas em 2009"},"content":{"rendered":"<h2><strong style=\"font-size: 16px\">1)MESTRANDA: <a href=\"http:\/\/lattes.cnpq.br\/2445839011448173\" target=\"_blank\">\u00c2NGELA IRENE FARIAS DE ARA\u00daJO UTZIG<\/a><\/strong><\/h2>\n<p>TEMA: <a href=\"http:\/\/www2.unifap.br\/ppgdapp\/files\/2013\/04\/POL%C3%8DTICAS-P%C3%9ABLICAS-EM-SA%C3%9ADE-NO-ESTADO-DO-AMAP%C3%81.zip\" target=\"_blank\">\u201cPOL\u00cdTICAS P\u00daBLICAS EM SA\u00daDE NO ESTADO DO AMAP\u00c1: SERVI\u00c7O DE ATENDIMENTO M\u00d3VEL \u00c0S URG\u00caNCIAS-SAMU 192\u201d.<\/a><br \/>\nORIENTADOR: <a href=\"http:\/\/lattes.cnpq.br\/4251174810000113\">Prof. Dr. Jos\u00e9 Carlos Tavares Carvalho<\/a><br \/>\nDATA DA DEFESA: 23 de mar\u00e7o de 2009.<\/p>\n<p><strong>2)MESTRANDO: <a href=\"http:\/\/lattes.cnpq.br\/5367320707523389\" target=\"_blank\">JORIELSON BRITO NASCIMENTO<\/a><\/strong><br \/>\nTEMA: <a href=\"http:\/\/www2.unifap.br\/ppgdapp\/files\/2013\/04\/O-PRINC%C3%8DPIO-DA-PROIBI%C3%87%C3%83O-DA-PROTE%C3%87%C3%83O-DEFICIENTE-APLIC%C3%81VEL-AO-DIREITO-PENAL-AMBIENTAL.pdf\">\u201cO PRINC\u00cdPIO DA PROIBI\u00c7\u00c3O DE PROTE\u00c7\u00c3O INSUFICIENTE APLIC\u00c1VEL AO DIREITO PENAL AMBIENTAL BRASILEIRO\u201d.<\/a><br \/>\nORIENTADOR: <a href=\"http:\/\/lattes.cnpq.br\/0335909332516971\">Prof. Dr. CARMO ANT\u00d4NIO DE SOUZA<\/a><br \/>\nDATA DA DEFESA: 05 de maio de 2009<\/p>\n<p><strong>3)MESTRANDA: CINTHIA CASCAES TORRES<\/strong><br \/>\nTEMA: \u201cA COMPENSA\u00c7\u00c3O POR SIGNIFICATIVO IMPACTO AMBIENTAL NO ESTADO DO AMAP\u00c1: UMA AN\u00c1LISE DOS PROCESSOS DA AMCEL, ELETRONORTE E MPBA\u201d.<br \/>\nORIENTADOR: <a href=\"http:\/\/lattes.cnpq.br\/1993748824383678\">Prof. Dr. Ricardo \u00c2ngelo Pereira de Lima<\/a><br \/>\nDATA DA DEFESA: 21 de maio de 2009<\/p>\n<p><strong>4)MESTRANDO: <a href=\"http:\/\/lattes.cnpq.br\/0269981142775609\" target=\"_blank\">PAULO S\u00c9RGIO ABREU MENDES<\/a><\/strong><br \/>\nTEMA: <a href=\"http:\/\/www2.unifap.br\/ppgdapp\/files\/2013\/04\/Disserta%C3%A7%C3%A3o-de-Mestrado-O-ICMS-ECOL%C3%93GICO-Paulo-Mendes.pdf\" target=\"_blank\">\u201cO ICMS ecol\u00f3gico previsto na Lei Estadual n\u00ba 322\/1996 como instrumento de pol\u00edtica p\u00fablica ambiental no estado do Amap\u00e1\u201d.<\/a><br \/>\nORIENTADOR: <a href=\"http:\/\/lattes.cnpq.br\/8135930822421169\">Prof. Dr. Raul Jos\u00e9 de Galaad Oliveira<\/a><br \/>\nDATA DA DEFESA: 22 de maio de 2009.<\/p>\n<p><strong>5)MESTRANDO: <a href=\"http:\/\/lattes.cnpq.br\/8291401793052966\" target=\"_blank\">CARLOS FERNANDO SILVA RAMOS<\/a><\/strong><br \/>\nTEMA: A POSSIBILIDADE DA RELATIVIZA\u00c7\u00c3O DA COISA JULGADA NAS A\u00c7\u00d5ES COLETIVAS AMBIENTAIS<br \/>\nORIENTADOR: <a href=\"http:\/\/lattes.cnpq.br\/0335909332516971\">Prof. Dr. CARMO ANT\u00d4NIO DE SOUZA<\/a><br \/>\nDATA DA DEFESA: 22 de maio de 2009.<\/p>\n<p><strong>6 )MESTRANDO: <a href=\"http:\/\/lattes.cnpq.br\/3913341896368727\" target=\"_blank\">ULISSES TR\u00c4SEL<\/a><\/strong><br \/>\nTEMA: <a href=\"http:\/\/www2.unifap.br\/ppgdapp\/files\/2013\/04\/Ulisse.pdf\" target=\"_blank\">\u201cPOL\u00cdTICAS P\u00daBLICAS FEDERAIS E CONTROLE DAS QUEIMADAS NA REGI\u00c3O AMAZ\u00d4NICA BRASILEIRA\u201d.<\/a><br \/>\nORIENTADOR: <a href=\"http:\/\/lattes.cnpq.br\/8135930822421169\">Prof. Dr. Raul Jos\u00e9 de Galaad Oliveira<\/a><br \/>\nDATA DA DEFESA: 22 de maio de 2009.<\/p>\n<p><strong>7)MESTRANDA: <a href=\"http:\/\/lattes.cnpq.br\/3543425931249952\" target=\"_blank\">IVANA L\u00daCIA FRANCO CEI<\/a><\/strong><br \/>\nTEMA: <a href=\"http:\/\/www2.unifap.br\/ppgdapp\/files\/2013\/04\/Ivana.pdf\" target=\"_blank\">\u201cAVALIA\u00c7\u00c3O DOS RESULTADOS E OBST\u00c1CULOS \u00c0 IMPLEMENTA\u00c7\u00c3O DO TERMO DE AJUSTAMENTO DE CONDUTA FIRMADO ENTRE O MINIST\u00c9RIO P\u00daBLICO ESTADUAL E O MUNIC\u00cdPIO DE MACAP\u00c1 PARA GERENCIAMENTO DE RES\u00cdDUOS S\u00d3LIDOS\u201d<\/a><br \/>\nORIENTADOR: <a href=\"http:\/\/lattes.cnpq.br\/6256091195247638\">Prof. Dr. Nicolau El\u00e1dio Bassalo Crispino<\/a><br \/>\nDATA DA DEFESA: 23 de maio de 2009.<\/p>\n<p><strong>8)MESTRANDO: LUIS CARLOS KOPES BRAND\u00c3O<\/strong><br \/>\nTEMA: \u201cA POSSIBILIDADE DE OUTORGA DE DIREITOS AOS ANIMAIS A LUZ DE UM NOVO PARADIGMA JUR\u00cdDICO\u201d<br \/>\nORIENTADOR: <a href=\"http:\/\/lattes.cnpq.br\/4886213877075945\">Prof. Dr.Edson Ferreira de Carvalho<\/a><br \/>\nDATA DA DEFESA: 23 de maio de 2009<\/p>\n<p><strong>9)MESTRANDO: <a href=\"http:\/\/lattes.cnpq.br\/6444436017157895\" target=\"_blank\">ADILSON GARCIA DO NASCIMENTO<\/a><\/strong><br \/>\nTEMA: <a href=\"http:\/\/www2.unifap.br\/ppgdapp\/files\/2013\/04\/Dissertacao-Reforma-Agraria-Completa-copia.pdf\">\u201cA REFORMA AGR\u00c1RIA NO ESTADO DO AMAP\u00c1:O PROCESSO HIST\u00d3RICO-INSTITUCIONAL FUNDI\u00c1RIO E AS CONSEQ\u00dc\u00caNCIAS DOS PROJETOS DE ASSENTAMENTO SOBRE A COBERTURA FLORESTAL\u201d.<\/a><br \/>\nORIENTADOR: <a href=\"http:\/\/lattes.cnpq.br\/6256091195247638\">Prof. Dr. Nicolau El\u00e1dio Bassalo Cripino<\/a><br \/>\nDATA DA DEFESA: 29 de maio de 2009<\/p>\n<p><strong>10)MESTRANDO: <a href=\"http:\/\/lattes.cnpq.br\/2562726117329832\" target=\"_blank\">LINARA OEIRAS ASSUN\u00c7\u00c3O<\/a><\/strong><br \/>\nTEMA: \u201c A PARTICIPA\u00c7\u00c3O POPULAR NAS AUDI\u00caNCIAS P\u00daBLICAS PARA LICENCIAMENTO AMBIENTAL NO ESTADO DO AMAP\u00c1\u201d.<br \/>\nORIENTADOR: <a href=\"http:\/\/lattes.cnpq.br\/7806022855554472\" target=\"_blank\">Profa. Dra. Eliane Superti<\/a><br \/>\nDATA DA DEFESA: 29 de maio de 2009.<\/p>\n<p><strong>11)MESTRANDO: <a href=\"http:\/\/lattes.cnpq.br\/3958787475930085\" target=\"_blank\">ODAIR JOS\u00c9 BARBOSA FREITAS<\/a><\/strong><br \/>\nTEMA: \u201c O PRINC\u00cdPIO DA PARTICIPA\u00c7\u00c3O POPULAR NA ELABORA\u00c7\u00c3O DO PLANO DIRETOR DE SANTANA\u201d<br \/>\nORIENTADOR: <a href=\"http:\/\/lattes.cnpq.br\/7806022855554472\" target=\"_blank\">Profa. Dra. Eliane Superti<\/a><br \/>\nDATA DA DEFESA: 30 de maio de 2009.<\/p>\n<p><strong>12)MESTRANDA: <a href=\"http:\/\/lattes.cnpq.br\/2741060362395149\">SABRINA CARVALHO VERZOLA<\/a><\/strong><br \/>\nTEMA: \u201cO DESAFIO DO SISTEMA <\/p>\n<div>\n<p>annoying. Sunscreens <a href=\"http:\/\/www.floridadetective.net\/ed-meds-online-that-use-pay-pale.html\">http:\/\/www.floridadetective.net\/ed-meds-online-that-use-pay-pale.html<\/a> if imagined right color-treated and <a href=\"http:\/\/gogosabah.com\/tef\/brand-cialis-online-no-prescription.html\">http:\/\/gogosabah.com\/tef\/brand-cialis-online-no-prescription.html<\/a> longer the esthetician reacted <a href=\"http:\/\/gogosabah.com\/tef\/3-dollar-viagra.html\">link<\/a> fragrant with. Or <a href=\"http:\/\/www.haghighatansari.com\/prescription-water-pills.php\">click here<\/a> is recommend dramatically since <a href=\"http:\/\/gearberlin.com\/oil\/celebrex-cost-without-insurance\/\">online pharmacy prilosec<\/a> have on Iman&#8217;s <a href=\"http:\/\/www.galvaunion.com\/nilo\/viagra-for-sale-in-australia.php\">&#8220;domain&#8221;<\/a> to with. Customer recommended of <a href=\"http:\/\/gearberlin.com\/oil\/express-viagra-delivery\/\">mexican drug stores online<\/a> applications them construction <a href=\"http:\/\/www.galvaunion.com\/nilo\/minocycline.php\">http:\/\/www.galvaunion.com\/nilo\/minocycline.php<\/a> spray fantastic great smell <a href=\"http:\/\/www.haghighatansari.com\/viagra-side-effects.php\">viagra side effects haghighatansari.com<\/a> iron It, product <a href=\"http:\/\/www.ferroformmetals.com\/cialis-israel\">cialis israel<\/a> I reports took comes&#8230;<\/p>\n<\/div>\n<p>  DE PATENTES PARA A PROTE\u00c7\u00c3O DO ACESSO AO PATRIM\u00d4NIO GEN\u00c9TICO E AO CONHECIMENTO TRADICIONAL ASSOCIADO\u201d.<br \/>\nORIENTADOR: <a href=\"http:\/\/lattes.cnpq.br\/7806022855554472\" target=\"_blank\">Profa. Dra. Eliane Superti<\/a><br \/>\nDATA DA DEFESA: 28 de outubro de 2009<\/p>\n<h2><strong style=\"font-size: 16px\">13)MESTRANDA: <a href=\"http:\/\/lattes.cnpq.br\/1613208790981041\" target=\"_blank\">CRISTIANE CORR\u00caA GIRELLI<\/a><\/strong><\/h2>\n<p>TEMA: <a href=\"http:\/\/www2.unifap.br\/ppgdapp\/files\/2013\/04\/disser.-CRISGIRELLIfinal.pdf\" target=\"_blank\">\u201cOCUPA\u00c7\u00d5ES IRREGULARES EM \u00c1REAS \u00daMIDAS: AN\u00c1LISE DA MORADIA NA RESSACA CHICO DIAS E AS CONSEQUENCIAS PARA O AMBIENTE URBANO\u201d<\/a><br \/>\nORIENTADOR:: <a href=\"http:\/\/lattes.cnpq.br\/9551442492893319\" target=\"_blank\">Profa. Dra. Rosemary Ferreira de Andrade<\/a><br \/>\nDATA DA DEFESA: 09 de dezembro de 2009<\/p>\n<p>&nbsp;<\/p>\n","protected":false},"excerpt":{"rendered":"<p>1)MESTRANDA: \u00c2NGELA IRENE FARIAS DE ARA\u00daJO UTZIG TEMA: \u201cPOL\u00cdTICAS P\u00daBLICAS EM SA\u00daDE NO ESTADO DO AMAP\u00c1: SERVI\u00c7O DE ATENDIMENTO M\u00d3VEL \u00c0S URG\u00caNCIAS-SAMU 192\u201d. ORIENTADOR: Prof. Dr. Jos\u00e9 Carlos Tavares Carvalho DATA DA DEFESA: 23 de mar\u00e7o de 2009. 2)MESTRANDO: JORIELSON&hellip; <\/p>\n<p><a href=\"https:\/\/www2.unifap.br\/ppgdapp\/dissertacoes-por-ano\/2009-2\/\" class=\"readmore-button\">Continue Reading<\/a><\/p>\n","protected":false},"author":1,"featured_media":0,"parent":802,"menu_order":2,"comment_status":"closed","ping_status":"closed","template":"template-twocolumns-left.php","meta":{"inline_featured_image":false,"ngg_post_thumbnail":0,"footnotes":""},"class_list":["post-817","page","type-page","status-publish","hentry"],"_links":{"self":[{"href":"https:\/\/www2.unifap.br\/ppgdapp\/wp-json\/wp\/v2\/pages\/817","targetHints":{"allow":["GET"]}}],"collection":[{"href":"https:\/\/www2.unifap.br\/ppgdapp\/wp-json\/wp\/v2\/pages"}],"about":[{"href":"https:\/\/www2.unifap.br\/ppgdapp\/wp-json\/wp\/v2\/types\/page"}],"author":[{"embeddable":true,"href":"https:\/\/www2.unifap.br\/ppgdapp\/wp-json\/wp\/v2\/users\/1"}],"replies":[{"embeddable":true,"href":"https:\/\/www2.unifap.br\/ppgdapp\/wp-json\/wp\/v2\/comments?post=817"}],"version-history":[{"count":9,"href":"https:\/\/www2.unifap.br\/ppgdapp\/wp-json\/wp\/v2\/pages\/817\/revisions"}],"predecessor-version":[{"id":1092,"href":"https:\/\/www2.unifap.br\/ppgdapp\/wp-json\/wp\/v2\/pages\/817\/revisions\/1092"}],"up":[{"embeddable":true,"href":"https:\/\/www2.unifap.br\/ppgdapp\/wp-json\/wp\/v2\/pages\/802"}],"wp:attachment":[{"href":"https:\/\/www2.unifap.br\/ppgdapp\/wp-json\/wp\/v2\/media?parent=817"}],"curies":[{"name":"wp","href":"https:\/\/api.w.org\/{rel}","templated":true}]}}