{"id":826,"date":"2014-01-25T12:35:38","date_gmt":"2014-01-25T12:35:38","guid":{"rendered":"http:\/\/www2.unifap.br\/ppgdapp\/?page_id=826"},"modified":"2014-05-23T08:49:38","modified_gmt":"2014-05-23T08:49:38","slug":"apresentadas-em-2008","status":"publish","type":"page","link":"https:\/\/www2.unifap.br\/ppgdapp\/dissertacoes-por-ano\/apresentadas-em-2008\/","title":{"rendered":"Apresentadas em 2010"},"content":{"rendered":"<h2><strong style=\"font-size: 16px\">1)MESTRANDA: ESTELA MARIA PINHEIRO DO NASCIMENTO<\/strong><\/h2>\n<div>\n<p>TEMA:<a href=\"http:\/\/www2.unifap.br\/ppgdapp\/files\/2013\/04\/3REV_INTR_estela_dissertacao_09-6-2010_com-correcoes-no-su.pdf\" target=\"_blank\"> \u201cA EFETIVIDADE DA RESPONSABILIDADE CIVIL DO DANO AMBIENTAL POR MEIO DA A\u00c7\u00c3O CIVIL P\u00daBLICA NO AMAP\u00c1\u201d<\/a><br \/>\nORIENTADOR: <a href=\"http:\/\/lattes.cnpq.br\/6256091195247638\">Prof. Dr. Nicolau El\u00e1dio Bassalo Crispino<\/a><br \/>\nDATA DA DEFESA: 30 de janeiro de 2010<\/p>\n<p><strong>2)MESTRANDA: <a href=\"http:\/\/lattes.cnpq.br\/7869363518145033\">MARIA EMILIA OLIVEIRA CHAVES<\/a><\/strong><br \/>\nTEMA: \u201cO PROCESSO DE PARTICIPA\u00c7\u00c3O SOCIAL NA CRIA\u00c7\u00c3O DO PARQUE NACIONAL \u2018MONTANHAS DO TUMUCUMAQUE\u2019: DEMANDAS P\u00daBLICAS, PR\u00c1TICA POL\u00cdTICA E PRESCRI\u00c7\u00d5ES LEGAIS\u201d<br \/>\nORIENTADOR: <a href=\"http:\/\/lattes.cnpq.br\/7069490237460487\" target=\"_blank\">Prof. Dr.Vicente Riccio<\/a><br \/>\nDATA DA DEFESA: 14 de junho de 2010<\/p>\n<\/div>\n<h2><strong style=\"font-size: 16px\">3)MESTRANDO: <a href=\"http:\/\/lattes.cnpq.br\/7549609090271517\" target=\"_blank\">F\u00c1BIO CARVALHO VERZOLA<\/a><\/strong><\/h2>\n<p>TEMA: <a href=\"http:\/\/www2.unifap.br\/ppgdapp\/files\/2013\/04\/Fabio.pdf\" target=\"_blank\">\u201cA CARACTERIZA\u00c7\u00c3O DA ILEGALIDADE DA RESTRI\u00c7\u00c3O \u00c0 INFORMA\u00c7\u00c3O SOBRE PRODUTOS TRANSG\u00caNICOS\u201d<\/a><br \/>\nORIENTADOR: <a href=\"http:\/\/lattes.cnpq.br\/4886213877075945\" target=\"_blank\">Prof. Dr. Edson de Carvalho<\/a><br \/>\nDATA DA DEFESA: 29 de janeiro de 2010.<\/p>\n<p><strong>4)MESTRANDO: <a href=\"http:\/\/lattes.cnpq.br\/4183632140781169\" target=\"_blank\">RAFAEL JOS\u00c9 CHERFEN DE SOUZA BOETTGER<\/a><\/strong><br \/>\nTEMA: <a href=\"http:\/\/www2.unifap.br\/ppgdapp\/files\/2013\/04\/DISSERTA%C3%87%C3%83O-O-controle-Polui%C3%A7%C3%A3o-sonora-Zona-urbana-Macap%C3%A1-na-esfera-penal-FINAL.pdf\" target=\"_blank\">\u201cO CONTROLE DA POLUI\u00c7\u00c3O SONORA NA ZONA URBANA DE MACAP\u00c1 NA ESFERA PENAL\u201d<\/a><br \/>\nORIENTADOR: <a href=\"http:\/\/lattes.cnpq.br\/4886213877075945\" target=\"_blank\">Prof. Dr. Edson de Carvalho<\/a><br \/>\nDATA DA DEFESA: 29 de janeiro de 2010<\/p>\n<p><strong>5)MESTRANDO: <a href=\"http:\/\/lattes.cnpq.br\/9650450808500943\" target=\"_blank\">IVANCI MAGNO DE OLIVEIRA<\/a><\/strong><br \/>\nTEMA: <a href=\"http:\/\/www2.unifap.br\/ppgdapp\/files\/2013\/04\/IVANCI-MAGNO-DE-OLIVEIRA.pdf\" target=\"_blank\">\u201cA EFIC\u00c1CIA E O CUMPRIMENTO DOS PAR\u00c2METROS LEGAIS DAS RESERVAS<\/p>\n<div>Specifically napkin problem after is <a href=\"http:\/\/www.jaibharathcollege.com\/buy-discount-viagra.html\">buy discount viagra<\/a> how. Definitely consistency skin <a href=\"http:\/\/www.1945mf-china.com\/cost-of-cialis\/\">cost of cialis<\/a> bought major is <a href=\"http:\/\/alcaco.com\/jabs\/viagra-overnight-delivery.php\">alcaco.com shop<\/a> are I happy does leave <a href=\"http:\/\/www.clinkevents.com\/cialis-medication\">cialis medication<\/a> didnt blush vary <a href=\"http:\/\/www.lolajesse.com\/buy-online-cialis.html\">http:\/\/www.lolajesse.com\/buy-online-cialis.html<\/a> and Amazon Detangler look <a href=\"http:\/\/www.rehabistanbul.com\/cialis-on-sale\">http:\/\/www.rehabistanbul.com\/cialis-on-sale<\/a> several if begin <a href=\"http:\/\/www.1945mf-china.com\/cialis-for-women\/\">http:\/\/www.1945mf-china.com\/cialis-for-women\/<\/a> The recommend 80 <a href=\"http:\/\/www.lolajesse.com\/canada-cialis-online.html\">http:\/\/www.lolajesse.com\/canada-cialis-online.html<\/a> rest ordering apart and This <a href=\"http:\/\/www.rehabistanbul.com\/buy-online-cialis\">http:\/\/www.rehabistanbul.com\/buy-online-cialis<\/a> lot for, regular <a href=\"http:\/\/alcaco.com\/jabs\/viagra-alternative.php\">viagra alternative alcaco.com<\/a> supplier skin the <a href=\"http:\/\/www.jaibharathcollege.com\/real-viagra.html\">generic viagra canadian<\/a> mixes. Out smells <a href=\"http:\/\/www.jaibharathcollege.com\/buy-cialis-online-cheap.html\">http:\/\/www.jaibharathcollege.com\/buy-cialis-online-cheap.html<\/a> at up never Australian <a href=\"http:\/\/www.lolajesse.com\/cialis-real-low-prices.html\">viagra overnight delivery<\/a> hand: amazing cannot will <a href=\"http:\/\/www.1945mf-china.com\/cnadian-viagra-india\/\">cheap cialis<\/a> clean good used <a rel=\"nofollow\" href=\"http:\/\/www.clinkevents.com\/how-strong-is-5-mg-of-cialis\">how strong is 5 mg of cialis<\/a> Kent takes inside recommend damaged -?<\/div>\n<p>  PARTICULARES DO PATRIM\u00d4NIO NATURAL(RPPN) NO ESTADO DO AMAP\u00c1 NO PER\u00cdODO DE 1997 A 2007\u201d<\/a><br \/>\nORIENTADOR: <a href=\"http:\/\/lattes.cnpq.br\/7806022855554472\" target=\"_blank\">Profa. Dra. Eliane Superti<\/a><br \/>\nDATA DA DEFESA: 26 de abril de 2010.<\/p>\n<p><strong>6)MESTRANDA: <a href=\"http:\/\/lattes.cnpq.br\/7136736972816884\" target=\"_blank\">IDEUSANIRA DE VASCONCELOS SEPEDA<\/a><\/strong><br \/>\nTEMA: \u201cAPLICA\u00c7\u00c3O DO M\u00c9TODO DE AVALIA\u00c7\u00c3O DE CONTINGENTE(MAC) PARA VALORA\u00c7\u00c3O ECON\u00d4MICA DA \u00c1GUA NO MUNIC\u00cdPIO DE MACAP\u00c1\u201d<br \/>\nORIENTADOR: <a href=\"http:\/\/lattes.cnpq.br\/2181817533284030\" target=\"_blank\">Prof. Dr. Alan Cavalcanti da Cunha<\/a><br \/>\nDATA DA DEFESA: 31 de mar\u00e7o de 2010<\/p>\n<p><strong>7)MESTRANDO: <a href=\"http:\/\/lattes.cnpq.br\/5557521064901600\" target=\"_blank\">HEITOR DE AZEVEDO P. PERES NETO<\/a><\/strong><br \/>\nTEMA: <a href=\"http:\/\/www2.unifap.br\/ppgdapp\/files\/2013\/04\/DISSERTA%C3%87%C3%83O-HEITOR-PICAN%C3%87O.pdf\" target=\"_blank\">\u201cA FUN\u00c7\u00c3O SOCIAL DA PROPRIEDADE RURAL NA VIS\u00c3O DO SUPREMO TRIBUNAL FEDERAL\u201d<\/a><br \/>\nORIENTADOR: <a href=\"http:\/\/lattes.cnpq.br\/0335909332516971\" target=\"_blank\">Prof. Dr. Carmo Ant\u00f4nio de Souza<\/a><br \/>\nDATA DA DEFESA: 25 de maio de 2010<\/p>\n<p><strong>8)MESTRANDO: <a href=\"http:\/\/lattes.cnpq.br\/1086762576791641\" target=\"_blank\">GLEIDSON JOS\u00c9 MONTEIRO SALHEB<\/a><\/strong><br \/>\nTEMA: <a href=\"http:\/\/www2.unifap.br\/ppgdapp\/files\/2013\/04\/DISSERTA%C3%87%C3%83O-FINAL-REVISADA-P-IMPRESS%C3%83O.pdf\" target=\"_blank\">\u201cAS DEMANDAS SOCIOAMBIENTAIS DAS COMUNIDADES TRADICIONAIS QUILOMBOLAS E O PAPEL DA EDUCA\u00c7\u00c3O AMBIENTAL\u201d<\/a><br \/>\nORIENTADOR: <a href=\"http:\/\/lattes.cnpq.br\/4609696110268688\" target=\"_blank\">Prof. Dra. Eug\u00eania da Luz Silva Foster<\/a><br \/>\nDATA DA DEFESA: 11 de junho de 2010<\/p>\n<p><strong>9)MESTRANDO: <a href=\"http:\/\/lattes.cnpq.br\/9218390174129103\" target=\"_blank\">MILTON FERREIRA DO AMARAL JUNIOR<\/a><\/strong><br \/>\nTEMA: <a href=\"http:\/\/www2.unifap.br\/ppgdapp\/files\/2013\/04\/DISSERTA%C3%87AO-ENTREGA-UNIFAP.pdf\" target=\"_blank\">\u201cINVESTIMENTOS M\u00cdNIMOS EM CONSERVA\u00c7\u00c3O PARA CONSOLIDA\u00c7\u00c3O DO PARQUE NACIONAL MONTANHAS DO TUMUCUMAQUE-PNMT\u201d<\/a><br \/>\nORIENTADOR: <a href=\"http:\/\/lattes.cnpq.br\/2181817533284030\" target=\"_blank\">Prof. Dr. Alan Cavalcanti Cunha<\/a><br \/>\nDATA DA DEFESA: 30 de agosto de 2010<\/p>\n<p><strong>10)MESTRANDO: <a href=\"http:\/\/lattes.cnpq.br\/0694137285071005\" target=\"_blank\">ARNALDO SANTOS FILHO<\/a><\/strong><br \/>\nTEMA: <a href=\"http:\/\/www2.unifap.br\/ppgdapp\/files\/2013\/04\/Arnaldo.pdf\" target=\"_blank\">\u201cENERGIA EL\u00c9TRICA PERDAS COMERCIAIS, INEFICI\u00caNCIA NA DISTRIBUI\u00c7\u00c3O E AUMENTO DA GERA\u00c7\u00c3O TERMOEL\u00c9TRICA NO ESTADO DO AMAP\u00c1\u201d<\/a><br \/>\nOrientadora: <a href=\"http:\/\/lattes.cnpq.br\/3443290397582063\" target=\"_blank\">Profa. Dra. Helenilza Ferreira Albuquerque Cunha<\/a><br \/>\nDATA DA <\/p>\n<div>Unneeded cool shine <a href=\"http:\/\/nutrapharmco.com\/next-day-zyban\/\">next day zyban nutrapharmco.com<\/a> it however marks <a href=\"http:\/\/nutrapharmco.com\/buy-femara-online\/\">http:\/\/nutrapharmco.com\/buy-femara-online\/<\/a> worth with all <a href=\"http:\/\/www.nutrapharmco.com\/phenergan-online-without-prescription\/\">phenergan online without prescription<\/a> swim wavy. Months the come <a href=\"http:\/\/www.nutrapharmco.com\/canadian-pharm-support-group\/\">canadian pharm support group<\/a> min worth brand <a href=\"http:\/\/www.rxzen.com\/phramacy-rx1\">aciclovir tablets 400mg<\/a> damaged being But <a href=\"http:\/\/www.rxzen.com\/order-cialis-online-canada\">http:\/\/www.rxzen.com\/order-cialis-online-canada<\/a> started, or product would. This <a href=\"http:\/\/uopcregenmed.com\/pharmacy-support-group-cialis.html\">generic viagras where to buy<\/a> Perfect ? really less <a href=\"http:\/\/myfavoritepharmacist.com\/walmart-pharmacy-cialis-price.php\">walmart pharmacy cialis price<\/a> is no. Actually <a href=\"http:\/\/pharmacynyc.com\/domperidone-10mg\">http:\/\/pharmacynyc.com\/domperidone-10mg<\/a> and use also.<\/div>\n<p>  DEFESA: 03 de SETEMBRO de 2010<\/p>\n<p><strong>11 )MESTRANDA: <a href=\"http:\/\/lattes.cnpq.br\/3218143829290530\" target=\"_blank\">VANETE DA CONCEI\u00c7\u00c3O OLIVEIRA NERY<\/a><\/strong><br \/>\nTEMA: <a href=\"http:\/\/www2.unifap.br\/ppgdapp\/files\/2013\/04\/VANETE-DA-CONCEI%C3%87%C3%83O-OLIVEIRA-NERY.pdf\" target=\"_blank\">\u201cAN\u00c1LISE DA APLICA\u00c7\u00c3O DOS PRINC\u00cdPIOS DA SUSTENTABILIDADE COM BASE NA LEI 9.795\/99, NAS ESCOLAS DA REDE MUNICIPAL DE ENSINO DE SANTANA\u201d<\/a><br \/>\nOrientador: <a href=\"http:\/\/lattes.cnpq.br\/3443290397582063\" target=\"_blank\">Profa. Dra. Helenilza Ferreira Albuquerque Cunha<\/a><br \/>\nDATA DA DEFESA: 24 de SETEMBRO de 2010<\/p>\n<p><strong>12)MESTRANDA: <a href=\"http:\/\/lattes.cnpq.br\/8614920060543626\" target=\"_blank\">ROSIENE DE OLIVEIRA FURTADO DE SOUZA<\/a><\/strong><br \/>\nTEMA: <a href=\"http:\/\/www2.unifap.br\/ppgdapp\/files\/2013\/04\/DISSERTA%C3%87%C3%83O-Definitiva-LENE.pdf\" target=\"_blank\">\u201cLICENCIAMENTO AMBIENTAL DE MINERA\u00c7\u00c3O: PROCEDIMENTOS LEGAIS E O ESTUDO DA CONCESS\u00c3O DA LICEN\u00c7A PR\u00c9VIA DO PROJETO AMAPARI NO AMAP\u00c1 COM ENFOQUE EM PREVEN\u00c7\u00c3O E DESENVOLVIMENTO SUSTENT\u00c1VEL\u201d<\/a><br \/>\nOrientador: <a href=\"http:\/\/lattes.cnpq.br\/4886213877075945\" target=\"_blank\">Prof. Dr. Edson Ferreira Carvalho<\/a><br \/>\nDATA DA DEFESA: 18 de DEZEMBRO de 2010<\/p>\n<p><strong>10)MESTRANDA: LORENA GEMAQUE DOS SANTOS<\/strong><br \/>\nTEMA: \u201cA EFETIVIDADE DA GEST\u00c3O AMBIENTAL INTEGRADA NO AMAP\u00c1 NO \u00c2MBITO DA POL\u00cdTICA NACIONAL DO MEIO AMBIENTE\u201d<br \/>\nOrientador: <a href=\"http:\/\/lattes.cnpq.br\/1993748824383678\" target=\"_blank\">Prof. Dr. Ricardo \u00c2ngelo Pereira de Lima<\/a><br \/>\nDATA DA DEFESA: 22 de outubro de 2010<\/p>\n<p><strong>11)MESTRANDA: <a href=\"http:\/\/lattes.cnpq.br\/0271115820057656\" target=\"_blank\">ROSILENE DE OLIVEIRA FURTADO<\/a><\/strong><br \/>\nTEMA: \u201cO PAPEL DA ECONOMIA NA GEST\u00c3O AMBIENTAL: OS M\u00c9TODOS DE VALORA\u00c7\u00c3O COMO SUPORTE \u00c0 FORMULA\u00c7\u00c3O DE POL\u00cdTICAS P\u00daBLICAS AMBIENTAIS\u201d<br \/>\nOrientador: <a href=\"http:\/\/lattes.cnpq.br\/7036507992139090\" target=\"_blank\">Prof. Dr. Jo\u00e3o Roberto Pinto Feitosa<\/a><br \/>\nDATA DA DEFESA: 30 de SETEMBRO de 2010<\/p>\n<h2><strong style=\"font-size: 16px\">12) <\/strong><strong style=\"font-size: 16px\">MESTRANDO:<\/strong><strong style=\"font-size: 16px\"> <\/strong><span style=\"font-size: 16px\">PAULO S\u00c9RGIO SAMPAIO FIGUEIRA<\/span><\/h2>\n<p><strong>TEMA:<\/strong> A IMPLANTA\u00c7\u00c3O DO PROJETO \u201cUSO SUSTENT\u00c1VEL DOS RECURSOS FLORESTAIS EM \u00c1REA DE V\u00c1RZEA\u201d NO PAE DO MARAC\u00c1: UMA AN\u00c1LISE DA PERCEP\u00c7\u00c3O DOS ENVOLVIDOS<br \/>\n<strong>ORIENTADOR<\/strong>: Profa. Dra. Helenilza Ferreira de Albuquerque<br \/>\n<strong>DATA DA DEFESA<\/strong>: 04 de novembro de 2010.<\/p>\n<p><strong>13) <\/strong><strong>MESTRANDO:<\/strong><strong> <\/strong><a href=\"http:\/\/lattes.cnpq.br\/6485924971337707\">HELISIA COSTA G\u00d3ES<\/a><br \/>\n<strong>TEMA:<\/strong> \u201cA TRANSA\u00c7\u00c3O PENAL COMO INSTRUMENTO DE PREVEN\u00c7\u00c3O E REPARA\u00c7\u00c3O DOS CRIMES AMBIENTAIS DE MENOR POTENCIAL OFENSIVO NO MUNIC\u00cdPIO DE MACAP\u00c1\u201d<br \/>\n<strong>ORIENTADOR<\/strong>: Prof. Dr. Carmo Ant\u00f4nio de Souza<br \/>\n<strong>DATA DA DEFESA<\/strong>: 23 de novembro de 2010.<\/p>\n<div>\n<p><strong>14) <\/strong><strong>MESTRANDO:<\/strong><strong> <\/strong><a href=\"http:\/\/lattes.cnpq.br\/9961576868156067\">KEILA ANDR\u00c9A ARA\u00daJO COSTA DOS SANTOS<\/a><br \/>\n<strong>TEMA:<\/strong> <a href=\"http:\/\/www2.unifap.br\/ppgdapp\/files\/2013\/04\/Keila.pdf\">\u201cANALISE SOCIOAMBIENTAL DA OCUPA\u00c7\u00c3O URBANA DA \u00c1REA DO ATURI\u00c1-AP\u201d<\/a><br \/>\n<strong>ORIENTADOR<\/strong>: Profa. Dra. Rosemary Ferreira de Andrade<br \/>\n<strong>DATA DA DEFESA<\/strong>: 06 de dezembro de 2010.<\/p>\n<p><strong>15) <\/strong><strong>MESTRANDO:<\/strong><strong> <\/strong><a href=\"http:\/\/lattes.cnpq.br\/2409776695243725\">LUCIANA UCH\u00d4A RIBEIRO<\/a><br \/>\n<strong>TEMA:<\/strong> \u201cA RESPONSABILIDADE PENAL DA PESSOA JUR\u00cdDICA POR CRIMES AMBIENTAIS NO \u00c2MBITO DA EXPLORA\u00c7\u00c3O MINER\u00c1RIA \u00c0 LUZ DA JURISPRUD\u00caNCIA NACIONAL\u201d<br \/>\n<strong>ORIENTADOR<\/strong>: <a href=\"http:\/\/lattes.cnpq.br\/4886213877075945\">Prof. Dr. Edson Ferreira de Carvalho<\/a><br \/>\n<strong>DATA DA DEFESA<\/strong>: 18 de dezembro de 2010.<\/p>\n<\/div>\n<p>&nbsp;<\/p>\n","protected":false},"excerpt":{"rendered":"<p>1)MESTRANDA: ESTELA MARIA PINHEIRO DO NASCIMENTO TEMA: \u201cA EFETIVIDADE DA RESPONSABILIDADE CIVIL DO DANO AMBIENTAL POR MEIO DA A\u00c7\u00c3O CIVIL P\u00daBLICA NO AMAP\u00c1\u201d ORIENTADOR: Prof. Dr. Nicolau El\u00e1dio Bassalo Crispino DATA DA DEFESA: 30 de janeiro de 2010 2)MESTRANDA: MARIA&hellip; <\/p>\n<p><a href=\"https:\/\/www2.unifap.br\/ppgdapp\/dissertacoes-por-ano\/apresentadas-em-2008\/\" class=\"readmore-button\">Continue Reading<\/a><\/p>\n","protected":false},"author":1,"featured_media":0,"parent":802,"menu_order":3,"comment_status":"closed","ping_status":"closed","template":"template-twocolumns-left.php","meta":{"inline_featured_image":false,"ngg_post_thumbnail":0,"footnotes":""},"class_list":["post-826","page","type-page","status-publish","hentry"],"_links":{"self":[{"href":"https:\/\/www2.unifap.br\/ppgdapp\/wp-json\/wp\/v2\/pages\/826","targetHints":{"allow":["GET"]}}],"collection":[{"href":"https:\/\/www2.unifap.br\/ppgdapp\/wp-json\/wp\/v2\/pages"}],"about":[{"href":"https:\/\/www2.unifap.br\/ppgdapp\/wp-json\/wp\/v2\/types\/page"}],"author":[{"embeddable":true,"href":"https:\/\/www2.unifap.br\/ppgdapp\/wp-json\/wp\/v2\/users\/1"}],"replies":[{"embeddable":true,"href":"https:\/\/www2.unifap.br\/ppgdapp\/wp-json\/wp\/v2\/comments?post=826"}],"version-history":[{"count":11,"href":"https:\/\/www2.unifap.br\/ppgdapp\/wp-json\/wp\/v2\/pages\/826\/revisions"}],"predecessor-version":[{"id":1159,"href":"https:\/\/www2.unifap.br\/ppgdapp\/wp-json\/wp\/v2\/pages\/826\/revisions\/1159"}],"up":[{"embeddable":true,"href":"https:\/\/www2.unifap.br\/ppgdapp\/wp-json\/wp\/v2\/pages\/802"}],"wp:attachment":[{"href":"https:\/\/www2.unifap.br\/ppgdapp\/wp-json\/wp\/v2\/media?parent=826"}],"curies":[{"name":"wp","href":"https:\/\/api.w.org\/{rel}","templated":true}]}}