{"id":840,"date":"2014-01-25T12:50:36","date_gmt":"2014-01-25T12:50:36","guid":{"rendered":"http:\/\/www2.unifap.br\/ppgdapp\/?page_id=840"},"modified":"2014-10-15T15:31:53","modified_gmt":"2014-10-15T15:31:53","slug":"apresentadas-em-2012","status":"publish","type":"page","link":"https:\/\/www2.unifap.br\/ppgdapp\/dissertacoes-por-ano\/apresentadas-em-2012\/","title":{"rendered":"Apresentadas em 2012"},"content":{"rendered":"<h2><strong style=\"font-size: 16px;\">1) <\/strong><strong style=\"font-size: 16px;\">MESTRANDO:<\/strong><a style=\"font-size: 16px;\" href=\"http:\/\/lattes.cnpq.br\/0391187236504935\">PAULA CRISTINA PAIX\u00c3O GOMES<\/a><\/h2>\n<p><strong>TEMA:<\/strong> \u201cPOL\u00cdTICAS P\u00daBLICAS DE ACESSIBILIDADE \u00c0 JUSTI\u00c7A: A JUSTI\u00c7A ITINERANTE FLUVIAL NO ARQUIP\u00c9LAGO DO BAILIQUE\/AP(1995-2010)\u201d.<br \/>\n<strong>ORIENTADOR<\/strong>:\u00a0<a href=\"http:\/\/lattes.cnpq.br\/7806022855554472\">Profa. Dra. Eliane Superti<\/a><br \/>\n<strong>DATA DA DEFESA<\/strong>: 15 de fevereiro de 2012.<\/p>\n<p><strong>2) <\/strong><strong>MESTRANDO:<\/strong> <a href=\"http:\/\/lattes.cnpq.br\/6432569106765758\">NATHALIA CRISTINA SOTO BANHA<\/a><br \/>\n<strong>TEMA:<\/strong> \u201cPOL\u00cdTICAS P\u00daBLICAS COMO ESTRAT\u00c9GIA PARA PREVEN\u00c7\u00c3O DE DANOS AMBIENTAIS CAUSADOS PELA MINERA\u00c7\u00c3O EMPRESARIAL: A EFETIVA\u00c7\u00c3O DO PLANO DE CONTROLE AMBIENTAL(PCA) NO ESTADO DO AMAP\u00c1\u201d.<br \/>\n<strong>ORIENTADOR<\/strong>:\u00a0<a href=\"http:\/\/lattes.cnpq.br\/1993748824383678\">Prof. Dr. Ricardo \u00c2ngelo Pereira de Lima<\/a><br \/>\n<strong>DATA DA DEFESA<\/strong>: 20 de mar\u00e7o de 2012.<\/p>\n<p><strong>3) <\/strong><strong>MESTRANDO:<\/strong> <a href=\"http:\/\/lattes.cnpq.br\/0526102599508790\">ALESSANDRO DE ARA\u00daJO PIMENTEL<\/a><br \/>\n<strong>TEMA:<\/strong> <a href=\"http:\/\/www2.unifap.br\/ppgdapp\/files\/2013\/05\/ALESSANDRO-DE-ARA%C3%9AJO-PIMENTEL.pdf\">\u201cA POLUI\u00c7\u00c3O SONORA NO CENTRO COMERCIAL DE MACAP\u00c1 E A NECESSIDADE DE EDUCA\u00c7\u00c3O AMBIENTAL\u201d<\/a><br \/>\n<strong>ORIENTADOR<\/strong>:\u00a0<a href=\"http:\/\/lattes.cnpq.br\/9888614392602464\">Profa. Dra. Adelma das Neves Nunes Barros<\/a><br \/>\n<strong>DATA DA DEFESA<\/strong>: 23 de mar\u00e7o de 2012.<\/p>\n<p><strong>4) <\/strong><strong>MESTRANDO:<\/strong> <a href=\"http:\/\/lattes.cnpq.br\/0365192019552893\">ROSA DALVA GON\u00c7ALVES DE OLIVEIRA<\/a><br \/>\n<strong>TEMA:<\/strong> <a href=\"http:\/\/www2.unifap.br\/ppgdapp\/files\/2013\/05\/ROSA-DALVA-GON%C3%87ALVES-DE-OLIVEIRA.pdf\">\u201cEDUCA\u00c7\u00c3O AMBIENTAL: ALTERNATIVA DE SUSTENTABILIDADE NA \u00c1REA DE PROTE\u00c7\u00c3O AMBIENTAL(APA) DO RIO CURIA\u00da\u201d.<\/a><br \/>\n<strong>ORIENTADOR<\/strong>:\u00a0<a href=\"http:\/\/lattes.cnpq.br\/9888614392602464\">Profa. Dra. Adelma das Neves Nunes Barros<\/a><br \/>\n<strong>DATA DA DEFESA<\/strong>: 23 de mar\u00e7o de 2012.<\/p>\n<h2><strong style=\"font-size: 16px;\">5) <\/strong><strong style=\"font-size: 16px;\">MESTRANDO:<\/strong><a style=\"font-size: 16px;\" href=\"http:\/\/lattes.cnpq.br\/4970898293416404\">CELSO COSTA LIMA VERDE LEAL<\/a><\/h2>\n<p><strong>TEMA:<\/strong> <a href=\"http:\/\/www2.unifap.br\/ppgdapp\/files\/2013\/05\/CELSO-COSTA-LIMA-VERDE-LEAL.pdf\">\u201cAN\u00c1LISE DA VIABILIDADE T\u00c9CNICO-ECON\u00d4MICA, JUR\u00cdDICA E AMBIENTAL DE GERA\u00c7\u00c3O DE ENERGIA EL\u00c9TRICA PELA UNIDADE DE DISPOSI\u00c7\u00c3O FINAL DE RSU DE MACAP\u00c1\u201d.<\/a><br \/>\n<strong>ORIENTADOR<\/strong>:\u00a0<a href=\"http:\/\/lattes.cnpq.br\/9194391143997588\">Prof. Dr. Alaan Ubaiara Brito<\/a><br \/>\n<strong>DATA DA DEFESA<\/strong>: 03 de setembro de 2012.<\/p>\n<p><strong>6) <\/strong><strong>MESTRANDO:<\/strong> <a href=\"http:\/\/lattes.cnpq.br\/1741064858120614\">ELIZABETH FERGUSON PIMENTEL<\/a><br \/>\n<strong>TEMA:<\/strong> <a href=\"http:\/\/www2.unifap.br\/ppgdapp\/files\/2013\/04\/ELIZABETH-FERGUSON-PIMENTEL.pdf\">\u201cA RESPONSABILIDADE CIVIL NA SUCESS\u00c3O ENTRE EMPRESAS: A SUCESS\u00c3O ENTRE A MINERADORA ICOMI S\/A E SUAS ADQUIRENTES NO AMAP\u00c1\u201d.<\/a><br \/>\n<strong>ORIENTADOR<\/strong>:\u00a0<a href=\"http:\/\/lattes.cnpq.br\/6256091195247638\">Prof. Dr. Nicolau El\u00e1dio Bassalo Crispino<\/a><br \/>\n<strong>DATA DA DEFESA<\/strong>: 27 de setembro de 2012.<\/p>\n<p><strong>7) <\/strong><strong>MESTRANDO:<\/strong> <a href=\"http:\/\/lattes.cnpq.br\/0135280165685082\">ELEN DIANA DE ALMEIDA COELHO<\/a><br \/>\n<strong>TEMA:<\/strong> <a href=\"http:\/\/www2.unifap.br\/ppgdapp\/files\/2013\/04\/ELEN-DIANA-DE-ALMEIDA-COELHO.pdf\">\u201cGERENCIAMENTO E CONTROLE DA \u00c1GUA DE LASTRO E A RESPONSABILIDADE CIVIL DOS OPERADORES DO SISTEMA\u201d.<\/a><br \/>\n<strong>ORIENTADOR<\/strong>:\u00a0<a href=\"http:\/\/lattes.cnpq.br\/2181817533284030\">Prof. Dr. Alan Cavalcanti Cunha<\/a><br \/>\n<strong>DATA DA DEFESA<\/strong>: 30 de outubro de 2012.<\/p>\n<p><strong>8) <\/strong><strong>MESTRANDO:<\/strong> <a href=\"http:\/\/lattes.cnpq.br\/1246937393834264\">F\u00c1BIO JOS\u00c9 IBRAHIN<\/a><br \/>\n<strong>TEMA:<\/strong> <a href=\"http:\/\/www2.unifap.br\/ppgdapp\/files\/2013\/05\/F%C3%81BIO-JOS%C3%89-IBRAHIN.pdf\">\u201cGERENCIAMENTO E CONTROLE DA \u00c1GUA DE LASTRO E A RESPONSABILIDADE CIVIL DOS OPERADORES DO SISTEMA\u201d.<\/a><br \/>\n<strong>ORIENTADOR<\/strong>:\u00a0<a href=\"http:\/\/lattes.cnpq.br\/6256091195247638\">Prof. Dr. Nicolau El\u00e1dio Bassalo Crispino<\/a><br \/>\n<strong>DATA DA DEFESA<\/strong>: 28 de setembro de 2012.<\/p>\n<p><strong>9) <\/strong><strong>MESTRANDO:<\/strong> <a href=\"http:\/\/lattes.cnpq.br\/6767804889417887\">SIRLIANE DA COSTA VIANA<\/a><br \/>\n<strong>TEMA:<\/strong> \u201cTEORIAS CURRICULARES DIREITO AMBIENTAL E: RELA\u00c7\u00d5ES EPISTEMOL\u00d3GICAS NO CAMPO DOS NOVOS PARADIGMAS\u201d.<br \/>\n<strong>ORIENTADOR<\/strong>:\u00a0<a href=\"http:\/\/lattes.cnpq.br\/9093782969901989\">Prof. Dr. Adalberto Carvalho Ribeiro<\/a><br \/>\n<strong>DATA DA DEFESA<\/strong>: 16 de novembro de 2012.<\/p>\n<p><strong>10) <\/strong><strong>MESTRANDO:<\/strong> <a href=\"http:\/\/lattes.cnpq.br\/8023476807282654\">ADIRLEIDE GREICE CARMO DE SOUZA<\/a><br \/>\n<strong>TEMA:<\/strong><a href=\"http:\/\/www2.unifap.br\/ppgdapp\/files\/2013\/04\/Adirleide.pdf\"> \u201cEDUCA\u00c7\u00c3O AMBIENTAL COMO POL\u00cdTICA SOCIAL: ESTRAT\u00c9GIA DE REA\u00c7\u00c3O SOCIAL A PESCA PREDAT\u00d3RIA NO MUNIC\u00cdPIO DE PRACU\u00daBA-AP\u201d.<\/a><br \/>\n<strong>ORIENTADOR<\/strong>:\u00a0<a href=\"http:\/\/lattes.cnpq.br\/9888614392602464\">Profa. Dra. Adelma das Neves Nunes Barros<\/a><br \/>\n<strong>DATA DA DEFESA<\/strong>: 30 de novembro de 2012.<\/p>\n<p><strong>11) <\/strong><strong>MESTRANDO:<\/strong> <a href=\"http:\/\/lattes.cnpq.br\/3893393153340790\">GIVALDO SILVA DE OLIVEIRA MASCARENHAS E SOUTO<\/a><br \/>\n<strong>TEMA:<\/strong> \u201cA EFETIVIDADE DA TUTELA PENAL DO DIREITO AMBIENTAL BRASILEIRO\u201d.<br \/>\n<strong>ORIENTADOR<\/strong>:\u00a0<a href=\"http:\/\/lattes.cnpq.br\/8135930822421169\">Prof. Dr. Raul Jos\u00e9 de Galaad Oliveira<\/a><br \/>\n<strong>DATA DA DEFESA<\/strong>: 13 de dezembro de 2012.<\/p>\n<p><strong>12) <\/strong><strong>MESTRANDO:<\/strong> <a href=\"http:\/\/lattes.cnpq.br\/2245304807940749\">FELIPE ALC\u00c2NTARA DE BARROS LEAL<\/a><br \/>\n<strong>TEMA:<\/strong> \u201cINFRA\u00c7\u00d5ES AMBIENTAIS CONTRA A FAUNA E FLORA DO AMAP\u00c1\u201d.<br \/>\n<strong>ORIENTADOR<\/strong>:\u00a0<a href=\"http:\/\/lattes.cnpq.br\/2609614137392991\">Profa. Dra. Cl\u00e1udia Maria do Socorro Cruz Fernandes Chelala<\/a><br \/>\n<strong>DATA DA DEFESA<\/strong>: 14 de dezembro de 2012.<\/p>\n<div>\n<p><strong>13) <\/strong><strong>MESTRANDO:<\/strong> <a href=\"http:\/\/lattes.cnpq.br\/0713169434234485\">DALVA MAR\u00cdLIA SALES DE LIMA FARIAS<\/a><br \/>\n<strong>TEMA:<\/strong> <a href=\"http:\/\/www2.unifap.br\/ppgdapp\/files\/2013\/05\/DALVA-MAR%C3%8DLIA-SALES-DE-LIMA-FARIAS.pdf\">\u201cSUSTENTABILIDADE DAS COMPRAS P\u00daBLICAS NO ESTADO DO AMAP\u00c1\u201d.<\/a><br \/>\n<strong>ORIENTADOR<\/strong>:\u00a0<a href=\"http:\/\/lattes.cnpq.br\/2609614137392991\">Profa. Dra. Cl\u00e1udia Maria do Socorro Cruz Fernandes Chelala<\/a><br \/>\n<strong>DATA DA DEFESA<\/strong>: 17 de dezembro de 2012.<\/p>\n<\/div>\n<p><strong>14) <\/strong><strong>MESTRANDO:<\/strong> <a href=\"http:\/\/lattes.cnpq.br\/5996794244296642\">LUIZ F\u00c1BIO PEREIRA DOS SANTOS<\/a><br \/>\n<strong>TEMA:<\/strong> \u201cINDICADORES DE SALUBRIDADE AMBIENTAL E SEUS EFEITOS PARA A SUSTENTABILIDADE URBANA\u201d.<br \/>\n<strong>ORIENTADOR<\/strong>:\u00a0<a href=\"http:\/\/lattes.cnpq.br\/3443290397582063\">Profa. Dra. Helenilza Ferreira de Albuquerque<\/a><br \/>\n<strong>DATA DA DEFESA<\/strong>: 21 de dezembro de 2012.<\/p>\n<p><strong>15) <\/strong><strong>MESTRANDO:<\/strong> <a href=\"http:\/\/lattes.cnpq.br\/0371929976427800\">JUSSARA DE PINHO BARREIROS<\/a><br \/>\n<strong>TEMA:<\/strong> <a href=\"http:\/\/www2.unifap.br\/ppgdapp\/files\/2013\/05\/JUSSARA-DE-PINHO-BARREIROS.pdf\">\u201cIDENTIDADE, TERRIT\u00d3RIO E POL\u00cdTICAS SOCIOAMBIENTAIS: ESTUDO DE CASO DA ETNIA KARIPUNA, NA ALDEIA, MANDA, NO MUNIC\u00cdPIO DE OIAPOQUE\/AMAP\u00c1\u201d.<\/a><br \/>\n<strong>ORIENTADOR<\/strong>:\u00a0<a href=\"http:\/\/lattes.cnpq.br\/7778887161285186\">Profa. Dra. Simone Pereira Garcia<\/a><br \/>\n<strong>DATA DA DEFESA<\/strong>: 21 de dezembro de 2012.<\/p>\n<p><strong>16) <\/strong><strong>MESTRANDO:<\/strong> <a href=\"http:\/\/lattes.cnpq.br\/3178730887940489\">PAULO S\u00c9RGIO BEZERRA NASCIMENTO<\/a><br \/>\n<strong>TEMA:<\/strong> \u201cREPRESENTA\u00c7\u00d5ES SOCIAIS: quest\u00f5es ambientais dos alunos dos cursos da Universidade do Estado do Amap\u00e1-UEAP\u201d.<br \/>\n<strong>ORIENTADOR<\/strong>:\u00a0<a href=\"http:\/\/lattes.cnpq.br\/9093782969901989\">Prof. Dr. Adalberto Carvalho Ribeiro<\/a><br \/>\n<strong>DATA DA DEFESA<\/strong>: 27 de dezembro de 2012.<\/p>\n<p><strong>17) <\/strong><strong>MESTRANDO:<\/strong> <a href=\"http:\/\/lattes.cnpq.br\/4703954574906757\">BENEDITO DE QUEIROZ ALC\u00c2NTARA<\/a><br \/>\n<strong>TEMA:<\/strong> \u201cESTRAT\u00c9GIAS DE DESENVOLVIMENTO RURAL: O CASO DO TERRIT\u00d3RIO RURAL CENTRO OESTE\/AP-DESAFIOS E PERSPECTIVAS\u201d.<br \/>\n<strong>ORIENTADOR<\/strong>:\u00a0<a href=\"http:\/\/lattes.cnpq.br\/1993748824383678\">Prof. Dr. Ricardo \u00c2ngelo Pereira de Lima<\/a><br \/>\n<strong>DATA DA DEFESA<\/strong>: 28 de dezembro de 2012.<\/p>\n<p><strong>18) <\/strong><strong>MESTRANDO:<\/strong> <a href=\"http:\/\/lattes.cnpq.br\/0942406505472941\">ELIANA GON\u00c7ALVES DE ALMEIDA PINHEIRO<\/a><br \/>\n<strong>TEMA:<\/strong> \u201cA INTERFACE MEIO AMBIENTE E LINGUAGEM: uma proposta de Educa\u00e7\u00e3o Ambiental por meio do trabalho com a leitura\u201d.<br \/>\n<strong>ORIENTADOR<\/strong>:\u00a0<a href=\"http:\/\/lattes.cnpq.br\/9888614392602464\">Profa. Dra. Adelma das Neves Nunes Barros<\/a><br \/>\n<strong>DATA DA DEFESA<\/strong>: 28 de dezembro de 2012.<\/p>\n<p><strong>19) <\/strong><strong>MESTRANDO:<\/strong> <a href=\"http:\/\/lattes.cnpq.br\/6964399128513778\">MONNYA KAROLLYNE DA SILVA MART\u00cdNEZ<\/a><br \/>\n<strong>TEMA:<\/strong> <a href=\"http:\/\/www2.unifap.br\/ppgdapp\/files\/2013\/05\/MONNYA-KAROLLYNE-DA-SILVA-MART%C3%8DNEZ.pdf\">\u201cGASTRONOMIA E SUSTENTABILIDADE: UM ESTUDO DA LEGISLA\u00c7\u00c3O AMBIENTAL E SANIT\u00c1RIA NOS RESTAURANTES DE MACAP\u00c1\u201d.<\/a><br \/>\n<strong>ORIENTADOR<\/strong>:\u00a0<a href=\"http:\/\/lattes.cnpq.br\/9093782969901989\">Prof. Dr. Adalberto Carvalho Ribeiro<\/a><br \/>\n<strong>DATA DA DEFESA<\/strong>: 28 de dezembro de 2012.<\/p>\n<p><strong>20) <\/strong><strong>MESTRANDO:<\/strong> <a href=\"http:\/\/lattes.cnpq.br\/0673733104501684\">ZACARIAS ALVES DE ARA\u00daJO NETO<\/a><br \/>\n<strong>TEMA:<\/strong> <a href=\"http:\/\/www2.unifap.br\/ppgdapp\/files\/2013\/05\/ZACARIAS-ALVES-DE-ARAUJO-NETO.pdf\">\u201cPOL\u00cdTICAS P\u00daBLICAS EM TERRAS IND\u00cdGENAS: ANALOGIAS INSTRUMENTAIS ENTRE O OIAPOQUE E A GUIANA FRANCESA\u201d.<\/a><br \/>\n<strong>ORIENTADOR<\/strong>:\u00a0<a href=\"http:\/\/lattes.cnpq.br\/7778887161285186\">Profa. Dra. Simone Pereira Garcia<\/a><br \/>\n<strong>DATA DA DEFESA<\/strong>: 28 de dezembro de 2012.<\/p>\n<h2><strong style=\"font-size: 16px;\">21)<\/strong><strong style=\"font-size: 16px;\"> <\/strong><strong style=\"font-size: 16px;\">MESTRANDO:<\/strong><a style=\"font-size: 16px;\" href=\"http:\/\/lattes.cnpq.br\/3779707446577007\">ROBERTO JOS\u00c9 NERY MORAES<\/a><\/h2>\n<p><strong>TEMA:<\/strong> \u201cO VALOR AMBIENTAL DA RELIGI\u00c3O AFRO-AMER\u00cdNDIA: UMA AN\u00c1LISE ACERCA DA INTOLER\u00c2NCIA RELIGIOSA NO AMAP\u00c1\u201d.<br \/>\n<strong>ORIENTADOR<\/strong>:\u00a0<a href=\"http:\/\/lattes.cnpq.br\/4609696110268688\" target=\"_blank\">Profa. Dra. Eug\u00eania da Luz Silva Foster<\/a><br \/>\n<strong>DATA DA DEFESA<\/strong>: 27 de novembro de 2012.<\/p>\n<p><strong>22)<\/strong><strong> <\/strong><strong>MESTRANDO:<\/strong> <a href=\"http:\/\/lattes.cnpq.br\/0452271668350533\">LARISSA FERREIRA TEIXEIRA GAZEL<\/a><br \/>\n<strong>TEMA:<\/strong> \u201cBENS ARQUEOL\u00d3GICOS SUBMERSOS: A ICONSTITUCIONALIDADE DA EXPLORA\u00c7\u00c3O COMERCIAL DOS BENS ARQUEOL\u00d3GICOS SUBMERSOS E A CONSERVA\u00c7\u00c3O DO PATRIM\u00d4NIO CULTURAL SUBAQU\u00c1TICO DA UNESCO\u201d.<br \/>\n<strong>ORIENTADOR<\/strong>:\u00a0<a href=\"http:\/\/lattes.cnpq.br\/3860243568106899\">Prof. Dr. Daniel Gaio<\/a><br \/>\n<strong>DATA DA DEFESA<\/strong>: 20 de dezembro de 2012.<\/p>\n<p>&nbsp;<\/p>\n<p>&nbsp;<\/p>\n","protected":false},"excerpt":{"rendered":"<p>1) MESTRANDO:PAULA CRISTINA PAIX\u00c3O GOMES TEMA: \u201cPOL\u00cdTICAS P\u00daBLICAS DE ACESSIBILIDADE \u00c0 JUSTI\u00c7A: A JUSTI\u00c7A ITINERANTE FLUVIAL NO ARQUIP\u00c9LAGO DO BAILIQUE\/AP(1995-2010)\u201d. ORIENTADOR:\u00a0Profa. Dra. Eliane Superti DATA DA DEFESA: 15 de fevereiro de 2012. 2) MESTRANDO: NATHALIA CRISTINA SOTO BANHA TEMA: \u201cPOL\u00cdTICAS&hellip; <\/p>\n<p><a href=\"https:\/\/www2.unifap.br\/ppgdapp\/dissertacoes-por-ano\/apresentadas-em-2012\/\" class=\"readmore-button\">Continue Reading<\/a><\/p>\n","protected":false},"author":1,"featured_media":0,"parent":802,"menu_order":5,"comment_status":"closed","ping_status":"closed","template":"template-twocolumns-left.php","meta":{"inline_featured_image":false,"ngg_post_thumbnail":0,"footnotes":""},"class_list":["post-840","page","type-page","status-publish","hentry"],"_links":{"self":[{"href":"https:\/\/www2.unifap.br\/ppgdapp\/wp-json\/wp\/v2\/pages\/840","targetHints":{"allow":["GET"]}}],"collection":[{"href":"https:\/\/www2.unifap.br\/ppgdapp\/wp-json\/wp\/v2\/pages"}],"about":[{"href":"https:\/\/www2.unifap.br\/ppgdapp\/wp-json\/wp\/v2\/types\/page"}],"author":[{"embeddable":true,"href":"https:\/\/www2.unifap.br\/ppgdapp\/wp-json\/wp\/v2\/users\/1"}],"replies":[{"embeddable":true,"href":"https:\/\/www2.unifap.br\/ppgdapp\/wp-json\/wp\/v2\/comments?post=840"}],"version-history":[{"count":9,"href":"https:\/\/www2.unifap.br\/ppgdapp\/wp-json\/wp\/v2\/pages\/840\/revisions"}],"predecessor-version":[{"id":1292,"href":"https:\/\/www2.unifap.br\/ppgdapp\/wp-json\/wp\/v2\/pages\/840\/revisions\/1292"}],"up":[{"embeddable":true,"href":"https:\/\/www2.unifap.br\/ppgdapp\/wp-json\/wp\/v2\/pages\/802"}],"wp:attachment":[{"href":"https:\/\/www2.unifap.br\/ppgdapp\/wp-json\/wp\/v2\/media?parent=840"}],"curies":[{"name":"wp","href":"https:\/\/api.w.org\/{rel}","templated":true}]}}