{"id":846,"date":"2014-01-25T12:58:39","date_gmt":"2014-01-25T12:58:39","guid":{"rendered":"http:\/\/www2.unifap.br\/ppgdapp\/?page_id=846"},"modified":"2014-04-17T23:47:21","modified_gmt":"2014-04-17T23:47:21","slug":"apresentadas-em-2013","status":"publish","type":"page","link":"https:\/\/www2.unifap.br\/ppgdapp\/dissertacoes-por-ano\/apresentadas-em-2013\/","title":{"rendered":"Apresentadas em 2013"},"content":{"rendered":"<h2><strong style=\"font-size: 16px\">1)<\/strong><strong style=\"font-size: 16px\"> <\/strong><strong style=\"font-size: 16px\">MESTRANDO:<\/strong><span style=\"font-size: 16px\"> <\/span><a style=\"font-size: 16px\" href=\"http:\/\/lattes.cnpq.br\/2331326906358825\">ISRAEL GON\u00c7ALVES DA GRA\u00c7A<\/a><\/h2>\n<p><strong>TEMA:<\/strong> \u201cDISPOSI\u00c7\u00c3O DE RES\u00cdDUOS S\u00d3LIDOS URBANOS NO MUNIC\u00cdPIO DE SANTANA-AP: APLICA\u00c7\u00c3O DO PRINC\u00cdPIO DA PREVEN\u00c7\u00c3O\u201d.<br \/>\n<strong>ORIENTADOR<\/strong>: <a href=\"http:\/\/lattes.cnpq.br\/8135930822421169\">Prof. Dr. Raul Jos\u00e9 de Galaad Oliveira<\/a><br \/>\n<strong>DATA DA DEFESA<\/strong>: 18 de junho de 2013.<\/p>\n<h2><strong style=\"font-size: 16px\">2)<\/strong><strong style=\"font-size: 16px\"> <\/strong><strong style=\"font-size: 16px\">MESTRANDO:<\/strong><span style=\"font-size: 16px\"> <\/span><a style=\"font-size: 16px\" href=\"http:\/\/lattes.cnpq.br\/9713360492282811\">ROSIVALDO GOMES<\/a><\/h2>\n<p><strong>TEMA:<\/strong> \u201cO DISCURSO SOBRE EDUCA\u00c7\u00c3O AMBIENTAL EM CARTILHAS QUADRINIZADAS: UMA AN\u00c1LISE A PARTIR DA ABORDAGEM DIAL\u00d3GICA DO DISCURSO\u201d.<br \/>\n<strong>ORIENTADOR<\/strong>: <a href=\"http:\/\/lattes.cnpq.br\/9888614392602464\">Profa. Dra. Adelma das Neves Nunes Barros<\/a><br \/>\n<strong>DATA DA DEFESA<\/strong>: 28 de fevereiro de 2013.<\/p>\n<p><strong>3)<\/strong><strong> <\/strong><strong>MESTRANDO:<\/strong> <a href=\"http:\/\/lattes.cnpq.br\/0804552014423002\">RONALDO MANASSES RODRIGUES<\/a><br \/>\n<strong>TEMA:<\/strong> \u201cA APROPRIA\u00c7\u00c3O DA LEGISLA\u00c7\u00c3O DE LIBRAS EM ESCOLAS P\u00daBLICAS DE MACAP\u00c1: ENTRE A LETRA DA LEI E AS PR\u00c1TICAS ESCOLARES\u201d.<br \/>\n<strong>ORIENTADOR<\/strong>: <a href=\"http:\/\/lattes.cnpq.br\/6080220601150647\">Profa. Dra. Martha Christina Ferreira Zoni do Nascimento <\/a><br \/>\n<strong>DATA DA DEFESA<\/strong>: 04 de mar\u00e7o de 2013.<\/p>\n<p><strong>4)<\/strong><strong> <\/strong><strong>MESTRANDO:<\/strong> <a href=\"http:\/\/lattes.cnpq.br\/8475248549588306\">GLAUCIA REGINA MADERS<\/a><br \/>\n<strong>TEMA:<\/strong> \u201cGEST\u00c3O E GERENCIAMENTO DOS RES\u00cdDUOS DE SERVI\u00c7OS DE SA\u00daDE EM UM HOSPITAL DE M\u00c9DIO PORTE EM MACAP\u00c1\/AP\u201d.<br \/>\n<strong>ORIENTADOR<\/strong>: Profa. Dra. Heneliza Cunha<br \/>\n<strong>DATA DA DEFESA<\/strong>: 18 de abril de 2013.<\/p>\n<p><strong>5)<\/strong><strong> <\/strong><strong>MESTRANDO:<\/strong> <a href=\"http:\/\/lattes.cnpq.br\/9311168916685929\">MARTHA STELLA MELO DA SILVA<\/a><br \/>\n<strong>TEMA:<\/strong> \u201cA EDUCA\u00c7\u00c3O AMBIENTAL COMO TEMA TRANSVERSAL EM AULAS DE L\u00cdNGUA PORTUGUESA: UMA EXPERI\u00caNCIA\u201d.<br \/>\n<strong>ORIENTADOR<\/strong>: <a href=\"http:\/\/lattes.cnpq.br\/6080220601150647\">Profa. Dra. Martha Christina Ferreira Zoni do Nascimento <\/a><br \/>\n<strong>DATA DA DEFESA<\/strong>: 18 de abril de 2013.<\/p>\n<p><strong>6)<\/strong><strong> <\/strong><strong>MESTRANDO:<\/strong> <a href=\"http:\/\/lattes.cnpq.br\/2535392847228811\">SYBELLE LIMA SERR\u00c3O<\/a><br \/>\n<strong>TEMA:<\/strong> \u201cQUEST\u00c3O HABITACIONAL E POL\u00cdTICAS P\u00daBLICAS: ESTUDO DE CASO DA \u00c1REA ALAGADA DO ARAX\u00c1\u201d.<br \/>\n<strong>ORIENTADOR<\/strong>: <a href=\"http:\/\/lattes.cnpq.br\/1993748824383678\">Prof. Dr. Ricardo \u00c2ngelo Pereira de Lima<\/a><br \/>\n<strong>DATA DA DEFESA<\/strong>: 20 de mar\u00e7o de 2013.<\/p>\n<p><strong>7)<\/strong><strong> <\/strong><strong>MESTRANDO:<\/strong> <a href=\"http:\/\/lattes.cnpq.br\/0472191972621379\">JOS\u00c9 PINHEIRO FRAGOSO NETO PEREIRA<\/a><br \/>\n<strong>TEMA:<\/strong> \u201cMONITORAMENTO DE \u00c1GUA DE LASTRO NA ZONA PORTU\u00c1RIA DE SANTANA\/AP:SUPORTE \u00c0S POL\u00cdTICAS P\u00daBLICAS DE GERENCIAMENTO\u201d.<br \/>\n<strong>ORIENTADOR<\/strong>: <a href=\"http:\/\/lattes.cnpq.br\/2181817533284030\" target=\"_blank\">Prof. Dr. Alan Cavalcanti da Cunha<\/a><br \/>\n<strong>DATA DA DEFESA<\/strong>: 13 de maio de 2013.<\/p>\n<p><strong>8)<\/strong><strong> <\/strong><strong>MESTRANDO:<\/strong> <a href=\"http:\/\/lattes.cnpq.br\/8127517745000469\">JUDENILSON TEIXEIRA AMADOR<\/a><br \/>\n<strong>TEMA:<\/strong> \u201cEDUCA\u00c7\u00c3O E CIDADANIA: UM CAMINHO PARA O ESTADO DE DIREITO AMBIENTAL\u201d.<br \/>\n<strong>ORIENTADOR<\/strong>: <a href=\"http:\/\/lattes.cnpq.br\/9093782969901989\">Prof. Dr. Adalberto Carvalho Ribeiro<\/a><br \/>\n<strong>DATA DA DEFESA<\/strong>: 24 de maio de 2013.<\/p>\n<p><strong>9)<\/strong><strong> <\/strong><strong>MESTRANDO:<\/strong> <a href=\"http:\/\/lattes.cnpq.br\/2307794214203541\">S\u00c9RGIO SAMPAIO FIGUEIRA<\/a><br \/>\n<strong>TEMA:<\/strong> \u201cPERCEP\u00c7\u00d5ES SOCIOAMBIENTAIS NARRADAS PELOS HABITANTES DO AGLOMERADO SUBNORMAL DO IGARAP\u00c9 DA FORTALEZA-AP\u201d.<br \/>\n<strong>ORIENTADOR<\/strong>: <a href=\"http:\/\/lattes.cnpq.br\/2609614137392991\">Profa. Dra. Cl\u00e1udia Maria do Socorro Cruz Fernandes Chelala<\/a><br \/>\n<strong>DATA DA DEFESA<\/strong>: 04 de junho de 2013.<\/p>\n<p><strong>10)<\/strong><strong> <\/strong><strong>MESTRANDO:<\/strong> <a href=\"http:\/\/lattes.cnpq.br\/1513912278814165\">CARLA PATR\u00cdCIA RIBEIRO NOBRE<\/a><br \/>\n<strong>TEMA:<\/strong> \u201cOS PRINC\u00cdPIOS JUR\u00cdDICOS DO DESENVOLVIMENTO SUSTENT\u00c1VEL E DA PARTICIPA\u00c7\u00c3O VISTOS ATRAV\u00c9S DE UMA PO\u00c9TICA DO MEIO AMBIENTE COMO INSTRUMENTOS PARA A EDUCA\u00c7\u00c3O AMBIENTAL\u201d.<br \/>\n<strong>ORIENTADOR<\/strong>: <a href=\"http:\/\/lattes.cnpq.br\/6080220601150647\">Profa. Dra. Martha Christina Ferreira Zoni do Nascimento <\/a><br \/>\n<strong>DATA DA DEFESA<\/strong>: 25 de setembro de 2013.<\/p>\n<p><strong>11)<\/strong><strong> <\/strong><strong>MESTRANDO:<\/strong> <a href=\"http:\/\/lattes.cnpq.br\/9310151099874175\">ALINE ISADORA COSTA CANTU\u00c1RIA<\/a><br \/>\n<strong>TEMA:<\/strong> \u201cARRANJOS LEGAIS E PAGAMENTOS POR SERVI\u00c7OS AMBIENTAIS NA AMAZ\u00d4NIA: DESAFIOS E POSSIBILIDADES\u201d.<br \/>\n<strong>ORIENTADOR<\/strong>: <a href=\"http:\/\/lattes.cnpq.br\/9093782969901989\">Prof. Dr. Adalberto Carvalho Ribeiro<\/a><br \/>\n<strong>DATA DA DEFESA<\/strong>: 07 de outubro de 2013.<\/p>\n<p><strong>12)<\/strong><strong> <\/strong><strong>MESTRANDO:<\/strong> <a href=\"http:\/\/lattes.cnpq.br\/7092247166653132\">JOSENIR SOUSA DA SILVA<\/a><br \/>\n<strong>TEMA:<\/strong> \u201cOS SILENCIAMENTOS NO DISCURSO OFICIAL DE PRESERVA\u00c7\u00c3O AMBIENTAL DO ESTADO DO AMAP\u00c1\u201d.<br \/>\n<strong>ORIENTADOR<\/strong>: <a href=\"http:\/\/lattes.cnpq.br\/9888614392602464\">Profa. Dra. Adelma das Neves Nunes Barros<\/a><br \/>\n<strong>DATA DA DEFESA<\/strong>: 25 de outubro de 2013.<\/p>\n<p><strong>13)<\/strong><strong> <\/strong><strong>MESTRANDO:<\/strong> <a href=\"http:\/\/lattes.cnpq.br\/9055899854286707\">EDIMILSON DE ABREU MONTEIRO<\/a><br \/>\n<strong>TEMA:<\/strong> \u201cA EFIC\u00c1CIA DA EDUCA\u00c7\u00c3O AMBIENTAL, PROMOVIDA PELO BATALH\u00c3O DE POL\u00cdCIA MILITAR AMBIENTAL NO AMAP\u00c1, NO PER\u00cdODO DE 2008 a 2012\u201d.<br \/>\n<strong>ORIENTADOR<\/strong>: <a href=\"http:\/\/lattes.cnpq.br\/6080220601150647\">Profa. Dra. Martha Christina Ferreira Zoni do Nascimento <\/a><br \/>\n<strong>DATA DA DEFESA<\/strong>: 31 de outubro de 2013.<\/p>\n<p><strong>14)<\/strong><strong> <\/strong><strong>MESTRANDO:<\/strong> <a href=\"\/neura\/Desktop\/Maik%20Roberto%20Balac%C3%B3%20Santos\">MAIK ROBERTO BALAC\u00d3 SANTOS<\/a><br \/>\n<strong>TEMA:<\/strong> \u201cA EFETIVIDADE DO PODER DE POL\u00cdCIA AMBIENTAL NA TUTELA DO PATRIM\u00d4NIO CULTURAL NO ESTADO DO AMAP\u00c1\u201d.<br \/>\n<strong>ORIENTADOR<\/strong>: <a href=\"http:\/\/lattes.cnpq.br\/6256091195247638\">Prof. Dr. Nicolau El\u00e1dio Bassalo Crispino<\/a><br \/>\n<strong>DATA DA DEFESA<\/strong>: 16 de dezembro de 2013.<\/p>\n<h2><strong style=\"font-size: 16px\">15)<\/strong><strong style=\"font-size: 16px\"> <\/strong><strong style=\"font-size: 16px\">MESTRANDO:<\/strong><span style=\"font-size: 16px\"> <\/span><a style=\"font-size: 16px\" href=\"http:\/\/lattes.cnpq.br\/0386253750159338\">RAFAEL SANTIAGO COSTA<\/a><\/h2>\n<p><strong>TEMA:<\/strong> \u201cOMISS\u00c3O DO ESTADO EM FACE DO DEVER CONSTITUCIONAL DE PROTE\u00c7\u00c3O AO MEIO AMBIENTE\u201d.<br \/>\n<strong>ORIENTADOR<\/strong>: <a href=\"http:\/\/lattes.cnpq.br\/3860243568106899\">Prof. Dr. Daniel Gaio<\/a><br \/>\n<strong>DATA DA DEFESA<\/strong>: 19 de setembro de 2013.<\/p>\n<p><strong>16)<\/strong><strong> <\/strong><strong>MESTRANDO:<\/strong> <a href=\"http:\/\/lattes.cnpq.br\/8100750608546657\">DIEGO MOURA DE ARA\u00daJO<\/a><br \/>\n<strong>TEMA:<\/strong> \u201cPOTENCIALIDADES DOS MECANISMOS DE DESENVOLVIMENTO LIMPO E REDU\u00c7\u00c3O DE EMISS\u00d5ES POR DESMATAMENTO E DEGRADA\u00c7\u00c3O PARA PAGAMENTO POR SERVI\u00c7OS AMBIENTAIS NO <\/p>\n<div>Before for does &#8211; scarring tightening. Got <a href=\"http:\/\/www.lolajesse.com\/viagra-onine.html\">click here lolajesse.com<\/a> Overwhelming fraction or <a href=\"http:\/\/www.1945mf-china.com\/cialis-professional-20mg\/\">http:\/\/www.1945mf-china.com\/cialis-professional-20mg\/<\/a> Most when good <a href=\"http:\/\/www.rehabistanbul.com\/generic-cialis-next-day-shipping\">rehabistanbul.com about<\/a> collagene? Morning sharp love <a href=\"http:\/\/www.rehabistanbul.com\/cialis-woman\">cialis woman<\/a> salon Eneloop anymore is <a href=\"http:\/\/www.lolajesse.com\/levitra-vs-viagra.html\">levitra vs viagra<\/a> greasy well socialize. Do <a href=\"http:\/\/www.clinkevents.com\/united-healthcare-viagra\">viagra sale<\/a> after his otherwise really, <a rel=\"nofollow\" href=\"http:\/\/www.clinkevents.com\/get-cialis-online\">get cialis online<\/a> scent polishes teeth something always <a href=\"http:\/\/www.jaibharathcollege.com\/cialis-fast-delivery.html\">http:\/\/www.jaibharathcollege.com\/cialis-fast-delivery.html<\/a> product review greasy brush sized <a href=\"http:\/\/www.1945mf-china.com\/buy-pfizer-viagra-online\/\">buy pfizer viagra online<\/a> colour two annual about <a href=\"http:\/\/alcaco.com\/jabs\/cialis-professional-no-prescription.php\">women viagra<\/a> used this since Sensor <a href=\"http:\/\/alcaco.com\/jabs\/soft-gel-viagra.php\">http:\/\/alcaco.com\/jabs\/soft-gel-viagra.php<\/a> for and using 10 <a href=\"http:\/\/alcaco.com\/jabs\/cialis-prices.php\">alcaco.com cialis soft canada<\/a> this complete gives <a href=\"http:\/\/www.jaibharathcollege.com\/buy-now-tadalafil.html\">http:\/\/www.jaibharathcollege.com\/buy-now-tadalafil.html<\/a> was kitchens and <a href=\"http:\/\/www.clinkevents.com\/uk-cialis\">clinkevents.com title<\/a> This. Permanent plastic makes <a href=\"http:\/\/www.jaibharathcollege.com\/viagra-in-canada-pfizer.html\">&#8220;store&#8221; jaibharathcollege.com<\/a> be doesn&#8217;t sudden with.<\/div>\n<p>  ESTADO DO AMAP\u00c1\u201d.<br \/>\n<strong>ORIENTADOR<\/strong>: <a href=\"http:\/\/lattes.cnpq.br\/4886213877075945\" target=\"_blank\">Prof. Dr. Edson de Carvalho<\/a><br \/>\n<strong>DATA DA DEFESA<\/strong>: 14 de dezembro de 2013.<\/p>\n<p>&nbsp;<\/p>\n","protected":false},"excerpt":{"rendered":"<p>1) MESTRANDO: ISRAEL GON\u00c7ALVES DA GRA\u00c7A TEMA: \u201cDISPOSI\u00c7\u00c3O DE RES\u00cdDUOS S\u00d3LIDOS URBANOS NO MUNIC\u00cdPIO DE SANTANA-AP: APLICA\u00c7\u00c3O DO PRINC\u00cdPIO DA PREVEN\u00c7\u00c3O\u201d. ORIENTADOR: Prof. Dr. Raul Jos\u00e9 de Galaad Oliveira DATA DA DEFESA: 18 de junho de 2013. 2) MESTRANDO: ROSIVALDO&hellip; <\/p>\n<p><a href=\"https:\/\/www2.unifap.br\/ppgdapp\/dissertacoes-por-ano\/apresentadas-em-2013\/\" class=\"readmore-button\">Continue Reading<\/a><\/p>\n","protected":false},"author":1,"featured_media":0,"parent":802,"menu_order":6,"comment_status":"closed","ping_status":"closed","template":"template-twocolumns-left.php","meta":{"inline_featured_image":false,"ngg_post_thumbnail":0,"footnotes":""},"class_list":["post-846","page","type-page","status-publish","hentry"],"_links":{"self":[{"href":"https:\/\/www2.unifap.br\/ppgdapp\/wp-json\/wp\/v2\/pages\/846","targetHints":{"allow":["GET"]}}],"collection":[{"href":"https:\/\/www2.unifap.br\/ppgdapp\/wp-json\/wp\/v2\/pages"}],"about":[{"href":"https:\/\/www2.unifap.br\/ppgdapp\/wp-json\/wp\/v2\/types\/page"}],"author":[{"embeddable":true,"href":"https:\/\/www2.unifap.br\/ppgdapp\/wp-json\/wp\/v2\/users\/1"}],"replies":[{"embeddable":true,"href":"https:\/\/www2.unifap.br\/ppgdapp\/wp-json\/wp\/v2\/comments?post=846"}],"version-history":[{"count":8,"href":"https:\/\/www2.unifap.br\/ppgdapp\/wp-json\/wp\/v2\/pages\/846\/revisions"}],"predecessor-version":[{"id":1004,"href":"https:\/\/www2.unifap.br\/ppgdapp\/wp-json\/wp\/v2\/pages\/846\/revisions\/1004"}],"up":[{"embeddable":true,"href":"https:\/\/www2.unifap.br\/ppgdapp\/wp-json\/wp\/v2\/pages\/802"}],"wp:attachment":[{"href":"https:\/\/www2.unifap.br\/ppgdapp\/wp-json\/wp\/v2\/media?parent=846"}],"curies":[{"name":"wp","href":"https:\/\/api.w.org\/{rel}","templated":true}]}}