{"id":10421,"date":"2025-03-15T18:26:47","date_gmt":"2025-03-15T21:26:47","guid":{"rendered":"https:\/\/www2.unifap.br\/ppgdas\/?page_id=10421"},"modified":"2025-12-09T09:32:17","modified_gmt":"2025-12-09T12:32:17","slug":"relatorio-de-pesquisa","status":"publish","type":"page","link":"https:\/\/www2.unifap.br\/ppgdas\/relatorio-de-pesquisa\/","title":{"rendered":"Relat\u00f3rios"},"content":{"rendered":"\t\t<div data-elementor-type=\"wp-page\" data-elementor-id=\"10421\" class=\"elementor elementor-10421\">\n\t\t\t\t\t\t<section class=\"elementor-section elementor-top-section elementor-element elementor-element-5cca4e3 elementor-section-boxed elementor-section-height-default elementor-section-height-default\" data-id=\"5cca4e3\" data-element_type=\"section\" data-e-type=\"section\">\n\t\t\t\t\t\t<div class=\"elementor-container elementor-column-gap-custom\">\n\t\t\t\t\t<div class=\"elementor-column elementor-col-100 elementor-top-column elementor-element elementor-element-aef4b24\" data-id=\"aef4b24\" data-element_type=\"column\" data-e-type=\"column\">\n\t\t\t<div class=\"elementor-widget-wrap elementor-element-populated\">\n\t\t\t\t\t\t<div class=\"elementor-element elementor-element-afaef4b elementor-widget__width-initial elementor-tabs-view-horizontal elementor-widget elementor-widget-tabs\" data-id=\"afaef4b\" data-element_type=\"widget\" data-e-type=\"widget\" data-widget_type=\"tabs.default\">\n\t\t\t\t\t\t\t<div class=\"elementor-tabs\">\n\t\t\t<div class=\"elementor-tabs-wrapper\" role=\"tablist\" >\n\t\t\t\t\t\t\t\t\t<div id=\"elementor-tab-title-1841\" class=\"elementor-tab-title elementor-tab-desktop-title\" aria-selected=\"true\" data-tab=\"1\" role=\"tab\" tabindex=\"0\" aria-controls=\"elementor-tab-content-1841\" aria-expanded=\"false\">EST\u00c1GIO P\u00d3S-DOUTORAL<\/div>\n\t\t\t\t\t\t\t\t\t<div id=\"elementor-tab-title-1842\" class=\"elementor-tab-title elementor-tab-desktop-title\" aria-selected=\"false\" data-tab=\"2\" role=\"tab\" tabindex=\"-1\" aria-controls=\"elementor-tab-content-1842\" aria-expanded=\"false\">RELAT\u00d3RIOS T\u00c9CNICO-CIENT\u00cdFICO<\/div>\n\t\t\t\t\t\t\t\t\t<div id=\"elementor-tab-title-1843\" class=\"elementor-tab-title elementor-tab-desktop-title\" aria-selected=\"false\" data-tab=\"3\" role=\"tab\" tabindex=\"-1\" aria-controls=\"elementor-tab-content-1843\" aria-expanded=\"false\">RELAT\u00d3RIO DE PESQUISA<\/div>\n\t\t\t\t\t\t\t<\/div>\n\t\t\t<div class=\"elementor-tabs-content-wrapper\" role=\"tablist\" aria-orientation=\"vertical\">\n\t\t\t\t\t\t\t\t\t<div class=\"elementor-tab-title elementor-tab-mobile-title\" aria-selected=\"true\" data-tab=\"1\" role=\"tab\" tabindex=\"0\" aria-controls=\"elementor-tab-content-1841\" aria-expanded=\"false\">EST\u00c1GIO P\u00d3S-DOUTORAL<\/div>\n\t\t\t\t\t<div id=\"elementor-tab-content-1841\" class=\"elementor-tab-content elementor-clearfix\" data-tab=\"1\" role=\"tabpanel\" aria-labelledby=\"elementor-tab-title-1841\" tabindex=\"0\" hidden=\"false\"><p><span style=\"color: #000000\"><strong>Autor:<\/strong> Profa. Dra. Mar\u00edlia Gabriela Silva Lobato<\/span><br \/><span style=\"color: #000000\"><strong>Institui\u00e7\u00e3o do Est\u00e1gio:<\/strong>\u00a0<\/span><br \/><span style=\"color: #000000\"><strong>Institui\u00e7\u00e3o de Origem<\/strong>: Universidade Federal do Amap\u00e1 &#8211; UNIFAP<\/span><\/p><h5><strong>Acesse aqui o relat\u00f3rio<\/strong><\/h5><hr \/><p><span style=\"color: #000000\"><strong>Autor:<\/strong> Prof. Dr. F\u00e1bio Andr\u00e9 Hahn<\/span><br \/><span style=\"color: #000000\"><strong>Institui\u00e7\u00e3o do Est\u00e1gio:<\/strong> Programa de P\u00f3s-gradua\u00e7\u00e3o em Desenvolvimento da Amaz\u00f4nia Sustent\u00e1vel &#8211; Universidade Federal do Amap\u00e1 \u2013 UNIFAP<\/span><br \/><span style=\"color: #000000\"><strong>Institui\u00e7\u00e3o de Origem<\/strong>: Universidade Estadual do Paran\u00e1 \u2013 Unespar\/Campo Mour\u00e3o<\/span><\/p><h5><strong><a href=\"http:\/\/www2.unifap.br\/ppgdas\/files\/2025\/11\/RELATORIO-FINAL-POS-DOC-PPGDAS-2025.pdf\" target=\"_blank\" rel=\"noopener\">Acesse aqui o relat\u00f3rio<\/a><\/strong><\/h5><hr \/><p><span style=\"color: #000000\"><strong>Autor:<\/strong> Prof. Dr. Jos\u00e9 Francisco de Carvalho Ferreira<\/span><br \/><span style=\"color: #000000\"><strong>Institui\u00e7\u00e3o do Est\u00e1gio:<\/strong> Programa de P\u00f3s-gradua\u00e7\u00e3o em Desenvolvimento e Meio Ambiente &#8211; Universidade Federal do Cear\u00e1 &#8211; PRODEMA\/UFC<\/span><br \/><span style=\"color: #000000\"><strong>Institui\u00e7\u00e3o de Origem<\/strong>: Universidade Federal do Amap\u00e1 &#8211; UNIFAP<\/span><\/p><h5><strong><a href=\"http:\/\/www2.unifap.br\/ppgdas\/files\/2025\/12\/RELATORIO_PRAPG_FINAL_Jose-Francisco-de-Carvalho-Ferreira.pdf\" target=\"_blank\" rel=\"noopener\">Acesse aqui o relat\u00f3rio<\/a><\/strong><\/h5><hr \/><p><span style=\"color: #000000\"><strong>Autor:<\/strong> Prof. Dr. Jadson Lu\u00eds Rebelo Porto\u00a0<\/span><br \/><span style=\"color: #000000\"><strong>Institui\u00e7\u00e3o do Est\u00e1gio:<\/strong> University of Santiago de Compostela &#8211; Campus Santiago, USC, Espanha.<\/span><br \/><span style=\"color: #000000\"><strong>Institui\u00e7\u00e3o de Origem<\/strong>: Universidade Federal do Amap\u00e1 &#8211; UNIFAP<\/span><\/p><p><strong>Acesse aqui o relat\u00f3rio<\/strong><\/p><hr \/><p><span style=\"color: #000000\"><strong>Autor:<\/strong> Prof. Dr. Victor Manuel Arocena Canazas<\/span><br \/><span style=\"color: #000000\"><strong>Institui\u00e7\u00e3o do Est\u00e1gio:<\/strong> Programa de P\u00f3s-gradua\u00e7\u00e3o em Desenvolvimento da Amaz\u00f4nia Sustent\u00e1vel &#8211; Universidade Federal do Amap\u00e1 \u2013 UNIFAP<\/span><br \/><span style=\"color: #000000\"><strong>Institui\u00e7\u00e3o de Origem<\/strong>: Universidad Peruana Cayetano Heredia &#8211; UPCH, UPCH, Peru<\/span><\/p><h5><strong><a href=\"http:\/\/www2.unifap.br\/ppgdas\/files\/2025\/12\/Relatorio-Final.pdf\" target=\"_blank\" rel=\"noopener\">Acesse aqui o relat\u00f3rio<\/a><\/strong><\/h5><hr \/><\/div>\n\t\t\t\t\t\t\t\t\t<div class=\"elementor-tab-title elementor-tab-mobile-title\" aria-selected=\"false\" data-tab=\"2\" role=\"tab\" tabindex=\"-1\" aria-controls=\"elementor-tab-content-1842\" aria-expanded=\"false\">RELAT\u00d3RIOS T\u00c9CNICO-CIENT\u00cdFICO<\/div>\n\t\t\t\t\t<div id=\"elementor-tab-content-1842\" class=\"elementor-tab-content elementor-clearfix\" data-tab=\"2\" role=\"tabpanel\" aria-labelledby=\"elementor-tab-title-1842\" tabindex=\"0\" hidden=\"hidden\"><ul><li><span style=\"color: #000000\"><strong>Autor:<\/strong> Jadson Porto\u00a0<\/span><\/li><li><span style=\"color: #000000\">Relat\u00f3rio de mobilidade acad\u00eamica: Desenvolvimento Regional, PPGDR\/UFT<\/span><\/li><li><strong><a href=\"http:\/\/www2.unifap.br\/ppgdas\/files\/2025\/12\/ENTRE-INTENCOES-E-INFLEXOES-DE-DESENVOLVIMENTO-ASPECTOS-DE-UMA-PARTICULARIDADE-TOCANTINENSE_Versao-final.pdf\" target=\"_blank\" rel=\"noopener\">Acesse aqui o relat\u00f3rio<\/a><\/strong><\/li><\/ul><hr \/><\/div>\n\t\t\t\t\t\t\t\t\t<div class=\"elementor-tab-title elementor-tab-mobile-title\" aria-selected=\"false\" data-tab=\"3\" role=\"tab\" tabindex=\"-1\" aria-controls=\"elementor-tab-content-1843\" aria-expanded=\"false\">RELAT\u00d3RIO DE PESQUISA<\/div>\n\t\t\t\t\t<div id=\"elementor-tab-content-1843\" class=\"elementor-tab-content elementor-clearfix\" data-tab=\"3\" role=\"tabpanel\" aria-labelledby=\"elementor-tab-title-1843\" tabindex=\"0\" hidden=\"hidden\"><p><span style=\"color: #000000\"><strong>Autora:<\/strong> Mar\u00edlia Gabriela Silva Lobato<\/span><\/p><p><span style=\"color: #008000\"><strong><a style=\"color: #008000\" href=\"http:\/\/www2.unifap.br\/ppgdas\/files\/2025\/12\/projeto-Cooperalca-2024.docx.pdf\" target=\"_blank\" rel=\"noopener\">Acesse aqui o relat\u00f3rio<\/a><\/strong><\/span><\/p><\/div>\n\t\t\t\t\t\t\t<\/div>\n\t\t<\/div>\n\t\t\t\t\t\t<\/div>\n\t\t\t\t\t<\/div>\n\t\t<\/div>\n\t\t\t\t\t<\/div>\n\t\t<\/section>\n\t\t\t\t<section class=\"elementor-section elementor-top-section elementor-element elementor-element-2872d21 elementor-section-boxed elementor-section-height-default elementor-section-height-default\" data-id=\"2872d21\" data-element_type=\"section\" data-e-type=\"section\">\n\t\t\t\t\t\t<div class=\"elementor-container elementor-column-gap-default\">\n\t\t\t\t\t<div class=\"elementor-column elementor-col-100 elementor-top-column elementor-element elementor-element-f2b0c82\" data-id=\"f2b0c82\" data-element_type=\"column\" data-e-type=\"column\">\n\t\t\t<div class=\"elementor-widget-wrap\">\n\t\t\t\t\t\t\t<\/div>\n\t\t<\/div>\n\t\t\t\t\t<\/div>\n\t\t<\/section>\n\t\t\t\t<\/div>\n\t\t","protected":false},"excerpt":{"rendered":"<p>EST\u00c1GIO P\u00d3S-DOUTORAL RELAT\u00d3RIOS T\u00c9CNICO-CIENT\u00cdFICO RELAT\u00d3RIO DE PESQUISA EST\u00c1GIO P\u00d3S-DOUTORAL Autor: Profa. Dra. Mar\u00edlia Gabriela Silva LobatoInstitui\u00e7\u00e3o do Est\u00e1gio:\u00a0Institui\u00e7\u00e3o de Origem: Universidade Federal do Amap\u00e1 &#8211; UNIFAP Acesse aqui o relat\u00f3rio Autor: Prof. Dr. F\u00e1bio Andr\u00e9 HahnInstitui\u00e7\u00e3o do Est\u00e1gio: Programa de P\u00f3s-gradua\u00e7\u00e3o em Desenvolvimento da Amaz\u00f4nia Sustent\u00e1vel &#8211; Universidade Federal do Amap\u00e1 \u2013 UNIFAPInstitui\u00e7\u00e3o de Origem:&#8230;<\/p>\n","protected":false},"author":3845,"featured_media":0,"parent":0,"menu_order":0,"comment_status":"closed","ping_status":"closed","template":"","meta":{"inline_featured_image":false,"site-sidebar-layout":"no-sidebar","site-content-layout":"page-builder","ast-site-content-layout":"full-width-container","site-content-style":"unboxed","site-sidebar-style":"unboxed","ast-global-header-display":"","ast-banner-title-visibility":"","ast-main-header-display":"","ast-hfb-above-header-display":"","ast-hfb-below-header-display":"","ast-hfb-mobile-header-display":"","site-post-title":"disabled","ast-breadcrumbs-content":"","ast-featured-img":"disabled","footer-sml-layout":"","theme-transparent-header-meta":"default","adv-header-id-meta":"","stick-header-meta":"","header-above-stick-meta":"","header-main-stick-meta":"","header-below-stick-meta":"","astra-migrate-meta-layouts":"set","ast-page-background-enabled":"default","ast-page-background-meta":{"desktop":{"background-color":"var(--ast-global-color-4)","background-image":"","background-repeat":"repeat","background-position":"center center","background-size":"auto","background-attachment":"scroll","background-type":"","background-media":"","overlay-type":"","overlay-color":"","overlay-opacity":"","overlay-gradient":""},"tablet":{"background-color":"","background-image":"","background-repeat":"repeat","background-position":"center center","background-size":"auto","background-attachment":"scroll","background-type":"","background-media":"","overlay-type":"","overlay-color":"","overlay-opacity":"","overlay-gradient":""},"mobile":{"background-color":"","background-image":"","background-repeat":"repeat","background-position":"center center","background-size":"auto","background-attachment":"scroll","background-type":"","background-media":"","overlay-type":"","overlay-color":"","overlay-opacity":"","overlay-gradient":""}},"ast-content-background-meta":{"desktop":{"background-color":"var(--ast-global-color-5)","background-image":"","background-repeat":"repeat","background-position":"center center","background-size":"auto","background-attachment":"scroll","background-type":"","background-media":"","overlay-type":"","overlay-color":"","overlay-opacity":"","overlay-gradient":""},"tablet":{"background-color":"var(--ast-global-color-5)","background-image":"","background-repeat":"repeat","background-position":"center center","background-size":"auto","background-attachment":"scroll","background-type":"","background-media":"","overlay-type":"","overlay-color":"","overlay-opacity":"","overlay-gradient":""},"mobile":{"background-color":"var(--ast-global-color-5)","background-image":"","background-repeat":"repeat","background-position":"center center","background-size":"auto","background-attachment":"scroll","background-type":"","background-media":"","overlay-type":"","overlay-color":"","overlay-opacity":"","overlay-gradient":""}},"ngg_post_thumbnail":0,"footnotes":""},"class_list":["post-10421","page","type-page","status-publish","hentry"],"_links":{"self":[{"href":"https:\/\/www2.unifap.br\/ppgdas\/wp-json\/wp\/v2\/pages\/10421","targetHints":{"allow":["GET"]}}],"collection":[{"href":"https:\/\/www2.unifap.br\/ppgdas\/wp-json\/wp\/v2\/pages"}],"about":[{"href":"https:\/\/www2.unifap.br\/ppgdas\/wp-json\/wp\/v2\/types\/page"}],"author":[{"embeddable":true,"href":"https:\/\/www2.unifap.br\/ppgdas\/wp-json\/wp\/v2\/users\/3845"}],"replies":[{"embeddable":true,"href":"https:\/\/www2.unifap.br\/ppgdas\/wp-json\/wp\/v2\/comments?post=10421"}],"version-history":[{"count":36,"href":"https:\/\/www2.unifap.br\/ppgdas\/wp-json\/wp\/v2\/pages\/10421\/revisions"}],"predecessor-version":[{"id":13037,"href":"https:\/\/www2.unifap.br\/ppgdas\/wp-json\/wp\/v2\/pages\/10421\/revisions\/13037"}],"wp:attachment":[{"href":"https:\/\/www2.unifap.br\/ppgdas\/wp-json\/wp\/v2\/media?parent=10421"}],"curies":[{"name":"wp","href":"https:\/\/api.w.org\/{rel}","templated":true}]}}