{"id":11337,"date":"2025-04-05T11:29:57","date_gmt":"2025-04-05T14:29:57","guid":{"rendered":"https:\/\/www2.unifap.br\/ppgdas\/?page_id=11337"},"modified":"2025-10-14T14:02:37","modified_gmt":"2025-10-14T17:02:37","slug":"v-seminario-de-desenvolvimento-regional-2","status":"publish","type":"page","link":"https:\/\/www2.unifap.br\/ppgdas\/v-seminario-de-desenvolvimento-regional-2\/","title":{"rendered":"V Semin\u00e1rio de Desenvolvimento Regional"},"content":{"rendered":"\t\t<div data-elementor-type=\"wp-page\" data-elementor-id=\"11337\" class=\"elementor elementor-11337\">\n\t\t\t\t\t\t<section class=\"elementor-section elementor-top-section elementor-element elementor-element-1f4cfbf elementor-section-full_width elementor-section-height-default elementor-section-height-default\" data-id=\"1f4cfbf\" data-element_type=\"section\" data-e-type=\"section\">\n\t\t\t\t\t\t<div class=\"elementor-container elementor-column-gap-default\">\n\t\t\t\t\t<div class=\"elementor-column elementor-col-100 elementor-top-column elementor-element elementor-element-8709682\" data-id=\"8709682\" data-element_type=\"column\" data-e-type=\"column\">\n\t\t\t<div class=\"elementor-widget-wrap elementor-element-populated\">\n\t\t\t\t\t\t<div class=\"elementor-element elementor-element-c49a7e6 eael-dual-header-content-align-center elementor-widget elementor-widget-eael-dual-color-header\" data-id=\"c49a7e6\" data-element_type=\"widget\" data-e-type=\"widget\" data-widget_type=\"eael-dual-color-header.default\">\n\t\t\t\t\t\t\t\t<div class=\"eael-dual-header\">\n\t\t\t\t<h2 class=\"title eael-dch-title\"><span class=\"eael-dch-title-text eael-dch-title-lead lead solid-color\"><\/span> <span class=\"eael-dch-title-text\">V Semin\u00e1rio de Desenvolvimento Regional: Amaz\u00f4nia, Sustentabilidade e Bem Viver.<\/span><\/h2>\t\t\t\t\t<span class=\"eael-dch-svg-icon\"><\/span>\t\t\t\t\t\t\t<\/div>\n\n\t\t\t\t\t\t<\/div>\n\t\t\t\t\t<\/div>\n\t\t<\/div>\n\t\t\t\t\t<\/div>\n\t\t<\/section>\n\t\t\t\t<section class=\"elementor-section elementor-top-section elementor-element elementor-element-51f6724 elementor-section-height-min-height elementor-section-boxed elementor-section-height-default elementor-section-items-middle\" data-id=\"51f6724\" data-element_type=\"section\" data-e-type=\"section\">\n\t\t\t\t\t\t<div class=\"elementor-container elementor-column-gap-default\">\n\t\t\t\t\t<div class=\"elementor-column elementor-col-100 elementor-top-column elementor-element elementor-element-9fe509b\" data-id=\"9fe509b\" data-element_type=\"column\" data-e-type=\"column\">\n\t\t\t<div class=\"elementor-widget-wrap elementor-element-populated\">\n\t\t\t\t\t\t<div class=\"elementor-element elementor-element-808f2da elementor-widget elementor-widget-image\" data-id=\"808f2da\" data-element_type=\"widget\" data-e-type=\"widget\" data-widget_type=\"image.default\">\n\t\t\t\t\t\t\t\t\t\t\t\t\t\t\t<img fetchpriority=\"high\" decoding=\"async\" width=\"1024\" height=\"576\" src=\"https:\/\/www2.unifap.br\/ppgdas\/files\/2025\/04\/imagem-oficial-20-anos-1024x576.png\" class=\"attachment-large size-large wp-image-11503\" alt=\"\" srcset=\"https:\/\/www2.unifap.br\/ppgdas\/files\/2025\/04\/imagem-oficial-20-anos-1024x576.png 1024w, https:\/\/www2.unifap.br\/ppgdas\/files\/2025\/04\/imagem-oficial-20-anos-300x169.png 300w, https:\/\/www2.unifap.br\/ppgdas\/files\/2025\/04\/imagem-oficial-20-anos-768x432.png 768w, https:\/\/www2.unifap.br\/ppgdas\/files\/2025\/04\/imagem-oficial-20-anos.png 1280w\" sizes=\"(max-width: 1024px) 100vw, 1024px\" \/>\t\t\t\t\t\t\t\t\t\t\t\t\t\t\t<\/div>\n\t\t\t\t\t<\/div>\n\t\t<\/div>\n\t\t\t\t\t<\/div>\n\t\t<\/section>\n\t\t\t\t<section class=\"elementor-section elementor-top-section elementor-element elementor-element-70d1083 elementor-section-height-min-height elementor-section-boxed elementor-section-height-default elementor-section-items-middle\" data-id=\"70d1083\" data-element_type=\"section\" data-e-type=\"section\">\n\t\t\t\t\t\t<div class=\"elementor-container elementor-column-gap-default\">\n\t\t\t\t\t<div class=\"elementor-column elementor-col-100 elementor-top-column elementor-element elementor-element-8437686\" data-id=\"8437686\" data-element_type=\"column\" data-e-type=\"column\">\n\t\t\t<div class=\"elementor-widget-wrap elementor-element-populated\">\n\t\t\t\t\t\t<div class=\"elementor-element elementor-element-56c5cd7 elementor-widget__width-initial eael-dual-header-content-align-left elementor-widget elementor-widget-eael-dual-color-header\" data-id=\"56c5cd7\" data-element_type=\"widget\" data-e-type=\"widget\" data-widget_type=\"eael-dual-color-header.default\">\n\t\t\t\t\t\t\t\t<div class=\"eael-dual-header\">\n\t\t\t\t<h2 class=\"title eael-dch-title\"><span class=\"eael-dch-title-text eael-dch-title-lead lead solid-color\"><\/span> <span class=\"eael-dch-title-text\">SOBRE O EVENTO <\/span><\/h2>\t\t\t\t\t<span class=\"subtext\"><p style=\"text-align: left\"><span style=\"color: #008000\"><span style=\"font-weight: 400\">O V Semin\u00e1rio de Desenvolvimento Regional organizado por docentes, discentes, egressos e t\u00e9cnicos administrativos do Programa de P\u00f3s-gradua\u00e7\u00e3o em Desenvolvimento da Amaz\u00f4nia Sustent\u00e1vel (PPGDAS) da Universidade Federal do Amap\u00e1 (UNIFAP), com apoio de discentes do curso dos Sociologia e Tecnologia em Secretariado da UNIFAP, homenageia os 20 anos de ensino, pesquisa e extens\u00e3o do PPGDAS.<\/span><span style=\"font-weight: 400\"> O evento tem como objetivo debater com a comunidade interna e externa \u00e0 UNIFAP tem\u00e1ticas que s\u00e3o inerentes \u00e0s pesquisas no Programa, a exemplo do Planejamento Urbano e Rural, Sociobiodiversidade, Sistemas Produtivos Locais, Comunidades Tradicionais, Assimetrias Regionais, Desenvolvimento, Bem Viver. O PPGDAS tem em sua g\u00eanese o debate sobre o desenvolvimento enquanto enfrentamento da l\u00f3gica espoliante da nossa sociedade, buscando construir ferramentas que subsidiem pol\u00edticas p\u00fablicas para reduzir desigualdades sociais na Amaz\u00f4nia, proporcionando maior sustentabilidade social, econ\u00f4mica e ambiental.<\/span><\/span><\/p><h4 style=\"text-align: left\"><b>Mais informa\u00e7\u00f5es:<\/b><\/h4><ul><li style=\"text-align: left\"><span style=\"font-weight: 400\">Inscri\u00e7\u00f5es e Submiss\u00e3o de Trabalhos &#8211; <\/span><a href=\"https:\/\/docs.google.com\/forms\/d\/1RCP4cPhfaF9nq_r_28VEdEB1zMyUa2VZY8k7mVgu790\/viewform?pli=1&amp;pli=1&amp;edit_requested=true\" target=\"_blank\" rel=\"noopener\"><span style=\"color: #008000\"><strong>Link de acesso <\/strong><\/span><\/a><\/li><li style=\"text-align: left\"><span style=\"font-weight: 400\">Template de Resumo Expandido:\u00a0 <\/span><a href=\"http:\/\/www2.unifap.br\/ppgdas\/files\/2025\/04\/TEMPLATE-RESUMO-EXPANDIDO-V-SEMINARIO-DE-DESENVOLVIMENTO-REGIONAL-PPGDAS.docx\"><span style=\"color: #008000\"><strong><span style=\"font-weight: 400\"><strong>Baixe aqui o arquivo .doc<\/strong><\/span><\/strong><\/span><\/a><\/li><li style=\"text-align: left\"><span style=\"font-weight: 400\">Template do Artigo completo: <\/span><a href=\"http:\/\/www2.unifap.br\/ppgdas\/files\/2025\/04\/TEMPLATE-Artigo-Completo-V-SEMINARIO-DE-DESENVOLVIMENTO-REGIONAL-PPGDAS.docx\" target=\"_blank\" rel=\"noopener\"><strong><span style=\"font-size: 16px;color: #008000\">Baixe aqui o arquivo .doc<\/span><\/strong><\/a><\/li><\/ul><p><span style=\"color: #008000\"><em>(Caso utilize Navegador Chrome e n\u00e3o consiga abrir o Link dos Templates, clique sobre o Link com o bot\u00e3o direito e v\u00e1 em &#8220;Salvar Link como&#8221;<\/em>)<\/span><\/p><h4 style=\"text-align: left\"><span style=\"color: #ff0000\"><strong>Resultados dos trabalhos aprovados &#8211; V Semin\u00e1rio de Desenvolvimento Regional<\/strong><\/span><\/h4><ul><li><h5>Resultados e mesas de apresenta\u00e7\u00f5es:<span style=\"text-decoration: underline\"><span style=\"color: #008000;text-decoration: underline\"><a style=\"color: #008000;text-decoration: underline\" href=\"http:\/\/www2.unifap.br\/ppgdas\/files\/2025\/05\/RESULTADO-V-SEMINARIO.pdf\" target=\"_blank\" rel=\"noopener\"> Resultados V Semin\u00e1rio de Desenvolvimento Regional.pdf<\/a><\/span><\/span><\/h5><\/li><\/ul><h4 style=\"text-align: left\"><span style=\"color: #ff0000\"><strong>Modelo de Slide para apresenta\u00e7\u00e3o de trabalho <\/strong><\/span><span style=\"color: #ff0000\"><strong>&#8211; V Semin\u00e1rio de Desenvolvimento Regional<\/strong><\/span><\/h4><h5>Acesse aqui o arquivo:\u00a0<a href=\"http:\/\/www2.unifap.br\/ppgdas\/files\/2025\/05\/SLAID-V-SEMINARIO-PPGDAS-MODELO-1-1.pptx\" target=\"_blank\" rel=\"noopener\">Modelo de Slide &#8211; V Semin\u00e1rio do Desenvolvimento\u00a0 Regional<\/a><\/h5><p><span style=\"color: #008000\"><em>(Caso utilize Navegador Chrome e n\u00e3o consiga abrir o do Modelo de Slide clique<\/em><\/span><\/p><hr \/><h4 style=\"text-align: center\"><span style=\"color: #ff0000\"><strong>MESA DE APRESENTA\u00c7\u00c3O SIMULT\u00c2NEA<\/strong><\/span><\/h4><p><span style=\"color: #000000\"><strong>\u00a0AUDIT\u00d3RIO 01 DO CURSO DE MEDICINA: REMOTO E PRESENCIAL, 9h \u00e0s 18:30h.<\/strong><\/span><\/p><p><span style=\"color: #000000\"><strong>AUDIT\u00d3RIO DA PROEAC: PRESENCIAL, 8h30 \u00e0s 15h.<\/strong><\/span><\/p><p><span style=\"color: #008000\"><em><strong>Por gentileza, verificar a lista final de trabalhos aprovados e local de apresenta\u00e7\u00e3o em: Resultados e mesas de apresenta\u00e7\u00f5es: Resultados V Semin\u00e1rio de Desenvolvimento Regional.pdf<\/strong><\/em><\/span><\/p><hr \/><h4 style=\"text-align: left\"><b>Datas Importantes:<\/b><\/h4><ul><li><span style=\"font-weight: 400\">Submiss\u00e3o de Trabalhos:<b>05.04.25 a 09.05.2025\u00a0 &#8211; <\/b><em><b><span style=\"color: #008000\">1\u00aa RETIFICA\u00c7\u00c3O 14\/05\/2025\u00a0<\/span><\/b><\/em><\/span><\/li><li><span style=\"font-weight: 400\">Divulga\u00e7\u00e3o das Avalia\u00e7\u00f5es dos Resumos: \u00a0<b>20.05.2025 &#8211; <em><span style=\"color: #008000\">1\u00aa RETIFICA\u00c7\u00c3O &#8211; 22\/05\/2025\u00a0 |\u00a0 2\u00aa RETIFICA\u00c7\u00c3O &#8211; 24\/05\/2025<\/span><\/em><\/b><\/span><\/li><li><span style=\"font-weight: 400\">Envio dos Artigos Completos: <\/span><b>30.10.2025, para email: <span style=\"color: #008000\"><em>atendimentoppgdas@unifap.br<\/em><\/span><\/b><\/li><\/ul><pre><em>ATEN\u00c7\u00c3O<\/em><br \/><em>O prazo para submiss\u00e3o de resumo expandido encerra-se em 14 de maio de 2025, \u00e0s 23h59.<\/em><br \/><em>As inscri\u00e7\u00f5es para participa\u00e7\u00e3o no evento poder\u00e3o ser realizadas at\u00e9 26 de maio de 2025, \u00e0s 22h.<\/em><\/pre><p><em><strong>Os autores dos trabalhos aprovados e apresentados no V Semin\u00e1rio de Desenvolvimento Regional ter\u00e3o at\u00e9 o dia 30.10.25 para enviarem os artigos completos para ppgdas@unifap.br, indicando no e-mail: Nome Primeiro autor + V Semin\u00e1rio de Desenvolvimento Regional. Os artigos aprovados ser\u00e3o publicados em livro por editora universit\u00e1ria.<\/strong><\/em><\/p><\/span>\n\t\t\t\t\t\t\t\t\t<span class=\"eael-dch-svg-icon\"><\/span>\t\t\t\t\t\t\t<\/div>\n\n\t\t\t\t\t\t<\/div>\n\t\t\t\t\t<\/div>\n\t\t<\/div>\n\t\t\t\t\t<\/div>\n\t\t<\/section>\n\t\t\t\t<section class=\"elementor-section elementor-top-section elementor-element elementor-element-3d06601 elementor-section-full_width elementor-section-height-default elementor-section-height-default\" data-id=\"3d06601\" data-element_type=\"section\" data-e-type=\"section\">\n\t\t\t\t\t\t<div class=\"elementor-container elementor-column-gap-default\">\n\t\t\t\t\t<div class=\"elementor-column elementor-col-100 elementor-top-column elementor-element elementor-element-de4fbec\" data-id=\"de4fbec\" data-element_type=\"column\" data-e-type=\"column\">\n\t\t\t<div class=\"elementor-widget-wrap elementor-element-populated\">\n\t\t\t\t\t\t<div class=\"elementor-element elementor-element-c602ab8 elementor-widget elementor-widget-heading\" data-id=\"c602ab8\" data-element_type=\"widget\" data-e-type=\"widget\" data-widget_type=\"heading.default\">\n\t\t\t\t\t<h3 class=\"elementor-heading-title elementor-size-default\"><a href=\"https:\/\/www2.unifap.br\/ppgdas\/v-seminario-de-desenvolvimento-regional-programa\/\">Programa\u00e7\u00e3o: Acesse aqui o Link <\/a><\/h3>\t\t\t\t<\/div>\n\t\t\t\t\t<\/div>\n\t\t<\/div>\n\t\t\t\t\t<\/div>\n\t\t<\/section>\n\t\t\t\t<section class=\"elementor-section elementor-top-section elementor-element elementor-element-8098c68 elementor-section-full_width elementor-section-height-default elementor-section-height-default\" data-id=\"8098c68\" data-element_type=\"section\" data-e-type=\"section\">\n\t\t\t\t\t\t<div class=\"elementor-container elementor-column-gap-default\">\n\t\t\t\t\t<div class=\"elementor-column elementor-col-100 elementor-top-column elementor-element elementor-element-f3b77fa\" data-id=\"f3b77fa\" data-element_type=\"column\" data-e-type=\"column\">\n\t\t\t<div class=\"elementor-widget-wrap elementor-element-populated\">\n\t\t\t\t\t\t<div class=\"elementor-element elementor-element-f2cf414 elementor-widget elementor-widget-heading\" data-id=\"f2cf414\" data-element_type=\"widget\" data-e-type=\"widget\" data-widget_type=\"heading.default\">\n\t\t\t\t\t<h5 class=\"elementor-heading-title elementor-size-default\">Em caso de d\u00favidas tratar pelo e-mail: atendimentoppgdas@unifap.br   <\/h5>\t\t\t\t<\/div>\n\t\t\t\t\t<\/div>\n\t\t<\/div>\n\t\t\t\t\t<\/div>\n\t\t<\/section>\n\t\t\t\t<section class=\"elementor-section elementor-top-section elementor-element elementor-element-1b3dd8b elementor-section-full_width elementor-section-height-default elementor-section-height-default\" data-id=\"1b3dd8b\" data-element_type=\"section\" data-e-type=\"section\">\n\t\t\t\t\t\t<div class=\"elementor-container elementor-column-gap-default\">\n\t\t\t\t\t<div class=\"elementor-column elementor-col-100 elementor-top-column elementor-element elementor-element-2111e4e\" data-id=\"2111e4e\" data-element_type=\"column\" data-e-type=\"column\">\n\t\t\t<div class=\"elementor-widget-wrap\">\n\t\t\t\t\t\t\t<\/div>\n\t\t<\/div>\n\t\t\t\t\t<\/div>\n\t\t<\/section>\n\t\t\t\t<\/div>\n\t\t","protected":false},"excerpt":{"rendered":"<p>V Semin\u00e1rio de Desenvolvimento Regional: Amaz\u00f4nia, Sustentabilidade e Bem Viver. SOBRE O EVENTO O V Semin\u00e1rio de Desenvolvimento Regional organizado por docentes, discentes, egressos e t\u00e9cnicos administrativos do Programa de P\u00f3s-gradua\u00e7\u00e3o em Desenvolvimento da Amaz\u00f4nia Sustent\u00e1vel (PPGDAS) da Universidade Federal do Amap\u00e1 (UNIFAP), com apoio de discentes do curso dos Sociologia e Tecnologia em Secretariado&#8230;<\/p>\n","protected":false},"author":3845,"featured_media":0,"parent":0,"menu_order":0,"comment_status":"closed","ping_status":"closed","template":"","meta":{"inline_featured_image":false,"site-sidebar-layout":"no-sidebar","site-content-layout":"page-builder","ast-site-content-layout":"normal-width-container","site-content-style":"unboxed","site-sidebar-style":"unboxed","ast-global-header-display":"","ast-banner-title-visibility":"","ast-main-header-display":"","ast-hfb-above-header-display":"","ast-hfb-below-header-display":"","ast-hfb-mobile-header-display":"","site-post-title":"disabled","ast-breadcrumbs-content":"","ast-featured-img":"disabled","footer-sml-layout":"","theme-transparent-header-meta":"default","adv-header-id-meta":"","stick-header-meta":"","header-above-stick-meta":"","header-main-stick-meta":"","header-below-stick-meta":"","astra-migrate-meta-layouts":"set","ast-page-background-enabled":"default","ast-page-background-meta":{"desktop":{"background-color":"var(--ast-global-color-4)","background-image":"","background-repeat":"repeat","background-position":"center center","background-size":"auto","background-attachment":"scroll","background-type":"","background-media":"","overlay-type":"","overlay-color":"","overlay-opacity":"","overlay-gradient":""},"tablet":{"background-color":"","background-image":"","background-repeat":"repeat","background-position":"center center","background-size":"auto","background-attachment":"scroll","background-type":"","background-media":"","overlay-type":"","overlay-color":"","overlay-opacity":"","overlay-gradient":""},"mobile":{"background-color":"","background-image":"","background-repeat":"repeat","background-position":"center center","background-size":"auto","background-attachment":"scroll","background-type":"","background-media":"","overlay-type":"","overlay-color":"","overlay-opacity":"","overlay-gradient":""}},"ast-content-background-meta":{"desktop":{"background-color":"var(--ast-global-color-5)","background-image":"","background-repeat":"repeat","background-position":"center center","background-size":"auto","background-attachment":"scroll","background-type":"","background-media":"","overlay-type":"","overlay-color":"","overlay-opacity":"","overlay-gradient":""},"tablet":{"background-color":"var(--ast-global-color-5)","background-image":"","background-repeat":"repeat","background-position":"center center","background-size":"auto","background-attachment":"scroll","background-type":"","background-media":"","overlay-type":"","overlay-color":"","overlay-opacity":"","overlay-gradient":""},"mobile":{"background-color":"var(--ast-global-color-5)","background-image":"","background-repeat":"repeat","background-position":"center center","background-size":"auto","background-attachment":"scroll","background-type":"","background-media":"","overlay-type":"","overlay-color":"","overlay-opacity":"","overlay-gradient":""}},"ngg_post_thumbnail":0,"footnotes":""},"class_list":["post-11337","page","type-page","status-publish","hentry"],"_links":{"self":[{"href":"https:\/\/www2.unifap.br\/ppgdas\/wp-json\/wp\/v2\/pages\/11337","targetHints":{"allow":["GET"]}}],"collection":[{"href":"https:\/\/www2.unifap.br\/ppgdas\/wp-json\/wp\/v2\/pages"}],"about":[{"href":"https:\/\/www2.unifap.br\/ppgdas\/wp-json\/wp\/v2\/types\/page"}],"author":[{"embeddable":true,"href":"https:\/\/www2.unifap.br\/ppgdas\/wp-json\/wp\/v2\/users\/3845"}],"replies":[{"embeddable":true,"href":"https:\/\/www2.unifap.br\/ppgdas\/wp-json\/wp\/v2\/comments?post=11337"}],"version-history":[{"count":134,"href":"https:\/\/www2.unifap.br\/ppgdas\/wp-json\/wp\/v2\/pages\/11337\/revisions"}],"predecessor-version":[{"id":12964,"href":"https:\/\/www2.unifap.br\/ppgdas\/wp-json\/wp\/v2\/pages\/11337\/revisions\/12964"}],"wp:attachment":[{"href":"https:\/\/www2.unifap.br\/ppgdas\/wp-json\/wp\/v2\/media?parent=11337"}],"curies":[{"name":"wp","href":"https:\/\/api.w.org\/{rel}","templated":true}]}}