{"id":11984,"date":"2025-05-05T19:08:14","date_gmt":"2025-05-05T22:08:14","guid":{"rendered":"https:\/\/www2.unifap.br\/ppgdas\/?page_id=11984"},"modified":"2025-05-05T19:53:56","modified_gmt":"2025-05-05T22:53:56","slug":"v-seminario-de-desenvolvimento-regional-fr","status":"publish","type":"page","link":"https:\/\/www2.unifap.br\/ppgdas\/v-seminario-de-desenvolvimento-regional-fr\/","title":{"rendered":"V Semin\u00e1rio de Desenvolvimento Regional &#8211; FR"},"content":{"rendered":"\t\t<div data-elementor-type=\"wp-page\" data-elementor-id=\"11984\" class=\"elementor elementor-11984\">\n\t\t\t\t\t\t<section class=\"elementor-section elementor-top-section elementor-element elementor-element-1f4cfbf elementor-section-full_width elementor-section-height-default elementor-section-height-default\" data-id=\"1f4cfbf\" data-element_type=\"section\" data-e-type=\"section\">\n\t\t\t\t\t\t<div class=\"elementor-container elementor-column-gap-default\">\n\t\t\t\t\t<div class=\"elementor-column elementor-col-100 elementor-top-column elementor-element elementor-element-8709682\" data-id=\"8709682\" data-element_type=\"column\" data-e-type=\"column\">\n\t\t\t<div class=\"elementor-widget-wrap elementor-element-populated\">\n\t\t\t\t\t\t<div class=\"elementor-element elementor-element-c49a7e6 eael-dual-header-content-align-center elementor-widget elementor-widget-eael-dual-color-header\" data-id=\"c49a7e6\" data-element_type=\"widget\" data-e-type=\"widget\" data-widget_type=\"eael-dual-color-header.default\">\n\t\t\t\t\t\t\t\t<div class=\"eael-dual-header\">\n\t\t\t\t<h2 class=\"title eael-dch-title\"><span class=\"eael-dch-title-text eael-dch-title-lead lead solid-color\"><\/span> <span class=\"eael-dch-title-text\">V\u1d49 S\u00e9minaire sur le d\u00e9veloppement r\u00e9gional : Amazonie, durabilit\u00e9 et bien-vivre<\/span><\/h2>\t\t\t\t\t<span class=\"eael-dch-svg-icon\"><\/span>\t\t\t\t\t\t\t<\/div>\n\n\t\t\t\t\t\t<\/div>\n\t\t\t\t\t<\/div>\n\t\t<\/div>\n\t\t\t\t\t<\/div>\n\t\t<\/section>\n\t\t\t\t<section class=\"elementor-section elementor-top-section elementor-element elementor-element-51f6724 elementor-section-height-min-height elementor-section-boxed elementor-section-height-default elementor-section-items-middle\" data-id=\"51f6724\" data-element_type=\"section\" data-e-type=\"section\">\n\t\t\t\t\t\t<div class=\"elementor-container elementor-column-gap-default\">\n\t\t\t\t\t<div class=\"elementor-column elementor-col-100 elementor-top-column elementor-element elementor-element-9fe509b\" data-id=\"9fe509b\" data-element_type=\"column\" data-e-type=\"column\">\n\t\t\t<div class=\"elementor-widget-wrap elementor-element-populated\">\n\t\t\t\t\t\t<div class=\"elementor-element elementor-element-808f2da elementor-widget elementor-widget-image\" data-id=\"808f2da\" data-element_type=\"widget\" data-e-type=\"widget\" data-widget_type=\"image.default\">\n\t\t\t\t\t\t\t\t\t\t\t\t\t\t\t<img fetchpriority=\"high\" decoding=\"async\" width=\"1024\" height=\"576\" src=\"https:\/\/www2.unifap.br\/ppgdas\/files\/2025\/04\/imagem-oficial-20-anos-1024x576.png\" class=\"attachment-large size-large wp-image-11503\" alt=\"\" srcset=\"https:\/\/www2.unifap.br\/ppgdas\/files\/2025\/04\/imagem-oficial-20-anos-1024x576.png 1024w, https:\/\/www2.unifap.br\/ppgdas\/files\/2025\/04\/imagem-oficial-20-anos-300x169.png 300w, https:\/\/www2.unifap.br\/ppgdas\/files\/2025\/04\/imagem-oficial-20-anos-768x432.png 768w, https:\/\/www2.unifap.br\/ppgdas\/files\/2025\/04\/imagem-oficial-20-anos.png 1280w\" sizes=\"(max-width: 1024px) 100vw, 1024px\" \/>\t\t\t\t\t\t\t\t\t\t\t\t\t\t\t<\/div>\n\t\t\t\t\t<\/div>\n\t\t<\/div>\n\t\t\t\t\t<\/div>\n\t\t<\/section>\n\t\t\t\t<section class=\"elementor-section elementor-top-section elementor-element elementor-element-70d1083 elementor-section-height-min-height elementor-section-boxed elementor-section-height-default elementor-section-items-middle\" data-id=\"70d1083\" data-element_type=\"section\" data-e-type=\"section\">\n\t\t\t\t\t\t<div class=\"elementor-container elementor-column-gap-default\">\n\t\t\t\t\t<div class=\"elementor-column elementor-col-100 elementor-top-column elementor-element elementor-element-8437686\" data-id=\"8437686\" data-element_type=\"column\" data-e-type=\"column\">\n\t\t\t<div class=\"elementor-widget-wrap elementor-element-populated\">\n\t\t\t\t\t\t<div class=\"elementor-element elementor-element-56c5cd7 elementor-widget__width-initial eael-dual-header-content-align-center elementor-widget elementor-widget-eael-dual-color-header\" data-id=\"56c5cd7\" data-element_type=\"widget\" data-e-type=\"widget\" data-widget_type=\"eael-dual-color-header.default\">\n\t\t\t\t\t\t\t\t<div class=\"eael-dual-header\">\n\t\t\t\t<h2 class=\"title eael-dch-title\"><span class=\"eael-dch-title-text eael-dch-title-lead lead solid-color\"><\/span> <span class=\"eael-dch-title-text\">\u00c0 propos de l'\u00e9v\u00e9nement<\/span><\/h2>\t\t\t\t\t<span class=\"subtext\"><p style=\"text-align: left\"><span style=\"color: #008000\"><span style=\"font-weight: 400\">Le V\u1d49 S\u00e9minaire sur le d\u00e9veloppement r\u00e9gional, organis\u00e9 par les professeurs, les \u00e9tudiants, les dipl\u00f4m\u00e9s et le personnel administratif du Programme d&#8217;\u00e9tudes sup\u00e9rieures en d\u00e9veloppement durable de l&#8217;Amazonie (PPGDAS) de l\u2019Universit\u00e9 f\u00e9d\u00e9rale de l\u2019Amap\u00e1 (UNIFAP), avec le soutien des \u00e9tudiants du cours de sociologie et de technologie du secr\u00e9tariat de l\u2019UNIFAP, rend hommage \u00e0 vingt ann\u00e9es d\u2019activit\u00e9s d\u2019enseignement, de recherche et d\u2019extension r\u00e9alis\u00e9es par le PPGDAS.<\/span><\/span><\/p><p style=\"text-align: left\"><span style=\"color: #008000\"><span style=\"font-weight: 400\">L\u2019\u00e9v\u00e9nement vise \u00e0 engager la communaut\u00e9 interne et externe de l\u2019UNIFAP autour de th\u00e9matiques li\u00e9es aux recherches du programme : am\u00e9nagement urbain et rural, sociobiodiversit\u00e9, syst\u00e8mes de production locaux, communaut\u00e9s traditionnelles, asym\u00e9tries r\u00e9gionales, d\u00e9veloppement et bien-vivre (Buen Vivir).\u00a0\u00a0<\/span><\/span><\/p><p style=\"text-align: left\"><span style=\"color: #008000\"><span style=\"font-weight: 400\">Le PPGDAS est, dans sa Gen\u00e8se, ancr\u00e9 dans le d\u00e9bat sur le d\u00e9veloppement en tant que confrontation avec la logique d\u2019exploitation de notre soci\u00e9t\u00e9. Il cherche \u00e0 construire des outils permettant de soutenir les politiques publiques visant \u00e0 r\u00e9duire les in\u00e9galit\u00e9s sociales en Amazonie, contribuant ainsi \u00e0 une durabilit\u00e9 sociale, \u00e9conomique et environnementale renforc\u00e9e.<br \/><\/span><\/span><\/p><h4 style=\"text-align: left\"><b>Pour de plus amples informations, veuillez contacter :<\/b><\/h4><ul><li style=\"text-align: left\"><span style=\"font-weight: 400\">Inscription et soumission des communications\u00a0 \u00a0&#8211; <\/span><strong><a href=\"https:\/\/docs.google.com\/forms\/d\/1RCP4cPhfaF9nq_r_28VEdEB1zMyUa2VZY8k7mVgu790\/viewform?pli=1&amp;pli=1&amp;edit_requested=true\" target=\"_blank\" rel=\"noopener\"><span style=\"color: #008000\"><span style=\"text-decoration: underline\">Lien d&#8217;acc\u00e8<\/span>.<\/span><\/a><\/strong><\/li><li style=\"text-align: left\"><span style=\"font-weight: 400\"><span style=\"font-weight: 400\">Mod\u00e8le de r\u00e9sum\u00e9 \u00e9tendu : <span style=\"text-decoration: underline\"><strong style=\"font-size: 16px\"><span style=\"font-size: 16px;color: #008000;text-decoration: underline\">T\u00e9l\u00e9chargez le fichier .doc ici.<\/span><\/strong><\/span><\/span><\/span><\/li><li style=\"text-align: left\"><p>Mod\u00e8le d\u2019article complet :<a href=\"http:\/\/www2.unifap.br\/ppgdas\/files\/2025\/04\/TEMPLATE-de-Artigo-para-o-Livro-FRANCES-PPGDAS-20-anos-.docx\"><span style=\"font-weight: 400\"> <span style=\"text-decoration: underline\"><strong style=\"font-size: 16px\"><span style=\"font-size: 16px;color: #008000;text-decoration: underline\">T\u00e9l\u00e9chargez le fichier .doc ici.<\/span><\/strong><\/span><\/span><\/a><\/p><\/li><\/ul><p><span style=\"color: #008000\"><em>(Si vous utilisez le navigateur Chrome et que vous ne pouvez pas ouvrir les liens des mod\u00e8les, cliquez avec le bouton droit sur le lien, puis s\u00e9lectionnez \u00ab Enregistrer le lien sous \u00bb <\/em>)<\/span><\/p><\/span>\n\t\t\t\t\t\t\t\t\t<span class=\"eael-dch-svg-icon\"><\/span>\t\t\t\t\t\t\t<\/div>\n\n\t\t\t\t\t\t<\/div>\n\t\t\t\t<div class=\"elementor-element elementor-element-723f1d1 elementor-widget__width-initial eael-dual-header-content-align-left elementor-widget elementor-widget-eael-dual-color-header\" data-id=\"723f1d1\" data-element_type=\"widget\" data-e-type=\"widget\" data-widget_type=\"eael-dual-color-header.default\">\n\t\t\t\t\t\t\t\t<div class=\"eael-dual-header\">\n\t\t\t\t<h2 class=\"title eael-dch-title\"><span class=\"eael-dch-title-text eael-dch-title-lead lead solid-color\"><\/span> <span class=\"eael-dch-title-text\"><\/span><\/h2>\t\t\t\t\t<span class=\"subtext\"><h4 style=\"text-align: left\"><b><strong data-start=\"2044\" data-end=\"2065\">Dates importantes<\/strong> :<\/b><\/h4><ul><li>Soumission des communications : du <strong style=\"font-size: 16px\">05.04.25 au 09.05.2025<\/strong><\/li><li>Annonce des \u00e9valuations des r\u00e9sum\u00e9s :<span style=\"font-size: 16px\">i: <\/span><strong style=\"font-size: 16px\">20.05.2025<\/strong> <b style=\"font-style: inherit\">\u00a0&#8211;<span style=\"color: #008000\"><em> (La publication de la rectification aura lieu le : 22.05.2025<\/em>).<\/span><\/b><\/li><li>Soumission des articles complets : jusqu\u2019au <span style=\"font-weight: 400\"><strong>30.10.2025<\/strong>, par e-mail <\/span><b style=\"font-style: inherit\">: <span style=\"color: #008000\">ppgdas@unifap.br.<\/span><\/b><\/li><\/ul><p><b><\/b><b style=\"font-style: inherit\">Les auteurs des communications accept\u00e9es et pr\u00e9sent\u00e9es lors du V\u1d49 S\u00e9minaire sur le d\u00e9veloppement r\u00e9gional auront jusqu\u2019au 30.10.2025 pour envoyer les versions compl\u00e8tes \u00e0 l\u2019adresse \u00e0 <span style=\"color: #008000\">ppgdas@unifap.br<\/span>,\u00a0en indiquant dans l\u2019objet de l\u2019e-mail : <strong data-start=\"2619\" data-end=\"2688\">Nom du premier auteur + V S\u00e9minaire sur le d\u00e9veloppement r\u00e9gional<\/strong>.\u00a0 <span style=\"text-decoration: underline\">Les articles approuv\u00e9s seront publi\u00e9s dans un ouvrage \u00e9dit\u00e9 par les Presses Universitaires.\u00a0<\/span><\/b><\/p><\/span>\n\t\t\t\t\t\t\t\t\t<span class=\"eael-dch-svg-icon\"><\/span>\t\t\t\t\t\t\t<\/div>\n\n\t\t\t\t\t\t<\/div>\n\t\t\t\t\t<\/div>\n\t\t<\/div>\n\t\t\t\t\t<\/div>\n\t\t<\/section>\n\t\t\t\t<section class=\"elementor-section elementor-top-section elementor-element elementor-element-3d06601 elementor-section-full_width elementor-section-height-default elementor-section-height-default\" data-id=\"3d06601\" data-element_type=\"section\" data-e-type=\"section\">\n\t\t\t\t\t\t<div class=\"elementor-container elementor-column-gap-default\">\n\t\t\t\t\t<div class=\"elementor-column elementor-col-100 elementor-top-column elementor-element elementor-element-de4fbec\" data-id=\"de4fbec\" data-element_type=\"column\" data-e-type=\"column\">\n\t\t\t<div class=\"elementor-widget-wrap elementor-element-populated\">\n\t\t\t\t\t\t<div class=\"elementor-element elementor-element-c602ab8 elementor-widget elementor-widget-heading\" data-id=\"c602ab8\" data-element_type=\"widget\" data-e-type=\"widget\" data-widget_type=\"heading.default\">\n\t\t\t\t\t<h3 class=\"elementor-heading-title elementor-size-default\"><a href=\"https:\/\/www2.unifap.br\/ppgdas\/v-seminario-de-desenvolvimento-regional-programa\/\">Programme : Acc\u00e9dez au lien<\/a><\/h3>\t\t\t\t<\/div>\n\t\t\t\t\t<\/div>\n\t\t<\/div>\n\t\t\t\t\t<\/div>\n\t\t<\/section>\n\t\t\t\t<section class=\"elementor-section elementor-top-section elementor-element elementor-element-8098c68 elementor-section-full_width elementor-section-height-default elementor-section-height-default\" data-id=\"8098c68\" data-element_type=\"section\" data-e-type=\"section\">\n\t\t\t\t\t\t<div class=\"elementor-container elementor-column-gap-default\">\n\t\t\t\t\t<div class=\"elementor-column elementor-col-100 elementor-top-column elementor-element elementor-element-f3b77fa\" data-id=\"f3b77fa\" data-element_type=\"column\" data-e-type=\"column\">\n\t\t\t<div class=\"elementor-widget-wrap elementor-element-populated\">\n\t\t\t\t\t\t<div class=\"elementor-element elementor-element-f2cf414 elementor-widget elementor-widget-heading\" data-id=\"f2cf414\" data-element_type=\"widget\" data-e-type=\"widget\" data-widget_type=\"heading.default\">\n\t\t\t\t\t<h5 class=\"elementor-heading-title elementor-size-default\">En cas de doute, veuillez \u00e9crire \u00e0 : ppgdas@unifap.br        <\/h5>\t\t\t\t<\/div>\n\t\t\t\t\t<\/div>\n\t\t<\/div>\n\t\t\t\t\t<\/div>\n\t\t<\/section>\n\t\t\t\t<\/div>\n\t\t","protected":false},"excerpt":{"rendered":"<p>V\u1d49 S\u00e9minaire sur le d\u00e9veloppement r\u00e9gional : Amazonie, durabilit\u00e9 et bien-vivre \u00c0 propos de l&#039;\u00e9v\u00e9nement Le V\u1d49 S\u00e9minaire sur le d\u00e9veloppement r\u00e9gional, organis\u00e9 par les professeurs, les \u00e9tudiants, les dipl\u00f4m\u00e9s et le personnel administratif du Programme d&#8217;\u00e9tudes sup\u00e9rieures en d\u00e9veloppement durable de l&#8217;Amazonie (PPGDAS) de l\u2019Universit\u00e9 f\u00e9d\u00e9rale de l\u2019Amap\u00e1 (UNIFAP), avec le soutien des \u00e9tudiants&#8230;<\/p>\n","protected":false},"author":3845,"featured_media":0,"parent":0,"menu_order":0,"comment_status":"closed","ping_status":"closed","template":"","meta":{"inline_featured_image":false,"site-sidebar-layout":"no-sidebar","site-content-layout":"page-builder","ast-site-content-layout":"normal-width-container","site-content-style":"unboxed","site-sidebar-style":"unboxed","ast-global-header-display":"","ast-banner-title-visibility":"","ast-main-header-display":"","ast-hfb-above-header-display":"","ast-hfb-below-header-display":"","ast-hfb-mobile-header-display":"","site-post-title":"disabled","ast-breadcrumbs-content":"","ast-featured-img":"disabled","footer-sml-layout":"","theme-transparent-header-meta":"default","adv-header-id-meta":"","stick-header-meta":"","header-above-stick-meta":"","header-main-stick-meta":"","header-below-stick-meta":"","astra-migrate-meta-layouts":"set","ast-page-background-enabled":"default","ast-page-background-meta":{"desktop":{"background-color":"var(--ast-global-color-4)","background-image":"","background-repeat":"repeat","background-position":"center center","background-size":"auto","background-attachment":"scroll","background-type":"","background-media":"","overlay-type":"","overlay-color":"","overlay-opacity":"","overlay-gradient":""},"tablet":{"background-color":"","background-image":"","background-repeat":"repeat","background-position":"center center","background-size":"auto","background-attachment":"scroll","background-type":"","background-media":"","overlay-type":"","overlay-color":"","overlay-opacity":"","overlay-gradient":""},"mobile":{"background-color":"","background-image":"","background-repeat":"repeat","background-position":"center center","background-size":"auto","background-attachment":"scroll","background-type":"","background-media":"","overlay-type":"","overlay-color":"","overlay-opacity":"","overlay-gradient":""}},"ast-content-background-meta":{"desktop":{"background-color":"var(--ast-global-color-5)","background-image":"","background-repeat":"repeat","background-position":"center center","background-size":"auto","background-attachment":"scroll","background-type":"","background-media":"","overlay-type":"","overlay-color":"","overlay-opacity":"","overlay-gradient":""},"tablet":{"background-color":"var(--ast-global-color-5)","background-image":"","background-repeat":"repeat","background-position":"center center","background-size":"auto","background-attachment":"scroll","background-type":"","background-media":"","overlay-type":"","overlay-color":"","overlay-opacity":"","overlay-gradient":""},"mobile":{"background-color":"var(--ast-global-color-5)","background-image":"","background-repeat":"repeat","background-position":"center center","background-size":"auto","background-attachment":"scroll","background-type":"","background-media":"","overlay-type":"","overlay-color":"","overlay-opacity":"","overlay-gradient":""}},"ngg_post_thumbnail":0,"footnotes":""},"class_list":["post-11984","page","type-page","status-publish","hentry"],"_links":{"self":[{"href":"https:\/\/www2.unifap.br\/ppgdas\/wp-json\/wp\/v2\/pages\/11984","targetHints":{"allow":["GET"]}}],"collection":[{"href":"https:\/\/www2.unifap.br\/ppgdas\/wp-json\/wp\/v2\/pages"}],"about":[{"href":"https:\/\/www2.unifap.br\/ppgdas\/wp-json\/wp\/v2\/types\/page"}],"author":[{"embeddable":true,"href":"https:\/\/www2.unifap.br\/ppgdas\/wp-json\/wp\/v2\/users\/3845"}],"replies":[{"embeddable":true,"href":"https:\/\/www2.unifap.br\/ppgdas\/wp-json\/wp\/v2\/comments?post=11984"}],"version-history":[{"count":82,"href":"https:\/\/www2.unifap.br\/ppgdas\/wp-json\/wp\/v2\/pages\/11984\/revisions"}],"predecessor-version":[{"id":12078,"href":"https:\/\/www2.unifap.br\/ppgdas\/wp-json\/wp\/v2\/pages\/11984\/revisions\/12078"}],"wp:attachment":[{"href":"https:\/\/www2.unifap.br\/ppgdas\/wp-json\/wp\/v2\/media?parent=11984"}],"curies":[{"name":"wp","href":"https:\/\/api.w.org\/{rel}","templated":true}]}}