{"id":2336,"date":"2017-04-04T14:26:28","date_gmt":"2017-04-04T17:26:28","guid":{"rendered":"http:\/\/www2.unifap.br\/ppgmdr\/?page_id=2336"},"modified":"2025-06-11T18:18:03","modified_gmt":"2025-06-11T21:18:03","slug":"bolsa-ds-capes","status":"publish","type":"page","link":"https:\/\/www2.unifap.br\/ppgdas\/editais\/bolsa-ds-capes\/","title":{"rendered":"Bolsa DS\/Capes"},"content":{"rendered":"\t\t<div data-elementor-type=\"wp-post\" data-elementor-id=\"2336\" class=\"elementor elementor-2336\">\n\t\t\t\t\t\t<section class=\"elementor-section elementor-top-section elementor-element elementor-element-260788b elementor-section-stretched elementor-section-boxed elementor-section-height-default elementor-section-height-default\" data-id=\"260788b\" data-element_type=\"section\" data-e-type=\"section\" data-settings=\"{&quot;animation&quot;:&quot;none&quot;,&quot;stretch_section&quot;:&quot;section-stretched&quot;}\">\n\t\t\t\t\t\t<div class=\"elementor-container elementor-column-gap-default\">\n\t\t\t\t\t<div class=\"elementor-column elementor-col-100 elementor-top-column elementor-element elementor-element-bb90d1c\" data-id=\"bb90d1c\" data-element_type=\"column\" data-e-type=\"column\">\n\t\t\t<div class=\"elementor-widget-wrap elementor-element-populated\">\n\t\t\t\t\t\t<div class=\"elementor-element elementor-element-90f576c elementor-widget elementor-widget-heading\" data-id=\"90f576c\" data-element_type=\"widget\" data-e-type=\"widget\" data-widget_type=\"heading.default\">\n\t\t\t\t\t<h2 class=\"elementor-heading-title elementor-size-default\"><h3 data-start=\"187\" data-end=\"272\" style=\"font-size: 1.76471rem;font-style: normal\"><span data-start=\"191\" data-end=\"272\">&nbsp;Programa de Demanda Social (DS) - Bolsas CAPES<\/span><span style=\"font-size: 2.23529rem;font-style: inherit\"><\/span><\/h3><\/h2>\t\t\t\t<\/div>\n\t\t\t\t<div class=\"elementor-element elementor-element-6ec30164 elementor-widget elementor-widget-text-editor\" data-id=\"6ec30164\" data-element_type=\"widget\" data-e-type=\"widget\" data-widget_type=\"text-editor.default\">\n\t\t\t\t\t\t\t\t\t<h3 data-start=\"187\" data-end=\"272\"><strong data-start=\"191\" data-end=\"272\">Informa\u00e7\u00f5es sobre Bolsas de Estudo<\/strong><\/h3><p data-start=\"274\" data-end=\"659\">A Coordena\u00e7\u00e3o de Aperfei\u00e7oamento de Pessoal de N\u00edvel Superior (CAPES), por meio do Programa de Demanda Social (DS), oferta regularmente bolsas de estudo a institui\u00e7\u00f5es p\u00fablicas de ensino superior que ofere\u00e7am cursos gratuitos de p\u00f3s-gradua\u00e7\u00e3o stricto sensu, desde que possuam personalidade jur\u00eddica de direito p\u00fablico e estejam devidamente avaliadas com conceito igual ou superior a 3.<\/p><p data-start=\"661\" data-end=\"1028\">O referido programa visa promover a forma\u00e7\u00e3o de recursos humanos altamente qualificados, mediante a concess\u00e3o de bolsas de estudo a discentes regularmente matriculados em programas de p\u00f3s-gradua\u00e7\u00e3o stricto sensu. A gest\u00e3o dessas bolsas \u00e9 realizada pelas pr\u00f3prias institui\u00e7\u00f5es de ensino superior, por meio das coordena\u00e7\u00f5es de seus cursos de p\u00f3s-gradua\u00e7\u00e3o.<\/p><h3 data-start=\"1030\" data-end=\"1079\"><strong data-start=\"1034\" data-end=\"1079\">Responsabilidades da Coordena\u00e7\u00e3o do Curso<\/strong><\/h3><p data-start=\"1081\" data-end=\"1112\">Compete \u00e0 Coordena\u00e7\u00e3o do Curso:<\/p><ul data-start=\"1114\" data-end=\"1298\"><li data-start=\"1114\" data-end=\"1163\"><p data-start=\"1116\" data-end=\"1163\">Realizar a sele\u00e7\u00e3o dos(as) discentes bolsistas;<\/p><\/li><li data-start=\"1164\" data-end=\"1218\"><p data-start=\"1166\" data-end=\"1218\">Acompanhar o desempenho acad\u00eamico dos(as) bolsistas;<\/p><\/li><li data-start=\"1219\" data-end=\"1298\"><p data-start=\"1221\" data-end=\"1298\">Assegurar o cumprimento das diretrizes e normativas estabelecidas pela CAPES.<\/p><\/li><\/ul><h3 data-start=\"1300\" data-end=\"1325\"><strong data-start=\"1304\" data-end=\"1325\">Processo Seletivo<\/strong><\/h3><p data-start=\"1327\" data-end=\"1713\">A concess\u00e3o das bolsas do Programa de Demanda Social ocorre por meio de processo seletivo espec\u00edfico, distinto do processo de ingresso no programa de p\u00f3s-gradua\u00e7\u00e3o. A cada nova disponibiliza\u00e7\u00e3o de vagas pela CAPES, ser\u00e1 publicado edital espec\u00edfico, contendo as regras, crit\u00e9rios e prazos. Os editais ser\u00e3o divulgados nos canais oficiais da institui\u00e7\u00e3o. Acompanhe em: [<strong data-start=\"1695\" data-end=\"1711\">inserir link<\/strong>].<\/p><h3 data-start=\"1715\" data-end=\"1747\"><strong data-start=\"1719\" data-end=\"1747\">Documenta\u00e7\u00e3o Obrigat\u00f3ria<\/strong><\/h3><p data-start=\"1749\" data-end=\"1865\">Ap\u00f3s ser contemplado(a) com a bolsa, o(a) discente dever\u00e1 apresentar \u00e0 Coordena\u00e7\u00e3o do Curso os seguintes documentos:<\/p><ol data-start=\"1867\" data-end=\"2337\"><li data-start=\"1867\" data-end=\"1940\"><p data-start=\"1870\" data-end=\"1940\">C\u00f3pias do RG e CPF, ou passaporte (no caso de discentes estrangeiros);<\/p><\/li><li data-start=\"1941\" data-end=\"2090\"><p data-start=\"1944\" data-end=\"2090\">Comprovante de resid\u00eancia em nome do(a) bolsista; ou, na aus\u00eancia deste, declara\u00e7\u00e3o de resid\u00eancia assinada pelo(a) respons\u00e1vel legal do domic\u00edlio;<\/p><\/li><li data-start=\"2091\" data-end=\"2194\"><p data-start=\"2094\" data-end=\"2194\">C\u00f3pia do cart\u00e3o do Banco do Brasil ou contrato de abertura de conta banc\u00e1ria em nome do(a) bolsista;<\/p><\/li><li data-start=\"2195\" data-end=\"2263\"><p data-start=\"2198\" data-end=\"2263\">Termo de Compromisso da CAPES, devidamente preenchido e assinado;<\/p><\/li><li data-start=\"2264\" data-end=\"2337\"><p data-start=\"2267\" data-end=\"2337\">Formul\u00e1rio de Cadastro do Bolsista, devidamente preenchido e assinado.<\/p><\/li><\/ol><h3 data-start=\"2339\" data-end=\"2369\"><strong data-start=\"2343\" data-end=\"2369\">Veda\u00e7\u00f5es e Penalidades<\/strong><\/h3><p data-start=\"2371\" data-end=\"2395\">\u00c9 vedado ao(\u00e0) bolsista:<\/p><ul data-start=\"2397\" data-end=\"2743\"><li data-start=\"2397\" data-end=\"2522\"><p data-start=\"2399\" data-end=\"2522\">Acumular bolsas de estudo oriundas de diferentes ag\u00eancias de fomento, em desacordo com as normas da CAPES e da institui\u00e7\u00e3o;<\/p><\/li><li data-start=\"2397\" data-end=\"2522\">Prestar informa\u00e7\u00f5es falsas ou omitir dados relevantes no processo de concess\u00e3o da bolsa, hip\u00f3tese que poder\u00e1 configurar o crime de <strong data-start=\"2656\" data-end=\"2680\">falsidade ideol\u00f3gica<\/strong>, conforme disposto no <strong data-start=\"2703\" data-end=\"2742\">art. 299 do C\u00f3digo Penal Brasileiro<\/strong>.<\/li><\/ul><h3 data-start=\"2769\" data-end=\"2821\"><strong data-start=\"2773\" data-end=\"2821\">Consequ\u00eancias pelo Descumprimento das Normas<\/strong><\/h3><p data-start=\"2823\" data-end=\"2923\">O descumprimento das normas que regem a concess\u00e3o e manuten\u00e7\u00e3o das bolsas da CAPES poder\u00e1 acarretar:<\/p><ul data-start=\"2925\" data-end=\"3239\"><li data-start=\"2925\" data-end=\"2955\"><p data-start=\"2927\" data-end=\"2955\"><strong data-start=\"2927\" data-end=\"2954\">Perda imediata da bolsa<\/strong>;<\/p><\/li><li data-start=\"2956\" data-end=\"3057\"><p data-start=\"2958\" data-end=\"3057\"><strong data-start=\"2958\" data-end=\"3017\">Obriga\u00e7\u00e3o de restitui\u00e7\u00e3o integral dos valores recebidos<\/strong>, conforme previs\u00e3o das normas da CAPES;<\/p><\/li><li data-start=\"3058\" data-end=\"3239\"><p data-start=\"3060\" data-end=\"3239\"><strong data-start=\"3060\" data-end=\"3105\">Abertura de processo disciplinar discente<\/strong>, podendo resultar na <strong data-start=\"3127\" data-end=\"3173\">perda da vaga no programa de p\u00f3s-gradua\u00e7\u00e3o<\/strong>, conforme o Regimento Interno e Regimento Disciplinar Discente da Unifap.<\/p><\/li><\/ul>\t\t\t\t\t\t\t\t<\/div>\n\t\t\t\t\t<\/div>\n\t\t<\/div>\n\t\t\t\t\t<\/div>\n\t\t<\/section>\n\t\t\t\t<\/div>\n\t\t","protected":false},"excerpt":{"rendered":"<p>&nbsp;Programa de Demanda Social (DS) &#8211; Bolsas CAPES Informa\u00e7\u00f5es sobre Bolsas de Estudo A Coordena\u00e7\u00e3o de Aperfei\u00e7oamento de Pessoal de N\u00edvel Superior (CAPES), por meio do Programa de Demanda Social (DS), oferta regularmente bolsas de estudo a institui\u00e7\u00f5es p\u00fablicas de ensino superior que ofere\u00e7am cursos gratuitos de p\u00f3s-gradua\u00e7\u00e3o stricto sensu, desde que possuam personalidade jur\u00eddica&#8230;<\/p>\n","protected":false},"author":579,"featured_media":0,"parent":3595,"menu_order":0,"comment_status":"closed","ping_status":"closed","template":"","meta":{"inline_featured_image":false,"site-sidebar-layout":"default","site-content-layout":"default","ast-site-content-layout":"default","site-content-style":"default","site-sidebar-style":"default","ast-global-header-display":"","ast-banner-title-visibility":"","ast-main-header-display":"","ast-hfb-above-header-display":"","ast-hfb-below-header-display":"","ast-hfb-mobile-header-display":"","site-post-title":"disabled","ast-breadcrumbs-content":"","ast-featured-img":"","footer-sml-layout":"","theme-transparent-header-meta":"default","adv-header-id-meta":"","stick-header-meta":"","header-above-stick-meta":"","header-main-stick-meta":"","header-below-stick-meta":"","astra-migrate-meta-layouts":"default","ast-page-background-enabled":"default","ast-page-background-meta":{"desktop":{"background-color":"var(--ast-global-color-4)","background-image":"","background-repeat":"repeat","background-position":"center center","background-size":"auto","background-attachment":"scroll","background-type":"","background-media":"","overlay-type":"","overlay-color":"","overlay-opacity":"","overlay-gradient":""},"tablet":{"background-color":"","background-image":"","background-repeat":"repeat","background-position":"center center","background-size":"auto","background-attachment":"scroll","background-type":"","background-media":"","overlay-type":"","overlay-color":"","overlay-opacity":"","overlay-gradient":""},"mobile":{"background-color":"","background-image":"","background-repeat":"repeat","background-position":"center center","background-size":"auto","background-attachment":"scroll","background-type":"","background-media":"","overlay-type":"","overlay-color":"","overlay-opacity":"","overlay-gradient":""}},"ast-content-background-meta":{"desktop":{"background-color":"var(--ast-global-color-5)","background-image":"","background-repeat":"repeat","background-position":"center center","background-size":"auto","background-attachment":"scroll","background-type":"","background-media":"","overlay-type":"","overlay-color":"","overlay-opacity":"","overlay-gradient":""},"tablet":{"background-color":"var(--ast-global-color-5)","background-image":"","background-repeat":"repeat","background-position":"center center","background-size":"auto","background-attachment":"scroll","background-type":"","background-media":"","overlay-type":"","overlay-color":"","overlay-opacity":"","overlay-gradient":""},"mobile":{"background-color":"var(--ast-global-color-5)","background-image":"","background-repeat":"repeat","background-position":"center center","background-size":"auto","background-attachment":"scroll","background-type":"","background-media":"","overlay-type":"","overlay-color":"","overlay-opacity":"","overlay-gradient":""}},"ngg_post_thumbnail":0,"footnotes":""},"class_list":["post-2336","page","type-page","status-publish","hentry"],"_links":{"self":[{"href":"https:\/\/www2.unifap.br\/ppgdas\/wp-json\/wp\/v2\/pages\/2336","targetHints":{"allow":["GET"]}}],"collection":[{"href":"https:\/\/www2.unifap.br\/ppgdas\/wp-json\/wp\/v2\/pages"}],"about":[{"href":"https:\/\/www2.unifap.br\/ppgdas\/wp-json\/wp\/v2\/types\/page"}],"author":[{"embeddable":true,"href":"https:\/\/www2.unifap.br\/ppgdas\/wp-json\/wp\/v2\/users\/579"}],"replies":[{"embeddable":true,"href":"https:\/\/www2.unifap.br\/ppgdas\/wp-json\/wp\/v2\/comments?post=2336"}],"version-history":[{"count":86,"href":"https:\/\/www2.unifap.br\/ppgdas\/wp-json\/wp\/v2\/pages\/2336\/revisions"}],"predecessor-version":[{"id":12819,"href":"https:\/\/www2.unifap.br\/ppgdas\/wp-json\/wp\/v2\/pages\/2336\/revisions\/12819"}],"up":[{"embeddable":true,"href":"https:\/\/www2.unifap.br\/ppgdas\/wp-json\/wp\/v2\/pages\/3595"}],"wp:attachment":[{"href":"https:\/\/www2.unifap.br\/ppgdas\/wp-json\/wp\/v2\/media?parent=2336"}],"curies":[{"name":"wp","href":"https:\/\/api.w.org\/{rel}","templated":true}]}}