{"id":2872,"date":"2018-09-15T00:28:54","date_gmt":"2018-09-15T00:28:54","guid":{"rendered":"http:\/\/www2.unifap.br\/ppgmdr\/?page_id=2872"},"modified":"2025-05-07T22:49:52","modified_gmt":"2025-05-08T01:49:52","slug":"bolsa-pnpd-capes","status":"publish","type":"page","link":"https:\/\/www2.unifap.br\/ppgdas\/editais\/bolsa-pnpd-capes\/","title":{"rendered":"Bolsa PNPD\/Capes"},"content":{"rendered":"\t\t<div data-elementor-type=\"wp-page\" data-elementor-id=\"2872\" class=\"elementor elementor-2872\">\n\t\t\t\t\t\t<section class=\"elementor-section elementor-top-section elementor-element elementor-element-cb23602 elementor-section-stretched elementor-section-boxed elementor-section-height-default elementor-section-height-default\" data-id=\"cb23602\" data-element_type=\"section\" data-e-type=\"section\" data-settings=\"{&quot;animation&quot;:&quot;none&quot;,&quot;stretch_section&quot;:&quot;section-stretched&quot;}\">\n\t\t\t\t\t\t<div class=\"elementor-container elementor-column-gap-default\">\n\t\t\t\t\t<div class=\"elementor-column elementor-col-100 elementor-top-column elementor-element elementor-element-34cd0de\" data-id=\"34cd0de\" data-element_type=\"column\" data-e-type=\"column\">\n\t\t\t<div class=\"elementor-widget-wrap elementor-element-populated\">\n\t\t\t\t\t\t<div class=\"elementor-element elementor-element-347b8a4 elementor-widget elementor-widget-heading\" data-id=\"347b8a4\" data-element_type=\"widget\" data-e-type=\"widget\" data-widget_type=\"heading.default\">\n\t\t\t\t\t<h2 class=\"elementor-heading-title elementor-size-default\">Bolsa PNPD\/Capes<\/h2>\t\t\t\t<\/div>\n\t\t\t\t<div class=\"elementor-element elementor-element-39a61b0 elementor-widget elementor-widget-text-editor\" data-id=\"39a61b0\" data-element_type=\"widget\" data-e-type=\"widget\" data-widget_type=\"text-editor.default\">\n\t\t\t\t\t\t\t\t\t<p><span style=\"color: #000000\">O PNPD\/CAPES, Programa Nacional de P\u00f3s Doutorado da CAPES, \u00e9 um programa de concess\u00e3o institucional que financia est\u00e1gios p\u00f3s-doutorais em Programas de P\u00f3s-Gradua\u00e7\u00e3o (PPG) stricto sensu acad\u00eamicos recomendados pela CAPES.<\/span><\/p>\t\t\t\t\t\t\t\t<\/div>\n\t\t\t\t\t<\/div>\n\t\t<\/div>\n\t\t\t\t\t<\/div>\n\t\t<\/section>\n\t\t\t\t<section class=\"elementor-section elementor-top-section elementor-element elementor-element-4bce8f9c elementor-section-boxed elementor-section-height-default elementor-section-height-default\" data-id=\"4bce8f9c\" data-element_type=\"section\" data-e-type=\"section\">\n\t\t\t\t\t\t<div class=\"elementor-container elementor-column-gap-default\">\n\t\t\t\t\t<div class=\"elementor-column elementor-col-100 elementor-top-column elementor-element elementor-element-43ce3586\" data-id=\"43ce3586\" data-element_type=\"column\" data-e-type=\"column\">\n\t\t\t<div class=\"elementor-widget-wrap elementor-element-populated\">\n\t\t\t\t\t\t<div class=\"elementor-element elementor-element-5c2f4f53 elementor-widget elementor-widget-text-editor\" data-id=\"5c2f4f53\" data-element_type=\"widget\" data-e-type=\"widget\" data-widget_type=\"text-editor.default\">\n\t\t\t\t\t\t\t\t\t<p><strong><span style=\"color: #000000\">Processo Seletivo 2018\/2019:<\/span><\/strong><\/p><ul><li><a href=\"http:\/\/www2.unifap.br\/ppgmdr\/files\/2018\/09\/PNPD-DOC-EDITAL-2018-2019.pdf\">Edital 2018\/2019<\/a><\/li><li><a href=\"http:\/\/www2.unifap.br\/ppgmdr\/files\/2018\/09\/RETIFICADORA-POS-DOC_EDITAL.2018.pdf\">Retificadora<\/a>\u00a01<\/li><li><a href=\"http:\/\/www2.unifap.br\/ppgmdr\/files\/2018\/09\/RETIFICA\u00c7\u00c3O-02-DO-EDITAL-N\u00ba-03_PNPD_2018.pdf\">Retificadora 2<\/a><\/li><li><a href=\"http:\/\/www2.unifap.br\/ppgmdr\/files\/2018\/09\/RESULTADO-PROVIS\u00d3RIO-DA-HOMOLOGA\u00c7\u00c3O-DAS-INSCRI\u00c7\u00d5ES-PARA-CONCESS\u00c3O-DE-BOLSA-PNPD-CAPES-2018-2019.pdf\">Resultado Provis\u00f3rio da Homologa\u00e7\u00e3o das Inscri\u00e7\u00f5es<\/a><\/li><li><a href=\"http:\/\/www2.unifap.br\/ppgmdr\/files\/2018\/09\/RESULTADO-PROVIS\u00d3RIO-DO-EDITAL-N\u00ba-03-PNPD-CAPES-2018.pdf\">Resultado Provis\u00f3rio do PS para Bolsa de P\u00f3s-Doutorado\u00a0 PNPD\/CAPES 2018\/2019<\/a><\/li><li><a href=\"http:\/\/www2.unifap.br\/ppgmdr\/files\/2018\/09\/PNPD-2018-2019-RESULTADO-DEFINITIVO.pdf\">Resultado Definitivo dos Classificados no PS para Bolsa de P\u00f3s-Doutorado\u00a0<\/a><a href=\"http:\/\/www2.unifap.br\/ppgmdr\/files\/2018\/09\/PNPD-2018-2019-RESULTADO-DEFINITIVO.pdf\">PNPD\/CAPES 2018\/2019<\/a><\/li><li><a href=\"http:\/\/www2.unifap.br\/ppgmdr\/files\/2018\/09\/PNPD-2018-2019-CONVOCA\u00c7\u00c3O.pdf\">Convoca\u00e7\u00e3o<\/a><\/li><\/ul>\t\t\t\t\t\t\t\t<\/div>\n\t\t\t\t\t<\/div>\n\t\t<\/div>\n\t\t\t\t\t<\/div>\n\t\t<\/section>\n\t\t\t\t<\/div>\n\t\t","protected":false},"excerpt":{"rendered":"<p>Bolsa PNPD\/Capes O PNPD\/CAPES, Programa Nacional de P\u00f3s Doutorado da CAPES, \u00e9 um programa de concess\u00e3o institucional que financia est\u00e1gios p\u00f3s-doutorais em Programas de P\u00f3s-Gradua\u00e7\u00e3o (PPG) stricto sensu acad\u00eamicos recomendados pela CAPES. Processo Seletivo 2018\/2019: Edital 2018\/2019 Retificadora\u00a01 Retificadora 2 Resultado Provis\u00f3rio da Homologa\u00e7\u00e3o das Inscri\u00e7\u00f5es Resultado Provis\u00f3rio do PS para Bolsa de P\u00f3s-Doutorado\u00a0 PNPD\/CAPES&#8230;<\/p>\n","protected":false},"author":2000,"featured_media":0,"parent":3595,"menu_order":10,"comment_status":"closed","ping_status":"closed","template":"","meta":{"inline_featured_image":false,"site-sidebar-layout":"default","site-content-layout":"default","ast-site-content-layout":"default","site-content-style":"default","site-sidebar-style":"default","ast-global-header-display":"","ast-banner-title-visibility":"","ast-main-header-display":"","ast-hfb-above-header-display":"","ast-hfb-below-header-display":"","ast-hfb-mobile-header-display":"","site-post-title":"disabled","ast-breadcrumbs-content":"","ast-featured-img":"","footer-sml-layout":"","theme-transparent-header-meta":"default","adv-header-id-meta":"","stick-header-meta":"","header-above-stick-meta":"","header-main-stick-meta":"","header-below-stick-meta":"","astra-migrate-meta-layouts":"default","ast-page-background-enabled":"default","ast-page-background-meta":{"desktop":{"background-color":"var(--ast-global-color-4)","background-image":"","background-repeat":"repeat","background-position":"center center","background-size":"auto","background-attachment":"scroll","background-type":"","background-media":"","overlay-type":"","overlay-color":"","overlay-opacity":"","overlay-gradient":""},"tablet":{"background-color":"","background-image":"","background-repeat":"repeat","background-position":"center center","background-size":"auto","background-attachment":"scroll","background-type":"","background-media":"","overlay-type":"","overlay-color":"","overlay-opacity":"","overlay-gradient":""},"mobile":{"background-color":"","background-image":"","background-repeat":"repeat","background-position":"center center","background-size":"auto","background-attachment":"scroll","background-type":"","background-media":"","overlay-type":"","overlay-color":"","overlay-opacity":"","overlay-gradient":""}},"ast-content-background-meta":{"desktop":{"background-color":"var(--ast-global-color-5)","background-image":"","background-repeat":"repeat","background-position":"center center","background-size":"auto","background-attachment":"scroll","background-type":"","background-media":"","overlay-type":"","overlay-color":"","overlay-opacity":"","overlay-gradient":""},"tablet":{"background-color":"var(--ast-global-color-5)","background-image":"","background-repeat":"repeat","background-position":"center center","background-size":"auto","background-attachment":"scroll","background-type":"","background-media":"","overlay-type":"","overlay-color":"","overlay-opacity":"","overlay-gradient":""},"mobile":{"background-color":"var(--ast-global-color-5)","background-image":"","background-repeat":"repeat","background-position":"center center","background-size":"auto","background-attachment":"scroll","background-type":"","background-media":"","overlay-type":"","overlay-color":"","overlay-opacity":"","overlay-gradient":""}},"ngg_post_thumbnail":0,"footnotes":""},"class_list":["post-2872","page","type-page","status-publish","hentry"],"_links":{"self":[{"href":"https:\/\/www2.unifap.br\/ppgdas\/wp-json\/wp\/v2\/pages\/2872","targetHints":{"allow":["GET"]}}],"collection":[{"href":"https:\/\/www2.unifap.br\/ppgdas\/wp-json\/wp\/v2\/pages"}],"about":[{"href":"https:\/\/www2.unifap.br\/ppgdas\/wp-json\/wp\/v2\/types\/page"}],"author":[{"embeddable":true,"href":"https:\/\/www2.unifap.br\/ppgdas\/wp-json\/wp\/v2\/users\/2000"}],"replies":[{"embeddable":true,"href":"https:\/\/www2.unifap.br\/ppgdas\/wp-json\/wp\/v2\/comments?post=2872"}],"version-history":[{"count":39,"href":"https:\/\/www2.unifap.br\/ppgdas\/wp-json\/wp\/v2\/pages\/2872\/revisions"}],"predecessor-version":[{"id":12285,"href":"https:\/\/www2.unifap.br\/ppgdas\/wp-json\/wp\/v2\/pages\/2872\/revisions\/12285"}],"up":[{"embeddable":true,"href":"https:\/\/www2.unifap.br\/ppgdas\/wp-json\/wp\/v2\/pages\/3595"}],"wp:attachment":[{"href":"https:\/\/www2.unifap.br\/ppgdas\/wp-json\/wp\/v2\/media?parent=2872"}],"curies":[{"name":"wp","href":"https:\/\/api.w.org\/{rel}","templated":true}]}}