{"id":3728,"date":"2020-03-21T19:13:11","date_gmt":"2020-03-21T22:13:11","guid":{"rendered":"http:\/\/www2.unifap.br\/ppgmdr\/?page_id=3728"},"modified":"2025-05-07T22:54:19","modified_gmt":"2025-05-08T01:54:19","slug":"insercao-social","status":"publish","type":"page","link":"https:\/\/www2.unifap.br\/ppgdas\/insercao-social\/","title":{"rendered":"Inser\u00e7\u00e3o Social"},"content":{"rendered":"\t\t<div data-elementor-type=\"wp-post\" data-elementor-id=\"3728\" class=\"elementor elementor-3728\">\n\t\t\t\t\t\t<section class=\"elementor-section elementor-top-section elementor-element elementor-element-b7eba92 elementor-section-stretched elementor-section-boxed elementor-section-height-default elementor-section-height-default\" data-id=\"b7eba92\" data-element_type=\"section\" data-e-type=\"section\" data-settings=\"{&quot;animation&quot;:&quot;none&quot;,&quot;stretch_section&quot;:&quot;section-stretched&quot;}\">\n\t\t\t\t\t\t<div class=\"elementor-container elementor-column-gap-default\">\n\t\t\t\t\t<div class=\"elementor-column elementor-col-100 elementor-top-column elementor-element elementor-element-1639c97\" data-id=\"1639c97\" data-element_type=\"column\" data-e-type=\"column\">\n\t\t\t<div class=\"elementor-widget-wrap elementor-element-populated\">\n\t\t\t\t\t\t<div class=\"elementor-element elementor-element-d4d927a elementor-widget elementor-widget-heading\" data-id=\"d4d927a\" data-element_type=\"widget\" data-e-type=\"widget\" data-widget_type=\"heading.default\">\n\t\t\t\t\t<h2 class=\"elementor-heading-title elementor-size-default\">Inser\u00e7\u00e3o Social<\/h2>\t\t\t\t<\/div>\n\t\t\t\t<div class=\"elementor-element elementor-element-2e8c2eee elementor-widget elementor-widget-text-editor\" data-id=\"2e8c2eee\" data-element_type=\"widget\" data-e-type=\"widget\" data-widget_type=\"text-editor.default\">\n\t\t\t\t\t\t\t\t\t<p style=\"text-align: left\"><span style=\"color: #000000\">Entende-se como \u201cInser\u00e7\u00e3o Social\u201d as diversas formas de intera\u00e7\u00e3o do conhecimento produzido pelo PPGDAS com os entes e segmentos da sociedade comprometidos com a emancipa\u00e7\u00e3o diante da exclus\u00e3o social e da desigualdades do mundo em favor das humanidades.<\/span><\/p><p style=\"text-align: left\"><span style=\"color: #000000\">Uma maior aproxima\u00e7\u00e3o dos movimentos sociais e seus problemas tem sido incentivado pelo Programa, principalmente quanto a a\u00e7\u00f5es coletivas em Projetos de Extens\u00e3o com protagonismos das comunidades. Desconstruir o princ\u00edpio da verdade acad\u00eamica pelo princ\u00edpio da realidade e com isso aproximar o PPGDAS da sociedade \u00e9 um desafio permanente.<\/span><\/p><p style=\"text-align: left\"><span style=\"color: #000000\">Algumas experi\u00eancias nesse sentido:<\/span><\/p><p style=\"text-align: left\"><span style=\"color: #000000\">&#8211; Elabora\u00e7\u00e3o de Planos Diretores de Munic\u00edpios do Estado do Amap\u00e1: destaca-se pelo exerc\u00edcio de processos participativos de alta intensidade em todas as etapas de elabora\u00e7\u00e3o e legitima\u00e7\u00e3o;<\/span><\/p><p style=\"text-align: left\"><span style=\"color: #000000\">&#8211; Projeto de Extens\u00e3o \u201cJuventude da Floresta: vis\u00f5es, can\u00e7\u00f5es e modos de vida de uma Amaz\u00f4nia extrativista\u201d: exercita a escuta profunda junto a jovens amaz\u00f4nidas que vivenciam o dilema da complexidade das rela\u00e7\u00f5es urbe-floresta;<\/span><\/p><p style=\"text-align: left\"><span style=\"color: #000000\">&#8211; Participa\u00e7\u00e3o do Comit\u00ea Amap\u00e1 preparat\u00f3rio ao IX F\u00f3rum Social Pan-Amaz\u00f4nico (FOSPA \u2013 Col\u00f4mbia \u2013 Mocoa, 2020): trata-se de rela\u00e7\u00f5es de horizontalidade, n\u00e3o hier\u00e1rquicas, entre conhecimento acad\u00eamico e outros saberes, em trocas reciprocas;<\/span><\/p><p style=\"text-align: left\"><span style=\"color: #000000\">&#8211; Apoio as atividades da Comiss\u00e3o Pastoral da Terra no Amap\u00e1 (CPT-AP): acolhe lutas por justi\u00e7a ambiental ligadas a direitos a terras e regulariza\u00e7\u00e3o fundi\u00e1ria.<\/span><\/p><p style=\"text-align: left\"><span style=\"color: #000000\">&#8211; Produ\u00e7\u00e3o familiar em rede nas amaz\u00f4nias: soberania, resist\u00eancia e luta. (<span style=\"text-decoration: underline\">Objetivo<\/span>: proporcionar um processo educativo que concilie o conhecimento produzido na universidade sobre o desenvolvimento humano e social, com as demandas sociais, culturais, ambientais, pol\u00edticas e econ\u00f4micas, que foram produzidas em comunidades familiares.)\u00a0<\/span><\/p>\t\t\t\t\t\t\t\t<\/div>\n\t\t\t\t<div class=\"elementor-element elementor-element-057b3f9 elementor-widget elementor-widget-heading\" data-id=\"057b3f9\" data-element_type=\"widget\" data-e-type=\"widget\" data-widget_type=\"heading.default\">\n\t\t\t\t\t<h2 class=\"elementor-heading-title elementor-size-default\">Blogs docentes<\/h2>\t\t\t\t<\/div>\n\t\t\t\t<div class=\"elementor-element elementor-element-d12d9cb elementor-widget elementor-widget-text-editor\" data-id=\"d12d9cb\" data-element_type=\"widget\" data-e-type=\"widget\" data-widget_type=\"text-editor.default\">\n\t\t\t\t\t\t\t\t\t<p><a href=\"https:\/\/josealbertostes.blogspot.com\">https:\/\/josealbertostes.blogspot.com<\/a><\/p><p><a href=\"http:\/\/jadsonporto.blogspot.com\/\">https:\/\/jadsonporto.blogspot.com<\/a><\/p>\t\t\t\t\t\t\t\t<\/div>\n\t\t\t\t<div class=\"elementor-element elementor-element-1d68c55 elementor-widget elementor-widget-heading\" data-id=\"1d68c55\" data-element_type=\"widget\" data-e-type=\"widget\" data-widget_type=\"heading.default\">\n\t\t\t\t\t<h2 class=\"elementor-heading-title elementor-size-default\">Podcast - Momento Urbanidade<\/h2>\t\t\t\t<\/div>\n\t\t\t\t<div class=\"elementor-element elementor-element-037efec elementor-widget elementor-widget-text-editor\" data-id=\"037efec\" data-element_type=\"widget\" data-e-type=\"widget\" data-widget_type=\"text-editor.default\">\n\t\t\t\t\t\t\t\t\t<p><span style=\"color: #000000\">Ou\u00e7a mais epis\u00f3dios do Momento Urbanidade com o Professor Dr. Jos\u00e9 Alberto Tostes no <\/span><a href=\"https:\/\/open.spotify.com\/show\/4YKfS1nD3J0vLlpWZlifXB?si=3a72b61b54194a4e\">Spotify<\/a><span style=\"color: #000000\"> ou na R\u00e1dio Universit\u00e1ria 96.9 FM &#8211; Unifap<\/span><\/p>\t\t\t\t\t\t\t\t<\/div>\n\t\t\t\t\t<\/div>\n\t\t<\/div>\n\t\t\t\t\t<\/div>\n\t\t<\/section>\n\t\t\t\t<\/div>\n\t\t","protected":false},"excerpt":{"rendered":"<p>Inser\u00e7\u00e3o Social Entende-se como \u201cInser\u00e7\u00e3o Social\u201d as diversas formas de intera\u00e7\u00e3o do conhecimento produzido pelo PPGDAS com os entes e segmentos da sociedade comprometidos com a emancipa\u00e7\u00e3o diante da exclus\u00e3o social e da desigualdades do mundo em favor das humanidades. Uma maior aproxima\u00e7\u00e3o dos movimentos sociais e seus problemas tem sido incentivado pelo Programa, principalmente&#8230;<\/p>\n","protected":false},"author":2000,"featured_media":0,"parent":0,"menu_order":0,"comment_status":"closed","ping_status":"closed","template":"","meta":{"inline_featured_image":false,"site-sidebar-layout":"default","site-content-layout":"default","ast-site-content-layout":"default","site-content-style":"default","site-sidebar-style":"default","ast-global-header-display":"","ast-banner-title-visibility":"","ast-main-header-display":"","ast-hfb-above-header-display":"","ast-hfb-below-header-display":"","ast-hfb-mobile-header-display":"","site-post-title":"disabled","ast-breadcrumbs-content":"","ast-featured-img":"","footer-sml-layout":"","theme-transparent-header-meta":"default","adv-header-id-meta":"","stick-header-meta":"","header-above-stick-meta":"","header-main-stick-meta":"","header-below-stick-meta":"","astra-migrate-meta-layouts":"default","ast-page-background-enabled":"default","ast-page-background-meta":{"desktop":{"background-color":"var(--ast-global-color-4)","background-image":"","background-repeat":"repeat","background-position":"center center","background-size":"auto","background-attachment":"scroll","background-type":"","background-media":"","overlay-type":"","overlay-color":"","overlay-opacity":"","overlay-gradient":""},"tablet":{"background-color":"","background-image":"","background-repeat":"repeat","background-position":"center center","background-size":"auto","background-attachment":"scroll","background-type":"","background-media":"","overlay-type":"","overlay-color":"","overlay-opacity":"","overlay-gradient":""},"mobile":{"background-color":"","background-image":"","background-repeat":"repeat","background-position":"center center","background-size":"auto","background-attachment":"scroll","background-type":"","background-media":"","overlay-type":"","overlay-color":"","overlay-opacity":"","overlay-gradient":""}},"ast-content-background-meta":{"desktop":{"background-color":"var(--ast-global-color-5)","background-image":"","background-repeat":"repeat","background-position":"center center","background-size":"auto","background-attachment":"scroll","background-type":"","background-media":"","overlay-type":"","overlay-color":"","overlay-opacity":"","overlay-gradient":""},"tablet":{"background-color":"var(--ast-global-color-5)","background-image":"","background-repeat":"repeat","background-position":"center center","background-size":"auto","background-attachment":"scroll","background-type":"","background-media":"","overlay-type":"","overlay-color":"","overlay-opacity":"","overlay-gradient":""},"mobile":{"background-color":"var(--ast-global-color-5)","background-image":"","background-repeat":"repeat","background-position":"center center","background-size":"auto","background-attachment":"scroll","background-type":"","background-media":"","overlay-type":"","overlay-color":"","overlay-opacity":"","overlay-gradient":""}},"ngg_post_thumbnail":0,"footnotes":""},"class_list":["post-3728","page","type-page","status-publish","hentry"],"_links":{"self":[{"href":"https:\/\/www2.unifap.br\/ppgdas\/wp-json\/wp\/v2\/pages\/3728","targetHints":{"allow":["GET"]}}],"collection":[{"href":"https:\/\/www2.unifap.br\/ppgdas\/wp-json\/wp\/v2\/pages"}],"about":[{"href":"https:\/\/www2.unifap.br\/ppgdas\/wp-json\/wp\/v2\/types\/page"}],"author":[{"embeddable":true,"href":"https:\/\/www2.unifap.br\/ppgdas\/wp-json\/wp\/v2\/users\/2000"}],"replies":[{"embeddable":true,"href":"https:\/\/www2.unifap.br\/ppgdas\/wp-json\/wp\/v2\/comments?post=3728"}],"version-history":[{"count":69,"href":"https:\/\/www2.unifap.br\/ppgdas\/wp-json\/wp\/v2\/pages\/3728\/revisions"}],"predecessor-version":[{"id":12299,"href":"https:\/\/www2.unifap.br\/ppgdas\/wp-json\/wp\/v2\/pages\/3728\/revisions\/12299"}],"wp:attachment":[{"href":"https:\/\/www2.unifap.br\/ppgdas\/wp-json\/wp\/v2\/media?parent=3728"}],"curies":[{"name":"wp","href":"https:\/\/api.w.org\/{rel}","templated":true}]}}