{"id":4833,"date":"2021-10-06T20:44:08","date_gmt":"2021-10-06T23:44:08","guid":{"rendered":"http:\/\/www2.unifap.br\/ppgmdr\/?page_id=4833"},"modified":"2025-03-28T15:43:30","modified_gmt":"2025-03-28T18:43:30","slug":"simposio-15-anos","status":"publish","type":"page","link":"https:\/\/www2.unifap.br\/ppgdas\/simposio-15-anos\/","title":{"rendered":"Simp\u00f3sio 15 anos"},"content":{"rendered":"\t\t<div data-elementor-type=\"wp-page\" data-elementor-id=\"4833\" class=\"elementor elementor-4833\">\n\t\t\t\t\t\t<section class=\"elementor-section elementor-top-section elementor-element elementor-element-124ca782 elementor-section-full_width elementor-section-height-default elementor-section-height-default\" data-id=\"124ca782\" data-element_type=\"section\" data-e-type=\"section\">\n\t\t\t\t\t\t<div class=\"elementor-container elementor-column-gap-default\">\n\t\t\t\t\t<div class=\"elementor-column elementor-col-100 elementor-top-column elementor-element elementor-element-1b1917a6\" data-id=\"1b1917a6\" data-element_type=\"column\" data-e-type=\"column\">\n\t\t\t<div class=\"elementor-widget-wrap elementor-element-populated\">\n\t\t\t\t\t\t<div class=\"elementor-element elementor-element-eb619f2 elementor-widget__width-inherit elementor-widget elementor-widget-text-editor\" data-id=\"eb619f2\" data-element_type=\"widget\" data-e-type=\"widget\" data-widget_type=\"text-editor.default\">\n\t\t\t\t\t\t\t\t\t<h3><a href=\"http:\/\/www2.unifap.br\/ppgdas\/files\/2025\/03\/banner.jpg\"><img fetchpriority=\"high\" decoding=\"async\" class=\"aligncenter size-full wp-image-10975\" src=\"http:\/\/www2.unifap.br\/ppgdas\/files\/2025\/03\/banner.jpg\" alt=\"\" width=\"731\" height=\"226\" srcset=\"https:\/\/www2.unifap.br\/ppgdas\/files\/2025\/03\/banner.jpg 731w, https:\/\/www2.unifap.br\/ppgdas\/files\/2025\/03\/banner-300x93.jpg 300w\" sizes=\"(max-width: 731px) 100vw, 731px\" \/><\/a><\/h3><h3>\u00a0<\/h3><h3 style=\"text-align: center\"><strong>III Simp\u00f3sio de P\u00f3s-Gradua\u00e7\u00e3o em Desenvolvimento Regional<\/strong><\/h3><p style=\"text-align: center\"><strong>MDR: 15 anos, na busca de sinergia, possibilidades e expectativas de desenvolvimento<\/strong><\/p><blockquote><p style=\"text-align: center\">1\u00ba a 3 de dezembro de 2021 &#8211; Evento Virtual<\/p><hr \/><p><span style=\"font-size: 16px\">O desenvolvimento \u00e9 apresentado como um amplo debate que depende de como o fen\u00f4meno \u00e9 observado e do observador, podendo apresentar varia\u00e7\u00f5es de temporalidade, dependendo da localidade, do territ\u00f3rio dos saberes de determinada regi\u00e3o, do n\u00edvel de planejamento, ou seja, tem car\u00e1ter multidisciplinar e v\u00e1rias nuances. Al\u00e9m do objetivo de apresenta\u00e7\u00e3o de resultados de pesquisas. Este evento registrou a comemora\u00e7\u00e3o de 15 anos de exist\u00eancia do Programa de P\u00f3s-gradua\u00e7\u00e3o Mestrado em Desenvolvimento Regional da Universidade Federal do Amap\u00e1 (PPGMDR\/UNIFAP). <\/span><\/p><\/blockquote><p>Dentro desta perspectiva, o Programa de P\u00f3s-Gradua\u00e7\u00e3o em Desenvolvimento Regional do Amap\u00e1 (PPGMDR) em 15 anos vem apresentando para sociedade um amplo debate sobre o assunto, atrav\u00e9s das vastas pesquisas oriundas de suas disserta\u00e7\u00f5es e resultados de projetos, sendo fontes de informa\u00e7\u00f5es sobre esta parte do espa\u00e7o amaz\u00f4nico nacional para o mundo acad\u00eamico e, tamb\u00e9m, contribuem em elabora\u00e7\u00e3o de pol\u00edticas p\u00fablicas locais e regionais.<\/p><p>Neste sentido, o III Simp\u00f3sio do PPGMDR privilegiou o debate sobre assuntos voltados para o desenvolvimento regional, como processo multidisciplinar que articula diferentes atores e saberes. Para operacionalizar esse enfoque, o evento foi organizado para se expor algumas reflex\u00f5es efetuadas neste programa de p\u00f3s-gradua\u00e7\u00e3o stricto sensu, a partir das suas linhas de pesquisa: Desenvolvimento e Planejamento Socioecon\u00f4mico; Meio Ambiente e Planejamento. Optou-se por evidenciar, neste evento, a partir dessas linhas de pesquisa,\u00a0 tr\u00eas eixos tem\u00e1ticos para apresenta\u00e7\u00e3o dos trabalhos:<\/p><ul><li>Dimens\u00f5es sociais, econ\u00f4micas, pol\u00edticas, culturais e ecol\u00f3gicas ambientais do desenvolvimento regional.<\/li><li>Condi\u00e7\u00f5es te\u00f3rico-metodol\u00f3gicas de representa\u00e7\u00e3o do desenvolvimento regional<\/li><li>Pol\u00edticas p\u00fablicas voltadas para a melhoria da qualidade de vida<\/li><\/ul><hr \/><ul><li><strong>Comiss\u00e3o Geral &#8211; Docentes<\/strong><br \/>Prof. Dr. Ant\u00f4nio S\u00e9rgio Monteiro Filocre\u00e3o, Prof. Dr. Paulo Giraldi, Prof. Dr. Tit. Jadson Lu\u00eds Rebelo Porto<br \/>Prof.\u1d43 Dr.\u1d43 Valdenira Ferreira dos Santos<\/li><li><strong>Acad\u00eamicos Turma 2020<\/strong><br \/>Andrea Gomes, Maysa Vilhena dos Anjos, Max Ataliba Ferreira Pires<br \/>Patr\u00edcia Quaresma, Vanessa Michele de Souza.<\/li><li><strong>Comiss\u00e3o de Divulga\u00e7\u00e3o<\/strong><br \/>Magno Martins Cardoso, Nalimilson Gomes Pinheiro, Benedito Balieiro Nobre J\u00fanior<\/li><li><strong>Comiss\u00e3o de Inscri\u00e7\u00e3o<\/strong><br \/>Andrea Gomes, Let\u00edcia Carneiro, Vanessa Michele de Souza.<\/li><li><strong>Comiss\u00e3o de Organiza\u00e7\u00e3o<\/strong><br \/>Maysa Vilhena dos Anjos, Max Ataliba Ferreira Pires, Patr\u00edcia Ferreira Quaresma.<\/li><\/ul><hr \/><p><strong>*P\u00fablico-alvo: acad\u00eamicos<\/strong>\u00a0de gradua\u00e7\u00e3o e p\u00f3s-gradua\u00e7\u00e3o das universidades p\u00fablicas e particulares; representantes de associa\u00e7\u00f5es\/comunidades rurais e urbanas, demais institui\u00e7\u00f5es p\u00fablicas e privadas.<\/p><blockquote><p>As confer\u00eancias foram transmitidas, ao vivo, pe<span style=\"color: #000000\">lo <a style=\"color: #000000\" href=\"https:\/\/www.youtube.com\/channel\/UCZwLDXOiodFF0jRJH0ybZjg\">canal oficial do Youtube da UNIFAP<\/a>. <span style=\"color: #339966\"><strong>Confira na Galeria ao final da p\u00e1gina as grava\u00e7\u00f5es na integra!<\/strong><\/span><\/span><\/p><\/blockquote><p>De 1\u00ba a 3 de dezembro ocorreu o III Simp\u00f3sio de P\u00f3s-Gradua\u00e7\u00e3o em Desenvolvimento Regional, com o tema<strong> &#8220;MDR: 15 anos, na busca de sinergia, possibilidades e expectativas de desenvolvimento&#8221;<\/strong>. O evento ser\u00e1 realizado em formato virtual, com palestras, mesas tem\u00e1ticas e lan\u00e7amentos de livros. As confer\u00eancias foram transmitidas, ao vivo, pelo <span style=\"color: #339966\"><a style=\"color: #339966\" href=\"https:\/\/www.youtube.com\/channel\/UCZwLDXOiodFF0jRJH0ybZjg\"><strong>canal oficial do Youtube da UNIFAP<\/strong><\/a>.<\/span><\/p><p><strong>INSCRI\u00c7\u00c3O GRATUITA:<\/strong>\u00a0<span style=\"color: #339966\"><a style=\"color: #339966\" href=\"https:\/\/mdr15anos.eventbrite.com\/\"><strong>https:\/\/mdr15anos.eventbrite.com<\/strong><\/a><\/span><\/p><p><span style=\"color: #339966\"><strong>* PROGRAMA\u00c7\u00c3O COMPLETA ABAIXO*<\/strong><\/span><\/p><hr \/><blockquote><p><div id='gallery-1' class='gallery galleryid-4833 gallery-columns-2 gallery-size-full'><figure class='gallery-item'>\n\t\t\t<div class='gallery-icon portrait'>\n\t\t\t\t<a href='https:\/\/www2.unifap.br\/ppgdas\/programacao-iii-simposio-de-pos-graduacao-em-desenvolvimento-regional\/whatsapp-image-2021-11-04-at-20-39-16\/'><img decoding=\"async\" width=\"731\" height=\"1024\" src=\"https:\/\/www2.unifap.br\/ppgdas\/files\/2021\/11\/WhatsApp-Image-2021-11-04-at-20.39.16.jpeg\" class=\"attachment-full size-full\" alt=\"\" srcset=\"https:\/\/www2.unifap.br\/ppgdas\/files\/2021\/11\/WhatsApp-Image-2021-11-04-at-20.39.16.jpeg 731w, https:\/\/www2.unifap.br\/ppgdas\/files\/2021\/11\/WhatsApp-Image-2021-11-04-at-20.39.16-214x300.jpeg 214w\" sizes=\"(max-width: 731px) 100vw, 731px\" \/><\/a>\n\t\t\t<\/div><\/figure><figure class='gallery-item'>\n\t\t\t<div class='gallery-icon portrait'>\n\t\t\t\t<a href='https:\/\/www2.unifap.br\/ppgdas\/programacao-iii-simposio-de-pos-graduacao-em-desenvolvimento-regional\/whatsapp-image-2021-11-04-at-20-39-16-1\/'><img decoding=\"async\" width=\"731\" height=\"1024\" src=\"https:\/\/www2.unifap.br\/ppgdas\/files\/2021\/11\/WhatsApp-Image-2021-11-04-at-20.39.16-1.jpeg\" class=\"attachment-full size-full\" alt=\"\" srcset=\"https:\/\/www2.unifap.br\/ppgdas\/files\/2021\/11\/WhatsApp-Image-2021-11-04-at-20.39.16-1.jpeg 731w, https:\/\/www2.unifap.br\/ppgdas\/files\/2021\/11\/WhatsApp-Image-2021-11-04-at-20.39.16-1-214x300.jpeg 214w\" sizes=\"(max-width: 731px) 100vw, 731px\" \/><\/a>\n\t\t\t<\/div><\/figure><figure class='gallery-item'>\n\t\t\t<div class='gallery-icon portrait'>\n\t\t\t\t<a href='https:\/\/www2.unifap.br\/ppgdas\/programacao-iii-simposio-de-pos-graduacao-em-desenvolvimento-regional\/whatsapp-image-2021-11-04-at-20-39-17\/'><img loading=\"lazy\" decoding=\"async\" width=\"731\" height=\"1024\" src=\"https:\/\/www2.unifap.br\/ppgdas\/files\/2021\/11\/WhatsApp-Image-2021-11-04-at-20.39.17.jpeg\" class=\"attachment-full size-full\" alt=\"\" srcset=\"https:\/\/www2.unifap.br\/ppgdas\/files\/2021\/11\/WhatsApp-Image-2021-11-04-at-20.39.17.jpeg 731w, https:\/\/www2.unifap.br\/ppgdas\/files\/2021\/11\/WhatsApp-Image-2021-11-04-at-20.39.17-214x300.jpeg 214w\" sizes=\"(max-width: 731px) 100vw, 731px\" \/><\/a>\n\t\t\t<\/div><\/figure><figure class='gallery-item'>\n\t\t\t<div class='gallery-icon portrait'>\n\t\t\t\t<a href='https:\/\/www2.unifap.br\/ppgdas\/programacao-iii-simposio-de-pos-graduacao-em-desenvolvimento-regional\/whatsapp-image-2021-11-04-at-20-39-17-1\/'><img loading=\"lazy\" decoding=\"async\" width=\"731\" height=\"1024\" src=\"https:\/\/www2.unifap.br\/ppgdas\/files\/2021\/11\/WhatsApp-Image-2021-11-04-at-20.39.17-1.jpeg\" class=\"attachment-full size-full\" alt=\"\" srcset=\"https:\/\/www2.unifap.br\/ppgdas\/files\/2021\/11\/WhatsApp-Image-2021-11-04-at-20.39.17-1.jpeg 731w, https:\/\/www2.unifap.br\/ppgdas\/files\/2021\/11\/WhatsApp-Image-2021-11-04-at-20.39.17-1-214x300.jpeg 214w\" sizes=\"(max-width: 731px) 100vw, 731px\" \/><\/a>\n\t\t\t<\/div><\/figure>\n\t\t<\/div>\n<\/p><\/blockquote>\t\t\t\t\t\t\t\t<\/div>\n\t\t\t\t\t<\/div>\n\t\t<\/div>\n\t\t\t\t\t<\/div>\n\t\t<\/section>\n\t\t\t\t<section class=\"elementor-section elementor-top-section elementor-element elementor-element-5662352 elementor-section-full_width elementor-section-height-default elementor-section-height-default\" data-id=\"5662352\" data-element_type=\"section\" data-e-type=\"section\">\n\t\t\t\t\t\t<div class=\"elementor-container elementor-column-gap-default\">\n\t\t\t\t\t<div class=\"elementor-column elementor-col-100 elementor-top-column elementor-element elementor-element-ba964ff\" data-id=\"ba964ff\" data-element_type=\"column\" data-e-type=\"column\">\n\t\t\t<div class=\"elementor-widget-wrap elementor-element-populated\">\n\t\t\t\t\t\t<div class=\"elementor-element elementor-element-8724593 elementor-widget elementor-widget-text-editor\" data-id=\"8724593\" data-element_type=\"widget\" data-e-type=\"widget\" data-widget_type=\"text-editor.default\">\n\t\t\t\t\t\t\t\t\t<p><span style=\"font-weight: bold\">Assista \u00e0 mensagem do Diretor de Pesquisa do IEPA, Alan Kardec<\/span><\/p>\t\t\t\t\t\t\t\t<\/div>\n\t\t\t\t\t<\/div>\n\t\t<\/div>\n\t\t\t\t\t<\/div>\n\t\t<\/section>\n\t\t\t\t<section class=\"elementor-section elementor-top-section elementor-element elementor-element-d6a7950 elementor-section-boxed elementor-section-height-default elementor-section-height-default\" data-id=\"d6a7950\" data-element_type=\"section\" data-e-type=\"section\">\n\t\t\t\t\t\t<div class=\"elementor-container elementor-column-gap-default\">\n\t\t\t\t\t<div class=\"elementor-column elementor-col-100 elementor-top-column elementor-element elementor-element-bf595a0\" data-id=\"bf595a0\" data-element_type=\"column\" data-e-type=\"column\">\n\t\t\t<div class=\"elementor-widget-wrap elementor-element-populated\">\n\t\t\t\t\t\t<div class=\"elementor-element elementor-element-81ad8be elementor-widget elementor-widget-video\" data-id=\"81ad8be\" data-element_type=\"widget\" data-e-type=\"widget\" data-settings=\"{&quot;youtube_url&quot;:&quot;https:\\\/\\\/www.youtube.com\\\/watch?v=z5wVat6AHd8&quot;,&quot;video_type&quot;:&quot;youtube&quot;,&quot;controls&quot;:&quot;yes&quot;}\" data-widget_type=\"video.default\">\n\t\t\t\t\t\t\t<div class=\"elementor-wrapper elementor-open-inline\">\n\t\t\t<div class=\"elementor-video\"><\/div>\t\t<\/div>\n\t\t\t\t\t\t<\/div>\n\t\t\t\t\t<\/div>\n\t\t<\/div>\n\t\t\t\t\t<\/div>\n\t\t<\/section>\n\t\t\t\t<section class=\"elementor-section elementor-top-section elementor-element elementor-element-ece7960 elementor-section-full_width elementor-section-height-default elementor-section-height-default\" data-id=\"ece7960\" data-element_type=\"section\" data-e-type=\"section\">\n\t\t\t\t\t\t<div class=\"elementor-container elementor-column-gap-default\">\n\t\t\t\t\t<div class=\"elementor-column elementor-col-100 elementor-top-column elementor-element elementor-element-92cfcf0\" data-id=\"92cfcf0\" data-element_type=\"column\" data-e-type=\"column\">\n\t\t\t<div class=\"elementor-widget-wrap elementor-element-populated\">\n\t\t\t\t\t\t<div class=\"elementor-element elementor-element-4c47f50 elementor-widget elementor-widget-text-editor\" data-id=\"4c47f50\" data-element_type=\"widget\" data-e-type=\"widget\" data-widget_type=\"text-editor.default\">\n\t\t\t\t\t\t\t\t\t<p><span style=\"font-weight: bold\">Assista \u00e0 mensagem do docente da FURB, Prof. Dr. Carlos Sampaio:<\/span><\/p>\t\t\t\t\t\t\t\t<\/div>\n\t\t\t\t\t<\/div>\n\t\t<\/div>\n\t\t\t\t\t<\/div>\n\t\t<\/section>\n\t\t\t\t<section class=\"elementor-section elementor-top-section elementor-element elementor-element-50a6db8 elementor-section-boxed elementor-section-height-default elementor-section-height-default\" data-id=\"50a6db8\" data-element_type=\"section\" data-e-type=\"section\">\n\t\t\t\t\t\t<div class=\"elementor-container elementor-column-gap-default\">\n\t\t\t\t\t<div class=\"elementor-column elementor-col-100 elementor-top-column elementor-element elementor-element-deeb20d\" data-id=\"deeb20d\" data-element_type=\"column\" data-e-type=\"column\">\n\t\t\t<div class=\"elementor-widget-wrap elementor-element-populated\">\n\t\t\t\t\t\t<div class=\"elementor-element elementor-element-2ff1083 elementor-widget elementor-widget-video\" data-id=\"2ff1083\" data-element_type=\"widget\" data-e-type=\"widget\" data-settings=\"{&quot;youtube_url&quot;:&quot;https:\\\/\\\/www.youtube.com\\\/watch?v=kVlqtkzInFc&quot;,&quot;video_type&quot;:&quot;youtube&quot;,&quot;controls&quot;:&quot;yes&quot;}\" data-widget_type=\"video.default\">\n\t\t\t\t\t\t\t<div class=\"elementor-wrapper elementor-open-inline\">\n\t\t\t<div class=\"elementor-video\"><\/div>\t\t<\/div>\n\t\t\t\t\t\t<\/div>\n\t\t\t\t\t<\/div>\n\t\t<\/div>\n\t\t\t\t\t<\/div>\n\t\t<\/section>\n\t\t\t\t<section class=\"elementor-section elementor-top-section elementor-element elementor-element-f914ab9 elementor-section-full_width elementor-section-height-default elementor-section-height-default\" data-id=\"f914ab9\" data-element_type=\"section\" data-e-type=\"section\">\n\t\t\t\t\t\t<div class=\"elementor-container elementor-column-gap-default\">\n\t\t\t\t\t<div class=\"elementor-column elementor-col-100 elementor-top-column elementor-element elementor-element-780a080\" data-id=\"780a080\" data-element_type=\"column\" data-e-type=\"column\">\n\t\t\t<div class=\"elementor-widget-wrap elementor-element-populated\">\n\t\t\t\t\t\t<div class=\"elementor-element elementor-element-974ca22 elementor-widget elementor-widget-text-editor\" data-id=\"974ca22\" data-element_type=\"widget\" data-e-type=\"widget\" data-widget_type=\"text-editor.default\">\n\t\t\t\t\t\t\t\t\t<p><span style=\"font-weight: bold;color: #000000;font-size: 18.7px;font-style: italic\">Confira abaixo os Links de acervo na integra da TRANSMISS\u00c3O AO VIVO \u2013 MDR 15 ANOS<\/span><span style=\"color: #000000;font-size: 18.7px;font-style: italic;font-weight: bold;background-color: var(--ast-global-color-5)\">Confira abaixo os Links de acervo na integra da TRANSMISS\u00c3O AO VIVO \u2013 MDR 15 ANOS<\/span><\/p>\t\t\t\t\t\t\t\t<\/div>\n\t\t\t\t\t<\/div>\n\t\t<\/div>\n\t\t\t\t\t<\/div>\n\t\t<\/section>\n\t\t\t\t<section class=\"elementor-section elementor-top-section elementor-element elementor-element-57fc63a elementor-section-full_width elementor-section-height-default elementor-section-height-default\" data-id=\"57fc63a\" data-element_type=\"section\" data-e-type=\"section\">\n\t\t\t\t\t\t<div class=\"elementor-container elementor-column-gap-default\">\n\t\t\t\t\t<div class=\"elementor-column elementor-col-50 elementor-top-column elementor-element elementor-element-2c49e72\" data-id=\"2c49e72\" data-element_type=\"column\" data-e-type=\"column\">\n\t\t\t<div class=\"elementor-widget-wrap elementor-element-populated\">\n\t\t\t\t\t\t<div class=\"elementor-element elementor-element-1827bf6 elementor-widget elementor-widget-video\" data-id=\"1827bf6\" data-element_type=\"widget\" data-e-type=\"widget\" data-settings=\"{&quot;youtube_url&quot;:&quot;https:\\\/\\\/www.youtube.com\\\/watch?v=r28tBNLm40s&quot;,&quot;video_type&quot;:&quot;youtube&quot;,&quot;controls&quot;:&quot;yes&quot;}\" data-widget_type=\"video.default\">\n\t\t\t\t\t\t\t<div class=\"elementor-wrapper elementor-open-inline\">\n\t\t\t<div class=\"elementor-video\"><\/div>\t\t<\/div>\n\t\t\t\t\t\t<\/div>\n\t\t\t\t<div class=\"elementor-element elementor-element-7f51f60 elementor-widget elementor-widget-video\" data-id=\"7f51f60\" data-element_type=\"widget\" data-e-type=\"widget\" data-settings=\"{&quot;youtube_url&quot;:&quot;https:\\\/\\\/www.youtube.com\\\/watch?v=x4xxetic8W8&quot;,&quot;video_type&quot;:&quot;youtube&quot;,&quot;controls&quot;:&quot;yes&quot;}\" data-widget_type=\"video.default\">\n\t\t\t\t\t\t\t<div class=\"elementor-wrapper elementor-open-inline\">\n\t\t\t<div class=\"elementor-video\"><\/div>\t\t<\/div>\n\t\t\t\t\t\t<\/div>\n\t\t\t\t\t<\/div>\n\t\t<\/div>\n\t\t\t\t<div class=\"elementor-column elementor-col-50 elementor-top-column elementor-element elementor-element-c275ced\" data-id=\"c275ced\" data-element_type=\"column\" data-e-type=\"column\">\n\t\t\t<div class=\"elementor-widget-wrap elementor-element-populated\">\n\t\t\t\t\t\t<div class=\"elementor-element elementor-element-1fd31dd elementor-widget elementor-widget-video\" data-id=\"1fd31dd\" data-element_type=\"widget\" data-e-type=\"widget\" data-settings=\"{&quot;youtube_url&quot;:&quot;https:\\\/\\\/www.youtube.com\\\/watch?v=g7MCmryCOKk&quot;,&quot;video_type&quot;:&quot;youtube&quot;,&quot;controls&quot;:&quot;yes&quot;}\" data-widget_type=\"video.default\">\n\t\t\t\t\t\t\t<div class=\"elementor-wrapper elementor-open-inline\">\n\t\t\t<div class=\"elementor-video\"><\/div>\t\t<\/div>\n\t\t\t\t\t\t<\/div>\n\t\t\t\t<div class=\"elementor-element elementor-element-66e32c9 elementor-widget elementor-widget-video\" data-id=\"66e32c9\" data-element_type=\"widget\" data-e-type=\"widget\" data-settings=\"{&quot;youtube_url&quot;:&quot;https:\\\/\\\/www.youtube.com\\\/watch?v=aY8BUT96ZDM&quot;,&quot;video_type&quot;:&quot;youtube&quot;,&quot;controls&quot;:&quot;yes&quot;}\" data-widget_type=\"video.default\">\n\t\t\t\t\t\t\t<div class=\"elementor-wrapper elementor-open-inline\">\n\t\t\t<div class=\"elementor-video\"><\/div>\t\t<\/div>\n\t\t\t\t\t\t<\/div>\n\t\t\t\t<div class=\"elementor-element elementor-element-642f1ca elementor-widget elementor-widget-video\" data-id=\"642f1ca\" data-element_type=\"widget\" data-e-type=\"widget\" data-settings=\"{&quot;youtube_url&quot;:&quot;https:\\\/\\\/www.youtube.com\\\/watch?v=YyuoEiJjtv0&quot;,&quot;video_type&quot;:&quot;youtube&quot;,&quot;controls&quot;:&quot;yes&quot;}\" data-widget_type=\"video.default\">\n\t\t\t\t\t\t\t<div class=\"elementor-wrapper elementor-open-inline\">\n\t\t\t<div class=\"elementor-video\"><\/div>\t\t<\/div>\n\t\t\t\t\t\t<\/div>\n\t\t\t\t\t<\/div>\n\t\t<\/div>\n\t\t\t\t\t<\/div>\n\t\t<\/section>\n\t\t\t\t<\/div>\n\t\t","protected":false},"excerpt":{"rendered":"<p>\u00a0 III Simp\u00f3sio de P\u00f3s-Gradua\u00e7\u00e3o em Desenvolvimento Regional MDR: 15 anos, na busca de sinergia, possibilidades e expectativas de desenvolvimento 1\u00ba a 3 de dezembro de 2021 &#8211; Evento Virtual O desenvolvimento \u00e9 apresentado como um amplo debate que depende de como o fen\u00f4meno \u00e9 observado e do observador, podendo apresentar varia\u00e7\u00f5es de temporalidade, dependendo&#8230;<\/p>\n","protected":false},"author":3845,"featured_media":4852,"parent":0,"menu_order":0,"comment_status":"closed","ping_status":"closed","template":"elementor_header_footer","meta":{"inline_featured_image":false,"site-sidebar-layout":"default","site-content-layout":"default","ast-site-content-layout":"full-width-container","site-content-style":"default","site-sidebar-style":"default","ast-global-header-display":"","ast-banner-title-visibility":"","ast-main-header-display":"","ast-hfb-above-header-display":"","ast-hfb-below-header-display":"","ast-hfb-mobile-header-display":"","site-post-title":"","ast-breadcrumbs-content":"","ast-featured-img":"","footer-sml-layout":"","theme-transparent-header-meta":"default","adv-header-id-meta":"","stick-header-meta":"","header-above-stick-meta":"","header-main-stick-meta":"","header-below-stick-meta":"","astra-migrate-meta-layouts":"set","ast-page-background-enabled":"default","ast-page-background-meta":{"desktop":{"background-color":"var(--ast-global-color-4)","background-image":"","background-repeat":"repeat","background-position":"center center","background-size":"auto","background-attachment":"scroll","background-type":"","background-media":"","overlay-type":"","overlay-color":"","overlay-opacity":"","overlay-gradient":""},"tablet":{"background-color":"","background-image":"","background-repeat":"repeat","background-position":"center center","background-size":"auto","background-attachment":"scroll","background-type":"","background-media":"","overlay-type":"","overlay-color":"","overlay-opacity":"","overlay-gradient":""},"mobile":{"background-color":"","background-image":"","background-repeat":"repeat","background-position":"center center","background-size":"auto","background-attachment":"scroll","background-type":"","background-media":"","overlay-type":"","overlay-color":"","overlay-opacity":"","overlay-gradient":""}},"ast-content-background-meta":{"desktop":{"background-color":"var(--ast-global-color-5)","background-image":"","background-repeat":"repeat","background-position":"center center","background-size":"auto","background-attachment":"scroll","background-type":"","background-media":"","overlay-type":"","overlay-color":"","overlay-opacity":"","overlay-gradient":""},"tablet":{"background-color":"var(--ast-global-color-5)","background-image":"","background-repeat":"repeat","background-position":"center center","background-size":"auto","background-attachment":"scroll","background-type":"","background-media":"","overlay-type":"","overlay-color":"","overlay-opacity":"","overlay-gradient":""},"mobile":{"background-color":"var(--ast-global-color-5)","background-image":"","background-repeat":"repeat","background-position":"center center","background-size":"auto","background-attachment":"scroll","background-type":"","background-media":"","overlay-type":"","overlay-color":"","overlay-opacity":"","overlay-gradient":""}},"ngg_post_thumbnail":0,"footnotes":""},"class_list":["post-4833","page","type-page","status-publish","has-post-thumbnail","hentry"],"_links":{"self":[{"href":"https:\/\/www2.unifap.br\/ppgdas\/wp-json\/wp\/v2\/pages\/4833","targetHints":{"allow":["GET"]}}],"collection":[{"href":"https:\/\/www2.unifap.br\/ppgdas\/wp-json\/wp\/v2\/pages"}],"about":[{"href":"https:\/\/www2.unifap.br\/ppgdas\/wp-json\/wp\/v2\/types\/page"}],"author":[{"embeddable":true,"href":"https:\/\/www2.unifap.br\/ppgdas\/wp-json\/wp\/v2\/users\/3845"}],"replies":[{"embeddable":true,"href":"https:\/\/www2.unifap.br\/ppgdas\/wp-json\/wp\/v2\/comments?post=4833"}],"version-history":[{"count":191,"href":"https:\/\/www2.unifap.br\/ppgdas\/wp-json\/wp\/v2\/pages\/4833\/revisions"}],"predecessor-version":[{"id":10987,"href":"https:\/\/www2.unifap.br\/ppgdas\/wp-json\/wp\/v2\/pages\/4833\/revisions\/10987"}],"wp:featuredmedia":[{"embeddable":true,"href":"https:\/\/www2.unifap.br\/ppgdas\/wp-json\/wp\/v2\/media\/4852"}],"wp:attachment":[{"href":"https:\/\/www2.unifap.br\/ppgdas\/wp-json\/wp\/v2\/media?parent=4833"}],"curies":[{"name":"wp","href":"https:\/\/api.w.org\/{rel}","templated":true}]}}