{"id":5915,"date":"2022-10-17T21:52:51","date_gmt":"2022-10-18T00:52:51","guid":{"rendered":"https:\/\/www2.unifap.br\/ppgmdr\/?page_id=5915"},"modified":"2025-05-07T22:41:48","modified_gmt":"2025-05-08T01:41:48","slug":"noticias","status":"publish","type":"page","link":"https:\/\/www2.unifap.br\/ppgdas\/noticias\/","title":{"rendered":"Curso Online sobre Sistema de Informa\u00e7\u00e3o Geogr\u00e1fica com Prof. Fran\u00e7ois Laurent"},"content":{"rendered":"\t\t<div data-elementor-type=\"wp-page\" data-elementor-id=\"5915\" class=\"elementor elementor-5915\">\n\t\t\t\t\t\t<section class=\"elementor-section elementor-top-section elementor-element elementor-element-10fac62 elementor-section-boxed elementor-section-height-default elementor-section-height-default\" data-id=\"10fac62\" data-element_type=\"section\" data-e-type=\"section\" data-settings=\"{&quot;animation&quot;:&quot;none&quot;}\">\n\t\t\t\t\t\t<div class=\"elementor-container elementor-column-gap-default\">\n\t\t\t\t\t<div class=\"elementor-column elementor-col-100 elementor-top-column elementor-element elementor-element-a1e9f49\" data-id=\"a1e9f49\" data-element_type=\"column\" data-e-type=\"column\">\n\t\t\t<div class=\"elementor-widget-wrap\">\n\t\t\t\t\t\t\t<\/div>\n\t\t<\/div>\n\t\t\t\t\t<\/div>\n\t\t<\/section>\n\t\t\t\t<section class=\"elementor-section elementor-top-section elementor-element elementor-element-487ae84 elementor-section-boxed elementor-section-height-default elementor-section-height-default elementor-invisible\" data-id=\"487ae84\" data-element_type=\"section\" data-e-type=\"section\" data-settings=\"{&quot;animation&quot;:&quot;slideInUp&quot;}\">\n\t\t\t\t\t\t<div class=\"elementor-container elementor-column-gap-default\">\n\t\t\t\t\t<div class=\"elementor-column elementor-col-100 elementor-top-column elementor-element elementor-element-e3abcda\" data-id=\"e3abcda\" data-element_type=\"column\" data-e-type=\"column\">\n\t\t\t<div class=\"elementor-widget-wrap elementor-element-populated\">\n\t\t\t\t\t\t<div class=\"elementor-element elementor-element-1f3e216 elementor-widget elementor-widget-heading\" data-id=\"1f3e216\" data-element_type=\"widget\" data-e-type=\"widget\" data-widget_type=\"heading.default\">\n\t\t\t\t\t<h1 class=\"elementor-heading-title elementor-size-large\">Not\u00edcias<\/h1>\t\t\t\t<\/div>\n\t\t\t\t<div class=\"elementor-element elementor-element-ef45b21 elementor-widget elementor-widget-shortcode\" data-id=\"ef45b21\" data-element_type=\"widget\" data-e-type=\"widget\" data-widget_type=\"shortcode.default\">\n\t\t\t\t\t\t\t<div class=\"elementor-shortcode\"><div class=\"pt-cv-wrapper\"><div class=\"pt-cv-view pt-cv-grid pt-cv-colsys\" id=\"pt-cv-view-139ebe2e3l\"><div data-id=\"pt-cv-page-1\" class=\"pt-cv-page\" data-cvc=\"3\"><div class=\"col-md-4 col-sm-6 col-xs-6 pt-cv-content-item pt-cv-1-col\" ><div class='pt-cv-ifield'><a href=\"https:\/\/www2.unifap.br\/ppgdas\/qualificacao-de-dissertacao\/\" class=\"_blank pt-cv-href-thumbnail pt-cv-thumb-default\" target=\"_blank\" ><img fetchpriority=\"high\" decoding=\"async\" width=\"1024\" height=\"724\" src=\"https:\/\/www2.unifap.br\/ppgdas\/files\/2026\/02\/Elice-Jackson-Moreira-Coutinho-1024x724.png\" class=\"pt-cv-thumbnail\" alt=\"\" srcset=\"https:\/\/www2.unifap.br\/ppgdas\/files\/2026\/02\/Elice-Jackson-Moreira-Coutinho-1024x724.png 1024w, https:\/\/www2.unifap.br\/ppgdas\/files\/2026\/02\/Elice-Jackson-Moreira-Coutinho-300x212.png 300w, https:\/\/www2.unifap.br\/ppgdas\/files\/2026\/02\/Elice-Jackson-Moreira-Coutinho-768x543.png 768w, https:\/\/www2.unifap.br\/ppgdas\/files\/2026\/02\/Elice-Jackson-Moreira-Coutinho-1536x1086.png 1536w, https:\/\/www2.unifap.br\/ppgdas\/files\/2026\/02\/Elice-Jackson-Moreira-Coutinho-2048x1448.png 2048w\" sizes=\"(max-width: 1024px) 100vw, 1024px\" \/><\/a>\n<h4 class=\"pt-cv-title\"><a href=\"https:\/\/www2.unifap.br\/ppgdas\/qualificacao-de-dissertacao\/\" class=\"_blank\" target=\"_blank\" >QUALIFICA\u00c7\u00c3O DE DISSERTA\u00c7\u00c3O<\/a><\/h4>\n<div class=\"pt-cv-content\">Discente: ELICE JACKSON MOREIRA COUTINHO Tipo: QUALIFICA\u00c7\u00c3O Data: 06\/03\/2026 Hora: 15:00 T\u00edtulo: DIAGN\u00d3STICO PARA UM SISTEMA TUR\u00cdSTICO LOCAL E SUSTENT\u00c1VEL ...<\/div><\/div><\/div>\n<div class=\"col-md-4 col-sm-6 col-xs-6 pt-cv-content-item pt-cv-1-col\" ><div class='pt-cv-ifield'><a href=\"https:\/\/www2.unifap.br\/ppgdas\/defesa-de-mestrado-8\/\" class=\"_blank pt-cv-href-thumbnail pt-cv-thumb-default\" target=\"_blank\" ><img decoding=\"async\" width=\"1024\" height=\"724\" src=\"https:\/\/www2.unifap.br\/ppgdas\/files\/2026\/02\/Hilton-Rogerio-Maia-Cardoso-1024x724.png\" class=\"pt-cv-thumbnail\" alt=\"\" srcset=\"https:\/\/www2.unifap.br\/ppgdas\/files\/2026\/02\/Hilton-Rogerio-Maia-Cardoso-1024x724.png 1024w, https:\/\/www2.unifap.br\/ppgdas\/files\/2026\/02\/Hilton-Rogerio-Maia-Cardoso-300x212.png 300w, https:\/\/www2.unifap.br\/ppgdas\/files\/2026\/02\/Hilton-Rogerio-Maia-Cardoso-768x543.png 768w, https:\/\/www2.unifap.br\/ppgdas\/files\/2026\/02\/Hilton-Rogerio-Maia-Cardoso-1536x1086.png 1536w, https:\/\/www2.unifap.br\/ppgdas\/files\/2026\/02\/Hilton-Rogerio-Maia-Cardoso-2048x1448.png 2048w\" sizes=\"(max-width: 1024px) 100vw, 1024px\" \/><\/a>\n<h4 class=\"pt-cv-title\"><a href=\"https:\/\/www2.unifap.br\/ppgdas\/defesa-de-mestrado-8\/\" class=\"_blank\" target=\"_blank\" >DEFESA DE MESTRADO<\/a><\/h4>\n<div class=\"pt-cv-content\">Discente: HILTON ROGERIO MAIA CARDOSO Tipo: DEFESA Data: 03\/03\/2026 Hora: 09:00 T\u00edtulo: DESAFIOS E OPORTUNIDADES PARA EXPANS\u00c3O DA AGROIND\u00daSTRIA NO ...<\/div><\/div><\/div>\n<div class=\"col-md-4 col-sm-6 col-xs-6 pt-cv-content-item pt-cv-1-col\" ><div class='pt-cv-ifield'><a href=\"https:\/\/www2.unifap.br\/ppgdas\/defesa-de-mestrado-7\/\" class=\"_blank pt-cv-href-thumbnail pt-cv-thumb-default\" target=\"_blank\" ><img decoding=\"async\" width=\"1024\" height=\"724\" src=\"https:\/\/www2.unifap.br\/ppgdas\/files\/2026\/02\/Suzane-Biapino-Dos-Santos--1024x724.png\" class=\"pt-cv-thumbnail\" alt=\"\" srcset=\"https:\/\/www2.unifap.br\/ppgdas\/files\/2026\/02\/Suzane-Biapino-Dos-Santos--1024x724.png 1024w, https:\/\/www2.unifap.br\/ppgdas\/files\/2026\/02\/Suzane-Biapino-Dos-Santos--300x212.png 300w, https:\/\/www2.unifap.br\/ppgdas\/files\/2026\/02\/Suzane-Biapino-Dos-Santos--768x543.png 768w, https:\/\/www2.unifap.br\/ppgdas\/files\/2026\/02\/Suzane-Biapino-Dos-Santos--1536x1086.png 1536w\" sizes=\"(max-width: 1024px) 100vw, 1024px\" \/><\/a>\n<h4 class=\"pt-cv-title\"><a href=\"https:\/\/www2.unifap.br\/ppgdas\/defesa-de-mestrado-7\/\" class=\"_blank\" target=\"_blank\" >DEFESA DE MESTRADO<\/a><\/h4>\n<div class=\"pt-cv-content\">Discente: SUZANE BIAPINO DOS SANTOS Tipo: DEFESA Data: 27\/02\/2026 Hora: 14:00 T\u00edtulo: JUVENTUDE RIBEIRINHA: IDENTIDADE E DESENVOLVIMENTO LOCAL NA COMUNIDADE ...<\/div><\/div><\/div>\n<div class=\"col-md-4 col-sm-6 col-xs-6 pt-cv-content-item pt-cv-1-col\" ><div class='pt-cv-ifield'><a href=\"https:\/\/www2.unifap.br\/ppgdas\/defesa-de-mestrado-6\/\" class=\"_blank pt-cv-href-thumbnail pt-cv-thumb-default\" target=\"_blank\" ><img loading=\"lazy\" decoding=\"async\" width=\"1024\" height=\"724\" src=\"https:\/\/www2.unifap.br\/ppgdas\/files\/2026\/02\/Emmanuele-Nascimento-de-Almeida-Pedreira-1024x724.png\" class=\"pt-cv-thumbnail\" alt=\"\" srcset=\"https:\/\/www2.unifap.br\/ppgdas\/files\/2026\/02\/Emmanuele-Nascimento-de-Almeida-Pedreira-1024x724.png 1024w, https:\/\/www2.unifap.br\/ppgdas\/files\/2026\/02\/Emmanuele-Nascimento-de-Almeida-Pedreira-300x212.png 300w, https:\/\/www2.unifap.br\/ppgdas\/files\/2026\/02\/Emmanuele-Nascimento-de-Almeida-Pedreira-768x543.png 768w, https:\/\/www2.unifap.br\/ppgdas\/files\/2026\/02\/Emmanuele-Nascimento-de-Almeida-Pedreira-1536x1086.png 1536w\" sizes=\"(max-width: 1024px) 100vw, 1024px\" \/><\/a>\n<h4 class=\"pt-cv-title\"><a href=\"https:\/\/www2.unifap.br\/ppgdas\/defesa-de-mestrado-6\/\" class=\"_blank\" target=\"_blank\" >DEFESA DE MESTRADO<\/a><\/h4>\n<div class=\"pt-cv-content\">Discente: EMMANUELE NASCIMENTO DE ALMEIDA PEDREIRA Tipo: DEFESA Data: 17\/02\/2026 Hora: 09:00 T\u00edtulo: DESAFIOS DAS MULHERES NA PECU\u00c1RIA DE BOV\u00cdDEOS ...<\/div><\/div><\/div>\n<div class=\"col-md-4 col-sm-6 col-xs-6 pt-cv-content-item pt-cv-1-col\" ><div class='pt-cv-ifield'><a href=\"https:\/\/www2.unifap.br\/ppgdas\/defesa-de-mestrado-5\/\" class=\"_blank pt-cv-href-thumbnail pt-cv-thumb-default\" target=\"_blank\" ><img loading=\"lazy\" decoding=\"async\" width=\"1024\" height=\"724\" src=\"https:\/\/www2.unifap.br\/ppgdas\/files\/2026\/02\/Samuel-Lima-Sales-Junior-1024x724.png\" class=\"pt-cv-thumbnail\" alt=\"\" srcset=\"https:\/\/www2.unifap.br\/ppgdas\/files\/2026\/02\/Samuel-Lima-Sales-Junior-1024x724.png 1024w, https:\/\/www2.unifap.br\/ppgdas\/files\/2026\/02\/Samuel-Lima-Sales-Junior-300x212.png 300w, https:\/\/www2.unifap.br\/ppgdas\/files\/2026\/02\/Samuel-Lima-Sales-Junior-768x543.png 768w, https:\/\/www2.unifap.br\/ppgdas\/files\/2026\/02\/Samuel-Lima-Sales-Junior-1536x1086.png 1536w\" sizes=\"(max-width: 1024px) 100vw, 1024px\" \/><\/a>\n<h4 class=\"pt-cv-title\"><a href=\"https:\/\/www2.unifap.br\/ppgdas\/defesa-de-mestrado-5\/\" class=\"_blank\" target=\"_blank\" >DEFESA DE MESTRADO<\/a><\/h4>\n<div class=\"pt-cv-content\">Discente: SAMUEL LIMA SALES JUNIOR Tipo: DEFESA Data: 27\/02\/2026 Hora: 09:00 T\u00edtulo: DESIGUALDADES SOCIAIS NO TECIDO URBANO NA AMAZ\u00d4NIA: UM ...<\/div><\/div><\/div>\n<div class=\"col-md-4 col-sm-6 col-xs-6 pt-cv-content-item pt-cv-1-col\" ><div class='pt-cv-ifield'><a href=\"https:\/\/www2.unifap.br\/ppgdas\/defesa-de-mestrado-4\/\" class=\"_blank pt-cv-href-thumbnail pt-cv-thumb-default\" target=\"_blank\" ><img loading=\"lazy\" decoding=\"async\" width=\"1024\" height=\"724\" src=\"https:\/\/www2.unifap.br\/ppgdas\/files\/2026\/02\/Helder-Eduardo-de-Sousa-Esteves-1024x724.png\" class=\"pt-cv-thumbnail\" alt=\"\" srcset=\"https:\/\/www2.unifap.br\/ppgdas\/files\/2026\/02\/Helder-Eduardo-de-Sousa-Esteves-1024x724.png 1024w, https:\/\/www2.unifap.br\/ppgdas\/files\/2026\/02\/Helder-Eduardo-de-Sousa-Esteves-300x212.png 300w, https:\/\/www2.unifap.br\/ppgdas\/files\/2026\/02\/Helder-Eduardo-de-Sousa-Esteves-768x543.png 768w, https:\/\/www2.unifap.br\/ppgdas\/files\/2026\/02\/Helder-Eduardo-de-Sousa-Esteves-1536x1086.png 1536w\" sizes=\"(max-width: 1024px) 100vw, 1024px\" \/><\/a>\n<h4 class=\"pt-cv-title\"><a href=\"https:\/\/www2.unifap.br\/ppgdas\/defesa-de-mestrado-4\/\" class=\"_blank\" target=\"_blank\" >DEFESA DE MESTRADO<\/a><\/h4>\n<div class=\"pt-cv-content\">Discente: HELDER EDUARDO DE SOUSA ESTEVES Tipo: DEFESA Data: 23\/02\/2026 Hora: 15:00 T\u00edtulo: MERCADO DE CARBONO EM UNIDADES DE CONSERVA\u00c7\u00c3O ...<\/div><\/div><\/div>\n<div class=\"col-md-4 col-sm-6 col-xs-6 pt-cv-content-item pt-cv-1-col\" ><div class='pt-cv-ifield'><a href=\"https:\/\/www2.unifap.br\/ppgdas\/defesa-de-mestrado-3\/\" class=\"_blank pt-cv-href-thumbnail pt-cv-thumb-default\" target=\"_blank\" ><img loading=\"lazy\" decoding=\"async\" width=\"1024\" height=\"724\" src=\"https:\/\/www2.unifap.br\/ppgdas\/files\/2026\/02\/Renan-Mendonca-Dantas-1024x724.png\" class=\"pt-cv-thumbnail\" alt=\"\" srcset=\"https:\/\/www2.unifap.br\/ppgdas\/files\/2026\/02\/Renan-Mendonca-Dantas-1024x724.png 1024w, https:\/\/www2.unifap.br\/ppgdas\/files\/2026\/02\/Renan-Mendonca-Dantas-300x212.png 300w, https:\/\/www2.unifap.br\/ppgdas\/files\/2026\/02\/Renan-Mendonca-Dantas-768x543.png 768w, https:\/\/www2.unifap.br\/ppgdas\/files\/2026\/02\/Renan-Mendonca-Dantas-1536x1086.png 1536w\" sizes=\"(max-width: 1024px) 100vw, 1024px\" \/><\/a>\n<h4 class=\"pt-cv-title\"><a href=\"https:\/\/www2.unifap.br\/ppgdas\/defesa-de-mestrado-3\/\" class=\"_blank\" target=\"_blank\" >DEFESA DE MESTRADO<\/a><\/h4>\n<div class=\"pt-cv-content\">Discente: RENAN MENDON\u00c7A DANTAS Tipo: DEFESA Data: 24\/02\/2026 Hora: 09:00 T\u00edtulo: A PEGADA ECOL\u00d3GICA DO MUNIC\u00cdPIO DE MACAP\u00c1\/AP Membros da ...<\/div><\/div><\/div>\n<div class=\"col-md-4 col-sm-6 col-xs-6 pt-cv-content-item pt-cv-1-col\" ><div class='pt-cv-ifield'><a href=\"https:\/\/www2.unifap.br\/ppgdas\/defesa-de-mestrado-2\/\" class=\"_blank pt-cv-href-thumbnail pt-cv-thumb-default\" target=\"_blank\" ><img loading=\"lazy\" decoding=\"async\" width=\"1024\" height=\"724\" src=\"https:\/\/www2.unifap.br\/ppgdas\/files\/2026\/02\/WhatsApp-Image-2026-02-10-at-11.07.26-1024x724.jpeg\" class=\"pt-cv-thumbnail\" alt=\"\" srcset=\"https:\/\/www2.unifap.br\/ppgdas\/files\/2026\/02\/WhatsApp-Image-2026-02-10-at-11.07.26-1024x724.jpeg 1024w, https:\/\/www2.unifap.br\/ppgdas\/files\/2026\/02\/WhatsApp-Image-2026-02-10-at-11.07.26-300x212.jpeg 300w, https:\/\/www2.unifap.br\/ppgdas\/files\/2026\/02\/WhatsApp-Image-2026-02-10-at-11.07.26-768x543.jpeg 768w, https:\/\/www2.unifap.br\/ppgdas\/files\/2026\/02\/WhatsApp-Image-2026-02-10-at-11.07.26-1536x1086.jpeg 1536w, https:\/\/www2.unifap.br\/ppgdas\/files\/2026\/02\/WhatsApp-Image-2026-02-10-at-11.07.26.jpeg 1600w\" sizes=\"(max-width: 1024px) 100vw, 1024px\" \/><\/a>\n<h4 class=\"pt-cv-title\"><a href=\"https:\/\/www2.unifap.br\/ppgdas\/defesa-de-mestrado-2\/\" class=\"_blank\" target=\"_blank\" >DEFESA DE MESTRADO<\/a><\/h4>\n<div class=\"pt-cv-content\">Discente: KELIANE BASTOS DE SOUSA Tipo: DEFESA Data: 26\/02\/2026 Hora: 09:00 T\u00edtulo: PLANEJAMENTO URBANO NA CIDADE DE MACAP\u00c1: AN\u00c1LISE SOBRE ...<\/div><\/div><\/div>\n<div class=\"col-md-4 col-sm-6 col-xs-6 pt-cv-content-item pt-cv-1-col\" ><div class='pt-cv-ifield'><a href=\"https:\/\/www2.unifap.br\/ppgdas\/defesa-de-mestrado\/\" class=\"_blank pt-cv-href-thumbnail pt-cv-thumb-default\" target=\"_blank\" ><img loading=\"lazy\" decoding=\"async\" width=\"946\" height=\"669\" src=\"https:\/\/www2.unifap.br\/ppgdas\/files\/2026\/02\/WhatsApp-Image-2026-02-10-at-11.07.28-1.jpeg\" class=\"pt-cv-thumbnail\" alt=\"\" srcset=\"https:\/\/www2.unifap.br\/ppgdas\/files\/2026\/02\/WhatsApp-Image-2026-02-10-at-11.07.28-1.jpeg 946w, https:\/\/www2.unifap.br\/ppgdas\/files\/2026\/02\/WhatsApp-Image-2026-02-10-at-11.07.28-1-300x212.jpeg 300w, https:\/\/www2.unifap.br\/ppgdas\/files\/2026\/02\/WhatsApp-Image-2026-02-10-at-11.07.28-1-768x543.jpeg 768w\" sizes=\"(max-width: 946px) 100vw, 946px\" \/><\/a>\n<h4 class=\"pt-cv-title\"><a href=\"https:\/\/www2.unifap.br\/ppgdas\/defesa-de-mestrado\/\" class=\"_blank\" target=\"_blank\" >DEFESA DE MESTRADO<\/a><\/h4>\n<div class=\"pt-cv-content\">Discente: ELANE DE LIMA FERREIRA Tipo: DEFESA Data: 19\/02\/2026 Hora: 09:30 T\u00edtulo: POL\u00cdTICAS P\u00daBLICAS VOLTADAS PARA A AGRICULTURA FAMILIAR NO ...<\/div><\/div><\/div><\/div><\/div>\n<div class=\" pt-cv-pagination-wrapper\"><ul class=\"pt-cv-pagination pt-cv-ajax pagination\" data-totalpages=\"12\" data-currentpage=\"1\" data-sid=\"139ebe2e3l\" data-unid=\"\" data-isblock=\"\" data-postid=\"\"><li class=\"active\"><a href=\"#\">1<\/a><\/li>\n\t<li ><a class=\"\" href=\"https:\/\/www2.unifap.br\/ppgdas\/wp-json\/wp\/v2\/pages\/5915\/?_page=2\">2<\/a><\/li>\n\t<li ><a class=\"\" href=\"https:\/\/www2.unifap.br\/ppgdas\/wp-json\/wp\/v2\/pages\/5915\/?_page=3\">3<\/a><\/li>\n\t<li ><a href=\"#\">&hellip;<\/a><\/li>\n\t<li ><a class=\"\" href=\"https:\/\/www2.unifap.br\/ppgdas\/wp-json\/wp\/v2\/pages\/5915\/?_page=12\">12<\/a><\/li>\n\t<li ><a class=\" \" href=\"https:\/\/www2.unifap.br\/ppgdas\/wp-json\/wp\/v2\/pages\/5915\/?_page=2\">&rsaquo;<\/a><\/li>\n\t<\/ul><img loading=\"lazy\" decoding=\"async\" width=\"15\" height=\"15\" class=\"pt-cv-spinner\" alt=\"Carregando...;\" src=\"data:image\/gif;base64,R0lGODlhDwAPALMPAMrKygwMDJOTkz09PZWVla+vr3p6euTk5M7OzuXl5TMzMwAAAJmZmWZmZszMzP\/\/\/yH\/C05FVFNDQVBFMi4wAwEAAAAh+QQFCgAPACwAAAAADwAPAAAEQvDJaZaZOIcV8iQK8VRX4iTYoAwZ4iCYoAjZ4RxejhVNoT+mRGP4cyF4Pp0N98sBGIBMEMOotl6YZ3S61Bmbkm4mAgAh+QQFCgAPACwAAAAADQANAAAENPDJSRSZeA418itN8QiK8BiLITVsFiyBBIoYqnoewAD4xPw9iY4XLGYSjkQR4UAUD45DLwIAIfkEBQoADwAsAAAAAA8ACQAABC\/wyVlamTi3nSdgwFNdhEJgTJoNyoB9ISYoQmdjiZPcj7EYCAeCF1gEDo4Dz2eIAAAh+QQFCgAPACwCAAAADQANAAAEM\/DJBxiYeLKdX3IJZT1FU0iIg2RNKx3OkZVnZ98ToRD4MyiDnkAh6BkNC0MvsAj0kMpHBAAh+QQFCgAPACwGAAAACQAPAAAEMDC59KpFDll73HkAA2wVY5KgiK5b0RRoI6MuzG6EQqCDMlSGheEhUAgqgUUAFRySIgAh+QQFCgAPACwCAAIADQANAAAEM\/DJKZNLND\/kkKaHc3xk+QAMYDKsiaqmZCxGVjSFFCxB1vwy2oOgIDxuucxAMTAJFAJNBAAh+QQFCgAPACwAAAYADwAJAAAEMNAs86q1yaWwwv2Ig0jUZx3OYa4XoRAfwADXoAwfo1+CIjyFRuEho60aSNYlOPxEAAAh+QQFCgAPACwAAAIADQANAAAENPA9s4y8+IUVcqaWJ4qEQozSoAzoIyhCK2NFU2SJk0hNnyEOhKR2AzAAj4Pj4GE4W0bkJQIAOw==\" \/><div class=\"clear pt-cv-clear-pagination\"><\/div><\/div><\/div><\/div>\n\t\t\t\t\t\t<\/div>\n\t\t\t\t\t<\/div>\n\t\t<\/div>\n\t\t\t\t\t<\/div>\n\t\t<\/section>\n\t\t\t\t<\/div>\n\t\t","protected":false},"excerpt":{"rendered":"<p>Not\u00edcias<\/p>\n","protected":false},"author":3845,"featured_media":0,"parent":0,"menu_order":0,"comment_status":"closed","ping_status":"closed","template":"","meta":{"inline_featured_image":false,"site-sidebar-layout":"no-sidebar","site-content-layout":"page-builder","ast-site-content-layout":"default","site-content-style":"default","site-sidebar-style":"default","ast-global-header-display":"","ast-banner-title-visibility":"","ast-main-header-display":"","ast-hfb-above-header-display":"","ast-hfb-below-header-display":"","ast-hfb-mobile-header-display":"","site-post-title":"disabled","ast-breadcrumbs-content":"","ast-featured-img":"disabled","footer-sml-layout":"","theme-transparent-header-meta":"default","adv-header-id-meta":"","stick-header-meta":"","header-above-stick-meta":"","header-main-stick-meta":"","header-below-stick-meta":"","astra-migrate-meta-layouts":"default","ast-page-background-enabled":"default","ast-page-background-meta":{"desktop":{"background-color":"var(--ast-global-color-4)","background-image":"","background-repeat":"repeat","background-position":"center center","background-size":"auto","background-attachment":"scroll","background-type":"","background-media":"","overlay-type":"","overlay-color":"","overlay-opacity":"","overlay-gradient":""},"tablet":{"background-color":"","background-image":"","background-repeat":"repeat","background-position":"center center","background-size":"auto","background-attachment":"scroll","background-type":"","background-media":"","overlay-type":"","overlay-color":"","overlay-opacity":"","overlay-gradient":""},"mobile":{"background-color":"","background-image":"","background-repeat":"repeat","background-position":"center center","background-size":"auto","background-attachment":"scroll","background-type":"","background-media":"","overlay-type":"","overlay-color":"","overlay-opacity":"","overlay-gradient":""}},"ast-content-background-meta":{"desktop":{"background-color":"var(--ast-global-color-5)","background-image":"","background-repeat":"repeat","background-position":"center center","background-size":"auto","background-attachment":"scroll","background-type":"","background-media":"","overlay-type":"","overlay-color":"","overlay-opacity":"","overlay-gradient":""},"tablet":{"background-color":"var(--ast-global-color-5)","background-image":"","background-repeat":"repeat","background-position":"center center","background-size":"auto","background-attachment":"scroll","background-type":"","background-media":"","overlay-type":"","overlay-color":"","overlay-opacity":"","overlay-gradient":""},"mobile":{"background-color":"var(--ast-global-color-5)","background-image":"","background-repeat":"repeat","background-position":"center center","background-size":"auto","background-attachment":"scroll","background-type":"","background-media":"","overlay-type":"","overlay-color":"","overlay-opacity":"","overlay-gradient":""}},"ngg_post_thumbnail":0,"footnotes":""},"class_list":["post-5915","page","type-page","status-publish","hentry"],"_links":{"self":[{"href":"https:\/\/www2.unifap.br\/ppgdas\/wp-json\/wp\/v2\/pages\/5915","targetHints":{"allow":["GET"]}}],"collection":[{"href":"https:\/\/www2.unifap.br\/ppgdas\/wp-json\/wp\/v2\/pages"}],"about":[{"href":"https:\/\/www2.unifap.br\/ppgdas\/wp-json\/wp\/v2\/types\/page"}],"author":[{"embeddable":true,"href":"https:\/\/www2.unifap.br\/ppgdas\/wp-json\/wp\/v2\/users\/3845"}],"replies":[{"embeddable":true,"href":"https:\/\/www2.unifap.br\/ppgdas\/wp-json\/wp\/v2\/comments?post=5915"}],"version-history":[{"count":37,"href":"https:\/\/www2.unifap.br\/ppgdas\/wp-json\/wp\/v2\/pages\/5915\/revisions"}],"predecessor-version":[{"id":12259,"href":"https:\/\/www2.unifap.br\/ppgdas\/wp-json\/wp\/v2\/pages\/5915\/revisions\/12259"}],"wp:attachment":[{"href":"https:\/\/www2.unifap.br\/ppgdas\/wp-json\/wp\/v2\/media?parent=5915"}],"curies":[{"name":"wp","href":"https:\/\/api.w.org\/{rel}","templated":true}]}}