{"id":8583,"date":"2024-02-29T16:28:36","date_gmt":"2024-02-29T19:28:36","guid":{"rendered":"https:\/\/www2.unifap.br\/ppgdas\/?page_id=8583"},"modified":"2024-09-26T13:30:06","modified_gmt":"2024-09-26T16:30:06","slug":"bolsa-prapg-capes","status":"publish","type":"page","link":"https:\/\/www2.unifap.br\/ppgdas\/editais\/bolsa-prapg-capes\/","title":{"rendered":"BOLSA PRAPG\/Capes"},"content":{"rendered":"\t\t<div data-elementor-type=\"wp-page\" data-elementor-id=\"8583\" class=\"elementor elementor-8583\">\n\t\t\t\t\t\t<section class=\"elementor-section elementor-top-section elementor-element elementor-element-da31ea8 elementor-section-full_width elementor-section-height-default elementor-section-height-default\" data-id=\"da31ea8\" data-element_type=\"section\" data-e-type=\"section\">\n\t\t\t\t\t\t<div class=\"elementor-container elementor-column-gap-default\">\n\t\t\t\t\t<div class=\"elementor-column elementor-col-100 elementor-top-column elementor-element elementor-element-f17db87\" data-id=\"f17db87\" data-element_type=\"column\" data-e-type=\"column\">\n\t\t\t<div class=\"elementor-widget-wrap elementor-element-populated\">\n\t\t\t\t\t\t<div class=\"elementor-element elementor-element-b2699ad elementor-widget elementor-widget-text-editor\" data-id=\"b2699ad\" data-element_type=\"widget\" data-e-type=\"widget\" data-widget_type=\"text-editor.default\">\n\t\t\t\t\t\t\t\t\t<h3>BOLSAS PRAPG\/Capes<\/h3>\t\t\t\t\t\t\t\t<\/div>\n\t\t\t\t<div class=\"elementor-element elementor-element-4a66e2c elementor-tabs-alignment-center elementor-tabs-view-horizontal elementor-widget elementor-widget-tabs\" data-id=\"4a66e2c\" data-element_type=\"widget\" data-e-type=\"widget\" data-widget_type=\"tabs.default\">\n\t\t\t\t\t\t\t<div class=\"elementor-tabs\">\n\t\t\t<div class=\"elementor-tabs-wrapper\" role=\"tablist\" >\n\t\t\t\t\t\t\t\t\t<div id=\"elementor-tab-title-7801\" class=\"elementor-tab-title elementor-tab-desktop-title\" aria-selected=\"true\" data-tab=\"1\" role=\"tab\" tabindex=\"0\" aria-controls=\"elementor-tab-content-7801\" aria-expanded=\"false\">P\u00f3s-Doutorado 2024<\/div>\n\t\t\t\t\t\t\t\t\t<div id=\"elementor-tab-title-7802\" class=\"elementor-tab-title elementor-tab-desktop-title\" aria-selected=\"false\" data-tab=\"2\" role=\"tab\" tabindex=\"-1\" aria-controls=\"elementor-tab-content-7802\" aria-expanded=\"false\">P\u00f3s-Doutorado 2023<\/div>\n\t\t\t\t\t\t\t\t\t<div id=\"elementor-tab-title-7803\" class=\"elementor-tab-title elementor-tab-desktop-title\" aria-selected=\"false\" data-tab=\"3\" role=\"tab\" tabindex=\"-1\" aria-controls=\"elementor-tab-content-7803\" aria-expanded=\"false\">Professor Visitante - Nacional<\/div>\n\t\t\t\t\t\t\t\t\t<div id=\"elementor-tab-title-7804\" class=\"elementor-tab-title elementor-tab-desktop-title\" aria-selected=\"false\" data-tab=\"4\" role=\"tab\" tabindex=\"-1\" aria-controls=\"elementor-tab-content-7804\" aria-expanded=\"false\">Professor Visitante - Exterior <\/div>\n\t\t\t\t\t\t\t<\/div>\n\t\t\t<div class=\"elementor-tabs-content-wrapper\" role=\"tablist\" aria-orientation=\"vertical\">\n\t\t\t\t\t\t\t\t\t<div class=\"elementor-tab-title elementor-tab-mobile-title\" aria-selected=\"true\" data-tab=\"1\" role=\"tab\" tabindex=\"0\" aria-controls=\"elementor-tab-content-7801\" aria-expanded=\"false\">P\u00f3s-Doutorado 2024<\/div>\n\t\t\t\t\t<div id=\"elementor-tab-content-7801\" class=\"elementor-tab-content elementor-clearfix\" data-tab=\"1\" role=\"tabpanel\" aria-labelledby=\"elementor-tab-title-7801\" tabindex=\"0\" hidden=\"false\"><div>A Coordena\u00e7\u00e3o do PPGDAS\/UNIFAP torna p\u00fablico o PROCESSO SELETIVO PARA BOLSA DE P\u00d3S-DOUTORADO para Sele\u00e7\u00e3o de at\u00e9 02 (dois) Bolsistas de P\u00f3s-doutorado no \u00e2mbito do Programa de Redu\u00e7\u00e3o de Assimetrias da P\u00f3s-gradua\u00e7\u00e3o da CAPES.<\/div><div>\u00a0<\/div><ul><li><a href=\"https:\/\/drive.google.com\/file\/d\/1DUfZiVFkRhe3jh-kv__Wg2kDQgsv0gXN\/view?usp=sharing\"><strong>Edital N\u00ba 02-2024 PPGDAS \u2013\u00a0<span style=\"color: #007d2d\"><u>Resultado definitivo<\/u><\/span><\/strong><\/a><b>\u00a0&#8211;<\/b>\u00a0 01 de maio de 2024.<\/li><li style=\"font-size: 17px\"><span style=\"font-weight: bold\"><a href=\"http:\/\/www2.unifap.br\/ppgdas\/files\/2024\/05\/Edital-No-02-2024-PPGDAS-Resultado-provisorio-29-de-abril-de-2024.docx.pdf\" target=\"_blank\" rel=\"noopener\">Edital N\u00ba 02-2024 PPGDAS \u2013\u00a0<u>Resultado provis\u00f3rio<\/u><\/a><\/span><span style=\"font-weight: bold\">\u00a0&#8211;<\/span>\u00a0 29 de abril de 2024.<\/li><li><span style=\"font-weight: bold\"><a href=\"http:\/\/www2.unifap.br\/ppgdas\/files\/2024\/04\/Edital-No-02-2024-PPGDAS-RESULTADO-DEFINITIVO.pdf\" target=\"_blank\" rel=\"noopener\">Edital N\u00ba 02-2024 PPGDAS \u2013 Resultado definitivo das inscri\u00e7\u00f5es<\/a>\u00a0&#8211;<\/span>\u00a0 22 de abril de 2024.<\/li><li><strong><a href=\"http:\/\/www2.unifap.br\/ppgdas\/files\/2024\/04\/Edital-No-02-2024-PPGDAS-Inscricoes-homologadas-1.pdf\" target=\"_blank\" rel=\"noopener\">Edital N\u00ba 02-2024 PPGDAS \u2013 Inscri\u00e7\u00f5es homologadas<\/a>\u00a0&#8211;<\/strong> 19 de abril de 2024.<\/li><li style=\"font-size: 17px\"><span style=\"font-weight: bold\"><a href=\"http:\/\/www2.unifap.br\/ppgdas\/files\/2024\/04\/Edital-No-02-2024-PPGDAS-1a-Retificacao-08-de-abril-de-2024.pdf\" target=\"_blank\" rel=\"noopener\">Edital-N\u00ba 02-2024-PPGDAS &#8211; 1\u00aa Retifica\u00e7\u00e3o<\/a>\u00a0&#8211;<\/span>\u00a008 de abril de 2024.<\/li><li><strong><a href=\"http:\/\/www2.unifap.br\/ppgdas\/files\/2024\/03\/Edital-No-02-2024-PPGDAS-Pos-doutorado-1.pdf\" target=\"_blank\" rel=\"noopener\">Edital N\u00ba 02-2024 PPGDAS &#8211; P\u00f3s-doutorado<\/a>\u00a0&#8211;\u00a0<\/strong>15 de mar\u00e7o de 2024.<\/li><\/ul><\/div>\n\t\t\t\t\t\t\t\t\t<div class=\"elementor-tab-title elementor-tab-mobile-title\" aria-selected=\"false\" data-tab=\"2\" role=\"tab\" tabindex=\"-1\" aria-controls=\"elementor-tab-content-7802\" aria-expanded=\"false\">P\u00f3s-Doutorado 2023<\/div>\n\t\t\t\t\t<div id=\"elementor-tab-content-7802\" class=\"elementor-tab-content elementor-clearfix\" data-tab=\"2\" role=\"tabpanel\" aria-labelledby=\"elementor-tab-title-7802\" tabindex=\"0\" hidden=\"hidden\"><h6 style=\"text-align: center\">PUBLICADO O EDITAL N\u00ba 01\/2023 COTA DE BOLSAS \u2013 PPGDAS<\/h6><p><a href=\"http:\/\/www2.unifap.br\/ppgdas\/files\/2023\/12\/Edital-No-01_2023-Cota-Bolsas-PPGDAS-UNIFAP-de-15-de-dezembro-de-2023.pdf\">N\u00ba 01_2023-Cota Bolsas PPGDAS-UNIFAP de 15 \/12\/ 2023<\/a><\/p><p><a href=\"http:\/\/www2.unifap.br\/ppgdas\/files\/2023\/12\/Inscricoes-homologadas-Edital-de-Bolsas-PPGDAS-2023-1.pdf\">Inscri\u00e7\u00f5es homologadas \u2013 Edital de Bolsas PPGDAS 2023<\/a><\/p><p><a style=\"font-size: 1rem;font-style: inherit\" href=\"http:\/\/www2.unifap.br\/ppgdas\/files\/2023\/12\/Resultado-Edital-de-Bolsas-PPGDAS-2023.pdf\">Resultado \u2013 Edital de Bolsas PPGDAS 2023<\/a><\/p><\/div>\n\t\t\t\t\t\t\t\t\t<div class=\"elementor-tab-title elementor-tab-mobile-title\" aria-selected=\"false\" data-tab=\"3\" role=\"tab\" tabindex=\"-1\" aria-controls=\"elementor-tab-content-7803\" aria-expanded=\"false\">Professor Visitante - Nacional<\/div>\n\t\t\t\t\t<div id=\"elementor-tab-content-7803\" class=\"elementor-tab-content elementor-clearfix\" data-tab=\"3\" role=\"tabpanel\" aria-labelledby=\"elementor-tab-title-7803\" tabindex=\"0\" hidden=\"hidden\"><p><span style=\"color: #000000\">O Programa de P\u00f3s-Gradua\u00e7\u00e3o em Desenvolvimento da Amaz\u00f4nia Sustent\u00e1vel da Universidade Federal do Amap\u00e1 (PPGDAS\/UNIFAP) torna p\u00fablico o presente Edital de Sele\u00e7\u00e3o de at\u00e9 01 (uma) Bolsa para professor Visitante no \u00e2mbito do Programa de Redu\u00e7\u00e3o de Assimetrias da P\u00f3s-gradua\u00e7\u00e3o da Coordena\u00e7\u00e3o de Aperfei\u00e7oamento de Pessoal de N\u00edvel Superior \u2013 PRAPG\/CAPES, Edital N\u00ba 014\/2023.<\/span><\/p><ul><li style=\"text-align: left\"><a href=\"http:\/\/www2.unifap.br\/ppgdas\/files\/2024\/08\/RESULTADO-DEFINITIVO-PROFESSOR-VISITANTE-1.pdf\" target=\"_blank\" rel=\"noopener\"><strong>Edital N\u00ba 04\/2024-PPGDAS\/UNIFAP &#8211; RESULTADO DEFINITIVO<\/strong><\/a> &#8211; 3 de Agosto de 2024<\/li><li style=\"text-align: left\"><span style=\"color: #008000\"><span style=\"font-style: inherit;font-weight: inherit;background-color: var(--ast-global-color-5)\"><strong><span class=\"TextRun SCXW98721492 BCX0\" lang=\"PT-PT\" xml:lang=\"PT-PT\" data-contrast=\"none\"><span class=\"NormalTextRun SCXW98721492 BCX0\" data-ccp-parastyle=\"Body Text\">\u00a0<a style=\"color: #008000\" href=\"http:\/\/www2.unifap.br\/ppgdas\/files\/2024\/07\/RESULTADO-DEFINITIVO-DAS-INSCRICOES-1.pdf\" target=\"_blank\" rel=\"noopener\">Edital N\u00ba 04\/2024-PPGDAS\/UNIFAP &#8211; RESULTADO DEFINITIVO DAS INSCRI\u00c7\u00d5ES<\/a><\/span><\/span><\/strong><\/span><span style=\"font-style: inherit;font-weight: inherit;background-color: var(--ast-global-color-5);color: #333333\"><span class=\"TextRun SCXW98721492 BCX0\" lang=\"PT-PT\" xml:lang=\"PT-PT\" data-contrast=\"none\"><span class=\"NormalTextRun SCXW98721492 BCX0\" data-ccp-parastyle=\"Body Text\"> &#8211; 31 de Julho de 2024<\/span><\/span><\/span><\/span><\/li><li><strong><a href=\"http:\/\/www2.unifap.br\/ppgdas\/files\/2024\/07\/HOMOLOGACAO-PROFESSOR-VISITANTE.pdf\" target=\"_blank\" rel=\"noopener\">Edital N\u00ba 04\/2024-PPGDAS\/UNIFAP &#8211; INSCRI\u00c7\u00d5ES HOMOLOGADAS<\/a>\u00a0<\/strong>\u00a0&#8211; 30 de Julho de 2024<\/li><li><strong><a href=\"http:\/\/www2.unifap.br\/ppgdas\/files\/2024\/07\/1a-retificacao-para-Edital-de-Selecao-de-ate-01-uma-Bolsa-para-professor-Visitante-1.pdf\" target=\"_blank\" rel=\"noopener\">Edital N\u00ba 04\/2024-PPGDAS\/UNIFAP &#8211; RETIFICA\u00c7\u00c3O<\/a><\/strong> &#8211; 24 de Julho de 2024<\/li><li><strong><a href=\"http:\/\/www2.unifap.br\/reitoria\/files\/2024\/07\/Edital-No-04-2024-PPGDAS-professor-Visitante-16-de-julho-de-2024.pdf\" target=\"_blank\" rel=\"noopener\">Edital N\u00ba 04\/2024-PPGDAS\/UNIFAP<\/a> &#8211; <\/strong>10 de Julho de 2024<\/li><\/ul><\/div>\n\t\t\t\t\t\t\t\t\t<div class=\"elementor-tab-title elementor-tab-mobile-title\" aria-selected=\"false\" data-tab=\"4\" role=\"tab\" tabindex=\"-1\" aria-controls=\"elementor-tab-content-7804\" aria-expanded=\"false\">Professor Visitante - Exterior <\/div>\n\t\t\t\t\t<div id=\"elementor-tab-content-7804\" class=\"elementor-tab-content elementor-clearfix\" data-tab=\"4\" role=\"tabpanel\" aria-labelledby=\"elementor-tab-title-7804\" tabindex=\"0\" hidden=\"hidden\"><p>O Programa de P\u00f3s-Gradua\u00e7\u00e3o em Desenvolvimento da Amaz\u00f4nia Sustent\u00e1vel da Universidade Federal do Amap\u00e1 (PPGDAS\/UNIFAP) torna p\u00fablico o presente Edital de Sele\u00e7\u00e3o de 01 (uma) bolsa para Professor Visitante no Brasil (Pesquisador do Exterior).<\/p><ul><li><a href=\"http:\/\/www2.unifap.br\/ppgdas\/files\/2024\/09\/Resultado-definitivo-Edital_05-2024-PPGDAS-UNIFAP.pdf\" target=\"_blank\" rel=\"noopener\"><strong>Edital N\u00ba 05\/2024-PPGDAS\/UNIFAP<\/strong> &#8211; <\/a><strong><a href=\"http:\/\/www2.unifap.br\/ppgdas\/files\/2024\/09\/Resultado-definitivo-Edital_05-2024-PPGDAS-UNIFAP.pdf\" target=\"_blank\" rel=\"noopener\">RESULTADO DEFINITIVO <\/a>&#8211; <\/strong>26 de setembro de 2024<\/li><li><strong><a href=\"http:\/\/www2.unifap.br\/ppgdas\/files\/2024\/09\/Homologacao-de-incricao-Edital_05-2024-PPGDAS.pdf\" target=\"_blank\" rel=\"noopener\">Edital N\u00ba 05\/2024-PPGDAS\/UNIFAP &#8211; HOMOLOGA\u00c7\u00c3O DAS INSCRI\u00c7\u00d5ES<\/a> &#8211;<\/strong> 21 de setembro de 2024<\/li><li><strong><a href=\"http:\/\/www2.unifap.br\/ppgdas\/files\/2024\/09\/Edital_05-2024-PPGDAS_Prof.Visitante-Brasil.pdf\" target=\"_blank\" rel=\"noopener\">Edital N\u00ba 05\/2024-PPGDAS\/UNIFAP<\/a><\/strong> &#8211; 18 de setembro de 2024.<\/li><\/ul><\/div>\n\t\t\t\t\t\t\t<\/div>\n\t\t<\/div>\n\t\t\t\t\t\t<\/div>\n\t\t\t\t\t<\/div>\n\t\t<\/div>\n\t\t\t\t\t<\/div>\n\t\t<\/section>\n\t\t\t\t<\/div>\n\t\t","protected":false},"excerpt":{"rendered":"<p>BOLSAS PRAPG\/Capes P\u00f3s-Doutorado 2024 P\u00f3s-Doutorado 2023 Professor Visitante &#8211; Nacional Professor Visitante &#8211; Exterior P\u00f3s-Doutorado 2024 A Coordena\u00e7\u00e3o do PPGDAS\/UNIFAP torna p\u00fablico o PROCESSO SELETIVO PARA BOLSA DE P\u00d3S-DOUTORADO para Sele\u00e7\u00e3o de at\u00e9 02 (dois) Bolsistas de P\u00f3s-doutorado no \u00e2mbito do Programa de Redu\u00e7\u00e3o de Assimetrias da P\u00f3s-gradua\u00e7\u00e3o da CAPES.\u00a0 Edital N\u00ba 02-2024 PPGDAS \u2013\u00a0Resultado&#8230;<\/p>\n","protected":false},"author":3845,"featured_media":0,"parent":3595,"menu_order":0,"comment_status":"closed","ping_status":"closed","template":"","meta":{"inline_featured_image":false,"site-sidebar-layout":"no-sidebar","site-content-layout":"page-builder","ast-site-content-layout":"full-width-container","site-content-style":"default","site-sidebar-style":"default","ast-global-header-display":"","ast-banner-title-visibility":"","ast-main-header-display":"","ast-hfb-above-header-display":"","ast-hfb-below-header-display":"","ast-hfb-mobile-header-display":"","site-post-title":"disabled","ast-breadcrumbs-content":"","ast-featured-img":"disabled","footer-sml-layout":"","theme-transparent-header-meta":"default","adv-header-id-meta":"","stick-header-meta":"","header-above-stick-meta":"","header-main-stick-meta":"","header-below-stick-meta":"","astra-migrate-meta-layouts":"set","ast-page-background-enabled":"default","ast-page-background-meta":{"desktop":{"background-color":"var(--ast-global-color-4)","background-image":"","background-repeat":"repeat","background-position":"center center","background-size":"auto","background-attachment":"scroll","background-type":"","background-media":"","overlay-type":"","overlay-color":"","overlay-opacity":"","overlay-gradient":""},"tablet":{"background-color":"","background-image":"","background-repeat":"repeat","background-position":"center center","background-size":"auto","background-attachment":"scroll","background-type":"","background-media":"","overlay-type":"","overlay-color":"","overlay-opacity":"","overlay-gradient":""},"mobile":{"background-color":"","background-image":"","background-repeat":"repeat","background-position":"center center","background-size":"auto","background-attachment":"scroll","background-type":"","background-media":"","overlay-type":"","overlay-color":"","overlay-opacity":"","overlay-gradient":""}},"ast-content-background-meta":{"desktop":{"background-color":"var(--ast-global-color-5)","background-image":"","background-repeat":"repeat","background-position":"center center","background-size":"auto","background-attachment":"scroll","background-type":"","background-media":"","overlay-type":"","overlay-color":"","overlay-opacity":"","overlay-gradient":""},"tablet":{"background-color":"var(--ast-global-color-5)","background-image":"","background-repeat":"repeat","background-position":"center center","background-size":"auto","background-attachment":"scroll","background-type":"","background-media":"","overlay-type":"","overlay-color":"","overlay-opacity":"","overlay-gradient":""},"mobile":{"background-color":"var(--ast-global-color-5)","background-image":"","background-repeat":"repeat","background-position":"center center","background-size":"auto","background-attachment":"scroll","background-type":"","background-media":"","overlay-type":"","overlay-color":"","overlay-opacity":"","overlay-gradient":""}},"ngg_post_thumbnail":0,"footnotes":""},"class_list":["post-8583","page","type-page","status-publish","hentry"],"_links":{"self":[{"href":"https:\/\/www2.unifap.br\/ppgdas\/wp-json\/wp\/v2\/pages\/8583","targetHints":{"allow":["GET"]}}],"collection":[{"href":"https:\/\/www2.unifap.br\/ppgdas\/wp-json\/wp\/v2\/pages"}],"about":[{"href":"https:\/\/www2.unifap.br\/ppgdas\/wp-json\/wp\/v2\/types\/page"}],"author":[{"embeddable":true,"href":"https:\/\/www2.unifap.br\/ppgdas\/wp-json\/wp\/v2\/users\/3845"}],"replies":[{"embeddable":true,"href":"https:\/\/www2.unifap.br\/ppgdas\/wp-json\/wp\/v2\/comments?post=8583"}],"version-history":[{"count":92,"href":"https:\/\/www2.unifap.br\/ppgdas\/wp-json\/wp\/v2\/pages\/8583\/revisions"}],"predecessor-version":[{"id":9587,"href":"https:\/\/www2.unifap.br\/ppgdas\/wp-json\/wp\/v2\/pages\/8583\/revisions\/9587"}],"up":[{"embeddable":true,"href":"https:\/\/www2.unifap.br\/ppgdas\/wp-json\/wp\/v2\/pages\/3595"}],"wp:attachment":[{"href":"https:\/\/www2.unifap.br\/ppgdas\/wp-json\/wp\/v2\/media?parent=8583"}],"curies":[{"name":"wp","href":"https:\/\/api.w.org\/{rel}","templated":true}]}}