{"id":9727,"date":"2024-11-07T15:44:11","date_gmt":"2024-11-07T18:44:11","guid":{"rendered":"https:\/\/www2.unifap.br\/ppgdas\/?page_id=9727"},"modified":"2025-05-07T22:44:15","modified_gmt":"2025-05-08T01:44:15","slug":"credenciamento","status":"publish","type":"page","link":"https:\/\/www2.unifap.br\/ppgdas\/credenciamento\/","title":{"rendered":"Editais de Credenciamento"},"content":{"rendered":"\t\t<div data-elementor-type=\"wp-page\" data-elementor-id=\"9727\" class=\"elementor elementor-9727\">\n\t\t\t\t\t\t<section class=\"elementor-section elementor-top-section elementor-element elementor-element-c34ef4e elementor-section-boxed elementor-section-height-default elementor-section-height-default\" data-id=\"c34ef4e\" data-element_type=\"section\" data-e-type=\"section\">\n\t\t\t\t\t\t<div class=\"elementor-container elementor-column-gap-default\">\n\t\t\t\t\t<div class=\"elementor-column elementor-col-100 elementor-top-column elementor-element elementor-element-0b1c378\" data-id=\"0b1c378\" data-element_type=\"column\" data-e-type=\"column\">\n\t\t\t<div class=\"elementor-widget-wrap elementor-element-populated\">\n\t\t\t\t\t\t<div class=\"elementor-element elementor-element-9b5bf17 elementor-widget elementor-widget-heading\" data-id=\"9b5bf17\" data-element_type=\"widget\" data-e-type=\"widget\" data-widget_type=\"heading.default\">\n\t\t\t\t\t<h2 class=\"elementor-heading-title elementor-size-large\">EDITAL DE CREDENCIAMENTO DE PROFESSORES<\/h2>\t\t\t\t<\/div>\n\t\t\t\t\t<\/div>\n\t\t<\/div>\n\t\t\t\t\t<\/div>\n\t\t<\/section>\n\t\t\t\t<section class=\"elementor-section elementor-top-section elementor-element elementor-element-030b0a6 elementor-section-boxed elementor-section-height-default elementor-section-height-default\" data-id=\"030b0a6\" data-element_type=\"section\" data-e-type=\"section\">\n\t\t\t\t\t\t<div class=\"elementor-container elementor-column-gap-default\">\n\t\t\t\t\t<div class=\"elementor-column elementor-col-100 elementor-top-column elementor-element elementor-element-c5150ec\" data-id=\"c5150ec\" data-element_type=\"column\" data-e-type=\"column\">\n\t\t\t<div class=\"elementor-widget-wrap elementor-element-populated\">\n\t\t\t\t\t\t<div class=\"elementor-element elementor-element-085db1c elementor-widget__width-initial elementor-tabs-view-horizontal elementor-widget elementor-widget-tabs\" data-id=\"085db1c\" data-element_type=\"widget\" data-e-type=\"widget\" data-widget_type=\"tabs.default\">\n\t\t\t\t\t\t\t<div class=\"elementor-tabs\">\n\t\t\t<div class=\"elementor-tabs-wrapper\" role=\"tablist\" >\n\t\t\t\t\t\t\t\t\t<div id=\"elementor-tab-title-8771\" class=\"elementor-tab-title elementor-tab-desktop-title\" aria-selected=\"true\" data-tab=\"1\" role=\"tab\" tabindex=\"0\" aria-controls=\"elementor-tab-content-8771\" aria-expanded=\"false\">Edital de Credenciamento de Professores 2024<\/div>\n\t\t\t\t\t\t\t\t\t<div id=\"elementor-tab-title-8772\" class=\"elementor-tab-title elementor-tab-desktop-title\" aria-selected=\"false\" data-tab=\"2\" role=\"tab\" tabindex=\"-1\" aria-controls=\"elementor-tab-content-8772\" aria-expanded=\"false\">Chamada de Credenciamento de Professores 2022<\/div>\n\t\t\t\t\t\t\t<\/div>\n\t\t\t<div class=\"elementor-tabs-content-wrapper\" role=\"tablist\" aria-orientation=\"vertical\">\n\t\t\t\t\t\t\t\t\t<div class=\"elementor-tab-title elementor-tab-mobile-title\" aria-selected=\"true\" data-tab=\"1\" role=\"tab\" tabindex=\"0\" aria-controls=\"elementor-tab-content-8771\" aria-expanded=\"false\">Edital de Credenciamento de Professores 2024<\/div>\n\t\t\t\t\t<div id=\"elementor-tab-content-8771\" class=\"elementor-tab-content elementor-clearfix\" data-tab=\"1\" role=\"tabpanel\" aria-labelledby=\"elementor-tab-title-8771\" tabindex=\"0\" hidden=\"false\"><p><span style=\"color: #000000\">A Coordena\u00e7\u00e3o do Programa de P\u00f3s-Gradua\u00e7\u00e3o em Desenvolvimento da Amaz\u00f4nia Sustent\u00e1vel da Universidade Federal do Amap\u00e1 (PPGDAS\/UNIFAP), em conformidade com o disposto no Cap\u00edtulo IV e seus artigos do Regimento Interno do Programa, torna p\u00fablico o presente Edital de Credenciamento de Professores Permanentes ou Colaboradores para o ingresso no ano de 2025, nos termos aqui estabelecidos.<\/span><\/p><ul><li><span style=\"color: #008000\"><strong><a href=\"http:\/\/www2.unifap.br\/ppgdas\/files\/2025\/01\/Edital_06-2024-PPGDAS_Resultado.pdf\">Edital N\u00ba 06\/2024-PPGDAS\/UNIFAP &#8211; RESULTADO DEFINITIVO\u00a0 \u2013 22 de janeiro de 2025.<\/a><\/strong><\/span><\/li><li><a href=\"http:\/\/www2.unifap.br\/ppgdas\/files\/2025\/01\/Edital_06-2024-PPGDAS_Resultado-preliminar.pdf\"><span style=\"color: #008000\"><strong>Edital N\u00ba 06\/2024-PPGDAS\/UNIFAP &#8211; RESULTADO PRELIMINAR \u2013 20 de janeiro de 2025.<\/strong><\/span><\/a><\/li><li style=\"text-align: left\"><a href=\"http:\/\/www2.unifap.br\/ppgdas\/files\/2025\/01\/CRONOGRAMA-DE-ENTREVISTAS-%E2%80%93-Local-Bloco-K-sala-K4-Presencial-1.pdf\"><span style=\"color: #008000\"><strong>Edital N\u00ba 06\/2024-PPGDAS\/UNIFAP &#8211; CRONOGRAMA DE ENTREVISTAS \u2013 15 de janeiro de 2025.<\/strong><\/span><\/a><\/li><li><a href=\"http:\/\/www2.unifap.br\/ppgdas\/files\/2024\/12\/Edital_06-2024-PPGDAS_Lista-Definitiva-das-Inscricoes.pdf\" target=\"_blank\" rel=\"noopener\"><span style=\"color: #008000\"><strong>Edital N\u00ba 06\/2024-PPGDAS\/UNIFAP &#8211; LISTA DEFINITIVA DAS INSCRI\u00c7\u00d5ES HOMOLOGADAS &#8211; 17 de dezembro de 2024.<\/strong><\/span><\/a><\/li><li><a href=\"http:\/\/www2.unifap.br\/reitoria\/files\/2024\/12\/Edital_06-2024-PPGDAS_Lista-Provisoria-das-Inscricoes-1.pdf\" target=\"_blank\" rel=\"noopener\"><strong>Edital N\u00ba 06\/2024-PPGDAS\/UNIFAP &#8211; LISTA PROVIS\u00d3RIA DAS INSCRI\u00c7\u00d5ES HOMOLOGADAS &#8211; 12 de dezembro de 2024.<\/strong><\/a><\/li><li><strong><a href=\"http:\/\/www2.unifap.br\/ppgdas\/files\/2024\/11\/Edital_06-2024-PPGDAS_Credenciamento_novos-docentes.docx-1-2.pdf\" target=\"_blank\" rel=\"noopener\">Edital N\u00ba 06\/2024-PPGDAS\/UNIFAP \u2013 CREDENCIAMENTO DE PROFESSORES \u2013 de 07 de novembro de 2024<\/a><\/strong><\/li><\/ul><\/div>\n\t\t\t\t\t\t\t\t\t<div class=\"elementor-tab-title elementor-tab-mobile-title\" aria-selected=\"false\" data-tab=\"2\" role=\"tab\" tabindex=\"-1\" aria-controls=\"elementor-tab-content-8772\" aria-expanded=\"false\">Chamada de Credenciamento de Professores 2022<\/div>\n\t\t\t\t\t<div id=\"elementor-tab-content-8772\" class=\"elementor-tab-content elementor-clearfix\" data-tab=\"2\" role=\"tabpanel\" aria-labelledby=\"elementor-tab-title-8772\" tabindex=\"0\" hidden=\"hidden\"><p><span style=\"color: #000000\">A Coordena\u00e7\u00e3o do Programa de P\u00f3s-Gradua\u00e7\u00e3o &#8211; Mestrado em Desenvolvimento Regional &#8211; PPGMDR, da Universidade Federal do Amap\u00e1 &#8211; UNIFAP, em conformidade com o que disp\u00f5e o Regimento do Programa e delibera\u00e7\u00e3o do Colegiado em reuni\u00f5es ordin\u00e1rias realizadas em 06 de abril de 2022, em 25 de maio de 2022 e em 19 de outubro de 2022, torna p\u00fablica a presente Chamada para Credenciamento de Professores Permanentes ou Colaboradores para ingresso em 2023, nos termos aqui estabelecidos.<\/span><\/p><ul><li><a href=\"http:\/\/www2.unifap.br\/ppgdas\/files\/2022\/12\/PPGMDR_Chamada_de_Credenciamento_Novos_Docentes_2023_Resultado_07_12_2022_assinado.pdf\" target=\"_blank\" rel=\"noopener\"><strong>Chamada de Credenciamento n\u00ba 01\/2022 &#8211; PPGMDR &#8211; Resultado &#8211; 07 de dezembro de 2022.\u00a0<\/strong><\/a><\/li><li><a href=\"http:\/\/www2.unifap.br\/ppgdas\/files\/2022\/11\/PPGMDR_Chamada_de_Credenciamento_Novos_Docentes_2023_assinado-1.pdf\" target=\"_blank\" rel=\"noopener\"><strong>Chamada de Credenciamento n\u00ba 01\/2022 &#8211; PPGMDR &#8211; 01 de novembro de 2022.\u00a0<\/strong><\/a><\/li><\/ul><\/div>\n\t\t\t\t\t\t\t<\/div>\n\t\t<\/div>\n\t\t\t\t\t\t<\/div>\n\t\t\t\t\t<\/div>\n\t\t<\/div>\n\t\t\t\t\t<\/div>\n\t\t<\/section>\n\t\t\t\t<\/div>\n\t\t","protected":false},"excerpt":{"rendered":"<p>EDITAL DE CREDENCIAMENTO DE PROFESSORES Edital de Credenciamento de Professores 2024 Chamada de Credenciamento de Professores 2022 Edital de Credenciamento de Professores 2024 A Coordena\u00e7\u00e3o do Programa de P\u00f3s-Gradua\u00e7\u00e3o em Desenvolvimento da Amaz\u00f4nia Sustent\u00e1vel da Universidade Federal do Amap\u00e1 (PPGDAS\/UNIFAP), em conformidade com o disposto no Cap\u00edtulo IV e seus artigos do Regimento Interno do&#8230;<\/p>\n","protected":false},"author":3845,"featured_media":0,"parent":0,"menu_order":0,"comment_status":"closed","ping_status":"closed","template":"","meta":{"inline_featured_image":false,"site-sidebar-layout":"no-sidebar","site-content-layout":"page-builder","ast-site-content-layout":"full-width-container","site-content-style":"unboxed","site-sidebar-style":"unboxed","ast-global-header-display":"","ast-banner-title-visibility":"","ast-main-header-display":"","ast-hfb-above-header-display":"","ast-hfb-below-header-display":"","ast-hfb-mobile-header-display":"","site-post-title":"disabled","ast-breadcrumbs-content":"","ast-featured-img":"disabled","footer-sml-layout":"","theme-transparent-header-meta":"default","adv-header-id-meta":"","stick-header-meta":"","header-above-stick-meta":"","header-main-stick-meta":"","header-below-stick-meta":"","astra-migrate-meta-layouts":"set","ast-page-background-enabled":"default","ast-page-background-meta":{"desktop":{"background-color":"var(--ast-global-color-4)","background-image":"","background-repeat":"repeat","background-position":"center center","background-size":"auto","background-attachment":"scroll","background-type":"","background-media":"","overlay-type":"","overlay-color":"","overlay-opacity":"","overlay-gradient":""},"tablet":{"background-color":"","background-image":"","background-repeat":"repeat","background-position":"center center","background-size":"auto","background-attachment":"scroll","background-type":"","background-media":"","overlay-type":"","overlay-color":"","overlay-opacity":"","overlay-gradient":""},"mobile":{"background-color":"","background-image":"","background-repeat":"repeat","background-position":"center center","background-size":"auto","background-attachment":"scroll","background-type":"","background-media":"","overlay-type":"","overlay-color":"","overlay-opacity":"","overlay-gradient":""}},"ast-content-background-meta":{"desktop":{"background-color":"var(--ast-global-color-5)","background-image":"","background-repeat":"repeat","background-position":"center center","background-size":"auto","background-attachment":"scroll","background-type":"","background-media":"","overlay-type":"","overlay-color":"","overlay-opacity":"","overlay-gradient":""},"tablet":{"background-color":"var(--ast-global-color-5)","background-image":"","background-repeat":"repeat","background-position":"center center","background-size":"auto","background-attachment":"scroll","background-type":"","background-media":"","overlay-type":"","overlay-color":"","overlay-opacity":"","overlay-gradient":""},"mobile":{"background-color":"var(--ast-global-color-5)","background-image":"","background-repeat":"repeat","background-position":"center center","background-size":"auto","background-attachment":"scroll","background-type":"","background-media":"","overlay-type":"","overlay-color":"","overlay-opacity":"","overlay-gradient":""}},"ngg_post_thumbnail":0,"footnotes":""},"class_list":["post-9727","page","type-page","status-publish","hentry"],"_links":{"self":[{"href":"https:\/\/www2.unifap.br\/ppgdas\/wp-json\/wp\/v2\/pages\/9727","targetHints":{"allow":["GET"]}}],"collection":[{"href":"https:\/\/www2.unifap.br\/ppgdas\/wp-json\/wp\/v2\/pages"}],"about":[{"href":"https:\/\/www2.unifap.br\/ppgdas\/wp-json\/wp\/v2\/types\/page"}],"author":[{"embeddable":true,"href":"https:\/\/www2.unifap.br\/ppgdas\/wp-json\/wp\/v2\/users\/3845"}],"replies":[{"embeddable":true,"href":"https:\/\/www2.unifap.br\/ppgdas\/wp-json\/wp\/v2\/comments?post=9727"}],"version-history":[{"count":59,"href":"https:\/\/www2.unifap.br\/ppgdas\/wp-json\/wp\/v2\/pages\/9727\/revisions"}],"predecessor-version":[{"id":12268,"href":"https:\/\/www2.unifap.br\/ppgdas\/wp-json\/wp\/v2\/pages\/9727\/revisions\/12268"}],"wp:attachment":[{"href":"https:\/\/www2.unifap.br\/ppgdas\/wp-json\/wp\/v2\/media?parent=9727"}],"curies":[{"name":"wp","href":"https:\/\/api.w.org\/{rel}","templated":true}]}}