{"id":1138,"date":"2021-03-12T19:20:27","date_gmt":"2021-03-12T19:20:27","guid":{"rendered":"http:\/\/www2.unifap.br\/ppgdif\/?page_id=1138"},"modified":"2021-03-13T01:41:06","modified_gmt":"2021-03-13T01:41:06","slug":"processo-seletivo-demanda-social-2021","status":"publish","type":"page","link":"https:\/\/www2.unifap.br\/ppgdif\/processos-seletivos\/processo-seletivo-demanda-social-2021\/","title":{"rendered":"Processo Seletivo Demanda Social 2021"},"content":{"rendered":"<p>O Programa de P\u00f3s-gradua\u00e7\u00e3o em Inova\u00e7\u00e3o Farmac\u00eautica (PPGIF) torna p\u00fablica a abertura de inscri\u00e7\u00f5es e estabelece as normas para o processo de sele\u00e7\u00e3o interno de candidatos interessados em concorrer \u00e0s bolsas Demanda Social (CAPES) no \u00e2mbito do Curso de Doutorado do PPGIF.<\/p>\n<p>Inscri\u00e7\u00e3o: 09 de mar\u00e7o de 2021.<\/p>\n<p><a href=\"http:\/\/www2.unifap.br\/ppgdif\/files\/2021\/03\/Edital_N_01-2021-PPGIF_UNIFAP-Processo-Seletivo-Interno-para-Concess\u00e3o-de-Bolsas-CAPES-PPGIF.pdf\">Edital_N_01-2021-PPGIF_UNIFAP &#8211; Processo Seletivo Interno para Concess\u00e3o de Bolsas CAPES (PPGIF)<\/a><\/p>\n<p><a href=\"http:\/\/www2.unifap.br\/ppgdif\/files\/2021\/03\/Edital_N_01-2021-PPGIF_UNIFAP-Anexo-I-Formulario-de-Inscricao.doc\">Edital_N_01-2021-PPGIF_UNIFAP &#8211; Anexo I &#8211; Formulario de Inscricao<\/a><\/p>\n<p><a href=\"http:\/\/www2.unifap.br\/ppgdif\/files\/2021\/03\/Edital_N_01-2021-PPGIF_UNIFAP-Anexo-II-Declaracao-de-Nao-Vinculo.doc\">Edital_N_01-2021-PPGIF_UNIFAP &#8211; Anexo II &#8211; Declaracao de Nao Vinculo<\/a><\/p>\n<p><a href=\"http:\/\/www2.unifap.br\/ppgdif\/files\/2021\/03\/Rela\u00e7\u00e3o-de-Inscritos-no-Edital-n\u00ba-001-2021-PS-DS-2021.pdf\">Rela\u00e7\u00e3o de Inscritos no Edital n\u00ba 001-2021- PS-DS 2021<\/a><\/p>\n<p><a href=\"http:\/\/www2.unifap.br\/ppgdif\/files\/2021\/03\/1\u00aa-Retifica\u00e7\u00e3o-no-Edital_N_01-2021-PPGIF_UNIFAP-Retifica\u00e7\u00e3o-do-Cronograma.pdf\">1\u00aa Retifica\u00e7\u00e3o no Edital_N_01-2021-PPGIF_UNIFAP &#8211; Retifica\u00e7\u00e3o do Cronograma<\/a><\/p>\n<p><a href=\"http:\/\/www2.unifap.br\/ppgdif\/files\/2021\/03\/Resultado-Preliminar.pdf\">Resultado Preliminar<\/a><\/p>\n<p><a href=\"http:\/\/www2.unifap.br\/ppgdif\/files\/2021\/03\/Modelo-de-recurso.doc\">Modelo de recurso<\/a><\/p>\n<p><a href=\"http:\/\/www2.unifap.br\/ppgdif\/files\/2021\/03\/RESPOSTA-001-RESPOSTA-DO-RECURSO-IMPETRADO.pdf\">RESPOSTA 001 &#8211; RESPOSTA DO RECURSO IMPETRADO<\/a><\/p>\n<p><a href=\"http:\/\/www2.unifap.br\/ppgdif\/files\/2021\/03\/Resultado-Final.pdf\">Resultado Final<\/a><\/p>\n","protected":false},"excerpt":{"rendered":"<p>O Programa de P\u00f3s-gradua\u00e7\u00e3o em Inova\u00e7\u00e3o Farmac\u00eautica (PPGIF) torna p\u00fablica a abertura de inscri\u00e7\u00f5es e estabelece as normas para o processo de sele\u00e7\u00e3o interno de candidatos interessados em concorrer \u00e0s bolsas Demanda Social (CAPES) no \u00e2mbito do Curso de Doutorado&hellip; <\/p>\n<p><a href=\"https:\/\/www2.unifap.br\/ppgdif\/processos-seletivos\/processo-seletivo-demanda-social-2021\/\" class=\"readmore-button\">Continue Reading<\/a><\/p>\n","protected":false},"author":306,"featured_media":0,"parent":34,"menu_order":9,"comment_status":"closed","ping_status":"closed","template":"","meta":{"inline_featured_image":false,"ngg_post_thumbnail":0,"footnotes":""},"class_list":["post-1138","page","type-page","status-publish","hentry"],"_links":{"self":[{"href":"https:\/\/www2.unifap.br\/ppgdif\/wp-json\/wp\/v2\/pages\/1138","targetHints":{"allow":["GET"]}}],"collection":[{"href":"https:\/\/www2.unifap.br\/ppgdif\/wp-json\/wp\/v2\/pages"}],"about":[{"href":"https:\/\/www2.unifap.br\/ppgdif\/wp-json\/wp\/v2\/types\/page"}],"author":[{"embeddable":true,"href":"https:\/\/www2.unifap.br\/ppgdif\/wp-json\/wp\/v2\/users\/306"}],"replies":[{"embeddable":true,"href":"https:\/\/www2.unifap.br\/ppgdif\/wp-json\/wp\/v2\/comments?post=1138"}],"version-history":[{"count":7,"href":"https:\/\/www2.unifap.br\/ppgdif\/wp-json\/wp\/v2\/pages\/1138\/revisions"}],"predecessor-version":[{"id":1155,"href":"https:\/\/www2.unifap.br\/ppgdif\/wp-json\/wp\/v2\/pages\/1138\/revisions\/1155"}],"up":[{"embeddable":true,"href":"https:\/\/www2.unifap.br\/ppgdif\/wp-json\/wp\/v2\/pages\/34"}],"wp:attachment":[{"href":"https:\/\/www2.unifap.br\/ppgdif\/wp-json\/wp\/v2\/media?parent=1138"}],"curies":[{"name":"wp","href":"https:\/\/api.w.org\/{rel}","templated":true}]}}