{"id":168,"date":"2015-03-25T13:13:21","date_gmt":"2015-03-25T13:13:21","guid":{"rendered":"http:\/\/www2.unifap.br\/ppgdif\/?page_id=168"},"modified":"2026-04-01T23:37:36","modified_gmt":"2026-04-01T23:37:36","slug":"documentos-e-formularios","status":"publish","type":"page","link":"https:\/\/www2.unifap.br\/ppgdif\/documentos-e-formularios\/","title":{"rendered":"Documentos e Formul\u00e1rios"},"content":{"rendered":"<h2><strong style=\"color: #000000;font-family: inherit;font-size: 1.4rem\">Normas para elabora\u00e7\u00e3o de Tese (atual 2021)<\/strong><\/h2>\n<p>\u2192 Modelo de Trabalho para Qualifica\u00e7\u00e3o (PPGIF)<\/p>\n<p><a href=\"http:\/\/www2.unifap.br\/ppgdif\/files\/2026\/04\/Modelo_para_elaboracao_do_Projeto-2026.doc\">Modelo_para_elabora\u00e7\u00e3o_do_Projeto 2026<\/a><\/p>\n<p>\u2192 Modelo da Tese (Formato Tradicional)<\/p>\n<p><a href=\"http:\/\/www2.unifap.br\/ppgdif\/files\/2026\/01\/Modelo_para_elaboracao_da_Tese-2025-TRADICIONAL.doc\">Modelo_para_elabora\u00e7\u00e3o_da_Tese 2025 &#8211; TRADICIONAL<\/a><\/p>\n<p>\u2192 Modelo da Tese (Formato Artigo)<\/p>\n<p><a href=\"http:\/\/www2.unifap.br\/ppgdif\/files\/2026\/01\/Modelo_para_elaboracao_da_Tese-2025-ARTIGO.doc\">Modelo_para_elabora\u00e7\u00e3o_da_Tese 2025 &#8211; ARTIGO<\/a><\/p>\n<p><a href=\"http:\/\/www2.unifap.br\/ppgdif\/files\/2021\/12\/Normas-Tese-TRADICIONAL_2020.pdf\">Normas Tese TRADICIONAL_2020<\/a><\/p>\n<p><a href=\"http:\/\/www2.unifap.br\/ppgdif\/files\/2021\/12\/Normas-Tese-PROJETO_2020.pdf\">Normas Tese PROJETO_2020<\/a><\/p>\n<p><a href=\"http:\/\/www2.unifap.br\/ppgdif\/files\/2021\/12\/Normas-Tese-modelo-ARTIGO-2020.pdf\">Normas Tese modelo ARTIGO 2020<\/a><\/p>\n<h2><strong>Formul\u00e1rios (Novos)<\/strong><\/h2>\n<p>\u2192&nbsp;<a href=\"http:\/\/www2.unifap.br\/ppgdif\/files\/2024\/11\/RELATORIO-DO-BOLSISTA-PPGIF.docx\">RELAT\u00d3RIO SEMESTRAL DO BOLSISTA PPGIF<\/a><\/p>\n<p>\u2192&nbsp;<a href=\"http:\/\/www2.unifap.br\/ppgdif\/files\/2024\/11\/FORMULARIO-DE-PRODUTO-FINAL-PPGIF.docx\">Formul\u00e1rio de Produto Final BOLSISTA PPGIF<\/a><\/p>\n<p>\u2192&nbsp;<a href=\"http:\/\/www2.unifap.br\/ppgdif\/files\/2015\/03\/PPGIF-Modelo-plano-de-estudos-VERSAO-2018.doc\">Modelo de Plano de Estudos &#8211; PPGIF (Vers\u00e3o 2018)<\/a><\/p>\n<p>\u2192&nbsp;<a href=\"http:\/\/www2.unifap.br\/ppgdif\/files\/2015\/03\/RELAT\u00d3RIO-DE-PRESTA\u00c7\u00c3O-DE-CONTAS.docx\">Relat\u00f3rio de Viagem \/ Presta\u00e7\u00e3o de Contas (Vers\u00e3o 2017)<\/a><\/p>\n<p>\u2192&nbsp;<a href=\"http:\/\/www2.unifap.br\/ppgdif\/files\/2015\/03\/PPGIF-REL_SEMESTRAL_DOUTORADO-VERSAO-2017.docx\">Modelo de Relat\u00f3rio Semestral &#8211; PPGIF (Vers\u00e3o 2017)<\/a><\/p>\n<p>\u2192&nbsp;<a href=\"http:\/\/www2.unifap.br\/ppgdif\/files\/2015\/03\/PPGIF-SOLICITA\u00c7\u00c3O-DE-MATR\u00cdCULA-SEMESTRAL-DE-ALUNO-REGULAR-VERSAO-2017.doc\">Formul\u00e1rio para Matr\u00edcula Semestral (Aluno Regular) &#8211; PPGIF (Vers\u00e3o 2017)<\/a><\/p>\n<p>\u2192&nbsp;<a href=\"http:\/\/www2.unifap.br\/ppgdif\/files\/2015\/03\/PPGIF-Form_trancamento_de_matricula-VERSAO-2017.docx\">Formul\u00e1rio para Trancamento de Matr\u00edcula do Curso de Doutorado &#8211; PPGIF (Vers\u00e3o 2017)<\/a><\/p>\n<p>\u2192&nbsp;<a href=\"http:\/\/www2.unifap.br\/ppgdif\/files\/2018\/07\/PPGIF-SOLICITACAO-DE-MATRICULA_ALUNO-ESPECIAL-VERSAO-2018.doc\">Formul\u00e1rio para Matr\u00edcula em Disciplina \u2013 Aluno Especial &#8211; PPGIF (Modelo 2018)<\/a><a href=\"http:\/\/www2.unifap.br\/ppgdif\/files\/2015\/03\/PPGIF-SOLICITACAO-DE-MATR\u00cdCULA_ALUNO-ESPECIAL-VERSAO-2017.docx\"><br \/>\n<\/a><\/p>\n<p>\u2192&nbsp;<a href=\"http:\/\/www2.unifap.br\/ppgdif\/files\/2015\/03\/PPGIF-Form_Mat_de_disciplina-VERSAO-2017.docx\">Formul\u00e1rio para Matr\u00edcula em Disciplinas &#8211; PPGIF (Vers\u00e3o 2017)<\/a><\/p>\n<p>\u2192&nbsp;<a href=\"http:\/\/www2.unifap.br\/ppgdif\/files\/2015\/03\/PPGIF-Form_aprov_de_disciplina-VERSAO-2017.docx\">Formul\u00e1rio para Aproveitamento de Cr\u00e9ditos em Disciplina &#8211; PPGIF (Vers\u00e3o 2017)<\/a><\/p>\n<p>\u2192&nbsp;<a href=\"http:\/\/www2.unifap.br\/ppgdif\/files\/2015\/03\/PPGIF-Form_canc_de_disciplina-VERSAO-2017.docx\">Formul\u00e1rio para Cancelamento de Matr\u00edcula em Disciplina &#8211; PPGIF (Vers\u00e3o 2017)<\/a><\/p>\n<p>\u2192&nbsp;<a href=\"http:\/\/www2.unifap.br\/ppgdif\/files\/2015\/03\/PPGIF-Req_de_credito_Atv_Complementares-VERSAO-2017.docx\">Requerimento para Solicita\u00e7\u00e3o de Cr\u00e9ditos em Atividades Complementares &#8211; PPGIF (Vers\u00e3o 2017)<\/a><\/p>\n<p>\u2192&nbsp;<a href=\"http:\/\/www2.unifap.br\/ppgdif\/files\/2015\/03\/PPGIF-REQUERIMENTO_DE_CO-ORIENTA\u00c7\u00c3O-VERSAO-2017.docx\">Requerimento para Co-orienta\u00e7\u00e3o &#8211; PPGIF (Vers\u00e3o 2017)<\/a><\/p>\n<p>\u2192&nbsp;<a href=\"http:\/\/www2.unifap.br\/ppgdif\/files\/2015\/03\/PPGIF-SOLICITACAO-DE-MUDANCA-DE-ORIENTADOR-VERSAO-2017.docx\">Formul\u00e1rio para Solicitar Mudan\u00e7a de Orientador &#8211; PPGIF (Vers\u00e3o 2017)<\/a><\/p>\n<p>\u2192&nbsp;<a href=\"http:\/\/www2.unifap.br\/ppgdif\/files\/2015\/03\/PPGIF-Form_agend_exame_qualificacao-VERSAO-2017.docx\">Formul\u00e1rio de Agendamento para Exame de Qualifica\u00e7\u00e3o &#8211; PPGIF (Vers\u00e3o 2017)<\/a><\/p>\n<p>\u2192&nbsp;<a href=\"http:\/\/www2.unifap.br\/ppgdif\/files\/2015\/03\/INSTRU\u00c7\u00c3O-NORMATIVA-04-ANEXO-I_2017-Form_agend_defesa-VERSAO-2017.docx\">Formul\u00e1rio para Agendamento de Defesa &#8211; PPGIF (Vers\u00e3o 2017)<\/a><\/p>\n<p>\u2192&nbsp;<a href=\"http:\/\/www2.unifap.br\/ppgdif\/files\/2015\/03\/PPGIF-Form_Prorrog_defesa-VERSAO-2017.docx\">Formul\u00e1rio para Solicitar Prorroga\u00e7\u00e3o de Prazo de Defesa &#8211; PPGIF (Vers\u00e3o 2017)<\/a><\/p>\n<p>\u2192&nbsp;<a href=\"http:\/\/www2.unifap.br\/ppgdif\/files\/2015\/03\/DI\u00c1RIAS-E-PASSAGENS-Formul\u00e1rio-de-Solicita\u00e7\u00e3o.doc\">&nbsp;Formul\u00e1rio de Solicita\u00e7\u00e3o de Di\u00e1rias\/Aux\u00edlios e Passagens \u2013 PROAP\/CAPES (Vers\u00e3o 2018)<\/a><\/p>\n<h2><strong>Credenciamento Docente<\/strong><\/h2>\n<p>\u2192&nbsp;<a href=\"http:\/\/www2.unifap.br\/ppgdif\/files\/2015\/03\/PPGIF-Form_CREDENCIAMENTO-DOCENTE-VERSAO-2017.docx\">Formul\u00e1rio para Credenciamento Docente \u2013 PPGIF (Vers\u00e3o 2017)<\/a><\/p>\n<p>\u2192&nbsp;<a href=\"http:\/\/www2.unifap.br\/ppgdif\/files\/2015\/03\/PPGIF-REQUERIMENTO-DE-CREDENCIAMENTO-DOCENTE-VERSAO-2017.docx\">Requerimento de Credenciamento Docente &#8211; PPGIF (Vers\u00e3o 2017)<\/a><\/p>\n<h2><strong>Alunos do PPGIF concluintes (P\u00f3s-Defesa)<\/strong><\/h2>\n<p>\u2192&nbsp;<a href=\"http:\/\/www2.unifap.br\/ppgdif\/files\/2015\/03\/PPGIF-MODELO-PARA-CAPA-DO-CD-VERSAO-2017.docx\">Modelo para Capa do CD &#8211; PPGIF (Vers\u00e3o 2017)<\/a><\/p>\n<p>\u2192&nbsp;<a href=\"http:\/\/www2.unifap.br\/ppgdif\/files\/2015\/03\/Termo-BDTD-UNIFAP.doc\">Termo de Autoriza\u00e7\u00e3o para Publica\u00e7\u00e3o de Teses e Disserta\u00e7\u00f5es Eletr\u00f4nicas (TDE) na Biblioteca Digital de Teses e Disserta\u00e7\u00f5es (BDTD)<\/a><\/p>\n<h2><strong><a href=\"http:\/\/www2.unifap.br\/ppgdif\/files\/2021\/03\/Termos-de-Autorizao-de-Publicao-e-Declarao-de-Autoria.docx\">Termos-de-Autorizao-de-Publicao-e-Declarao-de-Autoria<\/a><\/strong> (novo formulario &#8211; 03\/2021)<\/h2>\n<p>\u2192&nbsp;<a href=\"http:\/\/www2.unifap.br\/ppgdif\/files\/2015\/03\/PPGIF-ENCAMINHAMENTO_DA_VERSAO_FINAL-VERSAO-2017.docx\">Encaminhamento da Vers\u00e3o Final da Tese &#8211; PPGIF (Vers\u00e3o 2017)<\/a><\/p>\n<p>\u2192&nbsp;<a href=\"http:\/\/www2.unifap.br\/ppgdif\/files\/2015\/03\/PPGIF-DECLARA\u00c7\u00c3O-DO-ORIENTADOR-DIVULGA\u00c7\u00c3O-TESE-VERSAO-2017.docx\">Declara\u00e7\u00e3o do Orientador atestando viabilidade da tese para divulga\u00e7\u00e3o &#8211; PPGIF (Vers\u00e3o 2017)<\/a><\/p>\n<p>\u2192&nbsp;<a href=\"http:\/\/www2.unifap.br\/ppgdif\/files\/2015\/03\/PPGIF-FORM_DADOS_CAPES_2017-VERSAO-2017.docx\">Formul\u00e1rio de Dados da Tese para CAPES &#8211; PPGIF (Vers\u00e3o 2017)<\/a><\/p>\n<p>\u2192&nbsp;<a href=\"http:\/\/www2.unifap.br\/ppgdif\/files\/2015\/03\/PPGIF-MODELO-RELATORIO-FINAL-DO-CURSO-VERSAO-2017.docx\">Relat\u00f3rio de Conclus\u00e3o de Curso &#8211; PPGIF (Vers\u00e3o 2017)<\/a><\/p>\n<p><a href=\"http:\/\/www2.unifap.br\/ppgdif\/files\/2015\/03\/SOLICITA\u00c7\u00c3O-DE-DIPLOMA-PPGIF-VERS\u00c3O-2018.doc\">\u2192 Requerimento para Solicita\u00e7\u00e3o de Diploma &#8211; PPGIF (Vers\u00e3o 2018)<\/a><\/p>\n<h2><strong>Formul\u00e1rios e Documentos Antigos<\/strong><\/h2>\n<p>\u2192&nbsp;<a href=\"http:\/\/www2.unifap.br\/ppgcf\/files\/2015\/01\/RELAT\u00d3RIO-DE-VIAGEM.doc\">Relat\u00f3rio de Viagem (Vers\u00e3o 2016)<\/a><\/p>\n<p>\u2192&nbsp;<a href=\"http:\/\/www2.unifap.br\/ppgdif\/files\/2015\/03\/Form_agend_exame_qualificacao_PPGIF1.docx\">Formul\u00e1rio de Agendamento para Exame de Qualifica\u00e7\u00e3o (PPGIF) (Vers\u00e3o 2015-2016)<\/a><\/p>\n<p>\u2192&nbsp;<a href=\"http:\/\/www2.unifap.br\/ppgdif\/files\/2015\/03\/SOLICITACAO-DE-MATR\u00cdCULA_ALUNO-ESPECIAL.pdf\">Formul\u00e1rio de Matr\u00edcula para Aluno Especial (PPGIF) (Vers\u00e3o 2016)<\/a><\/p>\n<p>\u2192&nbsp;<a href=\"http:\/\/www2.unifap.br\/ppgdif\/files\/2015\/03\/REL_SEMESTRAL_DOUTORADO_PPGIF-MOD2015.doc\">Relat\u00f3rio Semestral &#8211; Doutorado (PPGIF) (Vers\u00e3o 2015)<\/a><a href=\"http:\/\/www2.unifap.br\/ppgdif\/files\/2015\/03\/REL_SEMESTRAL_DOUTORADO_PPGIF-MOD2015.doc\"><br \/>\n<\/a><\/p>\n<p>\u2192&nbsp;<a href=\"http:\/\/www2.unifap.br\/ppgdif\/files\/2015\/03\/REL_SEMESTRAL_DOUTORADO_PPGIF-MODELO2016.doc\">Relat\u00f3rio Semestral &#8211; Doutorado (PPGIF) (Vers\u00e3o 2016)<\/a><\/p>\n<p>\u2192&nbsp;<a style=\"font-size: 14px\" href=\"http:\/\/www2.unifap.br\/ppgdif\/files\/2015\/03\/MODELO-DE-CREDENCIAMENTO-DOCENTE-PPGIF-VERSAO-2016.doc\">Formul\u00e1rio para Credenciamento Docente (PPGIF) (Vers\u00e3o 2016)<\/a><\/p>\n<p>\u2192&nbsp;<a href=\"http:\/\/www2.unifap.br\/ppgdif\/files\/2015\/03\/REQUERIMENTO-DE-CREDENCIAMENTO-DOCENTE-PPGIF.doc\">Requerimento de Credenciamento Docente (PPGIF) (Vers\u00e3o 2016<\/a><\/p>\n","protected":false},"excerpt":{"rendered":"<p>Normas para elabora\u00e7\u00e3o de Tese (atual 2021) \u2192 Modelo de Trabalho para Qualifica\u00e7\u00e3o (PPGIF) Modelo_para_elabora\u00e7\u00e3o_do_Projeto 2026 \u2192 Modelo da Tese (Formato Tradicional) Modelo_para_elabora\u00e7\u00e3o_da_Tese 2025 &#8211; TRADICIONAL \u2192 Modelo da Tese (Formato Artigo) Modelo_para_elabora\u00e7\u00e3o_da_Tese 2025 &#8211; ARTIGO Normas Tese TRADICIONAL_2020 Normas&hellip; <\/p>\n<p><a href=\"https:\/\/www2.unifap.br\/ppgdif\/documentos-e-formularios\/\" class=\"readmore-button\">Continue Reading<\/a><\/p>\n","protected":false},"author":624,"featured_media":0,"parent":0,"menu_order":3,"comment_status":"open","ping_status":"open","template":"","meta":{"inline_featured_image":false,"ngg_post_thumbnail":0,"footnotes":""},"class_list":["post-168","page","type-page","status-publish","hentry"],"_links":{"self":[{"href":"https:\/\/www2.unifap.br\/ppgdif\/wp-json\/wp\/v2\/pages\/168","targetHints":{"allow":["GET"]}}],"collection":[{"href":"https:\/\/www2.unifap.br\/ppgdif\/wp-json\/wp\/v2\/pages"}],"about":[{"href":"https:\/\/www2.unifap.br\/ppgdif\/wp-json\/wp\/v2\/types\/page"}],"author":[{"embeddable":true,"href":"https:\/\/www2.unifap.br\/ppgdif\/wp-json\/wp\/v2\/users\/624"}],"replies":[{"embeddable":true,"href":"https:\/\/www2.unifap.br\/ppgdif\/wp-json\/wp\/v2\/comments?post=168"}],"version-history":[{"count":24,"href":"https:\/\/www2.unifap.br\/ppgdif\/wp-json\/wp\/v2\/pages\/168\/revisions"}],"predecessor-version":[{"id":1929,"href":"https:\/\/www2.unifap.br\/ppgdif\/wp-json\/wp\/v2\/pages\/168\/revisions\/1929"}],"wp:attachment":[{"href":"https:\/\/www2.unifap.br\/ppgdif\/wp-json\/wp\/v2\/media?parent=168"}],"curies":[{"name":"wp","href":"https:\/\/api.w.org\/{rel}","templated":true}]}}