{"id":179,"date":"2015-04-10T15:05:45","date_gmt":"2015-04-10T15:05:45","guid":{"rendered":"http:\/\/www2.unifap.br\/ppgdif\/?page_id=179"},"modified":"2017-11-01T17:27:42","modified_gmt":"2017-11-01T17:27:42","slug":"oferta-2015-1","status":"publish","type":"page","link":"https:\/\/www2.unifap.br\/ppgdif\/ofertas-de-disciplinas\/oferta-2015-1\/","title":{"rendered":"Oferta 2015.1"},"content":{"rendered":"<p>CALEND\u00c1RIO DE DISCIPLINAS (1\u00ba SEMESTRE \/ FEVEREIRO-JUNHO\/2015)<\/p>\n<table width=\"1021\" border=\"1\" cellspacing=\"0\" cellpadding=\"0\">\n<tbody>\n<tr>\n<td width=\"47\">\n<p align=\"center\"><b>M\u00caS<\/b><\/p>\n<\/td>\n<td width=\"142\">\n<p align=\"center\"><b>PER\u00cdODO<\/b><\/p>\n<\/td>\n<td width=\"435\">\n<p align=\"center\"><b>DISCIPLINA<\/b><\/p>\n<\/td>\n<td width=\"294\">\n<p align=\"center\"><b>DOCENTE<\/b><\/p>\n<\/td>\n<td width=\"56\">\n<p align=\"center\"><b>CH<\/b><\/p>\n<\/td>\n<td width=\"46\">\n<p align=\"center\"><b>Crd.<\/b><\/p>\n<\/td>\n<\/tr>\n<tr>\n<td width=\"47\">\n<p align=\"center\">Fevereiro<\/p>\n<\/td>\n<td width=\"142\">\n<p align=\"center\">02 \u00e0 11<\/p>\n<p align=\"center\">(Turnos: Manh\u00e3 e Tarde)<\/p>\n<\/td>\n<td width=\"435\">Qu\u00edmica dos Produtos Naturais<\/td>\n<td width=\"294\">Dr. Jos\u00e9 Carlos Tavares Cavalcante<\/td>\n<td width=\"56\">\n<p align=\"center\">60<\/p>\n<\/td>\n<td width=\"46\">\n<p align=\"center\">4<\/p>\n<\/td>\n<\/tr>\n<tr>\n<td width=\"47\">\n<p align=\"center\">Mar\u00e7o \/ Abril \/ Maio<\/p>\n<\/td>\n<td width=\"142\">\n<p align=\"center\">26\/03<\/p>\n<p align=\"center\">02, 09, 16 e 23\/04<\/p>\n<p align=\"center\">\u00a0(Turno: Tarde)<\/p>\n<p align=\"center\">28\/05<\/p>\n<p align=\"center\">(Turno: Manh\u00e3)<\/p>\n<\/td>\n<td width=\"435\">Metodologia Cient\u00edfica<\/td>\n<td width=\"294\">Dra. Lorane Izabel da Silva Hage Melim<\/td>\n<td width=\"56\">\n<p align=\"center\">30<\/p>\n<\/td>\n<td width=\"46\">\n<p align=\"center\">2<\/p>\n<\/td>\n<\/tr>\n<tr>\n<td width=\"47\">\n<p align=\"center\">Junho<\/p>\n<\/td>\n<td width=\"142\">\n<p align=\"center\">12 \u00e0 19<\/p>\n<p align=\"center\">(Turno: Tarde)<\/p>\n<\/td>\n<td width=\"435\">Semin\u00e1rio em Ci\u00eancias Farmac\u00eauticas I<\/td>\n<td width=\"294\">Dr. Raimundo Nonato Pican\u00e7o Souto<\/td>\n<td width=\"56\">\n<p align=\"center\">45<\/p>\n<\/td>\n<td width=\"46\">\n<p align=\"center\">3<\/p>\n<\/td>\n<\/tr>\n<\/tbody>\n<\/table>\n","protected":false},"excerpt":{"rendered":"<p>CALEND\u00c1RIO DE DISCIPLINAS (1\u00ba SEMESTRE \/ FEVEREIRO-JUNHO\/2015) M\u00caS PER\u00cdODO DISCIPLINA DOCENTE CH Crd. Fevereiro 02 \u00e0 11 (Turnos: Manh\u00e3 e Tarde) Qu\u00edmica dos Produtos Naturais Dr. Jos\u00e9 Carlos Tavares Cavalcante 60 4 Mar\u00e7o \/ Abril \/ Maio 26\/03 02, 09,&hellip; <\/p>\n<p><a href=\"https:\/\/www2.unifap.br\/ppgdif\/ofertas-de-disciplinas\/oferta-2015-1\/\" class=\"readmore-button\">Continue Reading<\/a><\/p>\n","protected":false},"author":624,"featured_media":0,"parent":657,"menu_order":1,"comment_status":"open","ping_status":"open","template":"","meta":{"inline_featured_image":false,"ngg_post_thumbnail":0,"footnotes":""},"class_list":["post-179","page","type-page","status-publish","hentry"],"_links":{"self":[{"href":"https:\/\/www2.unifap.br\/ppgdif\/wp-json\/wp\/v2\/pages\/179","targetHints":{"allow":["GET"]}}],"collection":[{"href":"https:\/\/www2.unifap.br\/ppgdif\/wp-json\/wp\/v2\/pages"}],"about":[{"href":"https:\/\/www2.unifap.br\/ppgdif\/wp-json\/wp\/v2\/types\/page"}],"author":[{"embeddable":true,"href":"https:\/\/www2.unifap.br\/ppgdif\/wp-json\/wp\/v2\/users\/624"}],"replies":[{"embeddable":true,"href":"https:\/\/www2.unifap.br\/ppgdif\/wp-json\/wp\/v2\/comments?post=179"}],"version-history":[{"count":4,"href":"https:\/\/www2.unifap.br\/ppgdif\/wp-json\/wp\/v2\/pages\/179\/revisions"}],"predecessor-version":[{"id":208,"href":"https:\/\/www2.unifap.br\/ppgdif\/wp-json\/wp\/v2\/pages\/179\/revisions\/208"}],"up":[{"embeddable":true,"href":"https:\/\/www2.unifap.br\/ppgdif\/wp-json\/wp\/v2\/pages\/657"}],"wp:attachment":[{"href":"https:\/\/www2.unifap.br\/ppgdif\/wp-json\/wp\/v2\/media?parent=179"}],"curies":[{"name":"wp","href":"https:\/\/api.w.org\/{rel}","templated":true}]}}