{"id":209,"date":"2015-11-13T18:47:23","date_gmt":"2015-11-13T18:47:23","guid":{"rendered":"http:\/\/www2.unifap.br\/ppgdif\/?page_id=209"},"modified":"2017-11-01T17:28:01","modified_gmt":"2017-11-01T17:28:01","slug":"oferta-2015-2","status":"publish","type":"page","link":"https:\/\/www2.unifap.br\/ppgdif\/ofertas-de-disciplinas\/oferta-2015-2\/","title":{"rendered":"Oferta 2015.2"},"content":{"rendered":"<p>CALEND\u00c1RIO DE DISCIPLINAS (2\u00ba SEMESTRE 2015)<\/p>\n<table width=\"973\" border=\"1\" cellspacing=\"0\" cellpadding=\"0\">\n<tbody>\n<tr>\n<td width=\"85\">\n<p align=\"center\"><b>M\u00caS<\/b><\/p>\n<\/td>\n<td width=\"142\">\n<p align=\"center\"><b>PER\u00cdODO<\/b><\/p>\n<\/td>\n<td width=\"359\">\n<p align=\"center\"><b>DISCIPLINA<\/b><\/p>\n<\/td>\n<td width=\"302\">\n<p align=\"center\"><b>DOCENTE<\/b><\/p>\n<\/td>\n<td width=\"38\">\n<p align=\"center\"><b>CH<\/b><\/p>\n<\/td>\n<td width=\"47\">\n<p align=\"center\"><b>Crd.<\/b><\/p>\n<\/td>\n<\/tr>\n<tr>\n<td width=\"85\">\n<p align=\"center\">Setembro<\/p>\n<\/td>\n<td width=\"142\">\n<p align=\"center\">10\/09<\/p>\n<p align=\"center\">(Turno: Tarde)<\/p>\n<p align=\"center\"><span style=\"line-height: 1.5em\">(Outubro \u00e0 Dezembro)<\/span><\/p>\n<p align=\"center\">Aos S\u00e1bados<\/p>\n<p align=\"center\">\u00a0(turno: Manh\u00e3)<\/p>\n<\/td>\n<td width=\"359\">Semin\u00e1rios em Ci\u00eancias Farmac\u00eauticas II<\/td>\n<td width=\"302\"><span style=\"color: #000000\"><a href=\"http:\/\/lattes.cnpq.br\/3737865995129925\"><span style=\"color: #000000\">Dr. Francisco F\u00e1bio Oliveira de Sousa<\/span><\/a><\/span><\/td>\n<td width=\"38\">\n<p align=\"center\">30<\/p>\n<\/td>\n<td width=\"47\">\n<p align=\"center\">2<\/p>\n<\/td>\n<\/tr>\n<tr>\n<td width=\"85\">\n<p align=\"center\">Dezembro<\/p>\n<\/td>\n<td width=\"142\">\n<p align=\"center\">01 \u00e0 04\/12<\/p>\n<p align=\"center\">(Turno: Manh\u00e3 e Tarde)<\/p>\n<\/td>\n<td width=\"359\"><span style=\"color: #000000\"><a href=\"http:\/\/www2.unifap.br\/ppgdif\/files\/2015\/11\/Disciplina-Extratos-Secos-de-Origem-Vegetal-Macap\u00e1.pdf\"><span style=\"color: #000000\">Extratos Secos de Origem Vegetal: Obten\u00e7\u00e3o, caracteriza\u00e7\u00e3o e aplica\u00e7\u00f5es em tecnologia fitofarmac\u00eautica<\/span><\/a><\/span><\/td>\n<td width=\"302\"><span style=\"color: #000000\"><a href=\"http:\/\/lattes.cnpq.br\/7193007113950510\"><span style=\"color: #000000\">Dr. Edemilson Cardoso da Concei\u00e7\u00e3o<\/span><\/a><\/span><\/td>\n<td width=\"38\">\n<p align=\"center\">60<\/p>\n<\/td>\n<td width=\"47\">\n<p align=\"center\">4<\/p>\n<\/td>\n<\/tr>\n<\/tbody>\n<\/table>\n","protected":false},"excerpt":{"rendered":"<p>CALEND\u00c1RIO DE DISCIPLINAS (2\u00ba SEMESTRE 2015) M\u00caS PER\u00cdODO DISCIPLINA DOCENTE CH Crd. Setembro 10\/09 (Turno: Tarde) (Outubro \u00e0 Dezembro) Aos S\u00e1bados \u00a0(turno: Manh\u00e3) Semin\u00e1rios em Ci\u00eancias Farmac\u00eauticas II Dr. Francisco F\u00e1bio Oliveira de Sousa 30 2 Dezembro 01 \u00e0 04\/12&hellip; <\/p>\n<p><a href=\"https:\/\/www2.unifap.br\/ppgdif\/ofertas-de-disciplinas\/oferta-2015-2\/\" class=\"readmore-button\">Continue Reading<\/a><\/p>\n","protected":false},"author":624,"featured_media":0,"parent":657,"menu_order":2,"comment_status":"open","ping_status":"open","template":"","meta":{"inline_featured_image":false,"ngg_post_thumbnail":0,"footnotes":""},"class_list":["post-209","page","type-page","status-publish","hentry"],"_links":{"self":[{"href":"https:\/\/www2.unifap.br\/ppgdif\/wp-json\/wp\/v2\/pages\/209","targetHints":{"allow":["GET"]}}],"collection":[{"href":"https:\/\/www2.unifap.br\/ppgdif\/wp-json\/wp\/v2\/pages"}],"about":[{"href":"https:\/\/www2.unifap.br\/ppgdif\/wp-json\/wp\/v2\/types\/page"}],"author":[{"embeddable":true,"href":"https:\/\/www2.unifap.br\/ppgdif\/wp-json\/wp\/v2\/users\/624"}],"replies":[{"embeddable":true,"href":"https:\/\/www2.unifap.br\/ppgdif\/wp-json\/wp\/v2\/comments?post=209"}],"version-history":[{"count":3,"href":"https:\/\/www2.unifap.br\/ppgdif\/wp-json\/wp\/v2\/pages\/209\/revisions"}],"predecessor-version":[{"id":857,"href":"https:\/\/www2.unifap.br\/ppgdif\/wp-json\/wp\/v2\/pages\/209\/revisions\/857"}],"up":[{"embeddable":true,"href":"https:\/\/www2.unifap.br\/ppgdif\/wp-json\/wp\/v2\/pages\/657"}],"wp:attachment":[{"href":"https:\/\/www2.unifap.br\/ppgdif\/wp-json\/wp\/v2\/media?parent=209"}],"curies":[{"name":"wp","href":"https:\/\/api.w.org\/{rel}","templated":true}]}}