{"id":225,"date":"2016-01-21T12:02:48","date_gmt":"2016-01-21T12:02:48","guid":{"rendered":"http:\/\/www2.unifap.br\/ppgdif\/?page_id=225"},"modified":"2016-03-07T13:07:18","modified_gmt":"2016-03-07T13:07:18","slug":"processo-seletivo-2016","status":"publish","type":"page","link":"https:\/\/www2.unifap.br\/ppgdif\/processos-seletivos\/processo-seletivo-2016\/","title":{"rendered":"Processo Seletivo 2016"},"content":{"rendered":"<p>&#8211; Per\u00edodo de Inscri\u00e7\u00f5es: 15 \u00e0 19 de Fevereiro de 2016.<\/p>\n<p>&#8211; N\u00ba de vagas:\u00a004 (quatro)\u00a0\u2013 distribu\u00eddas conforme disponibilidade dos orientadores.<\/p>\n<p>&nbsp;<\/p>\n<p>\u2192\u00a0<a href=\"http:\/\/www2.unifap.br\/ppgdif\/files\/2016\/01\/EDITAL-Doutorado-PPGIF-2016-Revisado-2.pdf\">Edital DPG N\u00ba 02\/2016 &#8211; Processo Seletivo 2016<\/a><\/p>\n<p>\u2192\u00a0<a href=\"http:\/\/www2.unifap.br\/ppgdif\/files\/2016\/01\/ANEXO-I-Ficha-de-inscri\u00e7\u00e3o-1.doc\">ANEXO I &#8211; Edital DPG N\u00ba 02\/2016 &#8211; Ficha de Inscri\u00e7\u00e3o<\/a><\/p>\n<p>\u2192\u00a0<a href=\"http:\/\/www2.unifap.br\/ppgdif\/files\/2016\/01\/ANEXO-II-Declara\u00e7\u00e3o-de-Aceite-das-Normas-1.doc\">ANEXO II &#8211; Edital DPG N\u00ba 02\/2016 &#8211; Declara\u00e7\u00e3o de Aceite das Normas do PPGIF<\/a><\/p>\n<p>\u2192\u00a0<a href=\"http:\/\/www2.unifap.br\/ppgdif\/files\/2016\/01\/ANEXO-III-Analise-Curriculum-Lattes-1.doc\">ANEXO III &#8211; Edital DPG N\u00ba 02\/2016 &#8211; Crit\u00e9rios de An\u00e1lise do Curriculum Lattes<\/a><\/p>\n<p>\u2192\u00a0<a href=\"http:\/\/www2.unifap.br\/ppgdif\/files\/2016\/01\/ANEXO-IV-Carta-de-anu\u00eancia-1.doc\">ANEXO IV &#8211; Edital DPG N\u00ba 02\/2016 &#8211; Carta de Anu\u00eancia<\/a><\/p>\n<p>\u2192\u00a0<a href=\"http:\/\/www2.unifap.br\/ppgdif\/files\/2016\/01\/ANEXO-V-Analise-Projeto-de-Pesquisa-1.doc\">ANEXO V &#8211; Edital DPG N\u00ba 02\/2016 &#8211; Crit\u00e9rios de An\u00e1lise do Projeto de Pesquisa<\/a><\/p>\n<p>\u2192\u00a0<a href=\"http:\/\/www2.unifap.br\/ppgdif\/files\/2016\/02\/EDITAL-DPG-N\u00ba-02_2016-PPGIF-INSCRI\u00c7\u00d5ES-HOMOLOGADAS.pdf\">Inscri\u00e7\u00f5es Homologadas &#8211; Edital DPG N\u00ba 02\/2016 &#8211; Processo Seletivo 2016<\/a><\/p>\n<p>\u2192\u00a0<a href=\"http:\/\/www2.unifap.br\/ppgdif\/files\/2016\/01\/EDITAL-DPG-N\u00ba-02_2016-PPGIF-RESULTADO-PRELIMINAR.pdf\">Resultado Preliminar &#8211; Edital DPG N\u00ba 02\/2016 &#8211; Processo Seletivo 2016<\/a><a href=\"http:\/\/www2.unifap.br\/ppgdif\/files\/2016\/03\/EDITAL-DPG-N\u00ba-02_2016-PPGIF-RESULTADO-PRELIMINAR.pdf\"><br \/>\n<\/a><\/p>\n<p>\u2192\u00a0<a href=\"http:\/\/www2.unifap.br\/ppgdif\/files\/2016\/03\/EDITAL-DPG-N\u00ba-02_2016-PPGIF-RESULTADO-FINAL.pdf\">Resultado Final &#8211; Edital DPG N\u00ba 02\/2016 &#8211; Processo Seletivo 2016<\/a><\/p>\n<p>&nbsp;<\/p>\n<p>\u2192\u00a0<a href=\"http:\/\/www2.unifap.br\/ppgdif\/files\/2016\/03\/Edital-N\u00ba-010-2016-DERCA-DOUTORADO-INOVA\u00c7\u00c3O-FARMAC\u00caUTICA.pdf\">EDITAL N\u00ba 010\/2016-DERCA &#8211; Convoca\u00e7\u00e3o Matr\u00edcula<\/a><\/p>\n","protected":false},"excerpt":{"rendered":"<p>&#8211; Per\u00edodo de Inscri\u00e7\u00f5es: 15 \u00e0 19 de Fevereiro de 2016. &#8211; N\u00ba de vagas:\u00a004 (quatro)\u00a0\u2013 distribu\u00eddas conforme disponibilidade dos orientadores. &nbsp; \u2192\u00a0Edital DPG N\u00ba 02\/2016 &#8211; Processo Seletivo 2016 \u2192\u00a0ANEXO I &#8211; Edital DPG N\u00ba 02\/2016 &#8211; Ficha de&hellip; <\/p>\n<p><a href=\"https:\/\/www2.unifap.br\/ppgdif\/processos-seletivos\/processo-seletivo-2016\/\" class=\"readmore-button\">Continue Reading<\/a><\/p>\n","protected":false},"author":624,"featured_media":0,"parent":34,"menu_order":2,"comment_status":"open","ping_status":"open","template":"","meta":{"inline_featured_image":false,"ngg_post_thumbnail":0,"footnotes":""},"class_list":["post-225","page","type-page","status-publish","hentry"],"_links":{"self":[{"href":"https:\/\/www2.unifap.br\/ppgdif\/wp-json\/wp\/v2\/pages\/225","targetHints":{"allow":["GET"]}}],"collection":[{"href":"https:\/\/www2.unifap.br\/ppgdif\/wp-json\/wp\/v2\/pages"}],"about":[{"href":"https:\/\/www2.unifap.br\/ppgdif\/wp-json\/wp\/v2\/types\/page"}],"author":[{"embeddable":true,"href":"https:\/\/www2.unifap.br\/ppgdif\/wp-json\/wp\/v2\/users\/624"}],"replies":[{"embeddable":true,"href":"https:\/\/www2.unifap.br\/ppgdif\/wp-json\/wp\/v2\/comments?post=225"}],"version-history":[{"count":8,"href":"https:\/\/www2.unifap.br\/ppgdif\/wp-json\/wp\/v2\/pages\/225\/revisions"}],"predecessor-version":[{"id":264,"href":"https:\/\/www2.unifap.br\/ppgdif\/wp-json\/wp\/v2\/pages\/225\/revisions\/264"}],"up":[{"embeddable":true,"href":"https:\/\/www2.unifap.br\/ppgdif\/wp-json\/wp\/v2\/pages\/34"}],"wp:attachment":[{"href":"https:\/\/www2.unifap.br\/ppgdif\/wp-json\/wp\/v2\/media?parent=225"}],"curies":[{"name":"wp","href":"https:\/\/api.w.org\/{rel}","templated":true}]}}