{"id":266,"date":"2016-03-17T18:39:31","date_gmt":"2016-03-17T18:39:31","guid":{"rendered":"http:\/\/www2.unifap.br\/ppgdif\/?page_id=266"},"modified":"2026-04-01T23:02:14","modified_gmt":"2026-04-01T23:02:14","slug":"corpo-discente","status":"publish","type":"page","link":"https:\/\/www2.unifap.br\/ppgdif\/corpo-discente\/","title":{"rendered":"Corpo Discente"},"content":{"rendered":"<h3><strong>Turma 2026<\/strong><\/h3>\n<p>&#8211; <a href=\"http:\/\/lattes.cnpq.br\/0283850555698600\">Ana Barbara Souza Viana<\/a>&nbsp;<\/p>\n<p>&#8211; <a href=\"http:\/\/lattes.cnpq.br\/0074353775024746\">Andressa Ketelem Meireles Alberto<\/a>&nbsp;<\/p>\n<p>&#8211;<a href=\"http:\/\/lattes.cnpq.br\/3328192211799195\">Edli de Ara\u00fajo Pinheiro Leite&nbsp;<\/a><\/p>\n<p>&#8211; <a href=\"http:\/\/lattes.cnpq.br\/6519085340000601\">Miony Carolina Cardoso Costa&nbsp;<\/a><\/p>\n<p>&#8211; <a href=\"http:\/\/lattes.cnpq.br\/9344636224414770\">Natalya Gabriely Lobato Santo<\/a>s&nbsp;<\/p>\n<h3>&nbsp;<\/h3>\n<h3><strong>Turma 2025<\/strong><\/h3>\n<p>&#8211;<a href=\"http:\/\/lattes.cnpq.br\/8225332408717109\"> Allana Hielly Negreiros Lima<\/a><\/p>\n<p>&#8211; <a href=\"http:\/\/lattes.cnpq.br\/3158135285326495\">Beatriz Lacerda Ferreira<\/a><\/p>\n<p>&#8211;<a href=\"http:\/\/lattes.cnpq.br\/0854107310414497\"> Call\u00e9u Mour\u00e3o de Freitas<\/a><\/p>\n<p>&#8211; <a href=\"http:\/\/lattes.cnpq.br\/9119708446515033\">Caroline Silva Nepomuceno Rocha<\/a><\/p>\n<p>&#8211; <a href=\"http:\/\/lattes.cnpq.br\/6148395442692373\">Danna Emanuelle Santos Gon\u00e7alves<\/a><\/p>\n<p>&#8211; <a href=\"http:\/\/lattes.cnpq.br\/9369334912123254\">Jo\u00e3o de Barros Neto<\/a><\/p>\n<p>&#8211; <a href=\"http:\/\/lattes.cnpq.br\/7806232852062409\">Marcela Morais de Almeida<\/a><\/p>\n<p>&#8211; <a href=\"http:\/\/lattes.cnpq.br\/7213493340540489\">Thayn\u00e1 Oliveira Corr\u00eaa<\/a><\/p>\n<p>&nbsp;<\/p>\n<h3><strong>Turma 2024<\/strong><\/h3>\n<p>&#8211; <a href=\"http:\/\/lattes.cnpq.br\/5539177104861249\">Alan C\u00e1ssio Carvalho Coutinho<\/a><\/p>\n<p>&#8211; <a href=\"http:\/\/lattes.cnpq.br\/1355698338777882\">Aline Silva Ramos<\/a>&nbsp;<\/p>\n<p>&#8211; <a href=\"https:\/\/lattes.cnpq.br\/8163137348620585\">Ana Carolina de Jesus Silva<\/a><\/p>\n<p>&#8211; <a href=\"http:\/\/lattes.cnpq.br\/5113495319164846\">Ana Carolina Santos da Ponte Souza<\/a><\/p>\n<p>&#8211; <a href=\"http:\/\/lattes.cnpq.br\/5764707354267610\">Emanuelle Tavares Rodrigues<\/a><\/p>\n<p>&#8211; <a href=\"http:\/\/lattes.cnpq.br\/8231813154425742\">Igor Almeida Silva<\/a><\/p>\n<p>&#8211; <a href=\"http:\/\/lattes.cnpq.br\/2278389220435100\">Jos\u00e9 Pedro Gomes Moura<\/a><\/p>\n<p>&#8211; <a href=\"http:\/\/lattes.cnpq.br\/8893488682152817\">Samuel Queiroz Lopes<\/a>&nbsp;<\/p>\n<p>&#8211; <a href=\"http:\/\/lattes.cnpq.br\/0162144469493399\">Samya Raquel Soares Dias<\/a><\/p>\n<h3>&nbsp;<\/h3>\n<h3><strong>Turma 2023<\/strong><\/h3>\n<p>&#8211; <a href=\"http:\/\/lattes.cnpq.br\/8000523277165099\">Ana Karina Lima Alves Cerdeira<\/a><\/p>\n<p>&#8211; <a href=\"http:\/\/lattes.cnpq.br\/9693335295685456\">Elcimar De Sousa Barros<\/a><\/p>\n<p>&#8211; <a href=\"http:\/\/lattes.cnpq.br\/4192512017023838\">Janete Silva Ramos<\/a>&nbsp;<\/p>\n<p>&#8211; <a href=\"http:\/\/lattes.cnpq.br\/1339507958412948\">Jaqueline Freitas Souza<\/a><\/p>\n<p>&#8211; <a href=\"http:\/\/lattes.cnpq.br\/8733033358915884\">Ketlen de Sena Silva<\/a><\/p>\n<h3>&nbsp;<\/h3>\n<h3><strong>Turma 2022<\/strong><\/h3>\n<p>&#8211; <a href=\"http:\/\/lattes.cnpq.br\/5526493116387772\">Alessandro de Sousa Nunes (Desligado do programa)<\/a><\/p>\n<p>&#8211; <a href=\"http:\/\/lattes.cnpq.br\/4774078477142505\">Aline Lopes do Nascimento (DEFENDEU)<\/a><\/p>\n<p>&#8211; <a href=\"http:\/\/lattes.cnpq.br\/8789559370592432\">Franciane Nunes de Souza<\/a><\/p>\n<p>&#8211; <a href=\"http:\/\/lattes.cnpq.br\/2973634574419381\">Francy Mendes Nogueira Cardoso<\/a><\/p>\n<p>&#8211; <a href=\"http:\/\/lattes.cnpq.br\/1402548436568844\">Lorenna Leal de Morais Sim\u00f5es&nbsp;<\/a><\/p>\n<p>&#8211; <a href=\"http:\/\/lattes.cnpq.br\/3326662874557774\">Rafaela Gomes Bezerra<\/a><\/p>\n<p>&#8211; <a href=\"http:\/\/lattes.cnpq.br\/5310828485724728\">Swanny Ferreira Borges<\/a><\/p>\n<h3>&nbsp;<\/h3>\n<h3><strong>Turma 2021<\/strong><\/h3>\n<p>&#8211; <a href=\"http:\/\/lattes.cnpq.br\/3937324449667485\">Keren Hapuque da Silva Souza (Desligado do programa)<\/a><\/p>\n<p>&#8211; <a href=\"http:\/\/lattes.cnpq.br\/3008419833124716\">L\u00edbio Jos\u00e9 Tapaj\u00f3s Mota<\/a><\/p>\n<p>&#8211; <a href=\"http:\/\/lattes.cnpq.br\/8618970050560528\">L\u00facio Rocha de Lima<\/a><\/p>\n<p>&#8211; <a href=\"http:\/\/lattes.cnpq.br\/4223418305303820\">Renata do Socorro Barbosa Chaves (Desligado do programa)<\/a><\/p>\n<p>&nbsp;<\/p>\n<h3><strong>Turma 2020<\/strong><\/h3>\n<p>&#8211;&nbsp;<a href=\"http:\/\/lattes.cnpq.br\/3385329853720743\">Agerdanio Andrade de Souza (DEFENDEU)<\/a><\/p>\n<p>&#8211;&nbsp;<a href=\"http:\/\/lattes.cnpq.br\/6867223268997489\">Alessandra Feij\u00e3o Soares (Desligado do programa)<\/a><\/p>\n<p>&#8211;&nbsp;<a href=\"http:\/\/lattes.cnpq.br\/9183562529038322\">Anderson Luiz Pena da Costa (DEFENDEU)<\/a><\/p>\n<p>&#8211;&nbsp;<a href=\"http:\/\/lattes.cnpq.br\/6687511503501079\">Brenda Matsunaga Laurindo (Desligado do programa)<\/a><\/p>\n<p>&#8211;&nbsp;<a href=\"http:\/\/lattes.cnpq.br\/8456668508894722\">Diego Quaresma Ferreira (Desligado do programa)<\/a><\/p>\n<p>&#8211;&nbsp;<a href=\"http:\/\/lattes.cnpq.br\/6870104428783415\">Edla L\u00eddia Vasques de Sousa dos Santos (DEFENDEU)<\/a><\/p>\n<p>&#8211;&nbsp;<a href=\"http:\/\/lattes.cnpq.br\/5872759818048936\">N\u00e1dia Rosana Matos Soares<\/a><\/p>\n<p>&#8211;&nbsp;<a href=\"http:\/\/lattes.cnpq.br\/1025898529375725\">Priscila Faimann Sales <\/a><a href=\"http:\/\/lattes.cnpq.br\/6783646627715729\">(DEFENDEU)<\/a><\/p>\n<p>&#8211;&nbsp;<a href=\"http:\/\/lattes.cnpq.br\/0291065555798260\">Ramon Diego Cunha Araujo (Desligado do programa)<\/a><\/p>\n<p>&#8211;&nbsp;<a href=\"http:\/\/lattes.cnpq.br\/7585487201191778\">Viviane Cristina Cardoso Francisco (DEFENDEU)<\/a><\/p>\n<p>&nbsp;<\/p>\n<h3><strong>Turma 2019<\/strong><\/h3>\n<p>&#8211;&nbsp;<a href=\"http:\/\/lattes.cnpq.br\/0613935210738628\">Alberto Souza Paes <\/a><a href=\"http:\/\/lattes.cnpq.br\/6783646627715729\">(DEFENDEU)<\/a><\/p>\n<p>&#8211;&nbsp;<a href=\"http:\/\/lattes.cnpq.br\/1903707842992429\">Ana Paula Santos Rodrigues <\/a><a href=\"http:\/\/lattes.cnpq.br\/3385329853720743\">(DEFENDEU)<\/a><\/p>\n<p>&#8211;&nbsp;<a href=\"http:\/\/lattes.cnpq.br\/2211922838351131\">Edmilson dos Santos Morais (Desligado do programa)<\/a><\/p>\n<p>&#8211;&nbsp;<a href=\"http:\/\/lattes.cnpq.br\/6846098648281314\">Everton Pantoja Vale <\/a><a href=\"http:\/\/lattes.cnpq.br\/6783646627715729\">(DEFENDEU)<\/a><\/p>\n<p>&#8211;&nbsp;<a href=\"http:\/\/lattes.cnpq.br\/8892832864166481\">Fabr\u00edcio Holanda e Holanda <\/a><a href=\"http:\/\/lattes.cnpq.br\/3385329853720743\">(DEFENDEU)<\/a><\/p>\n<p>&#8211;&nbsp;<a href=\"http:\/\/lattes.cnpq.br\/0061456064969035\">Jana\u00edna de Ara\u00fajo Evangelista Dourado (DEFENDEU)<\/a><\/p>\n<p>&#8211;&nbsp;<a href=\"http:\/\/lattes.cnpq.br\/1467259878941351\">Lecildo Lira Batista (DEFENDEU)<\/a><\/p>\n<p>&#8211;&nbsp;<a href=\"http:\/\/lattes.cnpq.br\/3561114338076976\">Lethicia Barreto Brand\u00e3o (DEFENDEU)<\/a><\/p>\n<p>&#8211;&nbsp;<a href=\"http:\/\/lattes.cnpq.br\/6783646627715729\">Lizandra Lima Santos (DEFENDEU)<\/a><\/p>\n<p>&#8211;&nbsp;<a href=\"http:\/\/lattes.cnpq.br\/3213001038792403\">Rosemary de Carvalho Rocha Koga <\/a><a href=\"http:\/\/lattes.cnpq.br\/6783646627715729\">(DEFENDEU)<\/a><\/p>\n<p>&nbsp;<\/p>\n<h3><strong>Turma 2018<\/strong><\/h3>\n<p>&#8211;&nbsp;<a href=\"http:\/\/lattes.cnpq.br\/2275291289131684\">Clarice Flexa da Rocha <\/a><a href=\"http:\/\/lattes.cnpq.br\/3385329853720743\">(DEFENDEU)<\/a><\/p>\n<p>&#8211;&nbsp;<a href=\"http:\/\/lattes.cnpq.br\/7285984784507765\">Cleidjane Gomes Faustino (DEFENDEU)<\/a><\/p>\n<p>&#8211;&nbsp;<a href=\"http:\/\/lattes.cnpq.br\/7205032999843643\">Helison de Oliveira Carvalho (DEFENDEU)<\/a><\/p>\n<p>&#8211;&nbsp;<a href=\"http:\/\/lattes.cnpq.br\/6820112062270746\">Inana Fauro de Ara\u00fajo (DEFENDEU)<\/a><\/p>\n<p>&#8211;&nbsp;<a href=\"http:\/\/lattes.cnpq.br\/5276547265506497\">Josiane Viana Cruz (DEFENDEU)<\/a><\/p>\n<p>&#8211;&nbsp;<a href=\"http:\/\/lattes.cnpq.br\/8257379214062701\">Leide Caroline dos Santos Pican\u00e7o (Desligado do programa)<\/a><\/p>\n<p>&#8211;&nbsp;<a href=\"http:\/\/lattes.cnpq.br\/3696320338442702\">Luana Carolina de Medeiros Paiva <\/a><a href=\"http:\/\/lattes.cnpq.br\/3385329853720743\">(DEFENDEU)<\/a><\/p>\n<p>&#8211;&nbsp;<a href=\"http:\/\/lattes.cnpq.br\/5690893406427425\">Pedro Henrique Fauro de Ara\u00fajo (DEFENDEU)<\/a><\/p>\n<p>&#8211;&nbsp;<a href=\"http:\/\/lattes.cnpq.br\/1945377106490600\">S\u00f4nia do Socorro do Carmo Oliveira (DEFENDEU)<\/a><\/p>\n<p>&#8211;&nbsp;<a href=\"http:\/\/lattes.cnpq.br\/5155890162139540\">Suelen Felix Pereira <\/a><a href=\"http:\/\/lattes.cnpq.br\/6783646627715729\">(DEFENDEU)<\/a><\/p>\n<p>&#8211;&nbsp;<a href=\"http:\/\/lattes.cnpq.br\/5085038840802665\">Walter de Souza Tavares (DEFENDEU)<\/a><\/p>\n<p>&nbsp;<\/p>\n<h3><strong>Turma 2017<\/strong><\/h3>\n<p>&#8211;&nbsp;<a href=\"http:\/\/lattes.cnpq.br\/3473858887809598\">Albenise Santana Alves Barros (DEFENDEU)<\/a><\/p>\n<p>&#8211;&nbsp;<a href=\"http:\/\/lattes.cnpq.br\/0895313039091223\">Eduardo J\u00fanior Serr\u00e3o Pinto&nbsp; (Desligado do programa)<\/a><\/p>\n<p>&#8211;&nbsp;<a href=\"http:\/\/lattes.cnpq.br\/6278412728753310\">Elenilze Figueiredo Batista Ferreira (DEFENDEU)<\/a><\/p>\n<p>&#8211;&nbsp;<a href=\"http:\/\/lattes.cnpq.br\/1224824406636558\">Glauber Vilhena da Costa (DEFENDEU)<\/a><\/p>\n<p>&#8211;&nbsp;<a href=\"http:\/\/lattes.cnpq.br\/6164693738243536\">Jaderson Vieira Ferreira&nbsp; (Desligado do programa)<\/a><\/p>\n<p>&#8211;&nbsp;<a href=\"http:\/\/lattes.cnpq.br\/0632712942785756\">Mario Omar Calla Salcedo (DEFENDEU)<\/a><\/p>\n<p>&#8211;&nbsp;<a href=\"http:\/\/lattes.cnpq.br\/5723542801967056\">Susy \u00c9rika de Lima Barros (DEFENDEU)<\/a><\/p>\n<p>&#8211;&nbsp;<a href=\"http:\/\/lattes.cnpq.br\/5758570425525341\">Nayana Keyla Seabra de Oliveira (DEFENDEU)<\/a><\/p>\n<p>&nbsp;<\/p>\n<h3><strong>TURMA 2016<\/strong><\/h3>\n<p>&#8211;&nbsp;<a href=\"http:\/\/lattes.cnpq.br\/5204392170393372\">Ariadna Lafourcade Prada (DEFENDEU)<\/a><\/p>\n<p>&#8211;&nbsp;<a href=\"http:\/\/lattes.cnpq.br\/2073529369588603\">Igor Victor Ferreira dos Santos (DEFENDEU)<\/a><\/p>\n<p>&#8211;&nbsp;<a href=\"http:\/\/lattes.cnpq.br\/0359099648992146\">Nathalia Danielly Borges Marques<\/a> (Desligado do programa)<\/p>\n<p>&#8211;&nbsp;<a href=\"http:\/\/lattes.cnpq.br\/3436325838859203\">Nayara Costa de Melo (DEFENDEU)<\/a><\/p>\n<p>.<\/p>\n<h3><strong>TURMA 2015<\/strong><\/h3>\n<p>&#8211;&nbsp;<a href=\"http:\/\/lattes.cnpq.br\/5953378811855712\">Dayse Maria da Cunha S\u00e1&nbsp;<\/a>(Desligado do programa)<\/p>\n<p>&#8211;&nbsp;<a href=\"http:\/\/lattes.cnpq.br\/8625340401893375\">Gisele Cust\u00f3dio de Souza (DEFENDEU)<\/a><\/p>\n<p>&#8211;&nbsp;<a href=\"http:\/\/lattes.cnpq.br\/7283597923616741\">Ialle Gurgel Borges (DEFENDEU)<\/a><\/p>\n<p>&#8211;&nbsp;<a href=\"http:\/\/lattes.cnpq.br\/5967765732055568\">Raphaelle Sousa Borges (DEFENDEU)<\/a><\/p>\n<p>&nbsp;<\/p>\n<h3><strong>TURMA 2014<\/strong><\/h3>\n<p>&#8211;&nbsp;<a href=\"http:\/\/lattes.cnpq.br\/7761556901260621\">Anna Eliza Maciel de Faria Mota Oliveira (DEFENDEU)<\/a><\/p>\n<p>&#8211;&nbsp;<a href=\"http:\/\/lattes.cnpq.br\/4561966930254514\">Carolina Miranda de Sousa Lima (DEFENDEU)<\/a><\/p>\n<p>&#8211;&nbsp;<a href=\"http:\/\/lattes.cnpq.br\/7001641032070234\">Jos\u00e9 Adolfo Homobono Machado Bittencourt (DEFENDEU)<\/a><\/p>\n<p>&#8211;&nbsp;<a href=\"http:\/\/lattes.cnpq.br\/9429096874753269\">Mayara Amoras Teles Fujishima (DEFENDEU)<\/a><\/p>\n<p>&nbsp;<\/p>\n<h3><strong>TURMA 2013<\/strong><\/h3>\n<p>&#8211;&nbsp;<a href=\"http:\/\/lattes.cnpq.br\/9487578176104160\">Belmira Silva Faria e Souza (DEFENDEU)<\/a><\/p>\n<p>&#8211;&nbsp;<a href=\"http:\/\/lattes.cnpq.br\/0074593745862958\">Edilson Leal da Cunha (DEFENDEU)<\/a><\/p>\n<p>&#8211;&nbsp;<a href=\"http:\/\/lattes.cnpq.br\/2049905459145049\">Heitor Ribeiro da Silva (DEFENDEU)<\/a><\/p>\n","protected":false},"excerpt":{"rendered":"<p>Turma 2026 &#8211; Ana Barbara Souza Viana&nbsp; &#8211; Andressa Ketelem Meireles Alberto&nbsp; &#8211;Edli de Ara\u00fajo Pinheiro Leite&nbsp; &#8211; Miony Carolina Cardoso Costa&nbsp; &#8211; Natalya Gabriely Lobato Santos&nbsp; &nbsp; Turma 2025 &#8211; Allana Hielly Negreiros Lima &#8211; Beatriz Lacerda Ferreira &#8211;&hellip; <\/p>\n<p><a href=\"https:\/\/www2.unifap.br\/ppgdif\/corpo-discente\/\" class=\"readmore-button\">Continue Reading<\/a><\/p>\n","protected":false},"author":624,"featured_media":0,"parent":0,"menu_order":7,"comment_status":"open","ping_status":"open","template":"","meta":{"inline_featured_image":false,"ngg_post_thumbnail":0,"footnotes":""},"class_list":["post-266","page","type-page","status-publish","hentry"],"_links":{"self":[{"href":"https:\/\/www2.unifap.br\/ppgdif\/wp-json\/wp\/v2\/pages\/266","targetHints":{"allow":["GET"]}}],"collection":[{"href":"https:\/\/www2.unifap.br\/ppgdif\/wp-json\/wp\/v2\/pages"}],"about":[{"href":"https:\/\/www2.unifap.br\/ppgdif\/wp-json\/wp\/v2\/types\/page"}],"author":[{"embeddable":true,"href":"https:\/\/www2.unifap.br\/ppgdif\/wp-json\/wp\/v2\/users\/624"}],"replies":[{"embeddable":true,"href":"https:\/\/www2.unifap.br\/ppgdif\/wp-json\/wp\/v2\/comments?post=266"}],"version-history":[{"count":25,"href":"https:\/\/www2.unifap.br\/ppgdif\/wp-json\/wp\/v2\/pages\/266\/revisions"}],"predecessor-version":[{"id":1926,"href":"https:\/\/www2.unifap.br\/ppgdif\/wp-json\/wp\/v2\/pages\/266\/revisions\/1926"}],"wp:attachment":[{"href":"https:\/\/www2.unifap.br\/ppgdif\/wp-json\/wp\/v2\/media?parent=266"}],"curies":[{"name":"wp","href":"https:\/\/api.w.org\/{rel}","templated":true}]}}