{"id":30,"date":"2015-01-08T21:14:08","date_gmt":"2015-01-08T21:14:08","guid":{"rendered":"http:\/\/www2.unifap.br\/ppgdif\/?page_id=30"},"modified":"2026-01-30T03:37:37","modified_gmt":"2026-01-30T03:37:37","slug":"regulamento-ppgif","status":"publish","type":"page","link":"https:\/\/www2.unifap.br\/ppgdif\/regulamento-ppgif\/","title":{"rendered":"Regulamenta\u00e7\u00e3o &#8211; PPGIF"},"content":{"rendered":"<p><a href=\"http:\/\/www2.unifap.br\/ppgdif\/files\/2015\/01\/Logo-Unifap-224x300.png\"><img decoding=\"async\" class=\" wp-image-156 alignleft\" src=\"http:\/\/www2.unifap.br\/ppgdif\/files\/2015\/01\/Logo-Unifap-224x300.png\" alt=\"Logo-Unifap-224x300\" width=\"69\" height=\"92\" srcset=\"https:\/\/www2.unifap.br\/ppgdif\/files\/2015\/01\/Logo-Unifap-224x300.png 224w, https:\/\/www2.unifap.br\/ppgdif\/files\/2015\/01\/Logo-Unifap-224x300-112x150.png 112w\" sizes=\"(max-width: 69px) 100vw, 69px\" \/><\/a>Universidade Federal do Amap\u00e1 &#8211; UNIFAP<\/p>\n<p>Pr\u00f3-Reitoria de Pesquisa e P\u00f3s-Gradua\u00e7\u00e3o &#8211; PROPESPG<\/p>\n<p>Departamento de P\u00f3s-Gradua\u00e7\u00e3o &#8211; DPG<\/p>\n<p>Programa de P\u00f3s-Gradua\u00e7\u00e3o em Inova\u00e7\u00e3o Farmac\u00eautica<\/p>\n<p>&nbsp;<\/p>\n<p><span style=\"text-align: justify\">A Coordena\u00e7\u00e3o do Programa de P\u00f3s-Gradua\u00e7\u00e3o em Inova\u00e7\u00e3o Farmac\u00eautica da&nbsp;Universidade Federal do Amap\u00e1 \u2013 UNIFAP, tendo em vista o Regulamento do&nbsp;Curso, estabelece as seguintes normas:<\/span><\/p>\n<p>&nbsp;<\/p>\n<p>\u2192&nbsp;<a href=\"http:\/\/www2.unifap.br\/ppgdif\/files\/2023\/12\/Instrucao-Normativa-Rede-PPGIF-01_Defesa-da-Tese.pdf\">INSTRU\u00c7\u00c3O NORMATIVA REDE PPGIF 01 (2023)_DEFESA DA TESE<\/a><\/p>\n<p>\u2192&nbsp;<a href=\"http:\/\/www2.unifap.br\/ppgdif\/files\/2023\/12\/Instrucao-Normativa-Rede-PPGIF-02_Exame-de-Qualificacao.pdf\">INSTRU\u00c7\u00c3O NORMATIVA REDE PPGIF 02 (2023)_EXAME DE QUALIFICA\u00c7\u00c3O<\/a><\/p>\n<p>\u2192&nbsp;<a href=\"http:\/\/www2.unifap.br\/ppgdif\/files\/2023\/12\/Instrucao-Normativa-Rede-PPGIF-03_Credenciamento-e-Recredenciamento.pdf\">INSTRU\u00c7\u00c3O NORMATIVA REDE PPGIF 03 (2023)_CREDENCIAMENTO E RECREDENCIAMENTO<\/a><\/p>\n<p>\u2192&nbsp;<a href=\"http:\/\/www2.unifap.br\/ppgdif\/files\/2023\/12\/Instrucao-Normativa-Rede-PPGIF-04_-Doutorado-Direto.pdf\">INSTRU\u00c7\u00c3O NORMATIVA REDE PPGIF 04 (2023)_DOUTORADO DIRETO<\/a><\/p>\n<p>\u2192&nbsp;<a href=\"http:\/\/www2.unifap.br\/ppgdif\/files\/2015\/01\/INSTRU\u00c7\u00c3O-NORMATIVA-01-APROVEITAMENTO-DE-CR\u00c9DITO-PPGIF.pdf\">INSTRU\u00c7\u00c3O NORMATIVA 01 &#8211; APROVEITAMENTO DE CR\u00c9DITO (PPGIF)<\/a><\/p>\n<p>\u2192&nbsp;<a href=\"http:\/\/www2.unifap.br\/ppgdif\/files\/2015\/01\/INSTRU\u00c7\u00c3O-NORMATIVA-02-CR\u00c9DITO-COMPLEMENTARES-PPGIF_2017.pdf\">INSTRU\u00c7\u00c3O NORMATIVA 02 &#8211; CR\u00c9DITO COMPLEMENTARES (PPGIF)<\/a><\/p>\n<p>\u2192&nbsp;<a href=\"http:\/\/www2.unifap.br\/ppgdif\/files\/2015\/01\/INSTRU\u00c7\u00c3O-NORMATIVA-03-QUALIFICA\u00c7\u00c3O-DE-TESE-PPGIF1.pdf\">INSTRU\u00c7\u00c3O NORMATIVA 03 \u2013 QUALIFICA\u00c7\u00c3O DE TESE (PPGIF &#8211; 2013-2016)<\/a><\/p>\n<p>\u2014&nbsp;<a href=\"http:\/\/www2.unifap.br\/ppgdif\/files\/2026\/01\/Modelo_para_elaboracao_do_Projeto-2025.doc\">Modelo_para_elabora\u00e7\u00e3o_do_Projeto 2025<\/a><\/p>\n<p>\u2192&nbsp;<a href=\"http:\/\/www2.unifap.br\/ppgdif\/files\/2015\/01\/INSTRU\u00c7\u00c3O-NORMATIVA-03-QUALIFICA\u00c7\u00c3O-DE-TESE-PPGIF_20171.pdf\">INSTRU\u00c7\u00c3O NORMATIVA 03 \u2013 QUALIFICA\u00c7\u00c3O DE TESE (PPGIF &#8211; 2017)<\/a><\/p>\n<p>\u2192&nbsp;<a href=\"http:\/\/www2.unifap.br\/ppgdif\/files\/2015\/01\/INSTRUCAO-NORMATIVA-04-01NORMAS-PARA-DEFESA-PPGIF_20171.pdf\">INSTRU\u00c7\u00c3O NORMATIVA 04 &#8211; NORMAS PARA DEFESA (PPGIF)<\/a><\/p>\n<p style=\"padding-left: 30px\">\u2014&nbsp;<a href=\"http:\/\/www2.unifap.br\/ppgdif\/files\/2015\/01\/INSTRU\u00c7\u00c3O-NORMATIVA-04-ANEXO-I_2017.docx\">INSTRU\u00c7\u00c3O NORMATIVA 04 &#8211; ANEXO I &#8211; FORMUL\u00c1RIO PARA SOLICITA\u00c7\u00c3O DE DEFESA<\/a><\/p>\n<p style=\"padding-left: 30px\">\u2014&nbsp;<a href=\"http:\/\/www2.unifap.br\/ppgdif\/files\/2026\/01\/Modelo_para_elaboracao_da_Tese-2025-TRADICIONAL.doc\">Modelo_para_elabora\u00e7\u00e3o_da_Tese 2025 &#8211; TRADICIONAL<\/a><\/p>\n<p style=\"padding-left: 30px\">\u2014&nbsp;<a href=\"http:\/\/www2.unifap.br\/ppgdif\/files\/2026\/01\/Modelo_para_elaboracao_da_Tese-2025-ARTIGO.doc\">Modelo_para_elabora\u00e7\u00e3o_da_Tese 2025 &#8211; ARTIGO<\/a><\/p>\n<p>\u2192&nbsp;<a href=\"http:\/\/www2.unifap.br\/ppgdif\/files\/2015\/01\/INSTRU\u00c7\u00c3O-NORMATIVA-05-NORMAS-GERAIS-DE-CREDENCIAMENTO-E-RECREDENCIAMENTO-DE-DOCENTES_2017.pdf\">INSTRU\u00c7\u00c3O NORMATIVA 05 &#8211; CREDENCIAMENTO E RECREDENCIAMENTO DOCENTES (PPGIF)<\/a><\/p>\n<p>&nbsp;<\/p>\n<p>&nbsp;<\/p>\n","protected":false},"excerpt":{"rendered":"<p>Universidade Federal do Amap\u00e1 &#8211; UNIFAP Pr\u00f3-Reitoria de Pesquisa e P\u00f3s-Gradua\u00e7\u00e3o &#8211; PROPESPG Departamento de P\u00f3s-Gradua\u00e7\u00e3o &#8211; DPG Programa de P\u00f3s-Gradua\u00e7\u00e3o em Inova\u00e7\u00e3o Farmac\u00eautica &nbsp; A Coordena\u00e7\u00e3o do Programa de P\u00f3s-Gradua\u00e7\u00e3o em Inova\u00e7\u00e3o Farmac\u00eautica da&nbsp;Universidade Federal do Amap\u00e1 \u2013 UNIFAP,&hellip; <\/p>\n<p><a href=\"https:\/\/www2.unifap.br\/ppgdif\/regulamento-ppgif\/\" class=\"readmore-button\">Continue Reading<\/a><\/p>\n","protected":false},"author":624,"featured_media":0,"parent":0,"menu_order":2,"comment_status":"open","ping_status":"open","template":"","meta":{"inline_featured_image":false,"ngg_post_thumbnail":0,"footnotes":""},"class_list":["post-30","page","type-page","status-publish","hentry"],"_links":{"self":[{"href":"https:\/\/www2.unifap.br\/ppgdif\/wp-json\/wp\/v2\/pages\/30","targetHints":{"allow":["GET"]}}],"collection":[{"href":"https:\/\/www2.unifap.br\/ppgdif\/wp-json\/wp\/v2\/pages"}],"about":[{"href":"https:\/\/www2.unifap.br\/ppgdif\/wp-json\/wp\/v2\/types\/page"}],"author":[{"embeddable":true,"href":"https:\/\/www2.unifap.br\/ppgdif\/wp-json\/wp\/v2\/users\/624"}],"replies":[{"embeddable":true,"href":"https:\/\/www2.unifap.br\/ppgdif\/wp-json\/wp\/v2\/comments?post=30"}],"version-history":[{"count":27,"href":"https:\/\/www2.unifap.br\/ppgdif\/wp-json\/wp\/v2\/pages\/30\/revisions"}],"predecessor-version":[{"id":1883,"href":"https:\/\/www2.unifap.br\/ppgdif\/wp-json\/wp\/v2\/pages\/30\/revisions\/1883"}],"wp:attachment":[{"href":"https:\/\/www2.unifap.br\/ppgdif\/wp-json\/wp\/v2\/media?parent=30"}],"curies":[{"name":"wp","href":"https:\/\/api.w.org\/{rel}","templated":true}]}}