{"id":331,"date":"2016-09-28T17:21:28","date_gmt":"2016-09-28T17:21:28","guid":{"rendered":"http:\/\/www2.unifap.br\/ppgdif\/?page_id=331"},"modified":"2016-09-28T17:31:20","modified_gmt":"2016-09-28T17:31:20","slug":"eventos","status":"publish","type":"page","link":"https:\/\/www2.unifap.br\/ppgdif\/eventos\/","title":{"rendered":"Eventos"},"content":{"rendered":"<h1><strong>MURAL DE EVENTOS<\/strong><\/h1>\n<p>&nbsp;<\/p>\n<h2 style=\"text-align: justify\"><strong>III Ciclo de Semin\u00e1rios em Ci\u00eancias Farmac\u00eauticas:\u00a0Tecnologia e Biologia Farmac\u00eautica<\/strong><\/h2>\n<p style=\"text-align: justify\">Para maiores informa\u00e7\u00f5es e conferir a programa\u00e7\u00e3o completa <a href=\"http:\/\/www2.unifap.br\/ppgdif\/eventos\/iii-ciclo-de-seminarios-em-ciencias-farmaceuticas\/\">acesse aqui<\/a>.<\/p>\n<p><a href=\"http:\/\/www2.unifap.br\/ppgcf\/files\/2015\/09\/IMG-20160928-WA0021.jpg\"><img fetchpriority=\"high\" decoding=\"async\" class=\"aligncenter\" alt=\"IMG-20160928-WA0021\" src=\"http:\/\/www2.unifap.br\/ppgcf\/files\/2015\/09\/IMG-20160928-WA0021-300x300.jpg\" width=\"300\" height=\"300\" \/><\/a><\/p>\n<p>&nbsp;<\/p>\n<p>&nbsp;<\/p>\n<p>&nbsp;<\/p>\n<h2><strong>II Ciclo de Semin\u00e1rios em Ci\u00eancias Farmac\u00eauticas<\/strong><\/h2>\n<p style=\"text-align: justify\">O II Ciclo de Semin\u00e1rios em Ci\u00eancias Farmac\u00eauticas ocorrer\u00e1 no per\u00edodo de 10 de Outubro \u00e0 19 de Dezembro de 2015 no bloco de salas de aula e laborat\u00f3rios do curso de Farm\u00e1cia na Universidade Federal do Amap\u00e1 &#8211; UNIFAP.<\/p>\n<p style=\"text-align: justify\">O Ciclo de Semin\u00e1rios em Ci\u00eancias Farmac\u00eauticas visa aproximar a ci\u00eancia de seu p\u00fablico alvo, contribuindo e repercutindo na forma\u00e7\u00e3o de estudantes da gradua\u00e7\u00e3o, p\u00f3s-gradua\u00e7\u00e3o e forma\u00e7\u00e3o cont\u00ednua de profissionais na \u00e1rea de ci\u00eancias farmac\u00eauticas e \u00e1reas afins. O evento ser\u00e1 formado por um conjunto de cursos e palestras voltado para a \u00e1rea de farm\u00e1cia e sa\u00fade.<\/p>\n<p style=\"text-align: justify\">Per\u00edodo de inscri\u00e7\u00e3o: 28 de Setembro \u00e0 08 de Outubro de 2015.<\/p>\n<p style=\"text-align: justify\">Local de inscri\u00e7\u00f5es: Higiafarma e Coordena\u00e7\u00e3o de P\u00f3s-Gradua\u00e7\u00e3o em Ci\u00eancias Farmac\u00eauticas (no Bloco de do Curso de Farm\u00e1cia da UNIFAP).<\/p>\n<p style=\"text-align: justify\">P\u00fablico Alvo: Acad\u00eamicos e Profissionais na \u00e1rea da sa\u00fade.<\/p>\n<p style=\"text-align: justify\">Para conferir a programa\u00e7\u00e3o completa\u00a0<a href=\"http:\/\/www2.unifap.br\/ppgdif\/eventos\/ii-ciclo-de-seminarios-em-ciencias-farmaceuticas\/\">acesse aqui<\/a>.<\/p>\n<p><a href=\"http:\/\/www2.unifap.br\/ppgdif\/files\/2016\/09\/CARTAZ-1.png\"><img decoding=\"async\" class=\"alignnone size-medium wp-image-344 aligncenter\" alt=\"CARTAZ-1\" src=\"http:\/\/www2.unifap.br\/ppgdif\/files\/2016\/09\/CARTAZ-1-213x300.png\" width=\"213\" height=\"300\" srcset=\"https:\/\/www2.unifap.br\/ppgdif\/files\/2016\/09\/CARTAZ-1-213x300.png 213w, https:\/\/www2.unifap.br\/ppgdif\/files\/2016\/09\/CARTAZ-1-727x1024.png 727w, https:\/\/www2.unifap.br\/ppgdif\/files\/2016\/09\/CARTAZ-1.png 1181w\" sizes=\"(max-width: 213px) 100vw, 213px\" \/><\/a><\/p>\n","protected":false},"excerpt":{"rendered":"<p>MURAL DE EVENTOS &nbsp; III Ciclo de Semin\u00e1rios em Ci\u00eancias Farmac\u00eauticas:\u00a0Tecnologia e Biologia Farmac\u00eautica Para maiores informa\u00e7\u00f5es e conferir a programa\u00e7\u00e3o completa acesse aqui. &nbsp; &nbsp; &nbsp; II Ciclo de Semin\u00e1rios em Ci\u00eancias Farmac\u00eauticas O II Ciclo de Semin\u00e1rios em&hellip; <\/p>\n<p><a href=\"https:\/\/www2.unifap.br\/ppgdif\/eventos\/\" class=\"readmore-button\">Continue Reading<\/a><\/p>\n","protected":false},"author":624,"featured_media":0,"parent":0,"menu_order":10,"comment_status":"open","ping_status":"open","template":"","meta":{"inline_featured_image":false,"ngg_post_thumbnail":0,"footnotes":""},"class_list":["post-331","page","type-page","status-publish","hentry"],"_links":{"self":[{"href":"https:\/\/www2.unifap.br\/ppgdif\/wp-json\/wp\/v2\/pages\/331","targetHints":{"allow":["GET"]}}],"collection":[{"href":"https:\/\/www2.unifap.br\/ppgdif\/wp-json\/wp\/v2\/pages"}],"about":[{"href":"https:\/\/www2.unifap.br\/ppgdif\/wp-json\/wp\/v2\/types\/page"}],"author":[{"embeddable":true,"href":"https:\/\/www2.unifap.br\/ppgdif\/wp-json\/wp\/v2\/users\/624"}],"replies":[{"embeddable":true,"href":"https:\/\/www2.unifap.br\/ppgdif\/wp-json\/wp\/v2\/comments?post=331"}],"version-history":[{"count":4,"href":"https:\/\/www2.unifap.br\/ppgdif\/wp-json\/wp\/v2\/pages\/331\/revisions"}],"predecessor-version":[{"id":346,"href":"https:\/\/www2.unifap.br\/ppgdif\/wp-json\/wp\/v2\/pages\/331\/revisions\/346"}],"wp:attachment":[{"href":"https:\/\/www2.unifap.br\/ppgdif\/wp-json\/wp\/v2\/media?parent=331"}],"curies":[{"name":"wp","href":"https:\/\/api.w.org\/{rel}","templated":true}]}}