{"id":333,"date":"2016-09-28T17:23:23","date_gmt":"2016-09-28T17:23:23","guid":{"rendered":"http:\/\/www2.unifap.br\/ppgdif\/?page_id=333"},"modified":"2016-09-28T17:23:23","modified_gmt":"2016-09-28T17:23:23","slug":"iii-ciclo-de-seminarios-em-ciencias-farmaceuticas","status":"publish","type":"page","link":"https:\/\/www2.unifap.br\/ppgdif\/eventos\/iii-ciclo-de-seminarios-em-ciencias-farmaceuticas\/","title":{"rendered":"III Ciclo de Semin\u00e1rios em Ci\u00eancias Farmac\u00eauticas"},"content":{"rendered":"<p style=\"text-align: justify\">O &#8220;III Ciclo de Semin\u00e1rios em Ci\u00eancias Farmac\u00eauticas: Tecnologia e Biologia Farmac\u00eautica&#8221;\u00a0ocorrer\u00e1 no per\u00edodo de 11 de Novembro \u00e0 10 de Dezembro de 2016 no bloco de salas de aula e laborat\u00f3rios do curso de Farm\u00e1cia na Universidade Federal do Amap\u00e1 &#8211; UNIFAP.<\/p>\n<p style=\"text-align: justify\">O Ciclo de Semin\u00e1rios em Ci\u00eancias Farmac\u00eauticas \u00e9 um evento destinado a profissionais e acad\u00eamicos da \u00e1rea da sa\u00fade que possuam interesse em atualiza\u00e7\u00f5es sobre m\u00e9todos de ensaios biol\u00f3gicos e sobre tecnologias aplicadas \u00e0 f\u00e1rmacos.<\/p>\n<p style=\"text-align: justify\">Este ano, o Semin\u00e1rio ser\u00e1 organizado pela turma do Programa de P\u00f3s-Gradua\u00e7\u00e3o em Ci\u00eancias Farmac\u00eauticas 2016 (mestrado) e pela turma do Programa de P\u00f3s-Gradua\u00e7\u00e3o em Inova\u00e7\u00e3o Farmac\u00eautica 2016 (doutorado). O evento ser\u00e1 composto por 12 minicursos com tem\u00e1ticas relacionadas \u00e0 Tecnologia e Biologia Farmac\u00eautica.<\/p>\n<p style=\"text-align: justify\">Per\u00edodo de inscri\u00e7\u00e3o: de 28 de Setembro at\u00e9 encerrarem as vagas.<\/p>\n<p style=\"text-align: justify\">Local de inscri\u00e7\u00f5es:\u00a0Coordena\u00e7\u00e3o de P\u00f3s-Gradua\u00e7\u00e3o em Ci\u00eancias Farmac\u00eauticas (no Bloco de do Curso de Farm\u00e1cia da UNIFAP).<\/p>\n<p style=\"text-align: justify\">Valor: R$ 30,00 (para realizar 06 minicursos) e R$ 50,00 (para realizar todos os minicursos).<\/p>\n<p style=\"text-align: justify\">P\u00fablico Alvo:\u00a0Profissionais e acad\u00eamicos da \u00e1rea da sa\u00fade.<\/p>\n<p><a href=\"http:\/\/www2.unifap.br\/ppgcf\/files\/2016\/09\/Logo_III-Ciclo-de-Seminarios-em-Ciencias-Farmaceuticas.png\"><img decoding=\"async\" class=\"aligncenter\" alt=\"Logo_III-Ciclo-de-Seminarios-em-Ciencias-Farmaceuticas\" src=\"http:\/\/www2.unifap.br\/ppgcf\/files\/2016\/09\/Logo_III-Ciclo-de-Seminarios-em-Ciencias-Farmaceuticas.png\" width=\"218\" height=\"137\" \/><\/a><\/p>\n<p><a href=\"http:\/\/www2.unifap.br\/ppgcf\/files\/2016\/09\/IMG-20160928-WA0017.jpg\"><img fetchpriority=\"high\" decoding=\"async\" class=\"aligncenter\" alt=\"IMG-20160928-WA0017\" src=\"http:\/\/www2.unifap.br\/ppgcf\/files\/2016\/09\/IMG-20160928-WA0017-300x300.jpg\" width=\"300\" height=\"300\" \/><\/a><\/p>\n<p>&nbsp;<\/p>\n","protected":false},"excerpt":{"rendered":"<p>O &#8220;III Ciclo de Semin\u00e1rios em Ci\u00eancias Farmac\u00eauticas: Tecnologia e Biologia Farmac\u00eautica&#8221;\u00a0ocorrer\u00e1 no per\u00edodo de 11 de Novembro \u00e0 10 de Dezembro de 2016 no bloco de salas de aula e laborat\u00f3rios do curso de Farm\u00e1cia na Universidade Federal do&hellip; <\/p>\n<p><a href=\"https:\/\/www2.unifap.br\/ppgdif\/eventos\/iii-ciclo-de-seminarios-em-ciencias-farmaceuticas\/\" class=\"readmore-button\">Continue Reading<\/a><\/p>\n","protected":false},"author":624,"featured_media":0,"parent":331,"menu_order":3,"comment_status":"open","ping_status":"open","template":"","meta":{"inline_featured_image":false,"ngg_post_thumbnail":0,"footnotes":""},"class_list":["post-333","page","type-page","status-publish","hentry"],"_links":{"self":[{"href":"https:\/\/www2.unifap.br\/ppgdif\/wp-json\/wp\/v2\/pages\/333","targetHints":{"allow":["GET"]}}],"collection":[{"href":"https:\/\/www2.unifap.br\/ppgdif\/wp-json\/wp\/v2\/pages"}],"about":[{"href":"https:\/\/www2.unifap.br\/ppgdif\/wp-json\/wp\/v2\/types\/page"}],"author":[{"embeddable":true,"href":"https:\/\/www2.unifap.br\/ppgdif\/wp-json\/wp\/v2\/users\/624"}],"replies":[{"embeddable":true,"href":"https:\/\/www2.unifap.br\/ppgdif\/wp-json\/wp\/v2\/comments?post=333"}],"version-history":[{"count":2,"href":"https:\/\/www2.unifap.br\/ppgdif\/wp-json\/wp\/v2\/pages\/333\/revisions"}],"predecessor-version":[{"id":632,"href":"https:\/\/www2.unifap.br\/ppgdif\/wp-json\/wp\/v2\/pages\/333\/revisions\/632"}],"up":[{"embeddable":true,"href":"https:\/\/www2.unifap.br\/ppgdif\/wp-json\/wp\/v2\/pages\/331"}],"wp:attachment":[{"href":"https:\/\/www2.unifap.br\/ppgdif\/wp-json\/wp\/v2\/media?parent=333"}],"curies":[{"name":"wp","href":"https:\/\/api.w.org\/{rel}","templated":true}]}}