{"id":34,"date":"2015-01-09T17:29:18","date_gmt":"2015-01-09T17:29:18","guid":{"rendered":"http:\/\/www2.unifap.br\/ppgdif\/?page_id=34"},"modified":"2017-01-20T18:51:23","modified_gmt":"2017-01-20T18:51:23","slug":"processos-seletivos","status":"publish","type":"page","link":"https:\/\/www2.unifap.br\/ppgdif\/processos-seletivos\/","title":{"rendered":"Processos Seletivos"},"content":{"rendered":"<p>Acompanhe aqui os processos seletivos realizados pelo Programa de Doutorado em Inova\u00e7\u00e3o Farmac\u00eauticas.<\/p>\n<p>\u2192-\u00a0<a href=\"http:\/\/www2.unifap.br\/ppgdif\/processos-seletivos\/processo-seletivo-2015\/\">Processo Seletivo 2015<\/a><\/p>\n<p>\u2192\u00a0<a href=\"http:\/\/www2.unifap.br\/ppgdif\/processos-seletivos\/processo-seletivo-2016\/\">Processo Seletivo 2016<\/a><\/p>\n<p>\u2192\u00a0Processo Seletivo 2017 &#8211; <a href=\"http:\/\/www2.unifap.br\/ppgdif\/processos-seletivos\/processo-seletivo-2017\/\">AQUI<\/a>.<\/p>\n","protected":false},"excerpt":{"rendered":"<p>Acompanhe aqui os processos seletivos realizados pelo Programa de Doutorado em Inova\u00e7\u00e3o Farmac\u00eauticas. \u2192-\u00a0Processo Seletivo 2015 \u2192\u00a0Processo Seletivo 2016 \u2192\u00a0Processo Seletivo 2017 &#8211; AQUI.<\/p>\n","protected":false},"author":624,"featured_media":0,"parent":0,"menu_order":11,"comment_status":"open","ping_status":"open","template":"","meta":{"inline_featured_image":false,"ngg_post_thumbnail":0,"footnotes":""},"class_list":["post-34","page","type-page","status-publish","hentry"],"_links":{"self":[{"href":"https:\/\/www2.unifap.br\/ppgdif\/wp-json\/wp\/v2\/pages\/34","targetHints":{"allow":["GET"]}}],"collection":[{"href":"https:\/\/www2.unifap.br\/ppgdif\/wp-json\/wp\/v2\/pages"}],"about":[{"href":"https:\/\/www2.unifap.br\/ppgdif\/wp-json\/wp\/v2\/types\/page"}],"author":[{"embeddable":true,"href":"https:\/\/www2.unifap.br\/ppgdif\/wp-json\/wp\/v2\/users\/624"}],"replies":[{"embeddable":true,"href":"https:\/\/www2.unifap.br\/ppgdif\/wp-json\/wp\/v2\/comments?post=34"}],"version-history":[{"count":5,"href":"https:\/\/www2.unifap.br\/ppgdif\/wp-json\/wp\/v2\/pages\/34\/revisions"}],"predecessor-version":[{"id":372,"href":"https:\/\/www2.unifap.br\/ppgdif\/wp-json\/wp\/v2\/pages\/34\/revisions\/372"}],"wp:attachment":[{"href":"https:\/\/www2.unifap.br\/ppgdif\/wp-json\/wp\/v2\/media?parent=34"}],"curies":[{"name":"wp","href":"https:\/\/api.w.org\/{rel}","templated":true}]}}