{"id":354,"date":"2016-11-08T20:38:32","date_gmt":"2016-11-08T20:38:32","guid":{"rendered":"http:\/\/www2.unifap.br\/ppgdif\/?page_id=354"},"modified":"2016-11-08T20:38:32","modified_gmt":"2016-11-08T20:38:32","slug":"i-encontro-do-ppgcf-e-ppgif-da-unifap","status":"publish","type":"page","link":"https:\/\/www2.unifap.br\/ppgdif\/eventos\/i-encontro-do-ppgcf-e-ppgif-da-unifap\/","title":{"rendered":"I Encontro do PPGCF e PPGIF da UNIFAP"},"content":{"rendered":"<p><img decoding=\"async\" class=\"aligncenter\" alt=\"IMG-20161018-WA0045\" src=\"http:\/\/www2.unifap.br\/ppgcf\/files\/2016\/11\/IMG-20161018-WA0045-300x174.jpg\" width=\"240\" height=\"139\" \/><\/p>\n<p style=\"text-align: justify\">Os Programas de P\u00f3s-Gradua\u00e7\u00e3o em Ci\u00eancias Farmac\u00eauticas (PPGCF) e Inova\u00e7\u00e3o Farmac\u00eautica (PPGIF) da Universidade Federal do Amap\u00e1 realizar\u00e3o entre os dias 17 e 18 de Novembro de 2016 o &#8220;I Encontro do PPGCF e PPGIF da UNIFAP&#8221;. Sua tem\u00e1tica se centrar\u00e1 nas \u00e1reas de concentra\u00e7\u00e3o de biologia farmac\u00eautica, tecnologia aplicada \u00e0 f\u00e1rmacos e f\u00e1rmacos e medicamentos.<\/p>\n<p style=\"text-align: justify\">O evento ser\u00e1 composto por mesas redondas, palestras e comunica\u00e7\u00f5es orais e contar\u00e1 com a participa\u00e7\u00e3o de pesquisadores de renome e de diversas institui\u00e7\u00f5es nacionais, tais como \u00a0IEPA, UFPA, UFAM, UFC, UFRGS, INPI e UNIFAP, contar\u00e1 tamb\u00e9m com a presen\u00e7a do coordenador de \u00e1rea de Farm\u00e1cia da CAPES\/MEC, al\u00e9m dos docentes e discentes que comp\u00f5em estes Programas de P\u00f3s-Gradua\u00e7\u00e3o.<\/p>\n<p style=\"text-align: justify\">Para encerrar, o Dr. Jos\u00e9 Carlos Tavares Carvalho realizar\u00e1 o lan\u00e7amento da 4\u00aa Edi\u00e7\u00e3o do Formul\u00e1rio M\u00e9dico Farmac\u00eautico de Fitoterapia.<\/p>\n<p style=\"text-align: justify\">&#8211; Local: Audit\u00f3rio da Embrapa\/AP.<\/p>\n<p style=\"text-align: justify\">&#8211; Hor\u00e1rio: 08h \u00e0s 18h.<\/p>\n<p style=\"text-align: justify\">As inscri\u00e7\u00f5es s\u00e3o totalmente GRATUITAS e poder\u00e3o ser efetuadas entregando o formul\u00e1rio abaixo\u00a0presencialmente na secretaria do PPGCF\/PPGIF ou enviado por e-mail ao endere\u00e7o eletr\u00f4nico &#8220;<a>pos.farmacia2016@gmail.com&#8221;<\/a>.<\/p>\n<p style=\"text-align: justify\"><a href=\"http:\/\/www2.unifap.br\/ppgcf\/files\/2016\/11\/I-ENCONTRO-PPGCF-PPGIF_FICHA_DE_INSCRICAO.doc\">\u2192 I Encontro do PPGCF e PPGIF &#8211; Ficha de Inscri\u00e7\u00e3o<\/a><\/p>\n<p>&nbsp;<\/p>\n<h2 style=\"text-align: center\"><strong><a href=\"http:\/\/www2.unifap.br\/ppgcf\/files\/2016\/11\/Flyer-I-Encontro-PPGCF-e-PPGIF.pdf.pdf\">PROGRAMA\u00c7\u00c3O<\/a><\/strong><\/h2>\n<p style=\"text-align: center\"><a href=\"http:\/\/www2.unifap.br\/ppgcf\/files\/2016\/11\/Programacao_I-Encontro-PPGCF-PPGIF.jpg\"><img fetchpriority=\"high\" decoding=\"async\" alt=\"Programacao_I-Encontro-PPGCF-PPGIF\" src=\"http:\/\/www2.unifap.br\/ppgcf\/files\/2016\/11\/Programacao_I-Encontro-PPGCF-PPGIF-300x300.jpg\" width=\"300\" height=\"300\" \/><\/a><\/p>\n","protected":false},"excerpt":{"rendered":"<p>Os Programas de P\u00f3s-Gradua\u00e7\u00e3o em Ci\u00eancias Farmac\u00eauticas (PPGCF) e Inova\u00e7\u00e3o Farmac\u00eautica (PPGIF) da Universidade Federal do Amap\u00e1 realizar\u00e3o entre os dias 17 e 18 de Novembro de 2016 o &#8220;I Encontro do PPGCF e PPGIF da UNIFAP&#8221;. Sua tem\u00e1tica se&hellip; <\/p>\n<p><a href=\"https:\/\/www2.unifap.br\/ppgdif\/eventos\/i-encontro-do-ppgcf-e-ppgif-da-unifap\/\" class=\"readmore-button\">Continue Reading<\/a><\/p>\n","protected":false},"author":624,"featured_media":0,"parent":331,"menu_order":4,"comment_status":"open","ping_status":"open","template":"","meta":{"inline_featured_image":false,"ngg_post_thumbnail":0,"footnotes":""},"class_list":["post-354","page","type-page","status-publish","hentry"],"_links":{"self":[{"href":"https:\/\/www2.unifap.br\/ppgdif\/wp-json\/wp\/v2\/pages\/354","targetHints":{"allow":["GET"]}}],"collection":[{"href":"https:\/\/www2.unifap.br\/ppgdif\/wp-json\/wp\/v2\/pages"}],"about":[{"href":"https:\/\/www2.unifap.br\/ppgdif\/wp-json\/wp\/v2\/types\/page"}],"author":[{"embeddable":true,"href":"https:\/\/www2.unifap.br\/ppgdif\/wp-json\/wp\/v2\/users\/624"}],"replies":[{"embeddable":true,"href":"https:\/\/www2.unifap.br\/ppgdif\/wp-json\/wp\/v2\/comments?post=354"}],"version-history":[{"count":1,"href":"https:\/\/www2.unifap.br\/ppgdif\/wp-json\/wp\/v2\/pages\/354\/revisions"}],"predecessor-version":[{"id":355,"href":"https:\/\/www2.unifap.br\/ppgdif\/wp-json\/wp\/v2\/pages\/354\/revisions\/355"}],"up":[{"embeddable":true,"href":"https:\/\/www2.unifap.br\/ppgdif\/wp-json\/wp\/v2\/pages\/331"}],"wp:attachment":[{"href":"https:\/\/www2.unifap.br\/ppgdif\/wp-json\/wp\/v2\/media?parent=354"}],"curies":[{"name":"wp","href":"https:\/\/api.w.org\/{rel}","templated":true}]}}