{"id":367,"date":"2017-01-20T17:58:53","date_gmt":"2017-01-20T17:58:53","guid":{"rendered":"http:\/\/www2.unifap.br\/ppgdif\/?page_id=367"},"modified":"2017-03-09T12:08:40","modified_gmt":"2017-03-09T12:08:40","slug":"processo-seletivo-2017","status":"publish","type":"page","link":"https:\/\/www2.unifap.br\/ppgdif\/processos-seletivos\/processo-seletivo-2017\/","title":{"rendered":"Processo Seletivo 2017"},"content":{"rendered":"<p>&#8211; Per\u00edodo de inscri\u00e7\u00f5es: 07 \u00e0 10 de Fevereiro de 2017.<\/p>\n<p>&#8211; N\u00ba de vagas: 10 (dez) &#8211; distribu\u00eddas conforme disponibilidade dos orientadores.<\/p>\n<p>&nbsp;<\/p>\n<p>\u2192\u00a0<a href=\"http:\/\/www2.unifap.br\/ppgdif\/files\/2017\/01\/EDITAL-Doutorado-PPGIF-2017.pdf\">Edital DPG N\u00ba 001\/2017 &#8211; Processo Seletivo PPGIF 2017<\/a><\/p>\n<p>\u2192\u00a0<a href=\"http:\/\/www2.unifap.br\/ppgdif\/files\/2017\/01\/ANEXO-I-Carta-de-anu\u00eancia-PPGIF-2017.pdf\">ANEXO I &#8211; Edital DPG N\u00ba 001\/2017 &#8211; Carta de Anu\u00eancia<\/a><\/p>\n<p>\u2192\u00a0<a href=\"http:\/\/www2.unifap.br\/ppgdif\/files\/2017\/01\/ANEXO-II-Declara\u00e7\u00e3o-de-Aceite-das-Normas-PPGIF-2017.pdf\">ANEXO II &#8211; Edital DPG N\u00ba 001\/2017 &#8211; Declara\u00e7\u00e3o de Aceite da Normas do PPGIF<\/a><\/p>\n<p>\u2192\u00a0<a href=\"http:\/\/www2.unifap.br\/ppgdif\/files\/2017\/01\/ANEXO-III-Analise-Projeto-de-Pesquisa-PPGIF-2017.pdf\">ANEXO III &#8211; Edital DPG N\u00ba 001\/2017 &#8211; Crit\u00e9rios de An\u00e1lise do Projeto de Pesquisa<\/a><\/p>\n<p>\u2192\u00a0<a href=\"http:\/\/www2.unifap.br\/ppgdif\/files\/2017\/01\/ANEXO-IV-Analise-Curriculum-Lattes-PPGIF-2017.pdf\">ANEXO IV &#8211; Edital DPG N\u00ba 001\/2017 &#8211; Crit\u00e9rios de An\u00e1lise do <em>Curriculum Lattes<\/em><\/a><\/p>\n<p>\u2192\u00a0<a href=\"http:\/\/www2.unifap.br\/ppgdif\/files\/2017\/01\/Retifica\u00e7\u00e3o-do-Edital-Doutorado-PPGIF-2017.pdf\">Retifica\u00e7\u00e3o do Edital DPG N\u00ba 001\/2017 &#8211; Processo Seletivo PPGIF 2017<\/a><\/p>\n<p>\u2192\u00a0<a href=\"http:\/\/www2.unifap.br\/ppgdif\/files\/2017\/02\/EDITAL-DPG-N\u00ba-001_2017-PPGIF-INSCRICOES-HOMOLOGADAS.pdf\">Homologa\u00e7\u00e3o das Inscri\u00e7\u00f5es &#8211; Edital DPG N\u00ba 001\/2017 &#8211; Processo Seletivo 2017<\/a><\/p>\n<p>\u2192\u00a0<a href=\"http:\/\/www2.unifap.br\/ppgdif\/files\/2017\/02\/EDITAL-DPG-N\u00ba-001_2017-PPGIF-REPOSTA-A-RECURSO-PARA-HOMOLOGACAO-DE-INSCRICOES.pdf\">Resultado \u00e0 Interposi\u00e7\u00e3o de Recursos para Homologa\u00e7\u00e3o das Inscri\u00e7\u00f5es &#8211; Processo Seletivo 2017<\/a><\/p>\n<p>\u2192\u00a0<a href=\"http:\/\/www2.unifap.br\/ppgdif\/files\/2017\/02\/EDITAL-DPG-N\u00ba-001_2017-PPGIF-RESULTADO-PRELIMINAR.pdf\">Resultado Preliminar &#8211; Edital DPG N\u00ba 001\/2017 &#8211; Processo Seletivo 2017<\/a><\/p>\n<p>\u2192\u00a0<a href=\"http:\/\/www2.unifap.br\/ppgdif\/files\/2017\/02\/EDITAL-DPG-N\u00ba-001_2017-PPGIF-RESULTADO-FINAL-PROCESSO-SELETIVO-PPGIF-2017.pdf\">Resultado Final &#8211; Edital DPG N\u00ba 001\/2017 &#8211; Processo Seletivo 2017<\/a><\/p>\n<p>&nbsp;<\/p>\n<p><a href=\"http:\/\/www2.unifap.br\/ppgdif\/files\/2017\/01\/EDITAL-N\u00ba-010-2017-PS-DA-P\u00d3S-GRADUA\u00c7\u00c3O-MESTRADO-E-DOUTORADO.pdf\">\u2192 Edital N\u00ba 010\/2017-DERCA\/UNIFAP &#8211; Convoca\u00e7\u00e3o para Matr\u00edcula<\/a><\/p>\n","protected":false},"excerpt":{"rendered":"<p>&#8211; Per\u00edodo de inscri\u00e7\u00f5es: 07 \u00e0 10 de Fevereiro de 2017. &#8211; N\u00ba de vagas: 10 (dez) &#8211; distribu\u00eddas conforme disponibilidade dos orientadores. &nbsp; \u2192\u00a0Edital DPG N\u00ba 001\/2017 &#8211; Processo Seletivo PPGIF 2017 \u2192\u00a0ANEXO I &#8211; Edital DPG N\u00ba 001\/2017&hellip; <\/p>\n<p><a href=\"https:\/\/www2.unifap.br\/ppgdif\/processos-seletivos\/processo-seletivo-2017\/\" class=\"readmore-button\">Continue Reading<\/a><\/p>\n","protected":false},"author":624,"featured_media":0,"parent":34,"menu_order":3,"comment_status":"open","ping_status":"open","template":"","meta":{"inline_featured_image":false,"ngg_post_thumbnail":0,"footnotes":""},"class_list":["post-367","page","type-page","status-publish","hentry"],"_links":{"self":[{"href":"https:\/\/www2.unifap.br\/ppgdif\/wp-json\/wp\/v2\/pages\/367","targetHints":{"allow":["GET"]}}],"collection":[{"href":"https:\/\/www2.unifap.br\/ppgdif\/wp-json\/wp\/v2\/pages"}],"about":[{"href":"https:\/\/www2.unifap.br\/ppgdif\/wp-json\/wp\/v2\/types\/page"}],"author":[{"embeddable":true,"href":"https:\/\/www2.unifap.br\/ppgdif\/wp-json\/wp\/v2\/users\/624"}],"replies":[{"embeddable":true,"href":"https:\/\/www2.unifap.br\/ppgdif\/wp-json\/wp\/v2\/comments?post=367"}],"version-history":[{"count":10,"href":"https:\/\/www2.unifap.br\/ppgdif\/wp-json\/wp\/v2\/pages\/367\/revisions"}],"predecessor-version":[{"id":427,"href":"https:\/\/www2.unifap.br\/ppgdif\/wp-json\/wp\/v2\/pages\/367\/revisions\/427"}],"up":[{"embeddable":true,"href":"https:\/\/www2.unifap.br\/ppgdif\/wp-json\/wp\/v2\/pages\/34"}],"wp:attachment":[{"href":"https:\/\/www2.unifap.br\/ppgdif\/wp-json\/wp\/v2\/media?parent=367"}],"curies":[{"name":"wp","href":"https:\/\/api.w.org\/{rel}","templated":true}]}}