{"id":40,"date":"2015-01-09T19:01:56","date_gmt":"2015-01-09T19:01:56","guid":{"rendered":"http:\/\/www2.unifap.br\/ppgdif\/?page_id=40"},"modified":"2015-03-25T13:11:29","modified_gmt":"2015-03-25T13:11:29","slug":"disciplinas-do-ppgif","status":"publish","type":"page","link":"https:\/\/www2.unifap.br\/ppgdif\/disciplinas-do-ppgif\/","title":{"rendered":"Disciplinas do PPGIF"},"content":{"rendered":"<p><strong>Obrigat\u00f3rias do PPGIF<\/strong><\/p>\n<p>&#8211; Semin\u00e1rio em Ci\u00eancias Farmac\u00eauticas I.<\/p>\n<p>&#8211; Semin\u00e1rio em Ci\u00eancias Farmac\u00eauticas II.<\/p>\n<p>&nbsp;<\/p>\n<p><strong>Optativas do PPGIF<\/strong><\/p>\n<p>&#8211; Metodologia da Pesquisa Cient\u00edfica.<\/p>\n<p>&#8211; Escrevendo o Artigo Cient\u00edfico.<\/p>\n<p>&#8211;\u00a0Ensaios Biol\u00f3gicos Aplicados a Produtos Naturais.<\/p>\n<p>&#8211;\u00a0Cromatografia Aplicada a An\u00e1lises de Produtos Bioativos.<\/p>\n<p>&#8211;\u00a0Aplica\u00e7\u00e3o de ensaios enzim\u00e1ticos na avalia\u00e7\u00e3o de bioprodutos.<\/p>\n<p>&#8211;\u00a0Legisla\u00e7\u00e3o e Inova\u00e7\u00e3o.<\/p>\n<p>&#8211;\u00a0Bioestat\u00edstica.<\/p>\n<p>&#8211;\u00a0Biologia molecular aplicada \u00e0s ci\u00eancias farmac\u00eauticas.<\/p>\n<p>&#8211;\u00a0Estereoqu\u00edmica de F\u00e1rmacos.<\/p>\n<p>&#8211;\u00a0Ensaios Biol\u00f3gicos Pr\u00e9-Cl\u00ednicos.<\/p>\n<p>&#8211;\u00a0Farmacocin\u00e9tica Aplicada.<\/p>\n<p>&#8211;\u00a0M\u00e9todos Eletroqu\u00edmicos Aplicados.<\/p>\n<p>&#8211;\u00a0Farmacologia Experimental (Avalia\u00e7\u00e3o Farmacol\u00f3gica).<\/p>\n<p>&#8211;\u00a0Modelagem Molecular Aplicada ao Planejamento de F\u00e1rmacos.<\/p>\n<p>&#8211;\u00a0Qu\u00edmica de Produtos Naturais.<\/p>\n<p>&#8211;\u00a0S\u00edntese Bioorg\u00e2nica de F\u00e1rmacos.<\/p>\n<p>&#8211;\u00a0T\u00f3picos Especiais em Fitoqu\u00edmica.<\/p>\n<p>&#8211;\u00a0Controle de Qualidade de Insumos e Medicamentos.<\/p>\n<p>&#8211;\u00a0S\u00edntese Org\u00e2nica Medicinal.<\/p>\n<p>&#8211;\u00a0Toxicologia Experimental.<\/p>\n<p>&#8211;\u00a0Ensaios Farmacol\u00f3gicos.<\/p>\n<p>&#8211;\u00a0Fitoqu\u00edmica Avan\u00e7ada.<\/p>\n<p>&#8211;\u00a0T\u00f3picos Especiais em Inova\u00e7\u00e3o Farmac\u00eautica.<\/p>\n<p>&#8211;\u00a0Ensaios Microbiol\u00f3gicos de Plantas Medicinais.<\/p>\n<p>&#8211;\u00a0Processos Extrativos e Aplica\u00e7\u00e3o em Farmacot\u00e9cnica.<\/p>\n<p>&#8211; Identifica\u00e7\u00e3o Espectroc\u00f3spica de Compostos Org\u00e2nicos.<\/p>\n<p>&nbsp;<\/p>\n","protected":false},"excerpt":{"rendered":"<p>Obrigat\u00f3rias do PPGIF &#8211; Semin\u00e1rio em Ci\u00eancias Farmac\u00eauticas I. &#8211; Semin\u00e1rio em Ci\u00eancias Farmac\u00eauticas II. &nbsp; Optativas do PPGIF &#8211; Metodologia da Pesquisa Cient\u00edfica. &#8211; Escrevendo o Artigo Cient\u00edfico. &#8211;\u00a0Ensaios Biol\u00f3gicos Aplicados a Produtos Naturais. &#8211;\u00a0Cromatografia Aplicada a An\u00e1lises de&hellip; <\/p>\n<p><a href=\"https:\/\/www2.unifap.br\/ppgdif\/disciplinas-do-ppgif\/\" class=\"readmore-button\">Continue Reading<\/a><\/p>\n","protected":false},"author":624,"featured_media":0,"parent":0,"menu_order":4,"comment_status":"open","ping_status":"open","template":"","meta":{"inline_featured_image":false,"ngg_post_thumbnail":0,"footnotes":""},"class_list":["post-40","page","type-page","status-publish","hentry"],"_links":{"self":[{"href":"https:\/\/www2.unifap.br\/ppgdif\/wp-json\/wp\/v2\/pages\/40","targetHints":{"allow":["GET"]}}],"collection":[{"href":"https:\/\/www2.unifap.br\/ppgdif\/wp-json\/wp\/v2\/pages"}],"about":[{"href":"https:\/\/www2.unifap.br\/ppgdif\/wp-json\/wp\/v2\/types\/page"}],"author":[{"embeddable":true,"href":"https:\/\/www2.unifap.br\/ppgdif\/wp-json\/wp\/v2\/users\/624"}],"replies":[{"embeddable":true,"href":"https:\/\/www2.unifap.br\/ppgdif\/wp-json\/wp\/v2\/comments?post=40"}],"version-history":[{"count":2,"href":"https:\/\/www2.unifap.br\/ppgdif\/wp-json\/wp\/v2\/pages\/40\/revisions"}],"predecessor-version":[{"id":151,"href":"https:\/\/www2.unifap.br\/ppgdif\/wp-json\/wp\/v2\/pages\/40\/revisions\/151"}],"wp:attachment":[{"href":"https:\/\/www2.unifap.br\/ppgdif\/wp-json\/wp\/v2\/media?parent=40"}],"curies":[{"name":"wp","href":"https:\/\/api.w.org\/{rel}","templated":true}]}}