{"id":412,"date":"2017-02-16T19:00:59","date_gmt":"2017-02-16T19:00:59","guid":{"rendered":"http:\/\/www2.unifap.br\/ppgdif\/?page_id=412"},"modified":"2017-03-10T22:16:17","modified_gmt":"2017-03-10T22:16:17","slug":"processo-seletivo-pos-doc-pnpdcapes-2017","status":"publish","type":"page","link":"https:\/\/www2.unifap.br\/ppgdif\/processos-seletivos\/processo-seletivo-pos-doc-pnpdcapes-2017\/","title":{"rendered":"Processo Seletivo P\u00f3s-Doc PNPD\/Capes 2017"},"content":{"rendered":"<p style=\"text-align: justify\">A Universidade Federal do Amap\u00e1, atrav\u00e9s da Pr\u00f3-Reitoria de Pesquisa e P\u00f3s-Gradua\u00e7\u00e3o e do Departamento de P\u00f3s-Gradua\u00e7\u00e3o, torna p\u00fablico o presente Edital para as inscri\u00e7\u00f5es ao processo de sele\u00e7\u00e3o de bolsista de P\u00f3s-Doutorado PNPD\/Capes para o Programa de P\u00f3s-Gradua\u00e7\u00e3o em Inova\u00e7\u00e3o Farmac\u00eautica (PPGIF).<\/p>\n<p style=\"text-align: justify\">Per\u00edodo de Inscri\u00e7\u00e3o: 01 \u00e0 06 de Mar\u00e7o de 2017.<\/p>\n<p style=\"text-align: justify\"><a href=\"http:\/\/www2.unifap.br\/ppgdif\/files\/2017\/02\/Edital-Processo-Seletivo-PNPD-2017-PPGIF.pdf\">\u2192 Edital DPG N\u00ba 006\/2017 DPG\/UNIFAP \u2013 PNPD\/CAPES 2017 (PPGIF)<\/a><\/p>\n<p style=\"text-align: justify\"><a href=\"http:\/\/www2.unifap.br\/ppgdif\/files\/2017\/02\/Edital-PNPD-PPGIF-2017-ANEXO-I-FICHA-DE-INSCRICAO.doc\">\u2192 Edital DPG N\u00ba 006\/2017 &#8211; ANEXO I<\/a><\/p>\n<p style=\"text-align: justify\"><a href=\"http:\/\/www2.unifap.br\/ppgdif\/files\/2017\/02\/Edital-PNPD-PPGIF-2017-ANEXO-II-PLANILHA-DE-PONTUACAO-PARA-PRODUCAO-CIENTIFICA.doc\">\u2192 Edital DPG N\u00ba 006\/2017 &#8211; ANEXO II<\/a><\/p>\n<p style=\"text-align: justify\"><a href=\"http:\/\/www2.unifap.br\/ppgdif\/files\/2017\/02\/Edital-PNPD-PPGIF-2017-ANEXO-III-PLANILHA-DE-PONTUACAO-PARA-AVALIACAO-DO-PROJETO.doc\">\u2192 Edital DPG N\u00ba 006\/2017 &#8211; ANEXO III<\/a><\/p>\n<p style=\"text-align: justify\"><a href=\"http:\/\/www2.unifap.br\/ppgdif\/files\/2017\/03\/EDITAL-DPG-N\u00ba-006-2017_DPG-UNIFAP-RESULTADO-FINAL.pdf\">\u2192 Resultado Final PNPD\/CAPES &#8211; Edital DPG N\u00ba 006\/2017 DPG\/UNIFAP<\/a><\/p>\n","protected":false},"excerpt":{"rendered":"<p>A Universidade Federal do Amap\u00e1, atrav\u00e9s da Pr\u00f3-Reitoria de Pesquisa e P\u00f3s-Gradua\u00e7\u00e3o e do Departamento de P\u00f3s-Gradua\u00e7\u00e3o, torna p\u00fablico o presente Edital para as inscri\u00e7\u00f5es ao processo de sele\u00e7\u00e3o de bolsista de P\u00f3s-Doutorado PNPD\/Capes para o Programa de P\u00f3s-Gradua\u00e7\u00e3o em&hellip; <\/p>\n<p><a href=\"https:\/\/www2.unifap.br\/ppgdif\/processos-seletivos\/processo-seletivo-pos-doc-pnpdcapes-2017\/\" class=\"readmore-button\">Continue Reading<\/a><\/p>\n","protected":false},"author":624,"featured_media":0,"parent":34,"menu_order":4,"comment_status":"open","ping_status":"open","template":"","meta":{"inline_featured_image":false,"ngg_post_thumbnail":0,"footnotes":""},"class_list":["post-412","page","type-page","status-publish","hentry"],"_links":{"self":[{"href":"https:\/\/www2.unifap.br\/ppgdif\/wp-json\/wp\/v2\/pages\/412","targetHints":{"allow":["GET"]}}],"collection":[{"href":"https:\/\/www2.unifap.br\/ppgdif\/wp-json\/wp\/v2\/pages"}],"about":[{"href":"https:\/\/www2.unifap.br\/ppgdif\/wp-json\/wp\/v2\/types\/page"}],"author":[{"embeddable":true,"href":"https:\/\/www2.unifap.br\/ppgdif\/wp-json\/wp\/v2\/users\/624"}],"replies":[{"embeddable":true,"href":"https:\/\/www2.unifap.br\/ppgdif\/wp-json\/wp\/v2\/comments?post=412"}],"version-history":[{"count":5,"href":"https:\/\/www2.unifap.br\/ppgdif\/wp-json\/wp\/v2\/pages\/412\/revisions"}],"predecessor-version":[{"id":464,"href":"https:\/\/www2.unifap.br\/ppgdif\/wp-json\/wp\/v2\/pages\/412\/revisions\/464"}],"up":[{"embeddable":true,"href":"https:\/\/www2.unifap.br\/ppgdif\/wp-json\/wp\/v2\/pages\/34"}],"wp:attachment":[{"href":"https:\/\/www2.unifap.br\/ppgdif\/wp-json\/wp\/v2\/media?parent=412"}],"curies":[{"name":"wp","href":"https:\/\/api.w.org\/{rel}","templated":true}]}}