{"id":42,"date":"2015-01-09T19:24:57","date_gmt":"2015-01-09T19:24:57","guid":{"rendered":"http:\/\/www2.unifap.br\/ppgdif\/?page_id=42"},"modified":"2017-06-29T12:02:24","modified_gmt":"2017-06-29T12:02:24","slug":"orientadores-do-ppgif-2013-2016","status":"publish","type":"page","link":"https:\/\/www2.unifap.br\/ppgdif\/corpo-docente\/orientadores-do-ppgif-2013-2016\/","title":{"rendered":"Orientadores do PPGIF 2013-2016"},"content":{"rendered":"<p>&nbsp;<\/p>\n<p><a href=\"http:\/\/www2.unifap.br\/ppgcf\/files\/2012\/06\/217e255518fbfca341_l_69397.jpg\"><img decoding=\"async\" alt=\"217e255518fbfca341_l_69397\" src=\"http:\/\/www2.unifap.br\/ppgcf\/files\/2012\/06\/217e255518fbfca341_l_69397.jpg\" width=\"180\" height=\"180\" \/><\/a><\/p>\n<p><strong>Prof. Dr. Francisco F\u00e1bio Oliveira de Sousa<\/strong><\/p>\n<p style=\"text-align: justify\">Doutorado em \u201cInvestigaci\u00f3n y Desarrollo de Medicamentos\u201d pela Universidade de Santiago de Compostela (USC) na Espanha (2011) e realizou Est\u00e1gio de P\u00f3s-Doutorado junto ao Programa de P\u00f3s-gradua\u00e7\u00e3o em Odontologia (PPGO\/ UFC).<\/p>\n<p style=\"text-align: justify\">Linha de Pesquisa: \u00a0desenvolvimento de novos sistemas terap\u00eauticos (micropart\u00edculas, composites, implantes, ion\u00f4mero de vidro e materiais resinosos) para Odontologia, Biopol\u00edmeros (caracteriza\u00e7\u00e3o e funcionalidade) e sistemas de libera\u00e7\u00e3o com \u00eanfase na tecnologia da libera\u00e7\u00e3o controlada de f\u00e1rmacos.<\/p>\n<p style=\"text-align: justify\">email:\u00a0fabio@unifap.br \u00a0 \u00a0 \u00a0 \u00a0 \u00a0 \u00a0\u00a0<a href=\"http:\/\/lattes.cnpq.br\/3737865995129925\">http:\/\/lattes.cnpq.br\/3737865995129925<\/a><\/p>\n<p>&nbsp;<\/p>\n<p><a href=\"http:\/\/www2.unifap.br\/ppgdif\/files\/2015\/01\/DSC01473.jpg\"><img fetchpriority=\"high\" decoding=\"async\" class=\"alignnone size-medium wp-image-44\" alt=\"SONY DSC\" src=\"http:\/\/www2.unifap.br\/ppgdif\/files\/2015\/01\/DSC01473-300x199.jpg\" width=\"300\" height=\"199\" srcset=\"https:\/\/www2.unifap.br\/ppgdif\/files\/2015\/01\/DSC01473-300x199.jpg 300w, https:\/\/www2.unifap.br\/ppgdif\/files\/2015\/01\/DSC01473-1024x681.jpg 1024w, https:\/\/www2.unifap.br\/ppgdif\/files\/2015\/01\/DSC01473-225x150.jpg 225w\" sizes=\"(max-width: 300px) 100vw, 300px\" \/><\/a><\/p>\n<p><strong>Profa. Dra. Jocivania Oliveira da Silva<\/strong><\/p>\n<p style=\"text-align: justify\">Doutorado em Toxicologia pela Universidade de S\u00e3o Paulo \u2013 FCFRP e atualmente est\u00e1 realizando P\u00f3s-doutorado no Observatoire Oc\u00e9anologique de Banyuls Sur Mer, localizado na Fran\u00e7a.<\/p>\n<p style=\"text-align: justify\">Linha de pesquisa: venenos de serpentes, toxicologia, Toxinologia e antivenenos de origem vegetal.<\/p>\n<p style=\"text-align: justify\">E-mail: jocivania@unifap.br \u00a0 \u00a0 \u00a0 \u00a0 \u00a0 \u00a0 \u00a0 \u00a0 \u00a0 \u00a0<a href=\"http:\/\/lattes.cnpq.br\/7737394264097385\">http:\/\/lattes.cnpq.br\/7737394264097385<\/a><\/p>\n<p>&nbsp;<\/p>\n<p><a href=\"http:\/\/www2.unifap.br\/ppgdif\/files\/2015\/01\/DSC01459.jpg\"><img decoding=\"async\" class=\"alignnone size-medium wp-image-45\" alt=\"SONY DSC\" src=\"http:\/\/www2.unifap.br\/ppgdif\/files\/2015\/01\/DSC01459-300x199.jpg\" width=\"300\" height=\"199\" srcset=\"https:\/\/www2.unifap.br\/ppgdif\/files\/2015\/01\/DSC01459-300x199.jpg 300w, https:\/\/www2.unifap.br\/ppgdif\/files\/2015\/01\/DSC01459-1024x681.jpg 1024w, https:\/\/www2.unifap.br\/ppgdif\/files\/2015\/01\/DSC01459-225x150.jpg 225w\" sizes=\"(max-width: 300px) 100vw, 300px\" \/><\/a><\/p>\n<p><strong>Prof. Dr. Jose Carlos Tavares Carvalho<\/strong><\/p>\n<p style=\"text-align: justify\">Doutorado em F\u00e1rmacos e Medicamentos pela Faculdade de Ci\u00eancias Farmac\u00eauticas da Universidade de S\u00e3o Paulo e realizou est\u00e1gio de P\u00f3s-Doutorado na FU-IFP-Berlin-Alemanha.<\/p>\n<p style=\"text-align: justify\">Linha de pesquisa: valida\u00e7\u00e3o qu\u00edmica-farmacol\u00f3gica de f\u00e1rmacos de origem sint\u00e9tica e naturais. Nanobiotecnologia.<\/p>\n<p style=\"text-align: justify\">E-mail: farmacos@unifap.br \u00a0 \u00a0 \u00a0 \u00a0 \u00a0 \u00a0\u00a0<a href=\"http:\/\/lattes.cnpq.br\/4251174810000113\">http:\/\/lattes.cnpq.br\/4251174810000113<\/a><\/p>\n<p>&nbsp;<\/p>\n","protected":false},"excerpt":{"rendered":"<p>&nbsp; Prof. Dr. Francisco F\u00e1bio Oliveira de Sousa Doutorado em \u201cInvestigaci\u00f3n y Desarrollo de Medicamentos\u201d pela Universidade de Santiago de Compostela (USC) na Espanha (2011) e realizou Est\u00e1gio de P\u00f3s-Doutorado junto ao Programa de P\u00f3s-gradua\u00e7\u00e3o em Odontologia (PPGO\/ UFC). Linha&hellip; <\/p>\n<p><a href=\"https:\/\/www2.unifap.br\/ppgdif\/corpo-docente\/orientadores-do-ppgif-2013-2016\/\" class=\"readmore-button\">Continue Reading<\/a><\/p>\n","protected":false},"author":624,"featured_media":0,"parent":561,"menu_order":1,"comment_status":"open","ping_status":"open","template":"","meta":{"inline_featured_image":false,"ngg_post_thumbnail":0,"footnotes":""},"class_list":["post-42","page","type-page","status-publish","hentry"],"_links":{"self":[{"href":"https:\/\/www2.unifap.br\/ppgdif\/wp-json\/wp\/v2\/pages\/42","targetHints":{"allow":["GET"]}}],"collection":[{"href":"https:\/\/www2.unifap.br\/ppgdif\/wp-json\/wp\/v2\/pages"}],"about":[{"href":"https:\/\/www2.unifap.br\/ppgdif\/wp-json\/wp\/v2\/types\/page"}],"author":[{"embeddable":true,"href":"https:\/\/www2.unifap.br\/ppgdif\/wp-json\/wp\/v2\/users\/624"}],"replies":[{"embeddable":true,"href":"https:\/\/www2.unifap.br\/ppgdif\/wp-json\/wp\/v2\/comments?post=42"}],"version-history":[{"count":8,"href":"https:\/\/www2.unifap.br\/ppgdif\/wp-json\/wp\/v2\/pages\/42\/revisions"}],"predecessor-version":[{"id":563,"href":"https:\/\/www2.unifap.br\/ppgdif\/wp-json\/wp\/v2\/pages\/42\/revisions\/563"}],"up":[{"embeddable":true,"href":"https:\/\/www2.unifap.br\/ppgdif\/wp-json\/wp\/v2\/pages\/561"}],"wp:attachment":[{"href":"https:\/\/www2.unifap.br\/ppgdif\/wp-json\/wp\/v2\/media?parent=42"}],"curies":[{"name":"wp","href":"https:\/\/api.w.org\/{rel}","templated":true}]}}