{"id":468,"date":"2017-04-11T17:50:23","date_gmt":"2017-04-11T17:50:23","guid":{"rendered":"http:\/\/www2.unifap.br\/ppgdif\/?page_id=468"},"modified":"2017-04-12T21:41:38","modified_gmt":"2017-04-12T21:41:38","slug":"processo-seletivo-pos-doc-pnpdcapes-20172","status":"publish","type":"page","link":"https:\/\/www2.unifap.br\/ppgdif\/processos-seletivos\/processo-seletivo-pos-doc-pnpdcapes-20172\/","title":{"rendered":"Processo Seletivo P\u00f3s-Doc PNPD\/Capes 2017\/2"},"content":{"rendered":"<p>A Universidade Federal do Amap\u00e1, atrav\u00e9s da Coordena\u00e7\u00e3o do Programa de P\u00f3s-Gradua\u00e7\u00e3o em Inova\u00e7\u00e3o Farmac\u00eautica, torna p\u00fablico o presente Edital para as inscri\u00e7\u00f5es ao processo de sele\u00e7\u00e3o de bolsista de P\u00f3s-Doutorado PNPD\/Capes para o Programa de P\u00f3s-Gradua\u00e7\u00e3o em Inova\u00e7\u00e3o Farmac\u00eautica (PPGIF).<\/p>\n<p>Per\u00edodo de inscri\u00e7\u00e3o: 06 \u00e0 10 de Abril de 2017.<\/p>\n<p><a href=\"http:\/\/www2.unifap.br\/ppgdif\/files\/2017\/04\/Edital-N-01-2017-PPGIF-UNIFAP_Processo-Seletivo-PNPD-2017.pdf\">\u2192 Edital N\u00ba 01\/2017-PPGIF\/UNIFAP &#8211; PNPD\/CAPES 2017 (PPGIF)<\/a><\/p>\n<p><a href=\"http:\/\/www2.unifap.br\/ppgdif\/files\/2017\/04\/Edital-N-01-2017-PPGIF-UNIFAP_PNPD-PPGIF-2017-ANEXO-I.doc\">\u2192 Edital N\u00ba 01\/2017-PPGIF\/UNIFAP &#8211; Anexo I<\/a><\/p>\n<p><a href=\"http:\/\/www2.unifap.br\/ppgdif\/files\/2017\/04\/Edital-N-01-2017-PPGIF-UNIFAP_PNPD-PPGIF-2017-ANEXO-II.doc\">\u2192 Edital N\u00ba 01\/2017-PPGIF\/UNIFAP &#8211; Anexo II<\/a><\/p>\n<p><a href=\"http:\/\/www2.unifap.br\/ppgdif\/files\/2017\/04\/Edital-N-01-2017-PPGIF-UNIFAP_PNPD-PPGIF-2017-ANEXO-III.doc\">\u2192 Edital N\u00ba 01\/2017-PPGIF\/UNIFAP &#8211; Anexo III<\/a><\/p>\n<p><a href=\"http:\/\/www2.unifap.br\/ppgdif\/files\/2017\/04\/EDITAL-N-01-2017_PPGIF-UNIFAP_PNPD-CAPES_RESULTADO-FINAL.pdf\">\u2192 Resultado Final PNPD\/CAPES &#8211; Edital N\u00ba 01\/2017-PPGIF\/UNIFAP<\/a><\/p>\n","protected":false},"excerpt":{"rendered":"<p>A Universidade Federal do Amap\u00e1, atrav\u00e9s da Coordena\u00e7\u00e3o do Programa de P\u00f3s-Gradua\u00e7\u00e3o em Inova\u00e7\u00e3o Farmac\u00eautica, torna p\u00fablico o presente Edital para as inscri\u00e7\u00f5es ao processo de sele\u00e7\u00e3o de bolsista de P\u00f3s-Doutorado PNPD\/Capes para o Programa de P\u00f3s-Gradua\u00e7\u00e3o em Inova\u00e7\u00e3o Farmac\u00eautica&hellip; <\/p>\n<p><a href=\"https:\/\/www2.unifap.br\/ppgdif\/processos-seletivos\/processo-seletivo-pos-doc-pnpdcapes-20172\/\" class=\"readmore-button\">Continue Reading<\/a><\/p>\n","protected":false},"author":624,"featured_media":0,"parent":34,"menu_order":5,"comment_status":"open","ping_status":"open","template":"","meta":{"inline_featured_image":false,"ngg_post_thumbnail":0,"footnotes":""},"class_list":["post-468","page","type-page","status-publish","hentry"],"_links":{"self":[{"href":"https:\/\/www2.unifap.br\/ppgdif\/wp-json\/wp\/v2\/pages\/468","targetHints":{"allow":["GET"]}}],"collection":[{"href":"https:\/\/www2.unifap.br\/ppgdif\/wp-json\/wp\/v2\/pages"}],"about":[{"href":"https:\/\/www2.unifap.br\/ppgdif\/wp-json\/wp\/v2\/types\/page"}],"author":[{"embeddable":true,"href":"https:\/\/www2.unifap.br\/ppgdif\/wp-json\/wp\/v2\/users\/624"}],"replies":[{"embeddable":true,"href":"https:\/\/www2.unifap.br\/ppgdif\/wp-json\/wp\/v2\/comments?post=468"}],"version-history":[{"count":2,"href":"https:\/\/www2.unifap.br\/ppgdif\/wp-json\/wp\/v2\/pages\/468\/revisions"}],"predecessor-version":[{"id":489,"href":"https:\/\/www2.unifap.br\/ppgdif\/wp-json\/wp\/v2\/pages\/468\/revisions\/489"}],"up":[{"embeddable":true,"href":"https:\/\/www2.unifap.br\/ppgdif\/wp-json\/wp\/v2\/pages\/34"}],"wp:attachment":[{"href":"https:\/\/www2.unifap.br\/ppgdif\/wp-json\/wp\/v2\/media?parent=468"}],"curies":[{"name":"wp","href":"https:\/\/api.w.org\/{rel}","templated":true}]}}