{"id":473,"date":"2017-04-11T18:17:09","date_gmt":"2017-04-11T18:17:09","guid":{"rendered":"http:\/\/www2.unifap.br\/ppgdif\/?page_id=473"},"modified":"2017-04-17T21:10:33","modified_gmt":"2017-04-17T21:10:33","slug":"processo-seletivo-demanda-social-2017","status":"publish","type":"page","link":"https:\/\/www2.unifap.br\/ppgdif\/processos-seletivos\/processo-seletivo-demanda-social-2017\/","title":{"rendered":"Processo Seletivo Demanda Social 2017"},"content":{"rendered":"<p style=\"text-align: justify\">A Universidade Federal do Amap\u00e1 (UNIFAP), atrav\u00e9s do Programa de P\u00f3s-gradua\u00e7\u00e3o em Inova\u00e7\u00e3o Farmac\u00eautica (PPGIF), torna p\u00fablica a abertura de inscri\u00e7\u00f5es e estabelece as normas para o processo de sele\u00e7\u00e3o interno de candidatos interessados em concorrer \u00e0s bolsas Demanda Social (DS\/CAPES) no \u00e2mbito do Curso de Doutorado do PPGIF.<\/p>\n<p style=\"text-align: justify\">Per\u00edodo de inscri\u00e7\u00e3o: 06 \u00e0 10 de Abril de 2017.<\/p>\n<p style=\"text-align: justify\"><a href=\"http:\/\/www2.unifap.br\/ppgdif\/files\/2017\/04\/Edital_N_02-2017-PPGIF_UNIFAP-Selecao-para-Bolsas-DS-PPGIF-2017.pdf\">\u2192 Edital N\u00ba 02\/2017-PPGIF\/UNIFAP &#8211; Processo Seletivo Interno para Concess\u00e3o de Bolsas CAPES (PPGIF)<\/a><\/p>\n<p style=\"text-align: justify\"><a href=\"http:\/\/www2.unifap.br\/ppgdif\/files\/2017\/04\/Edital-N-02-2017-PPGIF-UNIFAP_DS-PPGIF-2017-ANEXO-I.pdf\">\u2192\u00a0<\/a><a href=\"http:\/\/www2.unifap.br\/ppgdif\/files\/2017\/04\/Edital-N-02-2017-PPGIF-UNIFAP_DS-PPGIF-2017-ANEXO-I1.pdf\">Edital N\u00ba 02\/2017-PPGIF\/UNIFAP &#8211; Anexo I<\/a><\/p>\n<p style=\"text-align: justify\"><a href=\"http:\/\/www2.unifap.br\/ppgdif\/files\/2017\/04\/Edital-N-02-2017-PPGIF-UNIFAP_DS-PPGIF-2017-ANEXO-II.pdf\">\u2192\u00a0<\/a><a href=\"http:\/\/www2.unifap.br\/ppgdif\/files\/2017\/04\/Edital-N-02-2017-PPGIF-UNIFAP_DS-PPGIF-2017-ANEXO-II1.pdf\">Edital N\u00ba 02\/2017-PPGIF\/UNIFAP &#8211; Anexo II<\/a><\/p>\n<p style=\"text-align: justify\"><a href=\"http:\/\/www2.unifap.br\/ppgdif\/files\/2017\/04\/Edital-N-02-2017-PPGIF-UNIFAP_DS-PPGIF-2017-ANEXO-III.pdf\">\u2192 Edital N\u00ba 02\/2017-PPGIF\/UNIFAP &#8211; Anexo III<\/a><\/p>\n<p style=\"text-align: justify\"><a href=\"http:\/\/www2.unifap.br\/ppgdif\/files\/2017\/04\/EDITAL-N-02_2017-PPGIF_UNIFAP-BOLSAS-DEMANDA-SOCIAL-RESULTADO-PRELIMINAR.pdf\">\u2192 Resultado Preliminar \u2013 Processo Seletivo Interno para Concess\u00e3o de Bolsas CAPES (PPGIF 2017)<\/a><\/p>\n<p style=\"text-align: justify\"><a href=\"http:\/\/www2.unifap.br\/ppgdif\/files\/2017\/04\/Retificacao-do-Edital-N_02-2017-PPGIF_UNIFAP_Selecao-para-Bolsas-DS.pdf\">\u2192 Retifica\u00e7\u00e3o do Edital N\u00ba 02\/2017-PPGIF\/UNIFAP \u2013 Sele\u00e7\u00e3o para Concess\u00e3o de Bolsas DS\/CAPES<\/a><\/p>\n<p style=\"text-align: justify\"><a href=\"http:\/\/www2.unifap.br\/ppgdif\/files\/2017\/04\/EDITAL-N-02_2017-PPGIF_UNIFAP-BOLSAS-DEMANDA-SOCIAL-RESULTADO-FINAL.pdf\">\u2192 Resultado Final \u2013 Processo Seletivo Interno para Concess\u00e3o de Bolsas CAPES (PPGIF 2017)<\/a><\/p>\n<p style=\"text-align: justify\">.<\/p>\n<p><strong>&#8211; Para concess\u00e3o da bolsa dever\u00e3o ser entregues na Coordena\u00e7\u00e3o do Programa no dia 17\/04\/2016 (Segunda-Feira) de 08h30 \u00e0s 12h00 os seguintes documentos:<\/strong><\/p>\n<p>1) C\u00f3pia e original do RG;<\/p>\n<p>2) C\u00f3pia e original do CPF;<\/p>\n<p>3) C\u00f3pia e original do Comprovante de Resid\u00eancia;<\/p>\n<p>4) Declara\u00e7\u00e3o que n\u00e3o possui v\u00ednculo empregat\u00edcio;<\/p>\n<p>5)\u00a0C\u00f3pia do cart\u00e3o banc\u00e1rio, n\u00famero da conta e ag\u00eancia banc\u00e1ria (somente Banco do Brasil) (no nome do aluno);<\/p>\n<p>6) Termo de Compromisso devidamente preenchido (Anexo II);<\/p>\n<p>7) Formul\u00e1rio para Cadastramento de Bolsista devidamente preenchido (<a href=\"http:\/\/www2.unifap.br\/ppgcf\/files\/2016\/03\/Formulario-para-cadastramento-de-bolsista.xls\">dispon\u00edvel aqui<\/a>).<\/p>\n","protected":false},"excerpt":{"rendered":"<p>A Universidade Federal do Amap\u00e1 (UNIFAP), atrav\u00e9s do Programa de P\u00f3s-gradua\u00e7\u00e3o em Inova\u00e7\u00e3o Farmac\u00eautica (PPGIF), torna p\u00fablica a abertura de inscri\u00e7\u00f5es e estabelece as normas para o processo de sele\u00e7\u00e3o interno de candidatos interessados em concorrer \u00e0s bolsas Demanda Social&hellip; <\/p>\n<p><a href=\"https:\/\/www2.unifap.br\/ppgdif\/processos-seletivos\/processo-seletivo-demanda-social-2017\/\" class=\"readmore-button\">Continue Reading<\/a><\/p>\n","protected":false},"author":624,"featured_media":0,"parent":34,"menu_order":6,"comment_status":"open","ping_status":"open","template":"","meta":{"inline_featured_image":false,"ngg_post_thumbnail":0,"footnotes":""},"class_list":["post-473","page","type-page","status-publish","hentry"],"_links":{"self":[{"href":"https:\/\/www2.unifap.br\/ppgdif\/wp-json\/wp\/v2\/pages\/473","targetHints":{"allow":["GET"]}}],"collection":[{"href":"https:\/\/www2.unifap.br\/ppgdif\/wp-json\/wp\/v2\/pages"}],"about":[{"href":"https:\/\/www2.unifap.br\/ppgdif\/wp-json\/wp\/v2\/types\/page"}],"author":[{"embeddable":true,"href":"https:\/\/www2.unifap.br\/ppgdif\/wp-json\/wp\/v2\/users\/624"}],"replies":[{"embeddable":true,"href":"https:\/\/www2.unifap.br\/ppgdif\/wp-json\/wp\/v2\/comments?post=473"}],"version-history":[{"count":6,"href":"https:\/\/www2.unifap.br\/ppgdif\/wp-json\/wp\/v2\/pages\/473\/revisions"}],"predecessor-version":[{"id":494,"href":"https:\/\/www2.unifap.br\/ppgdif\/wp-json\/wp\/v2\/pages\/473\/revisions\/494"}],"up":[{"embeddable":true,"href":"https:\/\/www2.unifap.br\/ppgdif\/wp-json\/wp\/v2\/pages\/34"}],"wp:attachment":[{"href":"https:\/\/www2.unifap.br\/ppgdif\/wp-json\/wp\/v2\/media?parent=473"}],"curies":[{"name":"wp","href":"https:\/\/api.w.org\/{rel}","templated":true}]}}