{"id":503,"date":"2017-05-11T19:10:22","date_gmt":"2017-05-11T19:10:22","guid":{"rendered":"http:\/\/www2.unifap.br\/ppgdif\/?page_id=503"},"modified":"2017-11-01T17:28:18","modified_gmt":"2017-11-01T17:28:18","slug":"ofertas-2017-1","status":"publish","type":"page","link":"https:\/\/www2.unifap.br\/ppgdif\/ofertas-de-disciplinas\/ofertas-2017-1\/","title":{"rendered":"Ofertas 2017.1"},"content":{"rendered":"<p>CALEND\u00c1RIOS DE DISCIPLINAS (1\u00aa SEMESTRE 2017)<\/p>\n<p><a href=\"http:\/\/www2.unifap.br\/ppgdif\/disciplinas-do-ppgif\/ofertas-2017-1\/cronograma-de-aulas-2017-1\/\">\u2192 Cronograma de aulas 2017.1<\/a><\/p>\n<p>&nbsp;<\/p>\n<table width=\"1054\" border=\"1\" cellspacing=\"0\" cellpadding=\"0\">\n<tbody>\n<tr>\n<td width=\"174\">\n<p align=\"center\"><b>PER\u00cdODO<\/b><\/p>\n<\/td>\n<td width=\"438\">\n<p align=\"center\"><b>DISCIPLINA<\/b><\/p>\n<\/td>\n<td width=\"85\">\n<p align=\"center\"><b>TIPO<\/b><\/p>\n<\/td>\n<td width=\"283\">\n<p align=\"center\"><b>DOCENTE<\/b><\/p>\n<\/td>\n<td width=\"35\">\n<p align=\"center\"><b>CH<\/b><\/p>\n<\/td>\n<td width=\"38\">\n<p align=\"center\"><b>Crd<\/b><\/p>\n<\/td>\n<\/tr>\n<tr>\n<td width=\"174\">\n<p align=\"center\"><b>19\/05\/2017<\/b><\/p>\n<p align=\"center\"><b>In\u00edcio \u00e0s 15h<\/b><\/p>\n<\/td>\n<td width=\"438\">Aula Inaugural do Curso de Doutorado do Programa de P\u00f3s-Gradua\u00e7\u00e3o em Inova\u00e7\u00e3o Farmac\u00eautica &#8211; PPGIF\/UNIFAP<\/td>\n<td width=\"85\">\n<p align=\"center\">Obrigat\u00f3ria<\/p>\n<\/td>\n<td width=\"283\">&#8211;<\/td>\n<td width=\"35\">\n<p align=\"center\">&#8211;<\/p>\n<\/td>\n<td width=\"38\">\n<p align=\"center\">&#8211;<\/p>\n<\/td>\n<\/tr>\n<tr>\n<td width=\"174\">\n<p align=\"center\"><b>22 \u00e0 26\/05<\/b><\/p>\n<p align=\"center\"><b>(Turno: Tarde)<\/b><\/p>\n<\/td>\n<td width=\"438\">Ensaios Biol\u00f3gicos Pr\u00e9-Cl\u00ednicos (PPGIF)<\/td>\n<td width=\"85\">\n<p align=\"center\">Optativa<\/p>\n<\/td>\n<td width=\"283\">Dr. Jos\u00e9 Carlos Tavares Carvalho<\/td>\n<td width=\"35\">\n<p align=\"center\">30<\/p>\n<\/td>\n<td width=\"38\">\n<p align=\"center\">2<\/p>\n<\/td>\n<\/tr>\n<tr>\n<td width=\"174\">\n<p align=\"center\"><b>19 \u00e0 30\/06<\/b><\/p>\n<p align=\"center\"><b>(Turno: Tarde)<\/b><\/p>\n<\/td>\n<td width=\"438\">Metodologia da Pesquisa Cient\u00edfica (PPGIF)<\/td>\n<td width=\"85\">\n<p align=\"center\">Optativa<\/p>\n<\/td>\n<td width=\"283\">Dra. Lorane Izabel da Silva Hage Melim<\/td>\n<td width=\"35\">\n<p align=\"center\">30<\/p>\n<\/td>\n<td width=\"38\">\n<p align=\"center\">2<\/p>\n<\/td>\n<\/tr>\n<tr>\n<td width=\"174\">\n<p align=\"center\"><b>04 \u00e0 10\/07<\/b><\/p>\n<p align=\"center\"><b>(Turno: Manh\u00e3 e Tarde)<\/b><\/p>\n<\/td>\n<td width=\"438\">Semin\u00e1rios em Ci\u00eancias Farmac\u00eauticas I (PPGCF e PPGIF)<\/td>\n<td width=\"85\">\n<p align=\"center\">Obrigat\u00f3ria<\/p>\n<\/td>\n<td width=\"283\">Dr. Raimundo Nonato Pican\u00e7o Souto<\/td>\n<td width=\"35\">\n<p align=\"center\">45<\/p>\n<\/td>\n<td width=\"38\">\n<p align=\"center\">2<\/p>\n<\/td>\n<\/tr>\n<\/tbody>\n<\/table>\n<p>&nbsp;<\/p>\n<p>Obs. 1: Este calend\u00e1rio de ofertas est\u00e1 sujeito a altera\u00e7\u00f5es, quanto ao dia de algumas das ofertas e\/ou inclus\u00e3o de ofertas de outras disciplinas, sem aviso pr\u00e9vio.<\/p>\n","protected":false},"excerpt":{"rendered":"<p>CALEND\u00c1RIOS DE DISCIPLINAS (1\u00aa SEMESTRE 2017) \u2192 Cronograma de aulas 2017.1 &nbsp; PER\u00cdODO DISCIPLINA TIPO DOCENTE CH Crd 19\/05\/2017 In\u00edcio \u00e0s 15h Aula Inaugural do Curso de Doutorado do Programa de P\u00f3s-Gradua\u00e7\u00e3o em Inova\u00e7\u00e3o Farmac\u00eautica &#8211; PPGIF\/UNIFAP Obrigat\u00f3ria &#8211; &#8211;&hellip; <\/p>\n<p><a href=\"https:\/\/www2.unifap.br\/ppgdif\/ofertas-de-disciplinas\/ofertas-2017-1\/\" class=\"readmore-button\">Continue Reading<\/a><\/p>\n","protected":false},"author":624,"featured_media":0,"parent":657,"menu_order":5,"comment_status":"open","ping_status":"open","template":"","meta":{"inline_featured_image":false,"ngg_post_thumbnail":0,"footnotes":""},"class_list":["post-503","page","type-page","status-publish","hentry"],"_links":{"self":[{"href":"https:\/\/www2.unifap.br\/ppgdif\/wp-json\/wp\/v2\/pages\/503","targetHints":{"allow":["GET"]}}],"collection":[{"href":"https:\/\/www2.unifap.br\/ppgdif\/wp-json\/wp\/v2\/pages"}],"about":[{"href":"https:\/\/www2.unifap.br\/ppgdif\/wp-json\/wp\/v2\/types\/page"}],"author":[{"embeddable":true,"href":"https:\/\/www2.unifap.br\/ppgdif\/wp-json\/wp\/v2\/users\/624"}],"replies":[{"embeddable":true,"href":"https:\/\/www2.unifap.br\/ppgdif\/wp-json\/wp\/v2\/comments?post=503"}],"version-history":[{"count":3,"href":"https:\/\/www2.unifap.br\/ppgdif\/wp-json\/wp\/v2\/pages\/503\/revisions"}],"predecessor-version":[{"id":512,"href":"https:\/\/www2.unifap.br\/ppgdif\/wp-json\/wp\/v2\/pages\/503\/revisions\/512"}],"up":[{"embeddable":true,"href":"https:\/\/www2.unifap.br\/ppgdif\/wp-json\/wp\/v2\/pages\/657"}],"wp:attachment":[{"href":"https:\/\/www2.unifap.br\/ppgdif\/wp-json\/wp\/v2\/media?parent=503"}],"curies":[{"name":"wp","href":"https:\/\/api.w.org\/{rel}","templated":true}]}}