{"id":52,"date":"2015-01-12T12:27:43","date_gmt":"2015-01-12T12:27:43","guid":{"rendered":"http:\/\/www2.unifap.br\/ppgdif\/?page_id=52"},"modified":"2016-01-21T11:42:35","modified_gmt":"2016-01-21T11:42:35","slug":"processo-seletivo-2015","status":"publish","type":"page","link":"https:\/\/www2.unifap.br\/ppgdif\/processos-seletivos\/processo-seletivo-2015\/","title":{"rendered":"Processo Seletivo 2015"},"content":{"rendered":"<p>&#8211; Per\u00edodo de Inscri\u00e7\u00f5es: 05 \u00e0 11 de Fevereiro de 2015.<\/p>\n<p>&#8211; N\u00ba de vagas: 05 (cinco)\u00a0\u2013 distribu\u00eddas conforme disponibilidade dos orientadores.<\/p>\n<p>&nbsp;<\/p>\n<p>\u2192\u00a0<a href=\"http:\/\/www2.unifap.br\/ppgdif\/files\/2015\/01\/Edital-PPGDIF-2015.pdf\">Edital DPG N\u00ba 02\/2015 &#8211; PPGIF 2015<\/a><\/p>\n<p>\u2192\u00a0<a href=\"http:\/\/www2.unifap.br\/ppgdif\/files\/2015\/01\/EDITAL-DPG-N\u00ba-02_2015-PPGIF-INSCRICOES_HOMOLOGADAS.pdf\">Homologa\u00e7\u00e3o das Inscri\u00e7\u00f5es &#8211; Edital DPG N\u00ba 02\/2015<\/a><\/p>\n<p>\u2192\u00a0<a href=\"http:\/\/www2.unifap.br\/ppgdif\/files\/2015\/01\/EDITAL-DPG-N-02_2015-PPGIF_RESULTADO-PRELIMINAR.pdf\">Resultado &#8211; Edital DPG N\u00ba 02\/2015<\/a><\/p>\n<p>\u2192\u00a0<a href=\"http:\/\/www2.unifap.br\/ppgdif\/files\/2015\/03\/EDITAL-DPG-N-02_2015-PPGIF_RESULTADO-FINAL.pdf\">Resultado Final &#8211; Edital N\u00ba 02\/2015<\/a><\/p>\n","protected":false},"excerpt":{"rendered":"<p>&#8211; Per\u00edodo de Inscri\u00e7\u00f5es: 05 \u00e0 11 de Fevereiro de 2015. &#8211; N\u00ba de vagas: 05 (cinco)\u00a0\u2013 distribu\u00eddas conforme disponibilidade dos orientadores. &nbsp; \u2192\u00a0Edital DPG N\u00ba 02\/2015 &#8211; PPGIF 2015 \u2192\u00a0Homologa\u00e7\u00e3o das Inscri\u00e7\u00f5es &#8211; Edital DPG N\u00ba 02\/2015 \u2192\u00a0Resultado &#8211;&hellip; <\/p>\n<p><a href=\"https:\/\/www2.unifap.br\/ppgdif\/processos-seletivos\/processo-seletivo-2015\/\" class=\"readmore-button\">Continue Reading<\/a><\/p>\n","protected":false},"author":624,"featured_media":0,"parent":34,"menu_order":1,"comment_status":"open","ping_status":"open","template":"","meta":{"inline_featured_image":false,"ngg_post_thumbnail":0,"footnotes":""},"class_list":["post-52","page","type-page","status-publish","hentry"],"_links":{"self":[{"href":"https:\/\/www2.unifap.br\/ppgdif\/wp-json\/wp\/v2\/pages\/52","targetHints":{"allow":["GET"]}}],"collection":[{"href":"https:\/\/www2.unifap.br\/ppgdif\/wp-json\/wp\/v2\/pages"}],"about":[{"href":"https:\/\/www2.unifap.br\/ppgdif\/wp-json\/wp\/v2\/types\/page"}],"author":[{"embeddable":true,"href":"https:\/\/www2.unifap.br\/ppgdif\/wp-json\/wp\/v2\/users\/624"}],"replies":[{"embeddable":true,"href":"https:\/\/www2.unifap.br\/ppgdif\/wp-json\/wp\/v2\/comments?post=52"}],"version-history":[{"count":9,"href":"https:\/\/www2.unifap.br\/ppgdif\/wp-json\/wp\/v2\/pages\/52\/revisions"}],"predecessor-version":[{"id":149,"href":"https:\/\/www2.unifap.br\/ppgdif\/wp-json\/wp\/v2\/pages\/52\/revisions\/149"}],"up":[{"embeddable":true,"href":"https:\/\/www2.unifap.br\/ppgdif\/wp-json\/wp\/v2\/pages\/34"}],"wp:attachment":[{"href":"https:\/\/www2.unifap.br\/ppgdif\/wp-json\/wp\/v2\/media?parent=52"}],"curies":[{"name":"wp","href":"https:\/\/api.w.org\/{rel}","templated":true}]}}