{"id":561,"date":"2017-06-29T11:59:03","date_gmt":"2017-06-29T11:59:03","guid":{"rendered":"http:\/\/www2.unifap.br\/ppgdif\/?page_id=561"},"modified":"2025-06-04T23:40:47","modified_gmt":"2025-06-04T23:40:47","slug":"corpo-docente","status":"publish","type":"page","link":"https:\/\/www2.unifap.br\/ppgdif\/corpo-docente\/","title":{"rendered":"Corpo Docente"},"content":{"rendered":"<p>Abaixo seguem links para consultar o corpo docente do Programa de P\u00f3s-Gradua\u00e7\u00e3o em Inova\u00e7\u00e3o Farmac\u00eautica &#8211; PPGIF da Universidade Federal do Amap\u00e1 &#8211; UNIFAP.<\/p>\n<p>&#8211; <a href=\"https:\/\/www2.unifap.br\/ppgdif\/corpo-docente\/orientadores-do-ppgif-2025\/\">COMPOSI\u00c7\u00c3O DO CORPO DOCENTE 2025<\/a><\/p>\n<p>&#8211;&nbsp;<a href=\"http:\/\/www2.unifap.br\/ppgdif\/corpo-docente\/orientadores-do-ppgif-2013-2016\/\">COMPOSI\u00c7\u00c3O DO CORPO DOCENTE 2013-2016<\/a><\/p>\n<p>&#8211;&nbsp;<a href=\"http:\/\/www2.unifap.br\/ppgdif\/corpo-docente\/orientadores-do-ppgif-2017\/\">COMPOSI\u00c7\u00c3O DO CORPO DOCENTE 2017<\/a><\/p>\n","protected":false},"excerpt":{"rendered":"<p>Abaixo seguem links para consultar o corpo docente do Programa de P\u00f3s-Gradua\u00e7\u00e3o em Inova\u00e7\u00e3o Farmac\u00eautica &#8211; PPGIF da Universidade Federal do Amap\u00e1 &#8211; UNIFAP. &#8211; COMPOSI\u00c7\u00c3O DO CORPO DOCENTE 2025 &#8211;&nbsp;COMPOSI\u00c7\u00c3O DO CORPO DOCENTE 2013-2016 &#8211;&nbsp;COMPOSI\u00c7\u00c3O DO CORPO DOCENTE 2017<\/p>\n","protected":false},"author":624,"featured_media":0,"parent":0,"menu_order":6,"comment_status":"open","ping_status":"open","template":"","meta":{"inline_featured_image":false,"ngg_post_thumbnail":0,"footnotes":""},"class_list":["post-561","page","type-page","status-publish","hentry"],"_links":{"self":[{"href":"https:\/\/www2.unifap.br\/ppgdif\/wp-json\/wp\/v2\/pages\/561","targetHints":{"allow":["GET"]}}],"collection":[{"href":"https:\/\/www2.unifap.br\/ppgdif\/wp-json\/wp\/v2\/pages"}],"about":[{"href":"https:\/\/www2.unifap.br\/ppgdif\/wp-json\/wp\/v2\/types\/page"}],"author":[{"embeddable":true,"href":"https:\/\/www2.unifap.br\/ppgdif\/wp-json\/wp\/v2\/users\/624"}],"replies":[{"embeddable":true,"href":"https:\/\/www2.unifap.br\/ppgdif\/wp-json\/wp\/v2\/comments?post=561"}],"version-history":[{"count":6,"href":"https:\/\/www2.unifap.br\/ppgdif\/wp-json\/wp\/v2\/pages\/561\/revisions"}],"predecessor-version":[{"id":1534,"href":"https:\/\/www2.unifap.br\/ppgdif\/wp-json\/wp\/v2\/pages\/561\/revisions\/1534"}],"wp:attachment":[{"href":"https:\/\/www2.unifap.br\/ppgdif\/wp-json\/wp\/v2\/media?parent=561"}],"curies":[{"name":"wp","href":"https:\/\/api.w.org\/{rel}","templated":true}]}}