{"id":564,"date":"2017-06-29T12:01:08","date_gmt":"2017-06-29T12:01:08","guid":{"rendered":"http:\/\/www2.unifap.br\/ppgdif\/?page_id=564"},"modified":"2018-12-12T16:02:05","modified_gmt":"2018-12-12T16:02:05","slug":"orientadores-do-ppgif-2017","status":"publish","type":"page","link":"https:\/\/www2.unifap.br\/ppgdif\/corpo-docente\/orientadores-do-ppgif-2017\/","title":{"rendered":"Orientadores do PPGIF 2017"},"content":{"rendered":"<h2><strong>PROFESSORES PERMANENTES<\/strong><\/h2>\n<p>&nbsp;<\/p>\n<p><a href=\"http:\/\/www2.unifap.br\/ppgcf\/files\/2012\/06\/caio.jpg\"><img fetchpriority=\"high\" decoding=\"async\" alt=\"SAMSUNG CSC\" src=\"http:\/\/www2.unifap.br\/ppgcf\/files\/2012\/06\/caio-300x200.jpg\" width=\"300\" height=\"200\" \/><\/a><\/p>\n<p><strong>Prof. Dr. Caio Pinho Fernandes<\/strong><\/p>\n<p>Doutor em Ci\u00eancias (Biotecnologia Vegetal) pela Universidade Federal do Rio de Janeiro (UFRJ).<\/p>\n<p>Linha de Pesquisa: controle de qualidade e tecnologia de fitoter\u00e1picos, com \u00eanfase em triterpenos, \u00f3leos da amaz\u00f4nia, desenvolvimento de nanoformula\u00e7\u00f5es e pesquisa de novos agentes bioativos.<\/p>\n<p>E-mail:\u00a0caiofernandes@unifap.br \/\u00a0caio_pfernandes@yahoo.com.br \u00a0 \u00a0 \u00a0<a href=\"http:\/\/lattes.cnpq.br\/9887445768141512\">http:\/\/lattes.cnpq.br\/9887445768141512<\/a><\/p>\n<p>&nbsp;<\/p>\n<p><a href=\"http:\/\/www2.unifap.br\/ppgcf\/files\/2012\/06\/CLEYDSON-BRENO.png\"><img decoding=\"async\" alt=\"CLEYDSON BRENO\" src=\"http:\/\/www2.unifap.br\/ppgcf\/files\/2012\/06\/CLEYDSON-BRENO-242x300.png\" width=\"175\" height=\"216\" \/><\/a><\/p>\n<p><strong>Prof. Dr. Cleydson Breno Rodrigues dos Santos<\/strong><\/p>\n<p>Doutor em Biotecnologia pela Universidade Federal do Amazonas &#8211; UFAM (Rede BIONORTE\/2014).<\/p>\n<p>Linha de Pesquisa:\u00a0Planejamento Racional de Compostos Bioativos; Qu\u00edmica Medicinal;\u00a0Qu\u00edmica e Bioqu\u00edmica de Produtos biologicamente ativos;\u00a0Valida\u00e7\u00e3o qu\u00edmica-farmacol\u00f3gica de f\u00e1rmacos naturais, sint\u00e9ticos e nanoestruturados.<\/p>\n<p>E-mail: breno.unifap@gmail.com \/ breno@unifap.br \u00a0 \u00a0 \u00a0 \u00a0\u00a0<a href=\"http:\/\/lattes.cnpq.br\/4851715640991871\">http:\/\/lattes.cnpq.br\/4851715640991871<\/a><\/p>\n<p><a href=\"http:\/\/www2.unifap.br\/ppgcf\/files\/2012\/06\/217e255518fbfca341_l_69397.jpg\"><img decoding=\"async\" alt=\"217e255518fbfca341_l_69397\" src=\"http:\/\/www2.unifap.br\/ppgcf\/files\/2012\/06\/217e255518fbfca341_l_69397.jpg\" width=\"180\" height=\"180\" \/><\/a><\/p>\n<p><strong>Prof. Dr. Francisco F\u00e1bio Oliveira de Sousa<\/strong><\/p>\n<p>Doutorado em \u201cInvestigaci\u00f3n y Desarrollo de Medicamentos\u201d pela Universidade de Santiago de Compostela (USC) na Espanha (2011) e realizou Est\u00e1gio de P\u00f3s-Doutorado junto ao Programa de P\u00f3s-gradua\u00e7\u00e3o em Odontologia (PPGO\/ UFC).<\/p>\n<p>Linha de Pesquisa: \u00a0desenvolvimento de novos sistemas terap\u00eauticos (micropart\u00edculas, composites, implantes, ion\u00f4mero de vidro e materiais resinosos) para Odontologia, Biopol\u00edmeros (caracteriza\u00e7\u00e3o e funcionalidade) e sistemas de libera\u00e7\u00e3o com \u00eanfase na tecnologia da libera\u00e7\u00e3o controlada de f\u00e1rmacos.<\/p>\n<p>email:\u00a0fabio@unifap.br \u00a0 \u00a0 \u00a0 \u00a0 \u00a0 \u00a0\u00a0<a href=\"http:\/\/lattes.cnpq.br\/3737865995129925\">http:\/\/lattes.cnpq.br\/3737865995129925<\/a><\/p>\n<p>&nbsp;<\/p>\n<p><a href=\"http:\/\/www2.unifap.br\/ppgdif\/files\/2017\/06\/IRLON-MACIEL-FERREIRA-IMAGEM.jpg\"><img loading=\"lazy\" decoding=\"async\" class=\"alignnone size-medium wp-image-867\" alt=\"IRLON MACIEL FERREIRA - IMAGEM\" src=\"http:\/\/www2.unifap.br\/ppgdif\/files\/2017\/06\/IRLON-MACIEL-FERREIRA-IMAGEM-225x300.jpg\" width=\"225\" height=\"300\" srcset=\"https:\/\/www2.unifap.br\/ppgdif\/files\/2017\/06\/IRLON-MACIEL-FERREIRA-IMAGEM-225x300.jpg 225w, https:\/\/www2.unifap.br\/ppgdif\/files\/2017\/06\/IRLON-MACIEL-FERREIRA-IMAGEM-768x1024.jpg 768w\" sizes=\"(max-width: 225px) 100vw, 225px\" \/><\/a><\/p>\n<p><strong>Prof. Dr. Irlon Maciel Ferreira<\/strong><\/p>\n<p>Doutor em Qu\u00edmica Org\u00e2nica e Biol\u00f3gicas pela Universidade de S\u00e3o Paulo (USP) \/ Instituto de Qu\u00edmica de S\u00e3o Carlos.<\/p>\n<p>Linha de pesquisa: S\u00edntese Org\u00e2nica; Biocat\u00e1lise e Biotransforma\u00e7\u00e3o de Compostos Org\u00e2nicos.<\/p>\n<p>E-mail: irlon.ferreira@unifap.br \/ irlon.ferreira@gmail.com\u00a0 \u00a0 \u00a0 \u00a0 \u00a0 \u00a0 \u00a0<a href=\"http:\/\/lattes.cnpq.br\/9897023410899133\">http:\/\/lattes.cnpq.br\/9897023410899133<\/a><\/p>\n<p>&nbsp;<\/p>\n<p><a href=\"http:\/\/www2.unifap.br\/ppgdif\/files\/2015\/01\/DSC01473.jpg\"><img loading=\"lazy\" decoding=\"async\" alt=\"SONY DSC\" src=\"http:\/\/www2.unifap.br\/ppgdif\/files\/2015\/01\/DSC01473-300x199.jpg\" width=\"300\" height=\"199\" \/><\/a><\/p>\n<p><strong>Profa. Dra. Jocivania Oliveira da Silva<\/strong><\/p>\n<p>Doutorado em Toxicologia pela Universidade de S\u00e3o Paulo \u2013 FCFRP e atualmente est\u00e1 realizando P\u00f3s-doutorado no Observatoire Oc\u00e9anologique de Banyuls Sur Mer, localizado na Fran\u00e7a.<\/p>\n<p>Linha de pesquisa: venenos de serpentes, toxicologia, Toxinologia e antivenenos de origem vegetal.<\/p>\n<p>E-mail: jocivania@unifap.br \u00a0 \u00a0 \u00a0 \u00a0 \u00a0 \u00a0 \u00a0 \u00a0 \u00a0 \u00a0<a href=\"http:\/\/lattes.cnpq.br\/7737394264097385\">http:\/\/lattes.cnpq.br\/7737394264097385<\/a><\/p>\n<p>&nbsp;<\/p>\n<p><a href=\"http:\/\/www2.unifap.br\/ppgcf\/files\/2012\/06\/eu-mexico-3x4.png\"><img loading=\"lazy\" decoding=\"async\" alt=\"eu mexico 3x4\" src=\"http:\/\/www2.unifap.br\/ppgcf\/files\/2012\/06\/eu-mexico-3x4-253x300.png\" width=\"228\" height=\"270\" \/><\/a><\/p>\n<p><strong>Prof. Dr. Jos\u00e9 Carlos Tavares Carvalho<\/strong><\/p>\n<p>Doutorado em F\u00e1rmacos e Medicamentos pela Faculdade de Ci\u00eancias Farmac\u00eauticas da Universidade de S\u00e3o Paulo e realizou est\u00e1gio de P\u00f3s-Doutorado na FU-IFP-Berlin-Alemanha.<\/p>\n<p>Linha de pesquisa: valida\u00e7\u00e3o qu\u00edmica-farmacol\u00f3gica de f\u00e1rmacos de origem sint\u00e9tica e naturais. Nanobiotecnologia.<\/p>\n<p>E-mail: farmacos@unifap.br \u00a0 \u00a0 \u00a0 \u00a0 \u00a0 \u00a0\u00a0<a href=\"http:\/\/lattes.cnpq.br\/4251174810000113\">http:\/\/lattes.cnpq.br\/4251174810000113<\/a><\/p>\n<p>&nbsp;<\/p>\n<p><a href=\"http:\/\/www2.unifap.br\/ppgcf\/files\/2012\/06\/20141216_2138241.jpg\"><img loading=\"lazy\" decoding=\"async\" alt=\"SAMSUNG CSC\" src=\"http:\/\/www2.unifap.br\/ppgcf\/files\/2012\/06\/20141216_2138241-300x200.jpg\" width=\"300\" height=\"200\" \/><\/a><\/p>\n<p><strong>Profa. Dra. Lorane Izabel da Silva Hage Melim\u00a0<\/strong><\/p>\n<p>Doutora em toxicologia pela Universidade de Sao Paulo.<\/p>\n<p>Linha de Pesquisa: veneno de serpentes, inibidores de fosfolipase A2, modelagem molecular: modelagem por homologia, docking, screening.<\/p>\n<p>email: lorane@unifap.br \/\u00a0loranehage@gmail.com\u00a0\u00a0 \u00a0 \u00a0 \u00a0 \u00a0\u00a0<a href=\"http:\/\/lattes.cnpq.br\/2855597663270186\">http:\/\/lattes.cnpq.br\/2855597663270186<\/a><\/p>\n<p>&nbsp;<\/p>\n<h2><strong>PROFESSORES COLABORADORES<\/strong><\/h2>\n<p>&nbsp;<\/p>\n<p><a href=\"http:\/\/www2.unifap.br\/ppgcf\/files\/2012\/05\/DSC014641.jpg\"><img loading=\"lazy\" decoding=\"async\" alt=\"\" src=\"http:\/\/www2.unifap.br\/ppgcf\/files\/2012\/05\/DSC014641-150x150.jpg\" width=\"150\" height=\"150\" \/><\/a><\/p>\n<p><strong>Profa. Dra. Sheylla Susan Moreira da Silva de Almeida<\/strong><\/p>\n<p>Doutorado em Qu\u00edmica na \u00e1rea de concentra\u00e7\u00e3o em Qu\u00edmica de Produtos Naturais (Qu\u00edmica Org\u00e2nica) pela Universidade Federal de S\u00e3o Carlos &#8211; SP.<\/p>\n<p>Linha de pesquisa: biotecnologia, oleos essencias, qu\u00edmica de produtos naturais de origem vegetal, animal e microrganismos.<\/p>\n<p>E-mail: sheyllasusan@unifap.br \/ sheyllasusan@yahoo.com.br\u00a0 \u00a0 \u00a0 \u00a0 \u00a0 \u00a0 \u00a0 \u00a0<a href=\"http:\/\/lattes.cnpq.br\/5096255590649678\">http:\/\/lattes.cnpq.br\/5096255590649678<\/a><\/p>\n<p>&nbsp;<\/p>\n","protected":false},"excerpt":{"rendered":"<p>PROFESSORES PERMANENTES &nbsp; Prof. Dr. Caio Pinho Fernandes Doutor em Ci\u00eancias (Biotecnologia Vegetal) pela Universidade Federal do Rio de Janeiro (UFRJ). Linha de Pesquisa: controle de qualidade e tecnologia de fitoter\u00e1picos, com \u00eanfase em triterpenos, \u00f3leos da amaz\u00f4nia, desenvolvimento de&hellip; <\/p>\n<p><a href=\"https:\/\/www2.unifap.br\/ppgdif\/corpo-docente\/orientadores-do-ppgif-2017\/\" class=\"readmore-button\">Continue Reading<\/a><\/p>\n","protected":false},"author":624,"featured_media":0,"parent":561,"menu_order":2,"comment_status":"open","ping_status":"open","template":"","meta":{"inline_featured_image":false,"ngg_post_thumbnail":0,"footnotes":""},"class_list":["post-564","page","type-page","status-publish","hentry"],"_links":{"self":[{"href":"https:\/\/www2.unifap.br\/ppgdif\/wp-json\/wp\/v2\/pages\/564","targetHints":{"allow":["GET"]}}],"collection":[{"href":"https:\/\/www2.unifap.br\/ppgdif\/wp-json\/wp\/v2\/pages"}],"about":[{"href":"https:\/\/www2.unifap.br\/ppgdif\/wp-json\/wp\/v2\/types\/page"}],"author":[{"embeddable":true,"href":"https:\/\/www2.unifap.br\/ppgdif\/wp-json\/wp\/v2\/users\/624"}],"replies":[{"embeddable":true,"href":"https:\/\/www2.unifap.br\/ppgdif\/wp-json\/wp\/v2\/comments?post=564"}],"version-history":[{"count":4,"href":"https:\/\/www2.unifap.br\/ppgdif\/wp-json\/wp\/v2\/pages\/564\/revisions"}],"predecessor-version":[{"id":1422,"href":"https:\/\/www2.unifap.br\/ppgdif\/wp-json\/wp\/v2\/pages\/564\/revisions\/1422"}],"up":[{"embeddable":true,"href":"https:\/\/www2.unifap.br\/ppgdif\/wp-json\/wp\/v2\/pages\/561"}],"wp:attachment":[{"href":"https:\/\/www2.unifap.br\/ppgdif\/wp-json\/wp\/v2\/media?parent=564"}],"curies":[{"name":"wp","href":"https:\/\/api.w.org\/{rel}","templated":true}]}}