{"id":597,"date":"2017-09-08T19:44:40","date_gmt":"2017-09-08T19:44:40","guid":{"rendered":"http:\/\/www2.unifap.br\/ppgdif\/?page_id=597"},"modified":"2017-11-16T19:53:37","modified_gmt":"2017-11-16T19:53:37","slug":"ofertas-2017-2","status":"publish","type":"page","link":"https:\/\/www2.unifap.br\/ppgdif\/ofertas-de-disciplinas\/ofertas-2017-2\/","title":{"rendered":"Ofertas 2017.2"},"content":{"rendered":"<p>CALEND\u00c1RIOS DE DISCIPLINAS (2\u00ba SEMESTRE 2017 &#8211; SETEMBRO DE 2017 \u00e0 JANEIRO DE 2018)<\/p>\n<p><a href=\"http:\/\/www2.unifap.br\/ppgdif\/disciplinas-do-ppgif\/ofertas-2017-2\/cronograma-de-aulas-2017-2\/\">\u2192 Cronograma de aulas 2017.2<\/a><\/p>\n<p>&nbsp;<\/p>\n<table width=\"1064\" border=\"1\" cellspacing=\"0\" cellpadding=\"0\">\n<tbody>\n<tr>\n<td width=\"180\">\n<p align=\"center\"><b>PER\u00cdODO<\/b><\/p>\n<\/td>\n<td width=\"420\">\n<p align=\"center\"><b>DISCIPLINA<\/b><\/p>\n<\/td>\n<td width=\"85\">\n<p align=\"center\"><b>TIPO<\/b><\/p>\n<\/td>\n<td width=\"306\">\n<p align=\"center\"><b>DOCENTE<\/b><\/p>\n<\/td>\n<td width=\"36\">\n<p align=\"center\"><b>CH<\/b><\/p>\n<\/td>\n<td width=\"38\">\n<p align=\"center\"><b>Crd<\/b><\/p>\n<\/td>\n<\/tr>\n<tr>\n<td width=\"180\">\n<p align=\"center\"><b>13 e 14\/09<\/b><\/p>\n<p align=\"center\"><b>(Turnos: Manh\u00e3 e Tarde)<\/b><\/p>\n<\/td>\n<td width=\"420\">Rematricula Semestral e Matr\u00edcula em Disciplinas (2017.2)<\/td>\n<td width=\"85\">\n<p align=\"center\">Obrigat\u00f3rio<\/p>\n<\/td>\n<td width=\"306\">&#8211;<\/td>\n<td width=\"36\">\n<p align=\"center\">&#8211;<\/p>\n<\/td>\n<td width=\"38\">\n<p align=\"center\">&#8211;<\/p>\n<\/td>\n<\/tr>\n<tr>\n<td width=\"180\">\n<p align=\"center\"><b>11 \u00e0 15\/09<\/b><\/p>\n<p align=\"center\"><b>(Turnos: Manh\u00e3 e Tarde)<\/b><\/p>\n<\/td>\n<td width=\"420\">Entrega dos Relat\u00f3rios Semestrais (2016.2 e 2017.1)<\/td>\n<td width=\"85\">\n<p align=\"center\">Obrigat\u00f3rio<\/p>\n<\/td>\n<td width=\"306\">&#8211;<\/td>\n<td width=\"36\">\n<p align=\"center\">&#8211;<\/p>\n<\/td>\n<td width=\"38\">\n<p align=\"center\">&#8211;<\/p>\n<\/td>\n<\/tr>\n<tr>\n<td width=\"180\">\n<p align=\"center\"><b>18 e 19\/09 &#8211; Reuni\u00e3o com matriculados (Turno: Tarde)<\/b><\/p>\n<p align=\"center\"><b>\u00a0<\/b><\/p>\n<p align=\"center\"><b>Cumprimento de carga hor\u00e1ria conforme orienta\u00e7\u00f5es nas reuni\u00f5es<\/b><\/p>\n<\/td>\n<td width=\"420\">Semin\u00e1rios em Ci\u00eancias Farmac\u00eauticas II<\/td>\n<td width=\"85\">\n<p align=\"center\">Obrigat\u00f3ria<\/p>\n<\/td>\n<td width=\"306\">Dr. Francisco F\u00e1bio Oliveira de Sousa (UNIFAP)<\/td>\n<td width=\"36\">\n<p align=\"center\">45<\/p>\n<\/td>\n<td width=\"38\">\n<p align=\"center\">3<\/p>\n<\/td>\n<\/tr>\n<tr>\n<td width=\"180\">\n<p align=\"center\"><b>03 \u00e0 19\/10<\/b><\/p>\n<p align=\"center\"><b>(Turnos: Manh\u00e3 e Tarde)<\/b><\/p>\n<\/td>\n<td width=\"420\">Modelagem Molecular Aplicada ao Planejamento de F\u00e1rmacos<span style=\"color: #ff0000\">(OFERTA CANCELADA)<\/span><\/td>\n<td width=\"85\">\n<p align=\"center\">Optativa<\/p>\n<\/td>\n<td width=\"306\">Dr. Lorane Izabel da Silva Hage Melim (UNIFAP)<\/td>\n<td width=\"36\">\n<p align=\"center\">60<\/p>\n<\/td>\n<td width=\"38\">\n<p align=\"center\">4<\/p>\n<\/td>\n<\/tr>\n<tr>\n<td width=\"180\">\n<p align=\"center\"><b>27\/11 \u00e0 02\/12<\/b><\/p>\n<p align=\"center\"><b>(Turno: Tarde)<\/b><\/p>\n<\/td>\n<td width=\"420\">T\u00f3picos Especiais em Inova\u00e7\u00e3o Farmac\u00eautica<\/td>\n<td width=\"85\">\n<p align=\"center\">Optativa<\/p>\n<\/td>\n<td width=\"306\">Dr. Rosivaldo dos Santos Borges (UFPA)<\/td>\n<td width=\"36\">\n<p align=\"center\">30<\/p>\n<\/td>\n<td width=\"38\">\n<p align=\"center\">2<\/p>\n<\/td>\n<\/tr>\n<tr>\n<td width=\"180\">\n<p align=\"center\"><b>15 \u00e0 27\/01\/2018<\/b><\/p>\n<p align=\"center\"><b>(Turnos: Manh\u00e3 e Tarde)<\/b><\/p>\n<\/td>\n<td width=\"420\">Bioestat\u00edstica<\/td>\n<td width=\"85\">\n<p align=\"center\">Optativa<\/p>\n<\/td>\n<td width=\"306\">Dr. Alexandro Florentino (UNIFAP)<\/p>\n<p>Dra. Maira Pombo (UNIFAP)<\/td>\n<td width=\"36\">\n<p align=\"center\">60<\/p>\n<\/td>\n<td width=\"38\">\n<p align=\"center\">4<\/p>\n<\/td>\n<\/tr>\n<\/tbody>\n<\/table>\n<p>&nbsp;<\/p>\n<p>Obs. 01: Este calend\u00e1rio de ofertas est\u00e1 sujeito a altera\u00e7\u00f5es, quanto ao dia de algumas das ofertas e\/ou inclus\u00e3o de ofertas de outras disciplinas, sem aviso pr\u00e9vio;<\/p>\n<p>Obs. 02: Ofertas publicadas em 08\/09\/2017.<\/p>\n<p>&nbsp;<\/p>\n<p>Edit. 01 em 02\/10\/2017:\u00a0Cancelamento de oferta da disciplina &#8220;Modelagem Molecular Aplicada ao Planejamento de F\u00e1rmacos&#8221;;<\/p>\n<p>Edit. 02 em 16\/11\/2017: Inclus\u00e3o de oferta da disciplina \u201cT\u00f3picos Especiais em Inova\u00e7\u00e3o Farmac\u00eautica\u201d.<\/p>\n","protected":false},"excerpt":{"rendered":"<p>CALEND\u00c1RIOS DE DISCIPLINAS (2\u00ba SEMESTRE 2017 &#8211; SETEMBRO DE 2017 \u00e0 JANEIRO DE 2018) \u2192 Cronograma de aulas 2017.2 &nbsp; PER\u00cdODO DISCIPLINA TIPO DOCENTE CH Crd 13 e 14\/09 (Turnos: Manh\u00e3 e Tarde) Rematricula Semestral e Matr\u00edcula em Disciplinas (2017.2)&hellip; <\/p>\n<p><a href=\"https:\/\/www2.unifap.br\/ppgdif\/ofertas-de-disciplinas\/ofertas-2017-2\/\" class=\"readmore-button\">Continue Reading<\/a><\/p>\n","protected":false},"author":624,"featured_media":0,"parent":657,"menu_order":6,"comment_status":"open","ping_status":"open","template":"","meta":{"inline_featured_image":false,"ngg_post_thumbnail":0,"footnotes":""},"class_list":["post-597","page","type-page","status-publish","hentry"],"_links":{"self":[{"href":"https:\/\/www2.unifap.br\/ppgdif\/wp-json\/wp\/v2\/pages\/597","targetHints":{"allow":["GET"]}}],"collection":[{"href":"https:\/\/www2.unifap.br\/ppgdif\/wp-json\/wp\/v2\/pages"}],"about":[{"href":"https:\/\/www2.unifap.br\/ppgdif\/wp-json\/wp\/v2\/types\/page"}],"author":[{"embeddable":true,"href":"https:\/\/www2.unifap.br\/ppgdif\/wp-json\/wp\/v2\/users\/624"}],"replies":[{"embeddable":true,"href":"https:\/\/www2.unifap.br\/ppgdif\/wp-json\/wp\/v2\/comments?post=597"}],"version-history":[{"count":8,"href":"https:\/\/www2.unifap.br\/ppgdif\/wp-json\/wp\/v2\/pages\/597\/revisions"}],"predecessor-version":[{"id":676,"href":"https:\/\/www2.unifap.br\/ppgdif\/wp-json\/wp\/v2\/pages\/597\/revisions\/676"}],"up":[{"embeddable":true,"href":"https:\/\/www2.unifap.br\/ppgdif\/wp-json\/wp\/v2\/pages\/657"}],"wp:attachment":[{"href":"https:\/\/www2.unifap.br\/ppgdif\/wp-json\/wp\/v2\/media?parent=597"}],"curies":[{"name":"wp","href":"https:\/\/api.w.org\/{rel}","templated":true}]}}