{"id":642,"date":"2017-10-26T20:35:27","date_gmt":"2017-10-26T20:35:27","guid":{"rendered":"http:\/\/www2.unifap.br\/ppgdif\/?page_id=642"},"modified":"2018-11-05T14:11:31","modified_gmt":"2018-11-05T14:11:31","slug":"teses","status":"publish","type":"page","link":"https:\/\/www2.unifap.br\/ppgdif\/teses\/","title":{"rendered":"Teses"},"content":{"rendered":"<h3><strong>TURMA 2015<\/strong><\/h3>\n<p style=\"text-align: justify\">&#8211; Egresso:\u00a0<strong><a href=\"http:\/\/lattes.cnpq.br\/5967765732055568\">Raphaelle Sousa Borges<\/a>.<\/strong><\/p>\n<p style=\"text-align: justify\">Trabalho de Tese em PDF:\u00a0<strong><a href=\"http:\/\/www2.unifap.br\/ppgdif\/files\/2017\/10\/TESE_RAPHAELLE_SOUSA_BORGES_08-06-2018.pdf\">Estudo da atividade anti-inflamat\u00f3ria de nanoemuls\u00f5es a base do \u00f3leo essencial de <em>Rosmarinus officinalis<\/em> L.<\/a><\/strong><\/p>\n<p>&nbsp;<\/p>\n<h3><strong>TURMA 2014<\/strong><\/h3>\n<p style=\"text-align: justify\">&#8211; Egresso:<strong>\u00a0<a href=\"http:\/\/lattes.cnpq.br\/7761556901260621\">Anna Eliza Maciel de Faria Mota Oliveira<\/a>.<\/strong><\/p>\n<p style=\"text-align: justify\">Trabalho de Tese em PDF:\u00a0<strong><a href=\"http:\/\/www2.unifap.br\/ppgdif\/files\/2017\/10\/TESE_ANNA-ELIZA-M-F-MOTA-OLIVEIRA_12-08-2016.pdf\">Obten\u00e7\u00e3o de produtos nanoestruturados bioativos a partir dos frutos de Sucupira-Branca (<em>Pteurodon emarginatus<\/em> Vogel)<\/a><\/strong>.<\/p>\n<p>&nbsp;<\/p>\n<h3><span style=\"color: #000000\"><strong>TURMA 2013<\/strong><\/span><\/h3>\n<p style=\"text-align: justify\">&#8211; Egresso:<strong>\u00a0<a href=\"http:\/\/lattes.cnpq.br\/9487578176104160\">Belmira Silva Faria e Souza<\/a>.<\/strong><\/p>\n<p style=\"text-align: justify\">Trabalho de Tese em PDF:\u00a0<strong><a href=\"http:\/\/www2.unifap.br\/ppgdif\/files\/2017\/10\/TESE_BELMIRA-SILVA-FARIA-E-SOUZA_03-02-2017.pdf\">Estudo da a\u00e7\u00e3o do \u00f3leo fixo da <em>Euterpe oleracea<\/em> Mart. (A\u00e7a\u00ed) sobre dislipidemia em ratos Wistar<\/a><\/strong>.<\/p>\n<p style=\"text-align: justify\">&#8212;&#8212;&#8212;&#8212;&#8212;&#8212;&#8212;&#8212;&#8212;&#8212;&#8212;&#8212;&#8212;&#8212;&#8212;&#8212;&#8212;&#8212;&#8212;&#8212;&#8212;&#8212;&#8212;&#8212;&#8212;&#8212;&#8212;&#8212;&#8212;&#8212;&#8212;&#8212;&#8212;&#8212;&#8211;<\/p>\n<p style=\"text-align: justify\">&#8211; Egresso:<strong>\u00a0<a href=\"http:\/\/lattes.cnpq.br\/0074593745862958\">Edilson Leal da Cunha<\/a>.<\/strong><\/p>\n<p style=\"text-align: justify\">Trabalho de Tese:\u00a0<span style=\"color: #000000\"><strong>Estudo da aplica\u00e7\u00e3o da solu\u00e7\u00e3o etan\u00f3lica padronizada de\u00a0<em>Bixa orellana<\/em> L. como corante na t\u00e9cnica de Papanicolaou para an\u00e1lise citol\u00f3gica de material c\u00e9rvico-vaginal: Aspectos epidemiol\u00f3gicos, fitoqu\u00edmico e citopatol\u00f3gico<\/strong>.<\/span><span style=\"color: #0000ff\"> (arquivo protegido devido patente)<\/span><\/p>\n<p style=\"text-align: justify\">&#8212;&#8212;&#8212;&#8212;&#8212;&#8212;&#8212;&#8212;&#8212;&#8212;&#8212;&#8212;&#8212;&#8212;&#8212;&#8212;&#8212;&#8212;&#8212;&#8212;&#8212;&#8212;&#8212;&#8212;&#8212;&#8212;&#8212;&#8212;&#8212;&#8212;&#8212;&#8212;&#8212;&#8212;&#8211;<\/p>\n<p style=\"text-align: justify\">&#8211; Egresso:\u00a0<strong><a href=\"http:\/\/lattes.cnpq.br\/2049905459145049\">Heitor Ribeiro da Silva<\/a>.<\/strong><\/p>\n<p style=\"text-align: justify\">Trabalho de Tese em PDF:\u00a0<strong><a href=\"http:\/\/www2.unifap.br\/ppgdif\/files\/2017\/10\/TESE_HEITOR-RIBEIRO-DA-SILVA_26-05-2017.pdf\">Desenvolvimento tecnol\u00f3gico de formula\u00e7\u00f5es contendo extrato etan\u00f3lico dos frutos de <em>Euterpe oleracea<\/em> Mart. (A\u00e7a\u00ed)<\/a>.<\/strong><\/p>\n","protected":false},"excerpt":{"rendered":"<p>TURMA 2015 &#8211; Egresso:\u00a0Raphaelle Sousa Borges. Trabalho de Tese em PDF:\u00a0Estudo da atividade anti-inflamat\u00f3ria de nanoemuls\u00f5es a base do \u00f3leo essencial de Rosmarinus officinalis L. &nbsp; TURMA 2014 &#8211; Egresso:\u00a0Anna Eliza Maciel de Faria Mota Oliveira. Trabalho de Tese em&hellip; <\/p>\n<p><a href=\"https:\/\/www2.unifap.br\/ppgdif\/teses\/\" class=\"readmore-button\">Continue Reading<\/a><\/p>\n","protected":false},"author":624,"featured_media":0,"parent":0,"menu_order":8,"comment_status":"open","ping_status":"open","template":"","meta":{"inline_featured_image":false,"ngg_post_thumbnail":0,"footnotes":""},"class_list":["post-642","page","type-page","status-publish","hentry"],"_links":{"self":[{"href":"https:\/\/www2.unifap.br\/ppgdif\/wp-json\/wp\/v2\/pages\/642","targetHints":{"allow":["GET"]}}],"collection":[{"href":"https:\/\/www2.unifap.br\/ppgdif\/wp-json\/wp\/v2\/pages"}],"about":[{"href":"https:\/\/www2.unifap.br\/ppgdif\/wp-json\/wp\/v2\/types\/page"}],"author":[{"embeddable":true,"href":"https:\/\/www2.unifap.br\/ppgdif\/wp-json\/wp\/v2\/users\/624"}],"replies":[{"embeddable":true,"href":"https:\/\/www2.unifap.br\/ppgdif\/wp-json\/wp\/v2\/comments?post=642"}],"version-history":[{"count":12,"href":"https:\/\/www2.unifap.br\/ppgdif\/wp-json\/wp\/v2\/pages\/642\/revisions"}],"predecessor-version":[{"id":826,"href":"https:\/\/www2.unifap.br\/ppgdif\/wp-json\/wp\/v2\/pages\/642\/revisions\/826"}],"wp:attachment":[{"href":"https:\/\/www2.unifap.br\/ppgdif\/wp-json\/wp\/v2\/media?parent=642"}],"curies":[{"name":"wp","href":"https:\/\/api.w.org\/{rel}","templated":true}]}}