{"id":657,"date":"2017-11-01T17:27:17","date_gmt":"2017-11-01T17:27:17","guid":{"rendered":"http:\/\/www2.unifap.br\/ppgdif\/?page_id=657"},"modified":"2021-04-08T14:01:00","modified_gmt":"2021-04-08T14:01:00","slug":"ofertas-de-disciplinas","status":"publish","type":"page","link":"https:\/\/www2.unifap.br\/ppgdif\/ofertas-de-disciplinas\/","title":{"rendered":"Ofertas de Disciplinas"},"content":{"rendered":"<h3>&#8211; 2021\/<strong style=\"font-size: 16px\">1\u00ba. Semestre de 2021<\/strong><\/h3>\n<p><strong>Modelagem Molecular aplicada ao Planejamento de F\u00e1rmacos (agosto)<\/strong><\/p>\n<p>Profa. Dra. Lorane Hage Melim<\/p>\n<p><strong>Metodologia Cient\u00edfica<\/strong><\/p>\n<p>Profa. Dra. Lorane Hage Melim<\/p>\n<p><strong>Estudos Avan\u00e7ados em Modelos de Zebrafish (03 a 15 de maio)<\/strong><\/p>\n<p>Prof. Dr. Jos\u00e9 Carlos Tavares Carvalho<\/p>\n<p><strong>M\u00e9todos Espectrosc\u00f3picos Aplicados \u00e0 An\u00e1lise de F\u00e1rmacos (14 a 23 de junho de 2021)<\/strong><\/p>\n<p>Profa. Dra. Sheylla Susan Almeida<\/p>\n<p><strong>M\u00e9todos para Caracteriza\u00e7\u00e3o de Nanoestruturas Aplicadas \u00e0 F\u00e1rmacos (agosto)<\/strong><\/p>\n<p>Profa. Dra. Raquel Ara\u00fajo<\/p>\n<p><strong>Qu\u00edmica de Produtos Naturais (07-11 de junho)<\/strong><\/p>\n<p>Prof. Dr. Caio Pinho Fernandes<\/p>\n<h3><strong>&#8211; 2018<\/strong><\/h3>\n<p>\u2192\u00a0Ofertas de Disciplinas &#8211; 1\u00ba Semestre de 2018<\/p>\n<h3><strong>&#8211; 2017<\/strong><\/h3>\n<p>\u2192\u00a0Ofertas de Disciplinas &#8211; 1\u00ba Semestre de 2017<\/p>\n<p>\u2192 Ofertas de Disciplinas &#8211; 2\u00ba Semestre de 2017<\/p>\n<h3><strong>&#8211; 2016<\/strong><\/h3>\n<p>\u2192\u00a0Ofertas de Disciplinas &#8211; 1\u00ba Semestre de 2016<\/p>\n<p>\u2192 Ofertas de Disciplinas &#8211; 2\u00ba Semestre de 2016<\/p>\n<h3><strong>&#8211; 2015<\/strong><\/h3>\n<p>\u2192\u00a0Ofertas de Disciplinas &#8211; 1\u00ba Semestre de 2015<\/p>\n<p>\u2192\u00a0Ofertas de Disciplinas &#8211; 2\u00ba Semestre de 2015<\/p>\n","protected":false},"excerpt":{"rendered":"<p>&#8211; 2021\/1\u00ba. Semestre de 2021 Modelagem Molecular aplicada ao Planejamento de F\u00e1rmacos (agosto) Profa. Dra. Lorane Hage Melim Metodologia Cient\u00edfica Profa. Dra. Lorane Hage Melim Estudos Avan\u00e7ados em Modelos de Zebrafish (03 a 15 de maio) Prof. Dr. Jos\u00e9 Carlos&hellip; <\/p>\n<p><a href=\"https:\/\/www2.unifap.br\/ppgdif\/ofertas-de-disciplinas\/\" class=\"readmore-button\">Continue Reading<\/a><\/p>\n","protected":false},"author":624,"featured_media":0,"parent":0,"menu_order":5,"comment_status":"open","ping_status":"open","template":"","meta":{"inline_featured_image":false,"ngg_post_thumbnail":0,"footnotes":""},"class_list":["post-657","page","type-page","status-publish","hentry"],"_links":{"self":[{"href":"https:\/\/www2.unifap.br\/ppgdif\/wp-json\/wp\/v2\/pages\/657","targetHints":{"allow":["GET"]}}],"collection":[{"href":"https:\/\/www2.unifap.br\/ppgdif\/wp-json\/wp\/v2\/pages"}],"about":[{"href":"https:\/\/www2.unifap.br\/ppgdif\/wp-json\/wp\/v2\/types\/page"}],"author":[{"embeddable":true,"href":"https:\/\/www2.unifap.br\/ppgdif\/wp-json\/wp\/v2\/users\/624"}],"replies":[{"embeddable":true,"href":"https:\/\/www2.unifap.br\/ppgdif\/wp-json\/wp\/v2\/comments?post=657"}],"version-history":[{"count":7,"href":"https:\/\/www2.unifap.br\/ppgdif\/wp-json\/wp\/v2\/pages\/657\/revisions"}],"predecessor-version":[{"id":1189,"href":"https:\/\/www2.unifap.br\/ppgdif\/wp-json\/wp\/v2\/pages\/657\/revisions\/1189"}],"wp:attachment":[{"href":"https:\/\/www2.unifap.br\/ppgdif\/wp-json\/wp\/v2\/media?parent=657"}],"curies":[{"name":"wp","href":"https:\/\/api.w.org\/{rel}","templated":true}]}}