{"id":660,"date":"2017-11-01T17:33:06","date_gmt":"2017-11-01T17:33:06","guid":{"rendered":"http:\/\/www2.unifap.br\/ppgdif\/?page_id=660"},"modified":"2017-11-01T17:33:06","modified_gmt":"2017-11-01T17:33:06","slug":"matriz-curricular","status":"publish","type":"page","link":"https:\/\/www2.unifap.br\/ppgdif\/disciplinas-do-ppgif\/matriz-curricular\/","title":{"rendered":"Matriz Curricular"},"content":{"rendered":"<p><a href=\"http:\/\/www2.unifap.br\/ppgdif\/files\/2017\/11\/MATRIZ-CURRICULAR-DOUTORADO-EM-INOVA\u00c7\u00c3O-FARMAC\u00caUTICA-2016.pdf\">\u2192 Matriz Curricular 2016<\/a><\/p>\n<p><a href=\"http:\/\/www2.unifap.br\/ppgdif\/files\/2017\/11\/MATRIZ-CURRICULAR-DOUTORADO-EM-INOVA\u00c7\u00c3O-FARMAC\u00caUTICA-2013.pdf\">\u2192 Matriz Curricular 2013 &#8211; 2015<\/a><\/p>\n","protected":false},"excerpt":{"rendered":"<p>\u2192 Matriz Curricular 2016 \u2192 Matriz Curricular 2013 &#8211; 2015<\/p>\n","protected":false},"author":624,"featured_media":0,"parent":40,"menu_order":1,"comment_status":"open","ping_status":"open","template":"","meta":{"inline_featured_image":false,"ngg_post_thumbnail":0,"footnotes":""},"class_list":["post-660","page","type-page","status-publish","hentry"],"_links":{"self":[{"href":"https:\/\/www2.unifap.br\/ppgdif\/wp-json\/wp\/v2\/pages\/660","targetHints":{"allow":["GET"]}}],"collection":[{"href":"https:\/\/www2.unifap.br\/ppgdif\/wp-json\/wp\/v2\/pages"}],"about":[{"href":"https:\/\/www2.unifap.br\/ppgdif\/wp-json\/wp\/v2\/types\/page"}],"author":[{"embeddable":true,"href":"https:\/\/www2.unifap.br\/ppgdif\/wp-json\/wp\/v2\/users\/624"}],"replies":[{"embeddable":true,"href":"https:\/\/www2.unifap.br\/ppgdif\/wp-json\/wp\/v2\/comments?post=660"}],"version-history":[{"count":1,"href":"https:\/\/www2.unifap.br\/ppgdif\/wp-json\/wp\/v2\/pages\/660\/revisions"}],"predecessor-version":[{"id":664,"href":"https:\/\/www2.unifap.br\/ppgdif\/wp-json\/wp\/v2\/pages\/660\/revisions\/664"}],"up":[{"embeddable":true,"href":"https:\/\/www2.unifap.br\/ppgdif\/wp-json\/wp\/v2\/pages\/40"}],"wp:attachment":[{"href":"https:\/\/www2.unifap.br\/ppgdif\/wp-json\/wp\/v2\/media?parent=660"}],"curies":[{"name":"wp","href":"https:\/\/api.w.org\/{rel}","templated":true}]}}