{"id":688,"date":"2018-01-12T20:59:42","date_gmt":"2018-01-12T20:59:42","guid":{"rendered":"http:\/\/www2.unifap.br\/ppgdif\/?page_id=688"},"modified":"2018-04-02T20:58:16","modified_gmt":"2018-04-02T20:58:16","slug":"processo-seletivo-2018","status":"publish","type":"page","link":"https:\/\/www2.unifap.br\/ppgdif\/processos-seletivos\/processo-seletivo-2018\/","title":{"rendered":"Processo Seletivo 2018"},"content":{"rendered":"<p>&#8211; Per\u00edodo de inscri\u00e7\u00e3o: 15 \u00e0 20 de Fevereiro de 2018.<\/p>\n<p>&#8211; N\u00ba de vagas: 14 (quatorze)\u00a0\u00a0&#8211; distribu\u00eddas conforme disponibilidade dos orientadores.<\/p>\n<p>&nbsp;<\/p>\n<p><a href=\"http:\/\/www2.unifap.br\/ppgdif\/files\/2018\/01\/EDITAL-N\u00ba-01-2018-PPGIF_UNIFAP-Doutorado-PPGIF-PS-2018.pdf\">\u2192 Edital N\u00ba 01\/2018-PPGIF\/UNIFAP &#8211; Processo Seletivo 2018<\/a><\/p>\n<p><a href=\"http:\/\/www2.unifap.br\/ppgdif\/files\/2018\/01\/EDITAL-N\u00ba-01-2018-PPGIF_UNIFAP-ANEXO-I-Carta-de-anu\u00eancia.pdf\">\u2192 EDITAL N\u00ba 01\/2018-PPGIF\/UNIFAP &#8211; ANEXO I &#8211; Carta de Anu\u00eancia<\/a><\/p>\n<p><a href=\"http:\/\/www2.unifap.br\/ppgdif\/files\/2018\/01\/EDITAL-N\u00ba-01-2018-PPGIF_UNIFAP-ANEXO-II-Declara\u00e7\u00e3o-de-Aceite-das-Normas.pdf\">\u2192 EDITAL N\u00ba 01\/2018-PPGIF\/UNIFAP &#8211; ANEXO II &#8211; Declara\u00e7\u00e3o de Aceite das Normas do PPGIF<\/a><\/p>\n<p><a href=\"http:\/\/www2.unifap.br\/ppgdif\/files\/2018\/01\/EDITAL-N\u00ba-01-2018-PPGIF_UNIFAP-ANEXO-III-Analise-Projeto-de-Pesquisa.pdf\">\u2192 EDITAL N\u00ba 01\/2018-PPGIF\/UNIFAP &#8211; ANEXO III &#8211; Crit\u00e9rios de An\u00e1lise do Projeto de Pesquisa<\/a><\/p>\n<p><a href=\"http:\/\/www2.unifap.br\/ppgdif\/files\/2018\/01\/EDITAL-N\u00ba-01-2018-PPGIF_UNIFAP-ANEXO-IV-Analise-Curriculum-Lattes.doc\">\u2192 EDITAL N\u00ba 01\/2018-PPGIF\/UNIFAP &#8211; ANEXO IV &#8211; Crit\u00e9rios de An\u00e1lise do <em>Curriculum Lattes<\/em><\/a><\/p>\n<p><a href=\"http:\/\/www2.unifap.br\/ppgdif\/files\/2018\/01\/EDITAL-N\u00ba-01-2018-PPGIF_UNIFAP-ANEXO-V-Autodeclara\u00e7\u00e3o.pdf\">\u2192 EDITAL N\u00ba 01\/2018-PPGIF\/UNIFAP &#8211; ANEXO V &#8211; Termo de Autodeclara\u00e7\u00e3o<\/a><\/p>\n<p><a href=\"http:\/\/www2.unifap.br\/ppgdif\/files\/2018\/01\/1\u00aa-RETIFICA\u00c7\u00c3O-DO-EDITAL-N\u00ba-01-2018-PPGIF_UNIFAP.pdf\">\u2192 1\u00aa Retifica\u00e7\u00e3o do Edital N\u00ba 01\/2018-PPGIF\/UNIFAP &#8211; Processo Seletivo 2018<\/a><\/p>\n<p><a href=\"http:\/\/www2.unifap.br\/ppgdif\/files\/2018\/02\/EDITAL-N\u00ba-01-2018-PPGIF-UNIFAP-HOMOLOGA\u00c7\u00c3O-DAS-INSCRI\u00c7\u00d5ES.pdf\">\u2192 Homologa\u00e7\u00e3o das Inscri\u00e7\u00f5es &#8211; Resultado Preliminar &#8211; Edital N\u00ba 01\/2018-PPGIF\/UNIFAP<\/a><\/p>\n<p><a href=\"http:\/\/www2.unifap.br\/ppgdif\/files\/2018\/02\/EDITAL-N\u00ba-01-2018-PPGIF-UNIFAP-RESPOSTA-A-RECURSO-PARA-HOMOLOGACAO-DE-INSCRI\u00c7\u00c3O.pdf\">\u2192 Homologa\u00e7\u00e3o das Inscri\u00e7\u00f5es &#8211; Resposta a Recurso &#8211; Edital N\u00ba 01\/2018-PPGIF\/UNIFAP<\/a><\/p>\n<p><a href=\"http:\/\/www2.unifap.br\/ppgdif\/files\/2018\/02\/EDITAL-N\u00ba-01-2018-PPGIF-UNIFAP-HOMOLOGA\u00c7\u00c3O-DAS-INSCRI\u00c7\u00d5ES-FINAL.pdf\">\u2192 Homologa\u00e7\u00e3o das Inscri\u00e7\u00f5es &#8211; Resultado Final &#8211; Edital N\u00ba 01\/2018-PPGIF\/UNIFAP<\/a><\/p>\n<p><a href=\"http:\/\/www2.unifap.br\/ppgdif\/files\/2018\/02\/2\u00aa-RETIFICA\u00c7\u00c3O-DO-EDITAL-N\u00ba-01-2018-PPGIF_UNIFAP.pdf\">\u2192 2\u00aa Retifica\u00e7\u00e3o do Edital N\u00ba 01\/2018-PPGIF\/UNIFAP \u2013 Processo Seletivo 2018<\/a><\/p>\n<p><a href=\"http:\/\/www2.unifap.br\/ppgdif\/files\/2018\/02\/EDITAL-N\u00ba-01-2018-PPGIF-UNIFAP-RESULTADO-PRELIMINAR.pdf\">\u2192 Resultado Preliminar \u2013 Edital N\u00ba 01\/2018-PPGIF\/UNIFAP<\/a><\/p>\n<p><a href=\"http:\/\/www2.unifap.br\/ppgdif\/files\/2018\/04\/3\u00aa-RETIFICA\u00c7\u00c3O-DO-EDITAL-N\u00ba-01-2018-PPGIF_UNIFAP.pdf\">\u2192 3\u00aa Retifica\u00e7\u00e3o do Edital N\u00ba 01\/2018-PPGIF\/UNIFAP \u2013 Processo Seletivo 2018<\/a><\/p>\n<p><a href=\"http:\/\/www2.unifap.br\/ppgdif\/files\/2018\/04\/EDITAL-N\u00ba-01-2018-PPGIF-UNIFAP-RESULTADO-PRELIMINAR-RETIFICADO.pdf\">\u2192 Resultado Preliminar Retificado \u2013 Edital N\u00ba 01\/2018-PPGIF\/UNIFAP<\/a><\/p>\n<p><a href=\"http:\/\/www2.unifap.br\/ppgdif\/files\/2018\/04\/EDITAL-N\u00ba-01-2018-PPGIF-UNIFAP-RESULTADO-FINAL-PROCESSO-SELETIVO-PPGIF-2018-2.pdf\">\u2192 Resultado Final \u2013 Edital N\u00ba 01\/2018-PPGIF\/UNIFAP<\/a><\/p>\n","protected":false},"excerpt":{"rendered":"<p>&#8211; Per\u00edodo de inscri\u00e7\u00e3o: 15 \u00e0 20 de Fevereiro de 2018. &#8211; N\u00ba de vagas: 14 (quatorze)\u00a0\u00a0&#8211; distribu\u00eddas conforme disponibilidade dos orientadores. &nbsp; \u2192 Edital N\u00ba 01\/2018-PPGIF\/UNIFAP &#8211; Processo Seletivo 2018 \u2192 EDITAL N\u00ba 01\/2018-PPGIF\/UNIFAP &#8211; ANEXO I &#8211; Carta&hellip; <\/p>\n<p><a href=\"https:\/\/www2.unifap.br\/ppgdif\/processos-seletivos\/processo-seletivo-2018\/\" class=\"readmore-button\">Continue Reading<\/a><\/p>\n","protected":false},"author":624,"featured_media":0,"parent":34,"menu_order":7,"comment_status":"open","ping_status":"open","template":"","meta":{"inline_featured_image":false,"ngg_post_thumbnail":0,"footnotes":""},"class_list":["post-688","page","type-page","status-publish","hentry"],"_links":{"self":[{"href":"https:\/\/www2.unifap.br\/ppgdif\/wp-json\/wp\/v2\/pages\/688","targetHints":{"allow":["GET"]}}],"collection":[{"href":"https:\/\/www2.unifap.br\/ppgdif\/wp-json\/wp\/v2\/pages"}],"about":[{"href":"https:\/\/www2.unifap.br\/ppgdif\/wp-json\/wp\/v2\/types\/page"}],"author":[{"embeddable":true,"href":"https:\/\/www2.unifap.br\/ppgdif\/wp-json\/wp\/v2\/users\/624"}],"replies":[{"embeddable":true,"href":"https:\/\/www2.unifap.br\/ppgdif\/wp-json\/wp\/v2\/comments?post=688"}],"version-history":[{"count":8,"href":"https:\/\/www2.unifap.br\/ppgdif\/wp-json\/wp\/v2\/pages\/688\/revisions"}],"predecessor-version":[{"id":762,"href":"https:\/\/www2.unifap.br\/ppgdif\/wp-json\/wp\/v2\/pages\/688\/revisions\/762"}],"up":[{"embeddable":true,"href":"https:\/\/www2.unifap.br\/ppgdif\/wp-json\/wp\/v2\/pages\/34"}],"wp:attachment":[{"href":"https:\/\/www2.unifap.br\/ppgdif\/wp-json\/wp\/v2\/media?parent=688"}],"curies":[{"name":"wp","href":"https:\/\/api.w.org\/{rel}","templated":true}]}}