{"id":749,"date":"2021-04-08T14:08:14","date_gmt":"2021-04-08T14:08:14","guid":{"rendered":"http:\/\/www2.unifap.br\/ppgdif\/?page_id=749"},"modified":"2021-04-08T14:09:56","modified_gmt":"2021-04-08T14:09:56","slug":"ofertas-2021-1","status":"publish","type":"page","link":"https:\/\/www2.unifap.br\/ppgdif\/ofertas-de-disciplinas\/ofertas-2021-1\/","title":{"rendered":"\u2014 Ofertas 2021.1"},"content":{"rendered":"<p><strong>Modelagem Molecular aplicada ao Planejamento de F\u00e1rmacos (agosto)<\/strong><\/p>\n<p>Profa. Dra. Lorane Hage Melim<\/p>\n<p><strong>Metodologia Cient\u00edfica<\/strong><\/p>\n<p>Profa. Dra. Lorane Hage Melim<\/p>\n<p><strong>Estudos Avan\u00e7ados em Modelos de Zebrafish (03-15 de maio)<\/strong><\/p>\n<p>Prof. Dr. Jos\u00e9 Carlos Tavares Carvalho<\/p>\n<p><strong>M\u00e9todos Espectrosc\u00f3picos Aplicados \u00e0 An\u00e1lise de F\u00e1rmacos (14 a 23 de junho de 2021)<\/strong><\/p>\n<p>Profa. Dra. Sheylla Susan Almeida<\/p>\n<p><strong>M\u00e9todos para Caracteriza\u00e7\u00e3o de Nanoestruturas Aplicadas \u00e0 F\u00e1rmacos (agosto)<\/strong><\/p>\n<p>Profa. Dra. Raquel Ara\u00fajo<\/p>\n<p><strong>Qu\u00edmica de Produtos Naturais (07-11 de junho)<\/strong><\/p>\n<p>Prof. Dr. Caio Pinho Fernandes<\/p>\n","protected":false},"excerpt":{"rendered":"<p>Modelagem Molecular aplicada ao Planejamento de F\u00e1rmacos (agosto) Profa. Dra. Lorane Hage Melim Metodologia Cient\u00edfica Profa. Dra. Lorane Hage Melim Estudos Avan\u00e7ados em Modelos de Zebrafish (03-15 de maio) Prof. Dr. Jos\u00e9 Carlos Tavares Carvalho M\u00e9todos Espectrosc\u00f3picos Aplicados \u00e0 An\u00e1lise&hellip; <\/p>\n<p><a href=\"https:\/\/www2.unifap.br\/ppgdif\/ofertas-de-disciplinas\/ofertas-2021-1\/\" class=\"readmore-button\">Continue Reading<\/a><\/p>\n","protected":false},"author":2376,"featured_media":0,"parent":657,"menu_order":0,"comment_status":"open","ping_status":"open","template":"","meta":{"inline_featured_image":false,"ngg_post_thumbnail":0,"footnotes":""},"class_list":["post-749","page","type-page","status-publish","hentry"],"_links":{"self":[{"href":"https:\/\/www2.unifap.br\/ppgdif\/wp-json\/wp\/v2\/pages\/749","targetHints":{"allow":["GET"]}}],"collection":[{"href":"https:\/\/www2.unifap.br\/ppgdif\/wp-json\/wp\/v2\/pages"}],"about":[{"href":"https:\/\/www2.unifap.br\/ppgdif\/wp-json\/wp\/v2\/types\/page"}],"author":[{"embeddable":true,"href":"https:\/\/www2.unifap.br\/ppgdif\/wp-json\/wp\/v2\/users\/2376"}],"replies":[{"embeddable":true,"href":"https:\/\/www2.unifap.br\/ppgdif\/wp-json\/wp\/v2\/comments?post=749"}],"version-history":[{"count":2,"href":"https:\/\/www2.unifap.br\/ppgdif\/wp-json\/wp\/v2\/pages\/749\/revisions"}],"predecessor-version":[{"id":1192,"href":"https:\/\/www2.unifap.br\/ppgdif\/wp-json\/wp\/v2\/pages\/749\/revisions\/1192"}],"up":[{"embeddable":true,"href":"https:\/\/www2.unifap.br\/ppgdif\/wp-json\/wp\/v2\/pages\/657"}],"wp:attachment":[{"href":"https:\/\/www2.unifap.br\/ppgdif\/wp-json\/wp\/v2\/media?parent=749"}],"curies":[{"name":"wp","href":"https:\/\/api.w.org\/{rel}","templated":true}]}}