{"id":804,"date":"2018-07-20T15:20:50","date_gmt":"2018-07-20T15:20:50","guid":{"rendered":"http:\/\/www2.unifap.br\/ppgdif\/?page_id=804"},"modified":"2018-07-20T15:40:17","modified_gmt":"2018-07-20T15:40:17","slug":"ofertas-2018-2","status":"publish","type":"page","link":"https:\/\/www2.unifap.br\/ppgdif\/ofertas-de-disciplinas\/ofertas-2018-2\/","title":{"rendered":"Ofertas 2018.2"},"content":{"rendered":"<p><strong>CALEND\u00c1RIO DE DISCIPLINAS (2\u00ba SEMESTRE \u2013 AGOSTO \u00e0 DEZEMBRO DE 2018)<\/strong><\/p>\n<p><a href=\"http:\/\/www2.unifap.br\/ppgdif\/ofertas-de-disciplinas\/ofertas-2018-2\/cronograma-de-aulas-2018-2\/\">\u2192 Cronograma de aulas 2018.2 (acesse clicando aqui).<\/a><\/p>\n<p>&nbsp;<\/p>\n<table width=\"1084\" border=\"1\" cellspacing=\"0\" cellpadding=\"0\">\n<tbody>\n<tr>\n<td width=\"170\">\n<p align=\"center\"><b>PER\u00cdODO<\/b><\/p>\n<\/td>\n<td width=\"446\">\n<p align=\"center\"><b>DISCIPLINA<\/b><\/p>\n<\/td>\n<td width=\"80\">\n<p align=\"center\"><b>TIPO<\/b><\/p>\n<\/td>\n<td width=\"314\">\n<p align=\"center\"><b>DOCENTE \/ LOCAL<\/b><\/p>\n<\/td>\n<td width=\"36\">\n<p align=\"center\"><b>CH<\/b><\/p>\n<\/td>\n<td width=\"38\">\n<p align=\"center\"><b>Crd<\/b><\/p>\n<\/td>\n<\/tr>\n<tr>\n<td width=\"170\">\n<p align=\"center\"><b>29\/07 \u00e0 05\/08\/2018<\/b><\/p>\n<\/td>\n<td width=\"446\">Matr\u00edculas on-line em disciplinas via SIGAA.<\/td>\n<td width=\"80\">\n<p align=\"center\">Obrigat\u00f3ria<\/p>\n<\/td>\n<td width=\"314\">SIGAA<\/td>\n<td width=\"36\">\n<p align=\"center\">&#8211;<\/p>\n<\/td>\n<td width=\"38\">\n<p align=\"center\">&#8211;<\/p>\n<\/td>\n<\/tr>\n<tr>\n<td width=\"170\">\n<p align=\"center\"><b>31\/07 \u00e0 02\/08\/2018<\/b><\/p>\n<\/td>\n<td width=\"446\">Solicita\u00e7\u00e3o de matr\u00edcula para alunos especiais.<\/td>\n<td width=\"80\">\n<p align=\"center\">&#8211;<\/p>\n<\/td>\n<td width=\"314\">Local: Coordena\u00e7\u00e3o do PPGIF<\/td>\n<td width=\"36\">\n<p align=\"center\">&#8211;<\/p>\n<\/td>\n<td width=\"38\">\n<p align=\"center\">&#8211;<\/p>\n<\/td>\n<\/tr>\n<tr>\n<td width=\"170\">\n<p align=\"center\"><b>06 e 07\/08\/2018<\/b><\/p>\n<\/td>\n<td width=\"446\">Matr\u00edculas semestrais dos alunos regulares.<\/p>\n<p>Entrega dos relat\u00f3rios semestrais (referente ao per\u00edodo 2018.1).<\/td>\n<td width=\"80\">\n<p align=\"center\">Obrigat\u00f3ria<\/p>\n<\/td>\n<td width=\"314\">Local: Coordena\u00e7\u00e3o do PPGIF<\/td>\n<td width=\"36\">\n<p align=\"center\">&#8211;<\/p>\n<\/td>\n<td width=\"38\">\n<p align=\"center\">&#8211;<\/p>\n<\/td>\n<\/tr>\n<tr>\n<td width=\"170\">\n<p align=\"center\"><b>13 \u00e0 31\/08 (Manh\u00e3)<\/b><\/p>\n<\/td>\n<td width=\"446\">DIF0111 &#8211; Identifica\u00e7\u00e3o espectrosc\u00f3pica de compostos org\u00e2nicos.<\/td>\n<td width=\"80\">\n<p align=\"center\">Optativa<\/p>\n<\/td>\n<td width=\"314\">Dra. Sheylla Susan M. da S. de Almeida &#8211; UNIFAP<\/p>\n<p>Local: Sala 06 do Bloco de Salas da Farm\u00e1cia.<\/td>\n<td width=\"36\">\n<p align=\"center\">60<\/p>\n<\/td>\n<td width=\"38\">\n<p align=\"center\">4<\/p>\n<\/td>\n<\/tr>\n<tr>\n<td width=\"170\">\n<p align=\"center\"><b>27\/08 \u00e0 28\/09 (Tarde)<\/b><\/p>\n<\/td>\n<td width=\"446\">DIF0120 &#8211; Bioestat\u00edstica.<\/td>\n<td width=\"80\">\n<p align=\"center\">Optativa<\/p>\n<\/td>\n<td width=\"314\">Dr. Luis Mauricio Abdon da Silva &#8211; IEPA.<\/p>\n<p>Local: Sala 06 do Bloco de Salas da Farm\u00e1cia.<\/td>\n<td width=\"36\">\n<p align=\"center\">60<\/p>\n<\/td>\n<td width=\"38\">\n<p align=\"center\">4<\/p>\n<\/td>\n<\/tr>\n<tr>\n<td width=\"170\">\n<p align=\"center\"><b>01 \u00e0 05\/10 (Tarde)<\/b><\/p>\n<\/td>\n<td width=\"446\">DIF0115 &#8211; Semin\u00e1rio em Ci\u00eancias Farmac\u00eauticas II.<\/td>\n<td width=\"80\">\n<p align=\"center\">Obrigat\u00f3ria<\/p>\n<\/td>\n<td width=\"314\">Dr. Francisco F\u00e1bio Oliveira de Sousa &#8211; UNIFAP<\/p>\n<p>Local: Sala 06 do Bloco de Salas da Farm\u00e1cia.<\/td>\n<td width=\"36\">\n<p align=\"center\">45<\/p>\n<\/td>\n<td width=\"38\">\n<p align=\"center\">3<\/p>\n<\/td>\n<\/tr>\n<tr>\n<td width=\"170\">\n<p align=\"center\"><b>08 \u00e0 11\/10 (Manh\u00e3 e Tarde)<\/b><\/p>\n<\/td>\n<td width=\"446\">DIF0122 &#8211; Ensaios farmacol\u00f3gicos.<\/td>\n<td width=\"80\">\n<p align=\"center\">Optativa<\/p>\n<\/td>\n<td width=\"314\">Dr. Jos\u00e9 Carlos Tavares Carvalho &#8211; UNIFAP<\/p>\n<p>Local: Sala 06 do Bloco de Salas da Farm\u00e1cia.<\/td>\n<td width=\"36\">\n<p align=\"center\">60<\/p>\n<\/td>\n<td width=\"38\">\n<p align=\"center\">4<\/p>\n<\/td>\n<\/tr>\n<tr>\n<td width=\"170\">\n<p align=\"center\"><b>21 \u00e0 23\/11 (Manh\u00e3 e Tarde)<\/b><\/p>\n<p align=\"center\"><b>27 \u00e0 29\/11 (Manh\u00e3 e Tarde)<\/b><\/p>\n<\/td>\n<td width=\"446\">DIF0101 &#8211; Aplica\u00e7\u00e3o de ensaios enzim\u00e1ticos na avalia\u00e7\u00e3o de bioprodutos.<\/td>\n<td width=\"80\">\n<p align=\"center\">Optativa<\/p>\n<\/td>\n<td width=\"314\">Dr. Irlon Maciel Ferreira &#8211; UNIFAP<\/p>\n<p>Local: Sala 06 do Bloco de Salas da Farm\u00e1cia.<\/td>\n<td width=\"36\">\n<p align=\"center\">60<\/p>\n<\/td>\n<td width=\"38\">\n<p align=\"center\">4<\/p>\n<\/td>\n<\/tr>\n<tr>\n<td width=\"170\">\n<p align=\"center\"><b>03 \u00e0 07\/12 (Tarde)<\/b><\/p>\n<\/td>\n<td width=\"446\">DIF0113 &#8211; Qu\u00edmica de Produtos Naturais.<\/td>\n<td width=\"80\">\n<p align=\"center\">Optativa<\/p>\n<\/td>\n<td width=\"314\">Dr. Jos\u00e9 Carlos Tavares Carvalho &#8211; UNIFAP<\/p>\n<p>Local: Sala 06 do Bloco de Salas da Farm\u00e1cia.<\/td>\n<td width=\"36\">\n<p align=\"center\">60<\/p>\n<\/td>\n<td width=\"38\">\n<p align=\"center\">4<\/p>\n<\/td>\n<\/tr>\n<\/tbody>\n<\/table>\n<p>&nbsp;<\/p>\n<p style=\"text-align: justify\">Obs.: Este calend\u00e1rio de ofertas est\u00e1 sujeito a altera\u00e7\u00f5es, quanto ao dia de algumas das ofertas e\/ou inclus\u00e3o de ofertas de outras disciplinas, sem aviso pr\u00e9vio, a crit\u00e9rio do docente respons\u00e1vel pela disciplina.<\/p>\n","protected":false},"excerpt":{"rendered":"<p>CALEND\u00c1RIO DE DISCIPLINAS (2\u00ba SEMESTRE \u2013 AGOSTO \u00e0 DEZEMBRO DE 2018) \u2192 Cronograma de aulas 2018.2 (acesse clicando aqui). &nbsp; PER\u00cdODO DISCIPLINA TIPO DOCENTE \/ LOCAL CH Crd 29\/07 \u00e0 05\/08\/2018 Matr\u00edculas on-line em disciplinas via SIGAA. Obrigat\u00f3ria SIGAA &#8211;&hellip; <\/p>\n<p><a href=\"https:\/\/www2.unifap.br\/ppgdif\/ofertas-de-disciplinas\/ofertas-2018-2\/\" class=\"readmore-button\">Continue Reading<\/a><\/p>\n","protected":false},"author":624,"featured_media":0,"parent":657,"menu_order":8,"comment_status":"open","ping_status":"open","template":"","meta":{"inline_featured_image":false,"ngg_post_thumbnail":0,"footnotes":""},"class_list":["post-804","page","type-page","status-publish","hentry"],"_links":{"self":[{"href":"https:\/\/www2.unifap.br\/ppgdif\/wp-json\/wp\/v2\/pages\/804","targetHints":{"allow":["GET"]}}],"collection":[{"href":"https:\/\/www2.unifap.br\/ppgdif\/wp-json\/wp\/v2\/pages"}],"about":[{"href":"https:\/\/www2.unifap.br\/ppgdif\/wp-json\/wp\/v2\/types\/page"}],"author":[{"embeddable":true,"href":"https:\/\/www2.unifap.br\/ppgdif\/wp-json\/wp\/v2\/users\/624"}],"replies":[{"embeddable":true,"href":"https:\/\/www2.unifap.br\/ppgdif\/wp-json\/wp\/v2\/comments?post=804"}],"version-history":[{"count":4,"href":"https:\/\/www2.unifap.br\/ppgdif\/wp-json\/wp\/v2\/pages\/804\/revisions"}],"predecessor-version":[{"id":817,"href":"https:\/\/www2.unifap.br\/ppgdif\/wp-json\/wp\/v2\/pages\/804\/revisions\/817"}],"up":[{"embeddable":true,"href":"https:\/\/www2.unifap.br\/ppgdif\/wp-json\/wp\/v2\/pages\/657"}],"wp:attachment":[{"href":"https:\/\/www2.unifap.br\/ppgdif\/wp-json\/wp\/v2\/media?parent=804"}],"curies":[{"name":"wp","href":"https:\/\/api.w.org\/{rel}","templated":true}]}}