{"id":807,"date":"2018-07-20T15:39:22","date_gmt":"2018-07-20T15:39:22","guid":{"rendered":"http:\/\/www2.unifap.br\/ppgdif\/?page_id=807"},"modified":"2018-07-20T15:39:22","modified_gmt":"2018-07-20T15:39:22","slug":"cronograma-de-aulas-2018-2","status":"publish","type":"page","link":"https:\/\/www2.unifap.br\/ppgdif\/ofertas-de-disciplinas\/ofertas-2018-2\/cronograma-de-aulas-2018-2\/","title":{"rendered":"Cronograma de Aulas 2018.2"},"content":{"rendered":"<header>\n<h3>PROGRAMA DE P\u00d3S-GRADUA\u00c7\u00c3O EM INOVA\u00c7\u00c3O FARMAC\u00caUTICA \u2013 PPGIF<\/h3>\n<\/header>\n<div>\n<p><a href=\"http:\/\/www2.unifap.br\/ppgdif\/files\/2018\/07\/PPGIF-2018-2_CRONOGRAMA-DE-AULAS-DOUTORADO.pdf\">\u2192 Cronograma de ofertas 2018.2 em formato PDF (PPGIF)<\/a><\/p>\n<p>&nbsp;<\/p>\n<p style=\"text-align: center\"><strong>AGOSTO\/2018<\/strong><\/p>\n<p style=\"text-align: center\"><a href=\"http:\/\/www2.unifap.br\/ppgdif\/files\/2018\/07\/PPGIF-08-CRONOGRAMA_DE_AULAS_-_AGOSTO_2018.png\"><img fetchpriority=\"high\" decoding=\"async\" class=\"alignnone size-medium wp-image-810\" alt=\"PPGIF 08 CRONOGRAMA_DE_AULAS_-_AGOSTO_2018\" src=\"http:\/\/www2.unifap.br\/ppgdif\/files\/2018\/07\/PPGIF-08-CRONOGRAMA_DE_AULAS_-_AGOSTO_2018-300x208.png\" width=\"300\" height=\"208\" srcset=\"https:\/\/www2.unifap.br\/ppgdif\/files\/2018\/07\/PPGIF-08-CRONOGRAMA_DE_AULAS_-_AGOSTO_2018-300x208.png 300w, https:\/\/www2.unifap.br\/ppgdif\/files\/2018\/07\/PPGIF-08-CRONOGRAMA_DE_AULAS_-_AGOSTO_2018.png 967w\" sizes=\"(max-width: 300px) 100vw, 300px\" \/><\/a><\/p>\n<p style=\"text-align: center\"><strong>SETEMBRO\/2018<\/strong><\/p>\n<p style=\"text-align: center\"><a href=\"http:\/\/www2.unifap.br\/ppgdif\/files\/2018\/07\/PPGIF-09-CRONOGRAMA_DE_AULAS_-_SETEMBRO_2018.png\"><img decoding=\"async\" class=\"alignnone size-medium wp-image-811\" alt=\"PPGIF 09 CRONOGRAMA_DE_AULAS_-_SETEMBRO_2018\" src=\"http:\/\/www2.unifap.br\/ppgdif\/files\/2018\/07\/PPGIF-09-CRONOGRAMA_DE_AULAS_-_SETEMBRO_2018-300x186.png\" width=\"300\" height=\"186\" srcset=\"https:\/\/www2.unifap.br\/ppgdif\/files\/2018\/07\/PPGIF-09-CRONOGRAMA_DE_AULAS_-_SETEMBRO_2018-300x186.png 300w, https:\/\/www2.unifap.br\/ppgdif\/files\/2018\/07\/PPGIF-09-CRONOGRAMA_DE_AULAS_-_SETEMBRO_2018.png 961w\" sizes=\"(max-width: 300px) 100vw, 300px\" \/><\/a><\/p>\n<p style=\"text-align: center\"><strong>OUTUBRO\/2018<\/strong><\/p>\n<p style=\"text-align: center\"><a href=\"http:\/\/www2.unifap.br\/ppgdif\/files\/2018\/07\/PPGIF-10-CRONOGRAMA_DE_AULAS_-_OUTUBRO_2018.png\"><img decoding=\"async\" class=\"alignnone size-medium wp-image-812\" alt=\"PPGIF 10 CRONOGRAMA_DE_AULAS_-_OUTUBRO_2018\" src=\"http:\/\/www2.unifap.br\/ppgdif\/files\/2018\/07\/PPGIF-10-CRONOGRAMA_DE_AULAS_-_OUTUBRO_2018-300x176.png\" width=\"300\" height=\"176\" srcset=\"https:\/\/www2.unifap.br\/ppgdif\/files\/2018\/07\/PPGIF-10-CRONOGRAMA_DE_AULAS_-_OUTUBRO_2018-300x176.png 300w, https:\/\/www2.unifap.br\/ppgdif\/files\/2018\/07\/PPGIF-10-CRONOGRAMA_DE_AULAS_-_OUTUBRO_2018.png 961w\" sizes=\"(max-width: 300px) 100vw, 300px\" \/><\/a><\/p>\n<p style=\"text-align: center\"><strong>NOVEMBRO\/2018<\/strong><\/p>\n<p style=\"text-align: center\"><a href=\"http:\/\/www2.unifap.br\/ppgdif\/files\/2018\/07\/PPGIF-11-CRONOGRAMA_DE_AULAS_-_NOVEMBRO_2018.png\"><img loading=\"lazy\" decoding=\"async\" class=\"alignnone size-medium wp-image-813\" alt=\"PPGIF 11 CRONOGRAMA_DE_AULAS_-_NOVEMBRO_2018\" src=\"http:\/\/www2.unifap.br\/ppgdif\/files\/2018\/07\/PPGIF-11-CRONOGRAMA_DE_AULAS_-_NOVEMBRO_2018-300x185.png\" width=\"300\" height=\"185\" srcset=\"https:\/\/www2.unifap.br\/ppgdif\/files\/2018\/07\/PPGIF-11-CRONOGRAMA_DE_AULAS_-_NOVEMBRO_2018-300x185.png 300w, https:\/\/www2.unifap.br\/ppgdif\/files\/2018\/07\/PPGIF-11-CRONOGRAMA_DE_AULAS_-_NOVEMBRO_2018.png 957w\" sizes=\"(max-width: 300px) 100vw, 300px\" \/><\/a><\/p>\n<p style=\"text-align: center\"><strong>DEZEMBRO\/2018<\/strong><\/p>\n<p style=\"text-align: center\"><a href=\"http:\/\/www2.unifap.br\/ppgdif\/files\/2018\/07\/PPGIF-12-CRONOGRAMA_DE_AULAS_-_DEZEMBRO_2018.png\"><img loading=\"lazy\" decoding=\"async\" class=\"alignnone size-medium wp-image-814\" alt=\"PPGIF 12 CRONOGRAMA_DE_AULAS_-_DEZEMBRO_2018\" src=\"http:\/\/www2.unifap.br\/ppgdif\/files\/2018\/07\/PPGIF-12-CRONOGRAMA_DE_AULAS_-_DEZEMBRO_2018-300x204.png\" width=\"300\" height=\"204\" srcset=\"https:\/\/www2.unifap.br\/ppgdif\/files\/2018\/07\/PPGIF-12-CRONOGRAMA_DE_AULAS_-_DEZEMBRO_2018-300x204.png 300w, https:\/\/www2.unifap.br\/ppgdif\/files\/2018\/07\/PPGIF-12-CRONOGRAMA_DE_AULAS_-_DEZEMBRO_2018.png 955w\" sizes=\"(max-width: 300px) 100vw, 300px\" \/><\/a><\/p>\n<p style=\"text-align: center\">\n<p style=\"text-align: justify\">Obs.: Este calend\u00e1rio de ofertas est\u00e1 sujeito a altera\u00e7\u00f5es, quanto ao dia de algumas das ofertas e\/ou inclus\u00e3o de ofertas de outras disciplinas, sem aviso pr\u00e9vio,\u00a0 a crit\u00e9rio do docente respons\u00e1vel pela disciplina.<\/p>\n<\/div>\n","protected":false},"excerpt":{"rendered":"<p>PROGRAMA DE P\u00d3S-GRADUA\u00c7\u00c3O EM INOVA\u00c7\u00c3O FARMAC\u00caUTICA \u2013 PPGIF \u2192 Cronograma de ofertas 2018.2 em formato PDF (PPGIF) &nbsp; AGOSTO\/2018 SETEMBRO\/2018 OUTUBRO\/2018 NOVEMBRO\/2018 DEZEMBRO\/2018 Obs.: Este calend\u00e1rio de ofertas est\u00e1 sujeito a altera\u00e7\u00f5es, quanto ao dia de algumas das ofertas e\/ou&hellip; <\/p>\n<p><a href=\"https:\/\/www2.unifap.br\/ppgdif\/ofertas-de-disciplinas\/ofertas-2018-2\/cronograma-de-aulas-2018-2\/\" class=\"readmore-button\">Continue Reading<\/a><\/p>\n","protected":false},"author":624,"featured_media":0,"parent":804,"menu_order":1,"comment_status":"open","ping_status":"open","template":"","meta":{"inline_featured_image":false,"ngg_post_thumbnail":0,"footnotes":""},"class_list":["post-807","page","type-page","status-publish","hentry"],"_links":{"self":[{"href":"https:\/\/www2.unifap.br\/ppgdif\/wp-json\/wp\/v2\/pages\/807","targetHints":{"allow":["GET"]}}],"collection":[{"href":"https:\/\/www2.unifap.br\/ppgdif\/wp-json\/wp\/v2\/pages"}],"about":[{"href":"https:\/\/www2.unifap.br\/ppgdif\/wp-json\/wp\/v2\/types\/page"}],"author":[{"embeddable":true,"href":"https:\/\/www2.unifap.br\/ppgdif\/wp-json\/wp\/v2\/users\/624"}],"replies":[{"embeddable":true,"href":"https:\/\/www2.unifap.br\/ppgdif\/wp-json\/wp\/v2\/comments?post=807"}],"version-history":[{"count":1,"href":"https:\/\/www2.unifap.br\/ppgdif\/wp-json\/wp\/v2\/pages\/807\/revisions"}],"predecessor-version":[{"id":815,"href":"https:\/\/www2.unifap.br\/ppgdif\/wp-json\/wp\/v2\/pages\/807\/revisions\/815"}],"up":[{"embeddable":true,"href":"https:\/\/www2.unifap.br\/ppgdif\/wp-json\/wp\/v2\/pages\/804"}],"wp:attachment":[{"href":"https:\/\/www2.unifap.br\/ppgdif\/wp-json\/wp\/v2\/media?parent=807"}],"curies":[{"name":"wp","href":"https:\/\/api.w.org\/{rel}","templated":true}]}}