{"id":827,"date":"2018-11-08T14:56:01","date_gmt":"2018-11-08T14:56:01","guid":{"rendered":"http:\/\/www2.unifap.br\/ppgdif\/?page_id=827"},"modified":"2018-11-14T10:48:36","modified_gmt":"2018-11-14T10:48:36","slug":"processo-seletivo-demanda-social-2018","status":"publish","type":"page","link":"https:\/\/www2.unifap.br\/ppgdif\/processos-seletivos\/processo-seletivo-demanda-social-2018\/","title":{"rendered":"Processo Seletivo Demanda Social 2018"},"content":{"rendered":"<p style=\"text-align: justify\">O Programa de P\u00f3s-gradua\u00e7\u00e3o em Inova\u00e7\u00e3o Farmac\u00eautica (PPGIF) torna p\u00fablica a abertura de inscri\u00e7\u00f5es e estabelece as normas para o processo de sele\u00e7\u00e3o interno de candidatos interessados em concorrer \u00e0s bolsas Demanda Social (CAPES) no \u00e2mbito do Curso de Doutorado do PPGIF.<\/p>\n<p style=\"text-align: justify\">Inscri\u00e7\u00e3o: 12 de novembro de 2018.<\/p>\n<p style=\"text-align: justify\"><a href=\"http:\/\/www2.unifap.br\/ppgdif\/files\/2018\/11\/Edital_N_03-2018-PPGIF_UNIFAP-Selecao-para-Bolsas-DS-PPGIF-2018.pdf\">\u2192 Edital N\u00ba 03\/2018-PPGIF\/UNIFAP \u2013 Processo Seletivo Interno para Concess\u00e3o de Bolsas CAPES (PPGIF)<\/a><\/p>\n<p style=\"text-align: justify\"><a href=\"http:\/\/www2.unifap.br\/ppgdif\/files\/2018\/11\/Edital_N_03-2018-PPGIF_UNIFAP-Anexo-I-Formulario-de-Inscricao.doc\">\u2192 Edital N\u00ba 03\/2018-PPGIF\/UNIFAP \u2013 Anexo I &#8211; Formul\u00e1rio de Inscri\u00e7\u00e3o<\/a><\/p>\n<p style=\"text-align: justify\"><a href=\"http:\/\/www2.unifap.br\/ppgdif\/files\/2018\/11\/Edital_N_03-2018-PPGIF_UNIFAP-Anexo-II-Declaracao-de-Nao-Vinculo.doc\">\u2192 Edital N\u00ba 03\/2018-PPGIF\/UNIFAP \u2013 Anexo II &#8211; Declara\u00e7\u00e3o de N\u00e3o V\u00ednculo<\/a><\/p>\n<p style=\"text-align: justify\"><a href=\"http:\/\/www2.unifap.br\/ppgdif\/files\/2018\/11\/EDITAL-N-03_2018-PPGIF_UNIFAP-BOLSAS-DEMANDA-SOCIAL-RESULTADO-PRELIMINAR.pdf\">\u2192 Edital N\u00ba 03\/2018-PPGIF\/UNIFAP \u2013 Resultado Preliminar<\/a><\/p>\n<p style=\"text-align: justify\"><a href=\"http:\/\/www2.unifap.br\/ppgdif\/files\/2018\/11\/EDITAL-N-03_2018-PPGIF_UNIFAP-BOLSAS-DEMANDA-SOCIAL-RESULTADO-FINAL.pdf\">\u2192 Edital N\u00ba 03\/2018-PPGIF\/UNIFAP \u2013 Resultado Final<\/a><\/p>\n<p style=\"text-align: justify\">.<\/p>\n<p><strong>&#8211; Para concess\u00e3o da bolsa dever\u00e3o ser entregues na Coordena\u00e7\u00e3o do Programa no dia 14\/11\/2018 (Quarta-Feira) de 08h30 \u00e0s 12h00 os seguintes documentos:<\/strong><\/p>\n<p>1) C\u00f3pia e original do RG;<\/p>\n<p>2) C\u00f3pia e original do CPF;<\/p>\n<p>3) C\u00f3pia e original do Comprovante de Resid\u00eancia;<\/p>\n<p>4) Declara\u00e7\u00e3o que n\u00e3o possui v\u00ednculo empregat\u00edcio;<\/p>\n<p>5)\u00a0C\u00f3pia do cart\u00e3o banc\u00e1rio, n\u00famero da conta e ag\u00eancia banc\u00e1ria (somente Banco do Brasil) (no nome do aluno);<\/p>\n<p>6) Termo de Compromisso devidamente preenchido (<a href=\"http:\/\/www2.unifap.br\/ppgdif\/files\/2018\/11\/PPGIF-TERMO-DE-COMPROMISSO-DO-BOLSISTA.doc\">dispon\u00edvel aqui<\/a>);<\/p>\n<p>7) Formul\u00e1rio para Cadastramento de Bolsista devidamente preenchido (<a href=\"http:\/\/www2.unifap.br\/ppgdif\/files\/2018\/11\/formulario-de-cadastro-bolsista.xls\">dispon\u00edvel aqui<\/a>).<\/p>\n","protected":false},"excerpt":{"rendered":"<p>O Programa de P\u00f3s-gradua\u00e7\u00e3o em Inova\u00e7\u00e3o Farmac\u00eautica (PPGIF) torna p\u00fablica a abertura de inscri\u00e7\u00f5es e estabelece as normas para o processo de sele\u00e7\u00e3o interno de candidatos interessados em concorrer \u00e0s bolsas Demanda Social (CAPES) no \u00e2mbito do Curso de Doutorado&hellip; <\/p>\n<p><a href=\"https:\/\/www2.unifap.br\/ppgdif\/processos-seletivos\/processo-seletivo-demanda-social-2018\/\" class=\"readmore-button\">Continue Reading<\/a><\/p>\n","protected":false},"author":624,"featured_media":0,"parent":34,"menu_order":8,"comment_status":"open","ping_status":"open","template":"","meta":{"inline_featured_image":false,"ngg_post_thumbnail":0,"footnotes":""},"class_list":["post-827","page","type-page","status-publish","hentry"],"_links":{"self":[{"href":"https:\/\/www2.unifap.br\/ppgdif\/wp-json\/wp\/v2\/pages\/827","targetHints":{"allow":["GET"]}}],"collection":[{"href":"https:\/\/www2.unifap.br\/ppgdif\/wp-json\/wp\/v2\/pages"}],"about":[{"href":"https:\/\/www2.unifap.br\/ppgdif\/wp-json\/wp\/v2\/types\/page"}],"author":[{"embeddable":true,"href":"https:\/\/www2.unifap.br\/ppgdif\/wp-json\/wp\/v2\/users\/624"}],"replies":[{"embeddable":true,"href":"https:\/\/www2.unifap.br\/ppgdif\/wp-json\/wp\/v2\/comments?post=827"}],"version-history":[{"count":4,"href":"https:\/\/www2.unifap.br\/ppgdif\/wp-json\/wp\/v2\/pages\/827\/revisions"}],"predecessor-version":[{"id":843,"href":"https:\/\/www2.unifap.br\/ppgdif\/wp-json\/wp\/v2\/pages\/827\/revisions\/843"}],"up":[{"embeddable":true,"href":"https:\/\/www2.unifap.br\/ppgdif\/wp-json\/wp\/v2\/pages\/34"}],"wp:attachment":[{"href":"https:\/\/www2.unifap.br\/ppgdif\/wp-json\/wp\/v2\/media?parent=827"}],"curies":[{"name":"wp","href":"https:\/\/api.w.org\/{rel}","templated":true}]}}